{"id":3041,"date":"2021-03-26T12:11:11","date_gmt":"2021-03-26T11:11:11","guid":{"rendered":"https:\/\/www.hsu-hh.de\/karriere\/?page_id=3041"},"modified":"2021-03-26T12:11:12","modified_gmt":"2021-03-26T11:11:12","slug":"berufungsverfahren-neuberufene-aktuell-neuberufen-teresa-koloma-beck","status":"publish","type":"page","link":"https:\/\/www.hsu-hh.de\/karriere\/berufungsverfahren\/neuberufene\/neuberufene\/berufungsverfahren-neuberufene-aktuell-neuberufen-teresa-koloma-beck","title":{"rendered":"Neuberufen: Teresa Koloma Beck"},"content":{"rendered":"\n<p><strong>Ernennung: 01.01.2021<\/strong><\/p>\n\n\n\n<p><strong>Prof\u00b4in Dr. Teresa Koloma Beck, Professur f\u00fcr Soziologie mit dem Schwerpunkt Gesellschaftsanalyse und sozialer Wandel <\/strong><\/p>\n\n\n\n<p>Professorin Teresa Koloma Beck forscht zu Gewalt, gesellschaftlichen Krisen und Globalisierungsprozessen. Besonderes\u00a0Interesse gilt dabei dem Alltag in Kriegs- und Krisengebieten, der durch das Nachwirken kolonialer und\u00a0imperialer Geschichte gepr\u00e4gt ist. Sie studierte am I.E.P. Paris und an der Universit\u00e4t\u00a0Witten\/Herdecke. Im Jahr 2010 schloss sie an der Humboldt-Universit\u00e4t zu Berlin eine Promotion \u00fcber\u00a0Verallt\u00e4glichungsprozesse im B\u00fcrgerkrieg ab. Ehe sie Anfang 2021 an die Helmut-Schmidt-Universit\u00e4t\/Universit\u00e4t der Bundeswehr Hamburg kam,\u00a0war sie Professorin f\u00fcr Soziologie der Globalisierung an der Universit\u00e4t der Bundeswehr M\u00fcnchen und Senior\u00a0Fellow am Hamburger Institut f\u00fcr Sozialforschung (HIS). Zuvor arbeitete sie als Projektgruppenleiterin,\u00a0Professurvertreterin und wissenschaftliche Mitarbeiterin in verschiedenen internationalen und\u00a0interdisziplin\u00e4ren Lehr- und Forschungskontexten, u.a. am Centre Marc Bloch Berlin, an der Universit\u00e4t Erfurt,\u00a0der Philipps-Universit\u00e4t Marburg und der Humboldt-Universit\u00e4t zu Berlin. Ihre Arbeit zu Kriegs- und\u00a0Nachkriegsgesellschaften f\u00fchrte sie f\u00fcr ethnographische Forschungsaufenthalte nach Angola (2005\/06),\u00a0Mosambik (2010) und Afghanistan (2015). Im Jahr 2016 wurde sie f\u00fcr diese Arbeiten mit dem Thomas-A.-Herz-Preis f\u00fcr qualitative Sozialforschung der Deutschen Gesellschaft f\u00fcr Soziologie (DGS) ausgezeichnet.\u00a0Neben der akademischen Lehr- und Forschungst\u00e4tigkeit ist Wissenschaftskommunikation ihr ein wichtiges\u00a0Anliegen. Als Referentin ist sie regelm\u00e4\u00dfig in verschiedenen politischen und k\u00fcnstlerischen Praxisfeldern aktiv\u00a0und als Ansprechpartnerin f\u00fcr regionale und bundesweite Medien engagiert.<\/p>\n\n\n\n<hr class=\"wp-block-separator\" \/>\n\n\n\n<figure class=\"wp-block-image size-large is-resized\"><img loading=\"lazy\" decoding=\"async\" src=\"https:\/\/www.hsu-hh.de\/karriere\/wp-content\/uploads\/sites\/658\/2021\/03\/Theresa-Koloma-Beck_8758-1024x683.jpg\" data-credit=\"Ulrike Schr\u00f6der - HSU\/UniBw H\" alt=\"Profin Koloma Beck\" class=\"wp-image-3023\" width=\"1188\" height=\"792\" srcset=\"https:\/\/www.hsu-hh.de\/karriere\/wp-content\/uploads\/sites\/658\/2021\/03\/Theresa-Koloma-Beck_8758-1024x683.jpg 1024w, https:\/\/www.hsu-hh.de\/karriere\/wp-content\/uploads\/sites\/658\/2021\/03\/Theresa-Koloma-Beck_8758-300x200.jpg 300w, https:\/\/www.hsu-hh.de\/karriere\/wp-content\/uploads\/sites\/658\/2021\/03\/Theresa-Koloma-Beck_8758-768x512.jpg 768w, https:\/\/www.hsu-hh.de\/karriere\/wp-content\/uploads\/sites\/658\/2021\/03\/Theresa-Koloma-Beck_8758-1536x1024.jpg 1536w, https:\/\/www.hsu-hh.de\/karriere\/wp-content\/uploads\/sites\/658\/2021\/03\/Theresa-Koloma-Beck_8758-2048x1365.jpg 2048w, https:\/\/www.hsu-hh.de\/karriere\/wp-content\/uploads\/sites\/658\/2021\/03\/Theresa-Koloma-Beck_8758-1100x733.jpg 1100w\" sizes=\"auto, (max-width: 1188px) 100vw, 1188px\" \/><figcaption><strong>Prof\u00b4in Dr. Teresa Koloma Beck, Professur f\u00fcr Soziologie mit dem Schwerpunkt Gesellschaftsanalyse und sozialer Wandel<\/strong><\/figcaption><\/figure>\n\n\n\n<p><\/p>\n","protected":false},"excerpt":{"rendered":"<p>Ernennung: 01.01.2021 Prof\u00b4in Dr. Teresa Koloma Beck, Professur f\u00fcr Soziologie mit dem Schwerpunkt Gesellschaftsanalyse und sozialer Wandel Professorin Teresa Koloma Beck forscht zu Gewalt, gesellschaftlichen Krisen und Globalisierungsprozessen. Besonderes\u00a0Interesse gilt [&hellip;]<\/p>\n","protected":false},"author":2945,"featured_media":0,"parent":2598,"menu_order":0,"comment_status":"closed","ping_status":"closed","template":"","meta":{"footnotes":""},"categories":[62],"tags":[],"class_list":["post-3041","page","type-page","status-publish","hentry","category-berufungsverfahren"],"_links":{"self":[{"href":"https:\/\/www.hsu-hh.de\/karriere\/wp-json\/wp\/v2\/pages\/3041","targetHints":{"allow":["GET"]}}],"collection":[{"href":"https:\/\/www.hsu-hh.de\/karriere\/wp-json\/wp\/v2\/pages"}],"about":[{"href":"https:\/\/www.hsu-hh.de\/karriere\/wp-json\/wp\/v2\/types\/page"}],"author":[{"embeddable":true,"href":"https:\/\/www.hsu-hh.de\/karriere\/wp-json\/wp\/v2\/users\/2945"}],"replies":[{"embeddable":true,"href":"https:\/\/www.hsu-hh.de\/karriere\/wp-json\/wp\/v2\/comments?post=3041"}],"version-history":[{"count":1,"href":"https:\/\/www.hsu-hh.de\/karriere\/wp-json\/wp\/v2\/pages\/3041\/revisions"}],"predecessor-version":[{"id":3043,"href":"https:\/\/www.hsu-hh.de\/karriere\/wp-json\/wp\/v2\/pages\/3041\/revisions\/3043"}],"up":[{"embeddable":true,"href":"https:\/\/www.hsu-hh.de\/karriere\/wp-json\/wp\/v2\/pages\/2598"}],"wp:attachment":[{"href":"https:\/\/www.hsu-hh.de\/karriere\/wp-json\/wp\/v2\/media?parent=3041"}],"wp:term":[{"taxonomy":"category","embeddable":true,"href":"https:\/\/www.hsu-hh.de\/karriere\/wp-json\/wp\/v2\/categories?post=3041"},{"taxonomy":"post_tag","embeddable":true,"href":"https:\/\/www.hsu-hh.de\/karriere\/wp-json\/wp\/v2\/tags?post=3041"}],"curies":[{"name":"wp","href":"https:\/\/api.w.org\/{rel}","templated":true}]}}