{"id":3034,"date":"2021-03-26T12:01:00","date_gmt":"2021-03-26T11:01:00","guid":{"rendered":"https:\/\/www.hsu-hh.de\/karriere\/?page_id=3034"},"modified":"2021-04-07T11:24:39","modified_gmt":"2021-04-07T09:24:39","slug":"berufungsverfahren-neuberufene-aktuell-neuberufen-mario-oertel","status":"publish","type":"page","link":"https:\/\/www.hsu-hh.de\/karriere\/berufungsverfahren\/neuberufene\/neuberufene\/berufungsverfahren-neuberufene-aktuell-neuberufen-mario-oertel","title":{"rendered":"Neuberufen: Mario Oertel"},"content":{"rendered":"\n<p><strong>Ernennung: 01.03.2021<\/strong><\/p>\n\n\n\n<p><strong>Prof. Dr.-Ing. habil. Mario Oertel, Professur f\u00fcr Wasserbau &#8211; Bereich Bauingenieurwesen<\/strong><\/p>\n\n\n\n<p>Professor Mario Oertel forscht und lehrt im Bereich des Wasserbaus. Die Schwerpunkte seiner Arbeit liegen im Bereich der hydraulischen Dimensionierung und Optimierung von Wasserbauwerken. Im Mittelpunkt seiner Forschungsarbeiten stehen insbesondere Fischaufstiegsanlagen, wie z. B. Blockrampen in Riegelbauweise und auch nichtlineare Wehre, wie z. B. Piano Key Wehre. Neben der numerischen Str\u00f6mungsmodellierung von eindimensionalen bis hin zu dreidimensionalen CFD Modellen, wird auch das neu einzurichtende Wasserbaulabor eine zentrale Rolle in Forschung und Lehre einnehmen.&nbsp;<\/p>\n\n\n\n<p>Professor Oertel ist studierter Bauingenieur mit Vertiefungsrichtung Umwelttechnik. Er schloss sein Studium im Jahr 2003 an der Bergischen Universit\u00e4t Wuppertal ab.<\/p>\n\n\n\n<p>Im Anschluss an sein Studium blieb Professor Oertel an der Bergischen Universit\u00e4t Wuppertal und qualifizierte sich als wissenschaftlicher Mitarbeiter im Lehr- und Forschungsgebiet Wasserwirtschaft und Wasserbau. Im Jahr 2008 schloss er seine Promotion mit einem Thema im Bereich des Hochwasserschutzes ab.\u00a0<\/p>\n\n\n\n<p>Anschlie\u00dfend wurde er zum akademischen Rat ernannt und forschte seither intensiv an naturnahen Wasserbauwerken mit dem Fokus auf Blocksteinrampen in Riegelbauweise. Im Jahr 2012 habilitierte sich Professor Oertel im Fachgebiet Wasserbau und Wasserwirtschaft und erhielt die Venia Legendi f\u00fcr dieses Fachgebiet. Ein Ruf an die Technische Hochschule in L\u00fcbeck auf die Professur Wasserbau folgte unmittelbar. Von September 2012 an war Professor Oertel mit dem Aufbau des L\u00fcbecker Wasserbaulabors betraut und konnte bereits 2013 die Wiederer\u00f6ffnung feiern. Neben der Lehr- und Forschungst\u00e4tigkeit war er in der Hochschulverwaltung und Hochschulpolitik aktiv, zuletzt als Dekan des Fachbereichs Bauwesens der Technischen Hochschule L\u00fcbeck. An der Helmut-Schmidt-Universit\u00e4t Hamburg beabsichtigt er in den ersten Jahren intensiv an der Inbetriebnahme und Ausgestaltung des neuen Wasserbaulabors zu arbeiten, um hydraulische Modellversuche in gro\u00dfen Ma\u00dfst\u00e4ben zu erm\u00f6glichen. Das neue Labor verf\u00fcgt \u00fcber ca. 1.000 qm Fl\u00e4che und ein Wasserkreislaufsystem erm\u00f6glicht Durchfl\u00fcsse von bis zu 2.000 l\/s. Hierf\u00fcr wird das Wasser aus einem Hochbeh\u00e4lter in ein Rohrleitungssystem DN500 gef\u00fchrt und von dort in die jeweiligen Modelle weitergeleitet. Mit dem neuen Labor m\u00f6chte Professor Oertel mit seinem neuen Team an seine Arbeit in L\u00fcbeck ankn\u00fcpfen und im deutlich vergr\u00f6\u00dferten Ma\u00dfstab einen Beitrag zur nationalen und internationalen Forschungsarbeit leisten.<\/p>\n\n\n\n<hr class=\"wp-block-separator\" \/>\n\n\n\n<figure class=\"wp-block-image size-large is-resized\"><img loading=\"lazy\" decoding=\"async\" src=\"https:\/\/www.hsu-hh.de\/karriere\/wp-content\/uploads\/sites\/658\/2021\/03\/DSC_9154-1024x683.jpg\" data-credit=\"Ulrike Schr\u00f6der - HSU\/UniBw H\" alt=\"Bild Oertel\" class=\"wp-image-3021\" width=\"1156\" height=\"771\" srcset=\"https:\/\/www.hsu-hh.de\/karriere\/wp-content\/uploads\/sites\/658\/2021\/03\/DSC_9154-1024x683.jpg 1024w, https:\/\/www.hsu-hh.de\/karriere\/wp-content\/uploads\/sites\/658\/2021\/03\/DSC_9154-300x200.jpg 300w, https:\/\/www.hsu-hh.de\/karriere\/wp-content\/uploads\/sites\/658\/2021\/03\/DSC_9154-768x512.jpg 768w, https:\/\/www.hsu-hh.de\/karriere\/wp-content\/uploads\/sites\/658\/2021\/03\/DSC_9154-1536x1024.jpg 1536w, https:\/\/www.hsu-hh.de\/karriere\/wp-content\/uploads\/sites\/658\/2021\/03\/DSC_9154-2048x1365.jpg 2048w, https:\/\/www.hsu-hh.de\/karriere\/wp-content\/uploads\/sites\/658\/2021\/03\/DSC_9154-1100x733.jpg 1100w\" sizes=\"auto, (max-width: 1156px) 100vw, 1156px\" \/><figcaption><strong>Prof. Dr.-Ing. habil. Mario Oertel, Professur f\u00fcr Wasserbau &#8211; Bereich Bauingenieurwesen<\/strong><\/figcaption><\/figure>\n\n\n\n<p><\/p>\n","protected":false},"excerpt":{"rendered":"<p>Ernennung: 01.03.2021 Prof. Dr.-Ing. habil. Mario Oertel, Professur f\u00fcr Wasserbau &#8211; Bereich Bauingenieurwesen Professor Mario Oertel forscht und lehrt im Bereich des Wasserbaus. Die Schwerpunkte seiner Arbeit liegen im Bereich [&hellip;]<\/p>\n","protected":false},"author":2945,"featured_media":0,"parent":2598,"menu_order":0,"comment_status":"closed","ping_status":"closed","template":"","meta":{"footnotes":""},"categories":[62],"tags":[],"class_list":["post-3034","page","type-page","status-publish","hentry","category-berufungsverfahren"],"_links":{"self":[{"href":"https:\/\/www.hsu-hh.de\/karriere\/wp-json\/wp\/v2\/pages\/3034","targetHints":{"allow":["GET"]}}],"collection":[{"href":"https:\/\/www.hsu-hh.de\/karriere\/wp-json\/wp\/v2\/pages"}],"about":[{"href":"https:\/\/www.hsu-hh.de\/karriere\/wp-json\/wp\/v2\/types\/page"}],"author":[{"embeddable":true,"href":"https:\/\/www.hsu-hh.de\/karriere\/wp-json\/wp\/v2\/users\/2945"}],"replies":[{"embeddable":true,"href":"https:\/\/www.hsu-hh.de\/karriere\/wp-json\/wp\/v2\/comments?post=3034"}],"version-history":[{"count":4,"href":"https:\/\/www.hsu-hh.de\/karriere\/wp-json\/wp\/v2\/pages\/3034\/revisions"}],"predecessor-version":[{"id":3076,"href":"https:\/\/www.hsu-hh.de\/karriere\/wp-json\/wp\/v2\/pages\/3034\/revisions\/3076"}],"up":[{"embeddable":true,"href":"https:\/\/www.hsu-hh.de\/karriere\/wp-json\/wp\/v2\/pages\/2598"}],"wp:attachment":[{"href":"https:\/\/www.hsu-hh.de\/karriere\/wp-json\/wp\/v2\/media?parent=3034"}],"wp:term":[{"taxonomy":"category","embeddable":true,"href":"https:\/\/www.hsu-hh.de\/karriere\/wp-json\/wp\/v2\/categories?post=3034"},{"taxonomy":"post_tag","embeddable":true,"href":"https:\/\/www.hsu-hh.de\/karriere\/wp-json\/wp\/v2\/tags?post=3034"}],"curies":[{"name":"wp","href":"https:\/\/api.w.org\/{rel}","templated":true}]}}