{"id":1939,"date":"2020-03-02T13:19:07","date_gmt":"2020-03-02T12:19:07","guid":{"rendered":"https:\/\/www.hsu-hh.de\/karriere\/?page_id=1939"},"modified":"2026-01-29T12:07:09","modified_gmt":"2026-01-29T11:07:09","slug":"beruf-familie-und-diversitaet","status":"publish","type":"page","link":"https:\/\/www.hsu-hh.de\/karriere\/berufungsverfahren\/beruf-familie-und-diversitaet","title":{"rendered":"Beruf, Familie und Diversit\u00e4t"},"content":{"rendered":"<div class=\"wp-block-image\">\n<figure class=\"aligncenter size-large\"><img loading=\"lazy\" decoding=\"async\" width=\"1920\" height=\"1080\" src=\"https:\/\/www.hsu-hh.de\/karriere\/wp-content\/uploads\/sites\/658\/2021\/01\/team-spirit-2447163_1920-edited.jpg\" data-credit=\"Pixabay\" alt=\"Beruf, Familie, Diversit\u00e4t\" class=\"wp-image-2674\" srcset=\"https:\/\/www.hsu-hh.de\/karriere\/wp-content\/uploads\/sites\/658\/2021\/01\/team-spirit-2447163_1920-edited.jpg 1920w, https:\/\/www.hsu-hh.de\/karriere\/wp-content\/uploads\/sites\/658\/2021\/01\/team-spirit-2447163_1920-edited-300x169.jpg 300w, https:\/\/www.hsu-hh.de\/karriere\/wp-content\/uploads\/sites\/658\/2021\/01\/team-spirit-2447163_1920-edited-1024x576.jpg 1024w, https:\/\/www.hsu-hh.de\/karriere\/wp-content\/uploads\/sites\/658\/2021\/01\/team-spirit-2447163_1920-edited-768x432.jpg 768w, https:\/\/www.hsu-hh.de\/karriere\/wp-content\/uploads\/sites\/658\/2021\/01\/team-spirit-2447163_1920-edited-1536x864.jpg 1536w, https:\/\/www.hsu-hh.de\/karriere\/wp-content\/uploads\/sites\/658\/2021\/01\/team-spirit-2447163_1920-edited-1100x619.jpg 1100w\" sizes=\"auto, (max-width: 1920px) 100vw, 1920px\" \/><\/figure>\n<\/div>\n\n\n<p>Die Vereinbarkeit von Beruf und Familie stellt f\u00fcr die Helmut-Schmidt-Universit\u00e4t\/Universit\u00e4t der Bundeswehr Hamburg (<abbr title=\"Helmut Schmidt Universit\u00e4t\">HSU<\/abbr>\/<abbr title=\"Universit\u00e4t der Bundeswehr Hamburg\">UniBwH<\/abbr>) ein hohes Gut dar. Die <abbr title=\"Helmut Schmidt Universit\u00e4t\">HSU<\/abbr>\/<abbr title=\"Universit\u00e4t der Bundeswehr Hamburg\">UniBwH<\/abbr> ist Unterzeichnerin der Charta &#8222;Familie in der Hochschule&#8220; und f\u00fchlt sich einer wertsch\u00e4tzenden, familienorientierten F\u00fchrungskultur verbunden.<\/p>\n\n\n\n<p>Bei Anliegen rund um die Vereinbarkeit von Studium, Beruf und Familie an der <abbr title=\"Helmut Schmidt Universit\u00e4t\">HSU<\/abbr>\/<abbr title=\"Universit\u00e4t der Bundeswehr Hamburg\">UniBwH<\/abbr> unterst\u00fctzt Sie gern unsere <a href=\"https:\/\/www.hsu-hh.de\/gleibziv\/\">Gleichstellungsbeauftragte<\/a>.<\/p>\n\n\n\n<p>Die Helmut-Schmidt-Universit\u00e4t\/Universit\u00e4t der Bundeswehr Hamburg ist au\u00dferdem Netzwerkpartner von &#8222;<a href=\"https:\/\/www.dual-career-hamburg-und-norden.de\/\" rel='nofollow'>Dual Career &#8211; Hamburg + der Norden<\/a>&#8222;.<\/p>\n\n\n\n<hr class=\"wp-block-separator has-css-opacity\" \/>\n\n\n\n<div class=\"wp-block-columns is-layout-flex wp-container-core-columns-is-layout-9d6595d7 wp-block-columns-is-layout-flex\">\n<div class=\"wp-block-column is-layout-flow wp-block-column-is-layout-flow\"><div class=\"wp-block-image\">\n<figure class=\"aligncenter size-large\"><img loading=\"lazy\" decoding=\"async\" width=\"387\" height=\"171\" src=\"https:\/\/www.hsu-hh.de\/karriere\/wp-content\/uploads\/sites\/658\/2021\/01\/familie_in_der_hochschule.png\" data-credit=\"CHARTA Familie in der Hochschule\" alt=\"Logo CHARTA Familie in der Hochschule\" class=\"wp-image-2676\" srcset=\"https:\/\/www.hsu-hh.de\/karriere\/wp-content\/uploads\/sites\/658\/2021\/01\/familie_in_der_hochschule.png 387w, https:\/\/www.hsu-hh.de\/karriere\/wp-content\/uploads\/sites\/658\/2021\/01\/familie_in_der_hochschule-300x133.png 300w\" sizes=\"auto, (max-width: 387px) 100vw, 387px\" \/><\/figure>\n<\/div><\/div>\n\n\n\n<div class=\"wp-block-column is-layout-flow wp-block-column-is-layout-flow\"><div class=\"wp-block-image\">\n<figure class=\"aligncenter size-medium\"><img loading=\"lazy\" decoding=\"async\" width=\"300\" height=\"169\" src=\"https:\/\/www.hsu-hh.de\/karriere\/wp-content\/uploads\/sites\/658\/2021\/01\/dual-career-733x414-2-300x169.jpg\" data-credit=\"\" alt=\"\" class=\"wp-image-2679\" srcset=\"https:\/\/www.hsu-hh.de\/karriere\/wp-content\/uploads\/sites\/658\/2021\/01\/dual-career-733x414-2-300x169.jpg 300w, https:\/\/www.hsu-hh.de\/karriere\/wp-content\/uploads\/sites\/658\/2021\/01\/dual-career-733x414-2.jpg 733w\" sizes=\"auto, (max-width: 300px) 100vw, 300px\" \/><\/figure>\n<\/div><\/div>\n<\/div>\n\n\n\n<p><\/p>\n","protected":false},"excerpt":{"rendered":"<p>Die Vereinbarkeit von Beruf und Familie stellt f\u00fcr die Helmut-Schmidt-Universit\u00e4t\/Universit\u00e4t der Bundeswehr Hamburg (HSU\/UniBwH) ein hohes Gut dar. Die HSU\/UniBwH ist Unterzeichnerin der Charta &#8222;Familie in der Hochschule&#8220; und f\u00fchlt [&hellip;]<\/p>\n","protected":false},"author":18,"featured_media":0,"parent":1932,"menu_order":0,"comment_status":"closed","ping_status":"closed","template":"","meta":{"footnotes":""},"categories":[62],"tags":[],"class_list":["post-1939","page","type-page","status-publish","hentry","category-berufungsverfahren"],"_links":{"self":[{"href":"https:\/\/www.hsu-hh.de\/karriere\/wp-json\/wp\/v2\/pages\/1939","targetHints":{"allow":["GET"]}}],"collection":[{"href":"https:\/\/www.hsu-hh.de\/karriere\/wp-json\/wp\/v2\/pages"}],"about":[{"href":"https:\/\/www.hsu-hh.de\/karriere\/wp-json\/wp\/v2\/types\/page"}],"author":[{"embeddable":true,"href":"https:\/\/www.hsu-hh.de\/karriere\/wp-json\/wp\/v2\/users\/18"}],"replies":[{"embeddable":true,"href":"https:\/\/www.hsu-hh.de\/karriere\/wp-json\/wp\/v2\/comments?post=1939"}],"version-history":[{"count":14,"href":"https:\/\/www.hsu-hh.de\/karriere\/wp-json\/wp\/v2\/pages\/1939\/revisions"}],"predecessor-version":[{"id":8016,"href":"https:\/\/www.hsu-hh.de\/karriere\/wp-json\/wp\/v2\/pages\/1939\/revisions\/8016"}],"up":[{"embeddable":true,"href":"https:\/\/www.hsu-hh.de\/karriere\/wp-json\/wp\/v2\/pages\/1932"}],"wp:attachment":[{"href":"https:\/\/www.hsu-hh.de\/karriere\/wp-json\/wp\/v2\/media?parent=1939"}],"wp:term":[{"taxonomy":"category","embeddable":true,"href":"https:\/\/www.hsu-hh.de\/karriere\/wp-json\/wp\/v2\/categories?post=1939"},{"taxonomy":"post_tag","embeddable":true,"href":"https:\/\/www.hsu-hh.de\/karriere\/wp-json\/wp\/v2\/tags?post=1939"}],"curies":[{"name":"wp","href":"https:\/\/api.w.org\/{rel}","templated":true}]}}