{"id":1932,"date":"2020-03-02T13:15:58","date_gmt":"2020-03-02T12:15:58","guid":{"rendered":"https:\/\/www.hsu-hh.de\/karriere\/?page_id=1932"},"modified":"2026-01-29T13:06:25","modified_gmt":"2026-01-29T12:06:25","slug":"berufungsverfahren","status":"publish","type":"page","link":"https:\/\/www.hsu-hh.de\/karriere\/berufungsverfahren","title":{"rendered":"Berufungsverfahren an der HSU\/UniBw H"},"content":{"rendered":"\n<figure class=\"wp-block-image size-large\"><img loading=\"lazy\" decoding=\"async\" width=\"1024\" height=\"274\" src=\"https:\/\/www.hsu-hh.de\/karriere\/wp-content\/uploads\/sites\/658\/2020\/10\/HSU-Drohnenfoto-Tilt-Shift-e1602761293716-1024x274.png\" data-credit=\"HSU\/MZ\/Sommer\" alt=\"HSU Drohnenfoto Tilt-Shift\" class=\"wp-image-2317\" srcset=\"https:\/\/www.hsu-hh.de\/karriere\/wp-content\/uploads\/sites\/658\/2020\/10\/HSU-Drohnenfoto-Tilt-Shift-e1602761293716-1024x274.png 1024w, https:\/\/www.hsu-hh.de\/karriere\/wp-content\/uploads\/sites\/658\/2020\/10\/HSU-Drohnenfoto-Tilt-Shift-e1602761293716-300x80.png 300w, https:\/\/www.hsu-hh.de\/karriere\/wp-content\/uploads\/sites\/658\/2020\/10\/HSU-Drohnenfoto-Tilt-Shift-e1602761293716-768x205.png 768w, https:\/\/www.hsu-hh.de\/karriere\/wp-content\/uploads\/sites\/658\/2020\/10\/HSU-Drohnenfoto-Tilt-Shift-e1602761293716-1536x411.png 1536w, https:\/\/www.hsu-hh.de\/karriere\/wp-content\/uploads\/sites\/658\/2020\/10\/HSU-Drohnenfoto-Tilt-Shift-e1602761293716-2048x548.png 2048w, https:\/\/www.hsu-hh.de\/karriere\/wp-content\/uploads\/sites\/658\/2020\/10\/HSU-Drohnenfoto-Tilt-Shift-e1602761293716-1100x294.png 1100w\" sizes=\"auto, (max-width: 1024px) 100vw, 1024px\" \/><\/figure>\n\n\n\n<h2 class=\"wp-block-heading\"><strong>Herzlich Willkommen!<\/strong><\/h2>\n\n\n\n<div class=\"wp-block-columns is-layout-flex wp-container-core-columns-is-layout-9d6595d7 wp-block-columns-is-layout-flex\">\n<div class=\"wp-block-column is-layout-flow wp-block-column-is-layout-flow\" style=\"flex-basis:33.33%\">\n<ul id=\"menu-seitenmenue-links\" class=\"wp-block-list\">\n<li><a href=\"https:\/\/www.hsu-hh.de\/karriere\/berufungsverfahren\/ablauf-berufungsverfahren\">Ablauf Berufungsverfahren<\/a><\/li>\n\n\n\n<li><a href=\"https:\/\/www.hsu-hh.de\/karriere\/berufungsverfahren\/stand-der-berufungsverfahren\">Stand der Berufungsverfahren<\/a><\/li>\n\n\n\n<li><a href=\"https:\/\/www.hsu-hh.de\/karriere\/berufungsverfahren\/neuberufene\">Neuberufene<\/a><\/li>\n\n\n\n<li><a href=\"https:\/\/www.hsu-hh.de\/karriere\/berufungsverfahren\/beruf-familie-und-diversitaet\">Beruf, Familie und Diversit\u00e4t<\/a><\/li>\n\n\n\n<li><a href=\"https:\/\/www.hsu-hh.de\/karriere\/berufungsverfahren\/aktive-rekrutierung\">Professorinnenprogramm<\/a><\/li>\n\n\n\n<li><a href=\"https:\/\/www.hsu-hh.de\/karriere\/berufungsverfahren\/leitfaden-und-musterschreiben\">Leitfaden und Musterschreiben<\/a><\/li>\n<\/ul>\n<\/div>\n\n\n\n<div class=\"wp-block-column is-layout-flow wp-block-column-is-layout-flow\" style=\"flex-basis:66.66%\">\n<p>Sie f\u00fcr die Besetzung einer Professur an der Helmut-Schmidt-Universit\u00e4t\/Universit\u00e4t der Bundeswehr Hamburg (<abbr title=\"Helmut Schmidt Universit\u00e4t\">HSU<\/abbr>\/UniBw H) zu gewinnen, ist uns ein herausragendes Anliegen. Denn mit jeder Besetzung treffen wir eine Entscheidung, die das Profil der <abbr title=\"Helmut Schmidt Universit\u00e4t\">HSU<\/abbr>\/UniBw H pr\u00e4gt, entwickelt und ver\u00e4ndert.<\/p>\n\n\n\n<p>Wir laden Sie ein, sich auf den folgenden Informationsseiten einen \u00dcberblick \u00fcber das Berufungsverfahren an der <abbr title=\"Helmut Schmidt Universit\u00e4t\">HSU<\/abbr>\/UniBw H zu verschaffen.&nbsp; Die <abbr title=\"Helmut Schmidt Universit\u00e4t\">HSU<\/abbr>\/UniBw H ist sehr darauf bedacht, das Berufungsverfahren fair und transparent durchzuf\u00fchren.<\/p>\n<\/div>\n<\/div>\n\n\n\n<p>Im Rahmen des gesamten Prozesses zur Besetzung einer Professur werden der Pr\u00e4sident und die Berufungsaussch\u00fcsse durch das Serviceteam f\u00fcr Berufungen unterst\u00fctzt.<\/p>\n\n\n\n<p>Das Serviceteam f\u00fcr Berufungen arbeitet kontinuierlich daran, die Prozesse der Berufungsverfahren weiterzuentwickeln und unsere zuk\u00fcnftigen Professorinnen und Professoren w\u00e4hrend des gesamten Auswahl- und Berufungsprozesses umfassend zu unterst\u00fctzen. Wir stehen Ihnen mit Informationen und Antworten auf Ihre Fragen gerne zur Seite.<\/p>\n\n\n\n<p>Das Serviceteam Berufungen freut sich Sie rund um das Thema Berufung und Berufungsverhandlung und Ihren Wechsel an die <abbr title=\"Helmut Schmidt Universit\u00e4t\">HSU<\/abbr>\/UniBw H zu begleiten.<\/p>\n\n\n\n<hr class=\"wp-block-separator has-alpha-channel-opacity is-style-wide\" \/>\n\n\n\n<h2 class=\"wp-block-heading\">Ansprechpartnerinnen<\/h2>\n\n\n\n<p><strong>Mailadresse: <\/strong><a href=\"mailto:berufungsverfahren@hsu-hh.de\" rel='nofollow'>berufungsverfahren@hsu-hh.de<\/a><\/p>\n\n\n<script type=\"application\/ld+json\">[{\"@context\": \"https:\/\/www.schema.org\",\"@type\": \"Person\",\"name\": \"Claudia B\u00f6schen\",\"worksFor\": [{\t\"@type\": \"Organization\",\t\"name\": \"Helmut-Schmidt-Universit\u00e4t\",\t\"url\": \"https:\/\/www.hsu-hh.de\"\t, \"department\": {\"@type\": \"Organization\",\t\t\t\t\t\"name\": \"Dezernatsleiterin Dez. IV 1\",\t\t\t\t\t\"location\": {\t\t\t\t\t\t\"@type\": \"PostalAddress\",\t\t\t\t\t\t\"addressLocality\": \"\",        \t\t\t\t\"postalCode\": \"22043\",        \t\t\t\t\"streetAddress\": \"Holstenhofweg 85 , Geb\u00e4ude H01\"\t\t\t\t\t}},\t\"location\": {\t\t\"@type\": \"PostalAddress\",    \t\"addressLocality\": \"\",    \t\"postalCode\": \"22008\",    \t\"postOfficeBoxNumber\": \"700822\"\t}   }],\"image\": \"https:\/\/www.hsu-hh.de\/karriere\/wp-content\/uploads\/sites\/658\/2022\/11\/Frau-Boeschen-e1605192256463-150x150-1-150x150.jpg\",\"telephone\": \"(040) 6541-2710\",\"faxNumber\": \"\",\"email\": \"berufungsverfahren@hsu-hh.de\"}]<\/script><div class=\"clearfix\"><\/div><div class=\"ansprechparter-container \" style=\"margin-top:1em; \"><div class=\"row ansprechpartner-item ansprechparter-header\" ><div class=\"col-xs-8 col-lg-12\" style=\"margin-bottom: 30px;\"><h3 class=\"ansprechparter-headline\">Claudia B\u00f6schen<\/h3><\/div><\/div><div class=\"col-md-4 col-lg-3 col-xs-4 ansprechpartner-item floatright img-circle center-block\" style=\"margin-bottom: 30px;\"><div class=\"img-responsive-wrapper\"><img decoding=\"async\" src=\"https:\/\/www.hsu-hh.de\/karriere\/wp-content\/uploads\/sites\/658\/2022\/11\/Frau-Boeschen-e1605192256463-150x150-1-150x150.jpg\" alt=\"Frau Boeschen\" class=\"img-circle img-responsive center-block\" \/><\/div><\/div><div class=\"col-md-12 col-lg-3 col-xs-12 ansprechpartner-item kontakt floatright\" style=\"margin-bottom: 30px; \"><div class=\"row\"><div class=\"col-xs-12 col-sm-6 col-lg-12\"><div class=\"row\"><div class=\"col-xs-4 col-lg-4 row-text bold\" >Raum:<\/div><div class=\" row-text\">0723<\/div><\/div><\/div><div class=\"col-xs-12 col-sm-6 col-lg-12\"><div class=\"row\"><div class=\"col-xs-4 col-lg-4 row-text bold\">Telefon:<\/div><div class=\" row-text\">(040) 6541-2710<\/div><\/div><\/div><div class=\"col-xs-12 col-sm-6 col-lg-12\"><div class=\"row\"><div class=\"col-xs-4 col-lg-4 row-text bold\">E-Mail:<\/div><div class=\"row-text\" style=\"overflow:hidden; word-break: break-word\"><a href=\"mailto:berufungsverfahren@hsu-hh.de\" rel=\"nofollow\">berufungsverfahren@hsu-hh.de<\/a><\/div><\/div><\/div><\/div><\/div><div class=\"col-md-6 col-lg-3 col-xs-12 ansprechpartner-item anschrift floatright\" ><div class=\"row-headline\">Besucheranschrift<\/div><div class=\"dataBesucheranschrift\" style=\"\"><div class=\"row-text\">Helmut-Schmidt-Universit\u00e4t<\/div><div class=\"row-text\">Geb\u00e4ude H01<\/div><div class=\"row-text\">Holstenhofweg 85<\/div><div class=\"row-text\">22043 Hamburg<\/div><\/div><\/div><div class=\"col-md-6 col-lg-3 col-xs-12 ansprechpartner-item anschrift floatright\"><div class=\"row-headline\">Postanschrift<\/div><div class=\"dataPostanschrift\" style=\"\"><div class=\"row-text\">Helmut-Schmidt-Universit\u00e4t<\/div><div class=\"row-text\">Dezernatsleiterin Dez. IV 1<\/div><div class=\"row-text\">Postfach 70 08 22<\/div><div class=\"row-text\">22008 Hamburg<\/div><\/div><\/div><\/div><div class=\"clearfix\"><\/div>\n\n<script type=\"application\/ld+json\">[{\"@context\": \"https:\/\/www.schema.org\",\"@type\": \"Person\",\"name\": \"Frances Iden\",\"worksFor\": [{\t\"@type\": \"Organization\",\t\"name\": \"Helmut-Schmidt-Universit\u00e4t\",\t\"url\": \"https:\/\/www.hsu-hh.de\"}],\"image\": \"https:\/\/www.hsu-hh.de\/karriere\/wp-content\/uploads\/sites\/658\/2022\/04\/dummy_frau_pass_72dpi-99x100.png\",\"telephone\": \"(040) 6541-2273\",\"faxNumber\": \"\",\"email\": \"berufungsverfahren@hsu-hh.de\"}]<\/script><div class=\"clearfix\"><\/div><div class=\"ansprechparter-container \" style=\"margin-top:1em; \"><div class=\"row ansprechpartner-item ansprechparter-header\" ><div class=\"col-xs-8 col-lg-12\" style=\"margin-bottom: 30px;\"><h3 class=\"ansprechparter-headline\">Frances Iden<\/h3><\/div><\/div><div class=\"col-md-4 col-lg-3 col-xs-4 ansprechpartner-item floatright img-circle center-block\" style=\"margin-bottom: 30px;\"><div class=\"img-responsive-wrapper\"><img decoding=\"async\" src=\"https:\/\/www.hsu-hh.de\/karriere\/wp-content\/uploads\/sites\/658\/2022\/04\/dummy_frau_pass_72dpi-99x100.png\" alt=\"frau\" class=\"img-circle img-responsive center-block\" \/><\/div><\/div><div class=\"col-md-12 col-lg-3 col-xs-12 ansprechpartner-item kontakt floatright\" style=\"margin-bottom: 30px; \"><div class=\"row\"><div class=\"col-xs-12 col-sm-6 col-lg-12\"><div class=\"row\"><div class=\"col-xs-4 col-lg-4 row-text bold\" >Raum:<\/div><div class=\" row-text\">0722<\/div><\/div><\/div><div class=\"col-xs-12 col-sm-6 col-lg-12\"><div class=\"row\"><div class=\"col-xs-4 col-lg-4 row-text bold\">Telefon:<\/div><div class=\" row-text\">(040) 6541-2273<\/div><\/div><\/div><div class=\"col-xs-12 col-sm-6 col-lg-12\"><div class=\"row\"><div class=\"col-xs-4 col-lg-4 row-text bold\">E-Mail:<\/div><div class=\"row-text\" style=\"overflow:hidden; word-break: break-word\"><a href=\"mailto:berufungsverfahren@hsu-hh.de\" rel=\"nofollow\">berufungsverfahren@hsu-hh.de<\/a><\/div><\/div><\/div><\/div><\/div><div class=\"col-md-6 col-lg-3 col-xs-12 ansprechpartner-item anschrift floatright\" ><div class=\"row-headline\">Besucheranschrift<\/div><div class=\"dataBesucheranschrift\" style=\"\"><div class=\"row-text\">Helmut-Schmidt-Universit\u00e4t<\/div><div class=\"row-text\">Geb\u00e4ude H1<\/div><div class=\"row-text\">Holstenhofweg 85<\/div><div class=\"row-text\">22043 Hamburg<\/div><\/div><\/div><div class=\"col-md-6 col-lg-3 col-xs-12 ansprechpartner-item anschrift floatright\"><div class=\"row-headline\">Postanschrift<\/div><div class=\"dataPostanschrift\" style=\"\"><div class=\"row-text\">Helmut-Schmidt-Universit\u00e4t<\/div><div class=\"row-text\">Postfach 70 08 22<\/div><div class=\"row-text\">22008 Hamburg<\/div><\/div><\/div><\/div><div class=\"clearfix\"><\/div>","protected":false},"excerpt":{"rendered":"<p>Herzlich Willkommen! Sie f\u00fcr die Besetzung einer Professur an der Helmut-Schmidt-Universit\u00e4t\/Universit\u00e4t der Bundeswehr Hamburg (HSU\/UniBw H) zu gewinnen, ist uns ein herausragendes Anliegen. Denn mit jeder Besetzung treffen wir eine [&hellip;]<\/p>\n","protected":false},"author":18,"featured_media":0,"parent":0,"menu_order":0,"comment_status":"closed","ping_status":"closed","template":"","meta":{"footnotes":""},"categories":[62],"tags":[],"class_list":["post-1932","page","type-page","status-publish","hentry","category-berufungsverfahren"],"_links":{"self":[{"href":"https:\/\/www.hsu-hh.de\/karriere\/wp-json\/wp\/v2\/pages\/1932","targetHints":{"allow":["GET"]}}],"collection":[{"href":"https:\/\/www.hsu-hh.de\/karriere\/wp-json\/wp\/v2\/pages"}],"about":[{"href":"https:\/\/www.hsu-hh.de\/karriere\/wp-json\/wp\/v2\/types\/page"}],"author":[{"embeddable":true,"href":"https:\/\/www.hsu-hh.de\/karriere\/wp-json\/wp\/v2\/users\/18"}],"replies":[{"embeddable":true,"href":"https:\/\/www.hsu-hh.de\/karriere\/wp-json\/wp\/v2\/comments?post=1932"}],"version-history":[{"count":31,"href":"https:\/\/www.hsu-hh.de\/karriere\/wp-json\/wp\/v2\/pages\/1932\/revisions"}],"predecessor-version":[{"id":8028,"href":"https:\/\/www.hsu-hh.de\/karriere\/wp-json\/wp\/v2\/pages\/1932\/revisions\/8028"}],"wp:attachment":[{"href":"https:\/\/www.hsu-hh.de\/karriere\/wp-json\/wp\/v2\/media?parent=1932"}],"wp:term":[{"taxonomy":"category","embeddable":true,"href":"https:\/\/www.hsu-hh.de\/karriere\/wp-json\/wp\/v2\/categories?post=1932"},{"taxonomy":"post_tag","embeddable":true,"href":"https:\/\/www.hsu-hh.de\/karriere\/wp-json\/wp\/v2\/tags?post=1932"}],"curies":[{"name":"wp","href":"https:\/\/api.w.org\/{rel}","templated":true}]}}