{"id":75,"date":"2017-07-03T15:52:18","date_gmt":"2017-07-03T13:52:18","guid":{"rendered":"https:\/\/www.hsu-hh.de\/vorlage\/?page_id=75"},"modified":"2026-02-04T13:23:53","modified_gmt":"2026-02-04T12:23:53","slug":"startpage","status":"publish","type":"page","link":"https:\/\/www.hsu-hh.de\/juenemann\/en\/startpage","title":{"rendered":"Welcome to the homepage of the Chair of Political Science with a focus on International Politics"},"content":{"rendered":"\n<figure class=\"wp-block-image size-large is-style-default\"><img loading=\"lazy\" decoding=\"async\" width=\"1024\" height=\"270\" src=\"https:\/\/www.hsu-hh.de\/juenemann\/wp-content\/uploads\/sites\/764\/2021\/12\/Europe-from-Space_1-1024x270.jpg\" data-credit=\"Europe-from-Space_1\" alt=\"Europa from Space\" class=\"wp-image-1426\" srcset=\"https:\/\/www.hsu-hh.de\/juenemann\/wp-content\/uploads\/sites\/764\/2021\/12\/Europe-from-Space_1-1024x270.jpg 1024w, https:\/\/www.hsu-hh.de\/juenemann\/wp-content\/uploads\/sites\/764\/2021\/12\/Europe-from-Space_1-300x79.jpg 300w, https:\/\/www.hsu-hh.de\/juenemann\/wp-content\/uploads\/sites\/764\/2021\/12\/Europe-from-Space_1-768x202.jpg 768w, https:\/\/www.hsu-hh.de\/juenemann\/wp-content\/uploads\/sites\/764\/2021\/12\/Europe-from-Space_1-1100x290.jpg 1100w, https:\/\/www.hsu-hh.de\/juenemann\/wp-content\/uploads\/sites\/764\/2021\/12\/Europe-from-Space_1.jpg 1229w\" sizes=\"auto, (max-width: 1024px) 100vw, 1024px\" \/><\/figure>\n\n\n\n<p>The research interests of <abbr title=\"Professor\">Prof.<\/abbr> <abbr title=\"Doktor\">Dr.<\/abbr> Annette J\u00fcnemann and her team are in the field of international relations, especially EU external relations, with a regional focus on the Mediterranean region (EuroMed), the Middle East, and North Africa. Specifically, we are interested in transformation and democratization processes, also from the perspective of gender studies. We are currently working on the topic of both migration and forced migration. To find more about our research, please refer to the sections Research, Team, and Teaching.<\/p>\n\n\n\n<hr class=\"wp-block-separator has-alpha-channel-opacity\" \/>\n\n\n\n<h2 class=\"wp-block-heading\">Consultation Hours:<\/h2>\n\n\n\n<p>In <abbr title=\"Wintertrimester\">WT<\/abbr> 2026, consultation hours take place individually by arrangement. Please contact <abbr title=\"Professor\">Prof.<\/abbr> J\u00fcnemann, Ms. Dr G\u00f6ttsche and Mr. Gedikli directly by email.<\/p>\n\n\n\n<div style=\"height:23px\" aria-hidden=\"true\" class=\"wp-block-spacer\"><\/div>\n\n\n\n<hr class=\"wp-block-separator has-alpha-channel-opacity\" \/>\n\n\n\n<h2 class=\"wp-block-heading\">News:<\/h2>\n\n\n\n<p><br><\/p>\n\n\n\n<hr class=\"wp-block-separator has-alpha-channel-opacity\" \/>\n\n\n\n<h2 class=\"wp-block-heading\">Past events:<\/h2>\n\n\n\n<h3 class=\"wp-block-heading\">L<strong>ecture series on the Middle East conflict in <abbr title=\"Herbsttrimester\">HT<\/abbr> 24 at the <abbr title=\"Helmut Schmidt Universit\u00e4t\">HSU<\/abbr>:<\/strong><\/h3>\n\n\n\n<figure class=\"wp-block-image size-large is-resized\"><img loading=\"lazy\" decoding=\"async\" width=\"738\" height=\"1024\" src=\"https:\/\/www.hsu-hh.de\/juenemann\/wp-content\/uploads\/sites\/764\/2024\/09\/Plakat__Ringvorlesung__Homepage-738x1024.jpg\" data-credit=\"HSU\" alt=\"\" class=\"wp-image-2005\" style=\"width:275px;height:auto\" srcset=\"https:\/\/www.hsu-hh.de\/juenemann\/wp-content\/uploads\/sites\/764\/2024\/09\/Plakat__Ringvorlesung__Homepage-738x1024.jpg 738w, https:\/\/www.hsu-hh.de\/juenemann\/wp-content\/uploads\/sites\/764\/2024\/09\/Plakat__Ringvorlesung__Homepage-216x300.jpg 216w, https:\/\/www.hsu-hh.de\/juenemann\/wp-content\/uploads\/sites\/764\/2024\/09\/Plakat__Ringvorlesung__Homepage-768x1065.jpg 768w, https:\/\/www.hsu-hh.de\/juenemann\/wp-content\/uploads\/sites\/764\/2024\/09\/Plakat__Ringvorlesung__Homepage-1108x1536.jpg 1108w, https:\/\/www.hsu-hh.de\/juenemann\/wp-content\/uploads\/sites\/764\/2024\/09\/Plakat__Ringvorlesung__Homepage-1477x2048.jpg 1477w, https:\/\/www.hsu-hh.de\/juenemann\/wp-content\/uploads\/sites\/764\/2024\/09\/Plakat__Ringvorlesung__Homepage-1100x1525.jpg 1100w, https:\/\/www.hsu-hh.de\/juenemann\/wp-content\/uploads\/sites\/764\/2024\/09\/Plakat__Ringvorlesung__Homepage.jpg 1771w\" sizes=\"auto, (max-width: 738px) 100vw, 738px\" \/><\/figure>\n\n\n\n<hr class=\"wp-block-separator has-alpha-channel-opacity\" \/>\n\n\n\n<h3 class=\"wp-block-heading\"><strong>Visit of the Ukrainian Ambassador Oleksii Makeiev on April 28, 2023 at <abbr title=\"Helmut Schmidt Universit\u00e4t\">HSU<\/abbr><\/strong><\/h3>\n\n\n\n<p>You can find the report <a href=\"https:\/\/www.hsu-hh.de\/ihre-freiheit-ist-auch-unsere-freiheit-der-ukrainische-botschafter-in-deutschland-oleksii-makeiev\">here<\/a><\/p>\n\n\n\n<div style=\"height:31px\" aria-hidden=\"true\" class=\"wp-block-spacer\"><\/div>\n\n\n\n<hr class=\"wp-block-separator has-alpha-channel-opacity\" \/>\n\n\n\n<h2 class=\"wp-block-heading\">New publications:<\/h2>\n\n\n\n<p>Gedikli, Ardahan \/&nbsp;J\u00fcnemann, Annette (2024): Deutschland und die europ\u00e4ische Mittelmeerpolitik. In: B\u00f6ttger, Katrin \/ Jopp, Mathias (<abbr title=\"Herausgeber\">Hrsg.<\/abbr>): Handbuch zur Deutschen Europapolitik.&nbsp;Baden-Baden, zweite Auflage. Nomos (im erscheinen)<\/p>\n\n\n\n<p>J\u00fcnemann, Annette (2023)\u201eDie&nbsp;Zivilgesellschaft&nbsp;der&nbsp;Europ\u00e4ischen&nbsp;Union&nbsp;im&nbsp;Politikfeld&nbsp;Asyl&nbsp;und<br>Migration: Hoffnungstr\u00e4ger mit begrenztem Handlungsspielraum. In: Gieg, Philipp \/ Lowinger, Timo \/ Pietzko, Manuel \/ R\u00fcger, Carolin \/ Scheuermann, Manuela \/ Z\u00fcrn, Anja (<abbr title=\"Herausgeber\">Hrsg.<\/abbr>): Jenseits der Krisen: Potenziale der europ\u00e4ischen Integration im 21. Jahrhundert, Wiesbaden: SpringerVS. S. 253-284, <a href=\"https:\/\/www.hsu-hh.de\/juenemann\/wp-content\/uploads\/sites\/764\/2023\/10\/Die-Zivilgesellschaft-der-Europaeischen-im-Politikfeld-Asyl-und-Migration-Hoffnungstraeger-mit-begrenztem-Handlungsspielraum.pdf\" data-type=\"link\" data-id=\"https:\/\/www.hsu-hh.de\/juenemann\/wp-content\/uploads\/sites\/764\/2023\/10\/Die-Zivilgesellschaft-der-Europaeischen-im-Politikfeld-Asyl-und-Migration-Hoffnungstraeger-mit-begrenztem-Handlungsspielraum.pdf\">Link to pdf here<\/a><\/p>\n\n\n\n<p><\/p>\n\n\n\n<p>Link to Springer <a href=\"https:\/\/link.springer.com\/book\/10.1007\/978-3-658-41608-9\" rel='nofollow'>here<\/a><\/p>\n\n\n\n<div style=\"height:40px\" aria-hidden=\"true\" class=\"wp-block-spacer\"><\/div>\n\n\n\n<hr class=\"wp-block-separator has-alpha-channel-opacity\" \/>\n\n\n\n<p><strong>The Anthology \u201cPower in Vulnerability. A Multi-Dimensional Review of Migrants\u2019 Vulnerabilities\u201d has been published.<\/strong><\/p>\n\n\n\n<p>The anthology \u201cPower in Vulnerability. A Multi-Dimensional Review of Migrants\u2019 Vulnerabilities\u201d has been edited and authored by members of our department in collaboration with several other researchers.<\/p>\n\n\n\n<p>With this volume, the editors propose a multi-dimensional and critical review of migrants\u2019 vulnerabilities. They argue that a deeper understanding of vulnerability is paramount to discussing empowerment and resilience. Regardless of their motivations, migrants can face vulnerabilities\u202fat any of the stages of their journey. These vulnerabilities may change over time for better or worse, corresponding with a person\u2019s legal status, migratory path, and the practices of migration regulation. This book addresses vulnerability from an interdisciplinary and intersectional perspective. It brings together the latest academic research and practitioners\u2019 insights to help reception societies adapt and improve their dealing with migrants\u2019 vulnerabilities.<\/p>\n\n\n\n<p>The volume includes articles by&nbsp;<abbr title=\"Professor\">Prof.<\/abbr>&nbsp;<abbr title=\"Doktor\">Dr.<\/abbr> J\u00fcnemann, <abbr title=\"Doktor\">Dr.<\/abbr> Fromm, <abbr title=\"Doktor\">Dr.<\/abbr> Safouane, Sandra G\u00f6ttsche, and Yaiza Rojas Matas, from the Department of International Relations at the <abbr title=\"Helmut Schmidt Universit\u00e4t\">HSU<\/abbr>.<\/p>\n\n\n\n<p>More information in the following link:&nbsp;<a href=\"https:\/\/www.springer.com\/de\/book\/9783658340513#aboutAuthors\" rel='nofollow'>https:\/\/www.springer.com\/de\/book\/9783658340513#aboutAuthors<\/a><\/p>\n\n\n\n<figure class=\"wp-block-image is-style-default\"><img loading=\"lazy\" decoding=\"async\" width=\"306\" height=\"434\" src=\"https:\/\/www.hsu-hh.de\/juenemann\/wp-content\/uploads\/sites\/764\/2021\/11\/978-3-658-34052-0.jpg\" data-credit=\"Springer Verlag\" alt=\"Power in Vulnarability, cover\" class=\"wp-image-1328\" srcset=\"https:\/\/www.hsu-hh.de\/juenemann\/wp-content\/uploads\/sites\/764\/2021\/11\/978-3-658-34052-0.jpg 306w, https:\/\/www.hsu-hh.de\/juenemann\/wp-content\/uploads\/sites\/764\/2021\/11\/978-3-658-34052-0-212x300.jpg 212w\" sizes=\"auto, (max-width: 306px) 100vw, 306px\" \/><\/figure>\n\n\n\n<p><\/p>\n\n\n\n<h2 class=\"wp-block-heading\">Teaching news:<\/h2>\n\n\n\n<ul class=\"wp-block-list\">\n<li><strong><a href=\"https:\/\/padlet.com\/nomsb\/tjvfucnxmr9ina6x\" rel='nofollow'>We say no to the establishment of a military security area at the <abbr title=\"Helmut Schmidt Universit\u00e4t\">HSU<\/abbr><\/a><\/strong>.<\/li>\n<\/ul>\n\n\n\n<ul class=\"wp-block-list\">\n<li><strong>Simulation game \u201cVia Pontica \u2013 Bridge over Troubled Waters\u201d: EU Crisis Management Exercise<\/strong>:<\/li>\n<\/ul>\n\n\n\n<p>Is there a solution to the distribution dilemma of refugees in the EU? That question was given out to a group of undergrads, consisting out of civilian and military students, at Helmut-Schmidt University. In order to simulate a realistic EU Council meeting (25<sup>th<\/sup>-26<sup>th<\/sup> of November 2021), students got together in pairs, to play a given country at that exact meeting. Their scenario was a refugee crisis along the shores of the Romanian Black-Sea coast. In doing so, students were able to get an impression of what it takes to come up with a solution to a given problem, on which every country can agree upon.<\/p>\n\n\n\n<p>Navigating through what seemed a \u201cjungle of different interests\u201d, the EU Council president of Slovenia put in a lot of effort, to keep every member state in the discussion and to give out a fair share of talking time to each state. In the end, the EU Council found a way to deploy European police forces and humanitarian aid. Nevertheless, a general solution for the current migration situation and its distribution component could not be found. Afterwards, students acknowledged how hard it can be, to satisfy each member state. Still, students appreciated the simulation game very much, their only request for another simulation game: more time. That being said, it was a pleasant and valuable experience for students, as well as for the teaching staff.<\/p>\n\n\n\n<div class=\"wp-block-columns is-layout-flex wp-container-core-columns-is-layout-9d6595d7 wp-block-columns-is-layout-flex\">\n<div class=\"wp-block-column is-layout-flow wp-block-column-is-layout-flow\"><script>\tvar sosereDefaults = {\"allowfullscreen\":true,\"fit\":\"contain\",\"transition\":\"crossfade\",\"loop\":true,\"autoplay\":\"3000\",\"stopautoplayontouch\":true,\"keyboard\":true,\"nav\":\"thumbs\"}<\/script><div class='sosere--wp' data-ids='1554'data-link='file'data-itemtag='dl'data-icontag='dt'data-captiontag='dd'data-columns='0'data-size='large'data-width='1024'data-auto='false'data-max-width='100%'data-ratio='1.5014662756598'><div id='gallery-1' class='gallery galleryid-75 gallery-columns-0 gallery-size-thumbnail'><dl class='gallery-item'>\n\t\t\t<dt class='gallery-icon landscape'>\n\t\t\t\t<a href='https:\/\/www.hsu-hh.de\/juenemann\/wp-content\/uploads\/sites\/764\/2022\/01\/DSC_4255-1-1024x682.jpg' data-full='https:\/\/www.hsu-hh.de\/juenemann\/wp-content\/uploads\/sites\/764\/2022\/01\/DSC_4255-1-scaled.jpg' data-credit=\"HSU\"><img loading=\"lazy\" decoding=\"async\" width=\"150\" height=\"150\" src=\"https:\/\/www.hsu-hh.de\/juenemann\/wp-content\/uploads\/sites\/764\/2022\/01\/DSC_4255-1-150x150.jpg\" class=\"attachment-thumbnail size-thumbnail\" alt=\"Plansspiel\" aria-describedby=\"gallery-1-1554\" srcset=\"https:\/\/www.hsu-hh.de\/juenemann\/wp-content\/uploads\/sites\/764\/2022\/01\/DSC_4255-1-150x150.jpg 150w, https:\/\/www.hsu-hh.de\/juenemann\/wp-content\/uploads\/sites\/764\/2022\/01\/DSC_4255-1-100x100.jpg 100w\" sizes=\"auto, (max-width: 150px) 100vw, 150px\" \/><\/a>\n\t\t\t<\/dt>\n\t\t\t\t<dd class='wp-caption-text gallery-caption' id='gallery-1-1554'>\n\t\t\t\tParticipants in the simulation game 2021\n\t\t\t\t<\/dd><\/dl>\n\t\t<\/div>\n<\/div><\/div>\n\n\n\n<div class=\"wp-block-column is-layout-flow wp-block-column-is-layout-flow\"><script>\tvar sosereDefaults = {\"allowfullscreen\":true,\"fit\":\"contain\",\"transition\":\"crossfade\",\"loop\":true,\"autoplay\":\"3000\",\"stopautoplayontouch\":true,\"keyboard\":true,\"nav\":\"thumbs\"}<\/script><div class='sosere--wp' data-ids='1552'data-link='file'data-itemtag='dl'data-icontag='dt'data-captiontag='dd'data-columns='0'data-size='large'data-width='1024'data-auto='false'data-max-width='100%'data-ratio='1.5014662756598'><div id='gallery-3' class='gallery galleryid-75 gallery-columns-0 gallery-size-thumbnail'><dl class='gallery-item'>\n\t\t\t<dt class='gallery-icon landscape'>\n\t\t\t\t<a href='https:\/\/www.hsu-hh.de\/juenemann\/wp-content\/uploads\/sites\/764\/2022\/01\/DSC_4265-1-1024x682.jpg' data-full='https:\/\/www.hsu-hh.de\/juenemann\/wp-content\/uploads\/sites\/764\/2022\/01\/DSC_4265-1-scaled.jpg' data-credit=\"HSU\"><img loading=\"lazy\" decoding=\"async\" width=\"150\" height=\"150\" src=\"https:\/\/www.hsu-hh.de\/juenemann\/wp-content\/uploads\/sites\/764\/2022\/01\/DSC_4265-1-150x150.jpg\" class=\"attachment-thumbnail size-thumbnail\" alt=\"Prof. Dr. Annette J\u00fcnemann\" srcset=\"https:\/\/www.hsu-hh.de\/juenemann\/wp-content\/uploads\/sites\/764\/2022\/01\/DSC_4265-1-150x150.jpg 150w, https:\/\/www.hsu-hh.de\/juenemann\/wp-content\/uploads\/sites\/764\/2022\/01\/DSC_4265-1-100x100.jpg 100w\" sizes=\"auto, (max-width: 150px) 100vw, 150px\" \/><\/a>\n\t\t\t<\/dt><\/dl>\n\t\t<\/div>\n<\/div><\/div>\n<\/div>\n","protected":false},"excerpt":{"rendered":"<p>The research interests of Prof. Dr. Annette J\u00fcnemann and her team are in the field of international relations, especially EU external relations, with a regional focus on the Mediterranean region [&hellip;]<\/p>\n","protected":false},"author":138,"featured_media":0,"parent":0,"menu_order":0,"comment_status":"closed","ping_status":"closed","template":"","meta":{"footnotes":""},"categories":[37],"tags":[],"class_list":["post-75","page","type-page","status-publish","hentry","category-startpage"],"_links":{"self":[{"href":"https:\/\/www.hsu-hh.de\/juenemann\/wp-json\/wp\/v2\/pages\/75","targetHints":{"allow":["GET"]}}],"collection":[{"href":"https:\/\/www.hsu-hh.de\/juenemann\/wp-json\/wp\/v2\/pages"}],"about":[{"href":"https:\/\/www.hsu-hh.de\/juenemann\/wp-json\/wp\/v2\/types\/page"}],"author":[{"embeddable":true,"href":"https:\/\/www.hsu-hh.de\/juenemann\/wp-json\/wp\/v2\/users\/138"}],"replies":[{"embeddable":true,"href":"https:\/\/www.hsu-hh.de\/juenemann\/wp-json\/wp\/v2\/comments?post=75"}],"version-history":[{"count":52,"href":"https:\/\/www.hsu-hh.de\/juenemann\/wp-json\/wp\/v2\/pages\/75\/revisions"}],"predecessor-version":[{"id":2292,"href":"https:\/\/www.hsu-hh.de\/juenemann\/wp-json\/wp\/v2\/pages\/75\/revisions\/2292"}],"wp:attachment":[{"href":"https:\/\/www.hsu-hh.de\/juenemann\/wp-json\/wp\/v2\/media?parent=75"}],"wp:term":[{"taxonomy":"category","embeddable":true,"href":"https:\/\/www.hsu-hh.de\/juenemann\/wp-json\/wp\/v2\/categories?post=75"},{"taxonomy":"post_tag","embeddable":true,"href":"https:\/\/www.hsu-hh.de\/juenemann\/wp-json\/wp\/v2\/tags?post=75"}],"curies":[{"name":"wp","href":"https:\/\/api.w.org\/{rel}","templated":true}]}}