{"id":2132,"date":"2025-05-02T11:05:51","date_gmt":"2025-05-02T09:05:51","guid":{"rendered":"https:\/\/www.hsu-hh.de\/juenemann\/?page_id=2132"},"modified":"2025-10-08T08:41:00","modified_gmt":"2025-10-08T06:41:00","slug":"ardahan-gedikli-m-a","status":"publish","type":"page","link":"https:\/\/www.hsu-hh.de\/juenemann\/ardahan-gedikli-m-a","title":{"rendered":"Ardahan \u00d6zkan Gedikli, M.A."},"content":{"rendered":"\n<div style=\"height:43px\" aria-hidden=\"true\" class=\"wp-block-spacer\"><\/div>\n\n\n\n<div class=\"wp-block-columns is-layout-flex wp-container-core-columns-is-layout-9d6595d7 wp-block-columns-is-layout-flex\">\n<div class=\"wp-block-column is-layout-flow wp-block-column-is-layout-flow\">\n<p>Helmut-Schmidt-Universit\u00e4t<br>Fakult\u00e4t f\u00fcr Wirtschafts- und Sozialwissenschaften<br>Professur f\u00fcr Internationale Politik<br>Holstenhofweg 85<br>22043 Hamburg<\/p>\n\n\n\n<p>Geb\u00e4ude H1, Raum 2162<br>Telefon: 040 6541 3219<br>Email: gediklia@hsu-hh.de<\/p>\n<\/div>\n\n\n\n<div class=\"wp-block-column is-layout-flow wp-block-column-is-layout-flow\"><div class=\"wp-block-image\">\n<figure class=\"aligncenter size-medium\"><img loading=\"lazy\" decoding=\"async\" width=\"200\" height=\"300\" src=\"https:\/\/www.hsu-hh.de\/juenemann\/wp-content\/uploads\/sites\/764\/2025\/05\/241002_Gedikli_Ardahan-Oezkan_030-200x300.jpg\" data-credit=\"x\" alt=\"\" class=\"wp-image-2170\" srcset=\"https:\/\/www.hsu-hh.de\/juenemann\/wp-content\/uploads\/sites\/764\/2025\/05\/241002_Gedikli_Ardahan-Oezkan_030-200x300.jpg 200w, https:\/\/www.hsu-hh.de\/juenemann\/wp-content\/uploads\/sites\/764\/2025\/05\/241002_Gedikli_Ardahan-Oezkan_030-683x1024.jpg 683w, https:\/\/www.hsu-hh.de\/juenemann\/wp-content\/uploads\/sites\/764\/2025\/05\/241002_Gedikli_Ardahan-Oezkan_030-768x1152.jpg 768w, https:\/\/www.hsu-hh.de\/juenemann\/wp-content\/uploads\/sites\/764\/2025\/05\/241002_Gedikli_Ardahan-Oezkan_030-1024x1536.jpg 1024w, https:\/\/www.hsu-hh.de\/juenemann\/wp-content\/uploads\/sites\/764\/2025\/05\/241002_Gedikli_Ardahan-Oezkan_030-1365x2048.jpg 1365w, https:\/\/www.hsu-hh.de\/juenemann\/wp-content\/uploads\/sites\/764\/2025\/05\/241002_Gedikli_Ardahan-Oezkan_030-1100x1650.jpg 1100w, https:\/\/www.hsu-hh.de\/juenemann\/wp-content\/uploads\/sites\/764\/2025\/05\/241002_Gedikli_Ardahan-Oezkan_030-scaled.jpg 1707w\" sizes=\"auto, (max-width: 200px) 100vw, 200px\" \/><\/figure>\n<\/div><\/div>\n<\/div>\n\n\n\n<hr class=\"wp-block-separator has-alpha-channel-opacity\" \/>\n\n\n\n<h2 class=\"wp-block-heading\">Forschungsinteressen:<\/h2>\n\n\n\n<p>Ardahan \u00d6zkan Gedikli ist Doktorand am Leibniz-Institut f\u00fcr Globale und Regionale Studien (GIGA) und konzentriert sich auf die Entwicklungszusammenarbeit der T\u00fcrkei im Nahen Osten und Nordafrika. Ardahan \u00d6zkan Gedikli m\u00f6chte insbesondere die Beweggr\u00fcnde der T\u00fcrkei f\u00fcr die Bereitstellung von Entwicklungszusammenarbeit in dieser Region verstehen. Seine Forschungsschwerpunkte konzentrieren sich auf Friedens- und Konfliktforschung, Entwicklungszusammenarbeit, t\u00fcrkische Au\u00dfenpolitik, Europapolitik, MENA-Politik und Diskursanalyse.<\/p>\n\n\n\n<hr class=\"wp-block-separator has-alpha-channel-opacity\" \/>\n\n\n\n<h2 class=\"wp-block-heading\">Publikationen:<\/h2>\n\n\n\n<p>\u201e<strong>Deutschland und die europ\u00e4ische Mittelmeerpolitik<\/strong>\u201c. Gemeinsam mit Annette J\u00fcnemann verfasst in Handbuch zur Deutschen Europapolitik, herausgegeben von Katrin B\u00f6ttger und Mathias Jopp. Baden-Baden: Nomos Verlag, 2024.<\/p>\n\n\n\n<p>\u201e<strong>So Close Yet So Far: Turkey\u2019s Relations with Germany in Recep Tayyip Erdo\u011fan\u2019s Narratives (2003\u20132018)<\/strong>\u201d Gemeinsam mit \u00d6zgehan Senyuva und Nurdan Selay Bedir verfasst in The EU-German-Turkish Triangle Narratives, Perceptions and Discourse of a Unique Relationship, herausgegeben von Funda Tekin und Anke Sch\u00f6nlau. Baden-Baden: Nomos Verlag, 2022. Link: <a href=\"https:\/\/doi.org\/10.5771\/9783748924418-111\" target=\"_blank\" rel=\"noreferrer noopener\">https:\/\/doi.org\/10.5771\/9783748924418-111<\/a><\/p>\n\n\n\n<hr class=\"wp-block-separator has-alpha-channel-opacity\" \/>\n\n\n\n<h2 class=\"wp-block-heading\">Kurzer Lebenslauf:<\/h2>\n\n\n\n<p>Seit 05\/2025 Wissenschaftlicher Mitarbeiter an der Helmut-Schmidt-Universit\u00e4t\/ Universit\u00e4t der Bundeswehr in Hamburg\/Deutschland<\/p>\n\n\n\n<ul class=\"wp-block-list\">\n<li>05\/2023 \u2013 04\/2025 Wissenschaftliche Hilfskraft an der Helmut-Schmidt-Universit\u00e4t\/ Universit\u00e4t der Bundeswehr in Hamburg\/Deutschland<\/li>\n\n\n\n<li>Seit 04\/2021 Doktorand am German Institute for Global and Area Studies (GIGA) in Hamburg und Institut f\u00fcr Entwicklung und Frieden (INEF) in Duisburg-Essen\/Deutschland<\/li>\n\n\n\n<li>09\/2019 \u2013 02\/2021 Wissenschaftlicher Mitarbeiter an der Graduate School of Social Sciences and Humanities (GSSSH) der Ko\u00e7 Universit\u00e4t in Istanbul\/T\u00fcrkei<\/li>\n\n\n\n<li>01\/2019 \u2013 03\/2021 Wissenschaftlicher Mitarbeiter im MERCATOR-Stiftungsprojekt TRIANGLE und Projektassistent im Horizon2020-Projekt FEUTURE, Center for European Studies (CES) der Middle East Technical University in Ankara\/T\u00fcrkei<\/li>\n\n\n\n<li>05\/2018 \u2013 12\/2018 Berater f\u00fcr den \u00f6ffentlichen Sektor bei Ecorys Consulting in Ankara\/T\u00fcrkei<\/li>\n\n\n\n<li>Studium: M.A. in Conflict, Security and Development, University of Sussex, Brighton, Vereinigtes K\u00f6nigreich; B.Sc. in Internationale Beziehungen, Middle East Technical University, Ankara, T\u00fcrkei; Freie Universit\u00e4t Berlin (ERASMUS Austausch Program), Berlin<\/li>\n<\/ul>\n\n\n\n<hr class=\"wp-block-separator has-alpha-channel-opacity\" \/>\n\n\n\n<h2 class=\"wp-block-heading\">Lehre:<\/h2>\n\n\n\n<ul class=\"wp-block-list\">\n<li><abbr title=\"Fr\u00fchjahrstrimester\">FT<\/abbr>2025:     <strong>Europa in der Welt II: Vertiefungsseminar <\/strong>an der Helmut-Schmidt-Universit\u00e4t &#8211; Universit\u00e4t der Bundeswehr (MA-Seminar &#8211; Co- Betreuung mit <abbr title=\"Professor\">Prof.<\/abbr> <abbr title=\"Doktor\">Dr.<\/abbr> Annette J\u00fcnemann)<br><\/li>\n\n\n\n<li><abbr title=\"Wintertrimester\">WT<\/abbr>2025    <strong>Turkish Foreign Policy in the 21st Century: Through the Lens of FPA and IR Theories<\/strong> an der Helmut-Schmidt-Universit\u00e4t &#8211; Universit\u00e4t der Bundeswehr<br><\/li>\n\n\n\n<li><abbr title=\"Herbsttrimester\">HT<\/abbr>2024:    <strong>Conflict, Security and Development in the post-2000 MENA Region<\/strong> an der Helmut-Schmidt-Universit\u00e4t &#8211; Universit\u00e4t der Bundeswehr<\/li>\n<\/ul>\n","protected":false},"excerpt":{"rendered":"<p>Helmut-Schmidt-Universit\u00e4tFakult\u00e4t f\u00fcr Wirtschafts- und SozialwissenschaftenProfessur f\u00fcr Internationale PolitikHolstenhofweg 8522043 Hamburg Geb\u00e4ude H1, Raum 2162Telefon: 040 6541 3219Email: gediklia@hsu-hh.de Forschungsinteressen: Ardahan \u00d6zkan Gedikli ist Doktorand am Leibniz-Institut f\u00fcr Globale und Regionale [&hellip;]<\/p>\n","protected":false},"author":138,"featured_media":0,"parent":0,"menu_order":0,"comment_status":"closed","ping_status":"closed","template":"","meta":{"footnotes":""},"categories":[4],"tags":[],"class_list":["post-2132","page","type-page","status-publish","hentry","category-forschung"],"_links":{"self":[{"href":"https:\/\/www.hsu-hh.de\/juenemann\/wp-json\/wp\/v2\/pages\/2132","targetHints":{"allow":["GET"]}}],"collection":[{"href":"https:\/\/www.hsu-hh.de\/juenemann\/wp-json\/wp\/v2\/pages"}],"about":[{"href":"https:\/\/www.hsu-hh.de\/juenemann\/wp-json\/wp\/v2\/types\/page"}],"author":[{"embeddable":true,"href":"https:\/\/www.hsu-hh.de\/juenemann\/wp-json\/wp\/v2\/users\/138"}],"replies":[{"embeddable":true,"href":"https:\/\/www.hsu-hh.de\/juenemann\/wp-json\/wp\/v2\/comments?post=2132"}],"version-history":[{"count":10,"href":"https:\/\/www.hsu-hh.de\/juenemann\/wp-json\/wp\/v2\/pages\/2132\/revisions"}],"predecessor-version":[{"id":2209,"href":"https:\/\/www.hsu-hh.de\/juenemann\/wp-json\/wp\/v2\/pages\/2132\/revisions\/2209"}],"wp:attachment":[{"href":"https:\/\/www.hsu-hh.de\/juenemann\/wp-json\/wp\/v2\/media?parent=2132"}],"wp:term":[{"taxonomy":"category","embeddable":true,"href":"https:\/\/www.hsu-hh.de\/juenemann\/wp-json\/wp\/v2\/categories?post=2132"},{"taxonomy":"post_tag","embeddable":true,"href":"https:\/\/www.hsu-hh.de\/juenemann\/wp-json\/wp\/v2\/tags?post=2132"}],"curies":[{"name":"wp","href":"https:\/\/api.w.org\/{rel}","templated":true}]}}