{"id":1405,"date":"2021-12-21T11:37:41","date_gmt":"2021-12-21T10:37:41","guid":{"rendered":"https:\/\/www.hsu-hh.de\/juenemann\/?page_id=1405"},"modified":"2025-05-02T11:58:49","modified_gmt":"2025-05-02T09:58:49","slug":"yaiza-rojas-matas-ma","status":"publish","type":"page","link":"https:\/\/www.hsu-hh.de\/juenemann\/en\/yaiza-rojas-matas-ma","title":{"rendered":"Yaiza Rojas-Matas, MA"},"content":{"rendered":"\n<div style=\"height:40px\" aria-hidden=\"true\" class=\"wp-block-spacer\"><\/div>\n\n\n\n<div class=\"wp-block-columns is-layout-flex wp-container-core-columns-is-layout-9d6595d7 wp-block-columns-is-layout-flex\">\n<div class=\"wp-block-column is-layout-flow wp-block-column-is-layout-flow\">\n<h2 class=\"wp-block-heading\">Kontakt:<\/h2>\n\n\n\n<p>Arbeit und Leben Hamburg<\/p>\n<\/div>\n\n\n\n<div class=\"wp-block-column is-layout-flow wp-block-column-is-layout-flow\">\n<figure class=\"wp-block-image size-full is-resized\"><img loading=\"lazy\" decoding=\"async\" width=\"150\" height=\"150\" src=\"https:\/\/www.hsu-hh.de\/juenemann\/wp-content\/uploads\/sites\/764\/2021\/12\/IMG-20190813-WA0014-01-150x150-1.jpeg\" data-credit=\"\" alt=\"M.A.Rojas-Matas\" class=\"wp-image-1456\" style=\"width:231px;height:auto\" srcset=\"https:\/\/www.hsu-hh.de\/juenemann\/wp-content\/uploads\/sites\/764\/2021\/12\/IMG-20190813-WA0014-01-150x150-1.jpeg 150w, https:\/\/www.hsu-hh.de\/juenemann\/wp-content\/uploads\/sites\/764\/2021\/12\/IMG-20190813-WA0014-01-150x150-1-100x100.jpeg 100w\" sizes=\"auto, (max-width: 150px) 100vw, 150px\" \/><\/figure>\n<\/div>\n<\/div>\n\n\n\n<hr class=\"wp-block-separator has-alpha-channel-opacity\" \/>\n\n\n\n<p>Die Forschungsschwerpunkte von Yaiza Rojas-Matas sind Migration, Menschenhandel, Friedensforschung und Sicherheitspolitik.<\/p>\n\n\n\n<p><strong>Curriculum Vitae<\/strong><\/p>\n\n\n\n<p>2016 \u2013 2017 Master in Peace and Security Studies IFSH, Uni Hamburg, Hamburg, Deutschland. Master in Friedensforschung und Sicherheitspolitik mit Schwerpunkt in Gender-Studien, Migration und Menschenhandel in Europa.<\/p>\n\n\n\n<p>2012 \u2013 2013 Diploma in American Studies Smith College, Northampton, MA-USA.<br>Postgraduierten Diplom in Amerikanistik mit Schwerpunkt auf Internationalen Beziehungen und der Mittlere Osten.<\/p>\n\n\n\n<p>2006 \u2013 2011 Bachelor und Master in \u00dcbersetzung und Dolmetschen Universidad de Cordoba, Cordoba, Spanien.<br>Spezialisierung auf English, Arabisch, Deutsch und Franz\u00f6sisch. Interkulturelle Mediation.<\/p>\n\n\n\n<p><strong>Publikationen<\/strong><\/p>\n\n\n\n<p>Rojas-Matas, Y. (2021). \u201eWhen Law Exacerbates Vulnerability: The Case of Undocumented Migrant Prostitutes Under the German Prostitutes Protection Act of 2017\u201c. In: <em>Power in Vulnerability. A Multi-Dimensional Review of Migrants\u2019<\/em> <em>Vulnerabilities<\/em>. In der Reihe &#8222;Studien zur Migrations- und Integrationspolitik&#8220;, Wiesbaden: Springer VS. <a href=\"https:\/\/link.springer.com\/chapter\/10.1007\/978-3-658-34052-0_6\" rel='nofollow'>Link hier.<\/a><\/p>\n\n\n\n<p>Rojas-Matas, Y. together with Annette J\u00fcnemann and Sandra G\u00f6ttsche. (2021). \u201eVulnerability and Agency in the Asymmetric Relationship Between Refugees and Their Volunteer Supporters: A Critical Assessment of Germany\u2019s \u2018Welcome Culture\u2019\u201c. In: <em>Power in Vulnerability. A Multi-Dimensional Review of Migrants\u2019 Vulnerabilities<\/em>. In der Reihe &#8222;Studien zur Migrations- und Integrationspolitik&#8220;, Wiesbaden: Springer VS. <a href=\"https:\/\/link.springer.com\/chapter\/10.1007\/978-3-658-34052-0_11\" rel='nofollow'>Link hier.<\/a><\/p>\n\n\n\n<p><strong>Vortr\u00e4ge<\/strong><\/p>\n\n\n\n<p>25 \u2013 26 May 2019: 6th Annual International Conference on Social Sciences: \u201cMigration in Morocco and Beyond: From Local to Global Dynamics.\u201d Al-Akhawayn University, Ifrane, Morocco.<\/p>\n\n\n\n<p>Presentation title: \u201cTrafficking in Women for sexual exploitation within the European Union: The German and Swedish approaches to the reduction of demand.\u201d<\/p>\n\n\n\n<p>2018\/3 \u201eTrafficking in Women for sexual exploitation within the EU.\u201d Dezernat Interkulturelle Einsatzberatung: Lehrgang Genderperspektive, Koblenz, Deutschland.<\/p>\n\n\n\n<p>2017\/10 &#8222;Frauenspezifische Fluchtursachen&#8220;, Vortrag im Rahmen des Seminars Flucht und Migration: Fluchtursachen bek\u00e4mpfen, aber wie? ISA-Kurs, Helmut-Schmidt-Universit\u00e4t, Universit\u00e4t der Bundeswehr Hamburg.<\/p>\n\n\n\n<p><strong>Lehre<\/strong><\/p>\n\n\n\n<p>2020\/10-2021\/03 &#8222;Internationale Beziehungen&#8220; ISA-Kurs mit Kati Bojang, Helmut-Schmidt-Universit\u00e4t, Universit\u00e4t der Bundeswehr Hamburg.<\/p>\n\n\n\n<p>2019\/10-12 &#8222;Flucht und Migration: die Rolle der UNO&#8220; ISA-Kurs mit Kati Bojang, Helmut-Schmidt-Universit\u00e4t, Universit\u00e4t der Bundeswehr Hamburg.<\/p>\n\n\n\n<p>2019\/01 &#8222;Frauen- und LGBTQ+spezifische Fluchtursachen&#8220; und &#8222;Fluchtursachenbek\u00e4mpfung&#8220; im Rahmen des Seminars Flucht und Migration mit Kati Bojang. ISA-Kurs, Helmut-Schmidt-Universit\u00e4t, Universit\u00e4t der Bundeswehr Hamburg.<\/p>\n\n\n\n<p>2018\/10-12 &#8222;Flucht und Migration. Fluchtursachenbek\u00e4mpfung, aber wie?&#8220; ISA-Kurs mit Kati Bojang, Helmut-Schmidt-Universit\u00e4t, Universit\u00e4t der Bundeswehr Hamburg.<\/p>\n\n\n\n<p>2017\/10-12 &#8222;Methoden des wissenschaftlichen Arbeitens&#8220;, Helmut-Schmidt-Universit\u00e4t, Universit\u00e4t der Bundeswehr Hamburg.<\/p>\n","protected":false},"excerpt":{"rendered":"<p>Kontakt: Arbeit und Leben Hamburg Die Forschungsschwerpunkte von Yaiza Rojas-Matas sind Migration, Menschenhandel, Friedensforschung und Sicherheitspolitik. Curriculum Vitae 2016 \u2013 2017 Master in Peace and Security Studies IFSH, Uni Hamburg, [&hellip;]<\/p>\n","protected":false},"author":138,"featured_media":0,"parent":0,"menu_order":0,"comment_status":"closed","ping_status":"closed","template":"","meta":{"footnotes":""},"categories":[9],"tags":[],"class_list":["post-1405","page","type-page","status-publish","hentry","category-team-en"],"_links":{"self":[{"href":"https:\/\/www.hsu-hh.de\/juenemann\/wp-json\/wp\/v2\/pages\/1405","targetHints":{"allow":["GET"]}}],"collection":[{"href":"https:\/\/www.hsu-hh.de\/juenemann\/wp-json\/wp\/v2\/pages"}],"about":[{"href":"https:\/\/www.hsu-hh.de\/juenemann\/wp-json\/wp\/v2\/types\/page"}],"author":[{"embeddable":true,"href":"https:\/\/www.hsu-hh.de\/juenemann\/wp-json\/wp\/v2\/users\/138"}],"replies":[{"embeddable":true,"href":"https:\/\/www.hsu-hh.de\/juenemann\/wp-json\/wp\/v2\/comments?post=1405"}],"version-history":[{"count":8,"href":"https:\/\/www.hsu-hh.de\/juenemann\/wp-json\/wp\/v2\/pages\/1405\/revisions"}],"predecessor-version":[{"id":2161,"href":"https:\/\/www.hsu-hh.de\/juenemann\/wp-json\/wp\/v2\/pages\/1405\/revisions\/2161"}],"wp:attachment":[{"href":"https:\/\/www.hsu-hh.de\/juenemann\/wp-json\/wp\/v2\/media?parent=1405"}],"wp:term":[{"taxonomy":"category","embeddable":true,"href":"https:\/\/www.hsu-hh.de\/juenemann\/wp-json\/wp\/v2\/categories?post=1405"},{"taxonomy":"post_tag","embeddable":true,"href":"https:\/\/www.hsu-hh.de\/juenemann\/wp-json\/wp\/v2\/tags?post=1405"}],"curies":[{"name":"wp","href":"https:\/\/api.w.org\/{rel}","templated":true}]}}