{"id":112,"date":"2017-11-07T12:20:23","date_gmt":"2017-11-07T11:20:23","guid":{"rendered":"https:\/\/www.hsu-hh.de\/juenemann\/?page_id=112"},"modified":"2026-02-04T13:22:35","modified_gmt":"2026-02-04T12:22:35","slug":"https-www-hsu-hh-de-juenemann-juenemann","status":"publish","type":"page","link":"https:\/\/www.hsu-hh.de\/juenemann\/en\/https-www-hsu-hh-de-juenemann-juenemann","title":{"rendered":"Team"},"content":{"rendered":"\n\n\n<h2 class=\"wp-block-heading\">Professur f\u00fcr Politikwissenschaft mit Schwerpunkt Internationale Politik<br><abbr title=\"Professor\">Prof.<\/abbr> <abbr title=\"Doktor\">Dr.<\/abbr> Annette J\u00fcnemann (<abbr title=\"Professor\">Prof.<\/abbr>\u00b4in in Ruhestand)<br><br>ab 1.1.2026 &#8211; Professur f\u00fcr Politikwissenschaft, <abbr title=\"insbesondere\">insb.<\/abbr> Transnationale Politik<br>Vertretungsprofessorin: <abbr title=\"Doktor\">Dr.<\/abbr> Christiane Fr\u00f6hlich<\/h2>\n\n\n\n<div style=\"height:44px\" aria-hidden=\"true\" class=\"wp-block-spacer\"><\/div>\n\n\n\n<p>Helmut-Schmidt-Universit\u00e4t<br>Fakult\u00e4t f\u00fcr Wirtschafts- und Sozialwissenschaften<br>Holstenhofweg 85<br>22043 Hamburg<\/p>\n\n\n\n<p><strong>Kontakt:<\/strong><\/p>\n\n\n\n<p>Emily Freyher<br>Telefon: 049 (0)40 6541 3315<br>E-Mail:\u00a0<a href=\"mailto:emily.freyher@hsu.hamburg\" rel='nofollow'>emily.freyher@hsu.hamburg<\/a><\/p>\n","protected":false},"excerpt":{"rendered":"<p>Professur f\u00fcr Politikwissenschaft mit Schwerpunkt Internationale PolitikProf. Dr. Annette J\u00fcnemann (Prof.\u00b4in in Ruhestand) ab 1.1.2026 &#8211; Professur f\u00fcr Politikwissenschaft, insb. Transnationale PolitikVertretungsprofessorin: Dr. Christiane Fr\u00f6hlich Helmut-Schmidt-Universit\u00e4tFakult\u00e4t f\u00fcr Wirtschafts- und SozialwissenschaftenHolstenhofweg [&hellip;]<\/p>\n","protected":false},"author":138,"featured_media":0,"parent":0,"menu_order":0,"comment_status":"closed","ping_status":"closed","template":"","meta":{"footnotes":""},"categories":[9],"tags":[],"class_list":["post-112","page","type-page","status-publish","hentry","category-team-en"],"_links":{"self":[{"href":"https:\/\/www.hsu-hh.de\/juenemann\/wp-json\/wp\/v2\/pages\/112","targetHints":{"allow":["GET"]}}],"collection":[{"href":"https:\/\/www.hsu-hh.de\/juenemann\/wp-json\/wp\/v2\/pages"}],"about":[{"href":"https:\/\/www.hsu-hh.de\/juenemann\/wp-json\/wp\/v2\/types\/page"}],"author":[{"embeddable":true,"href":"https:\/\/www.hsu-hh.de\/juenemann\/wp-json\/wp\/v2\/users\/138"}],"replies":[{"embeddable":true,"href":"https:\/\/www.hsu-hh.de\/juenemann\/wp-json\/wp\/v2\/comments?post=112"}],"version-history":[{"count":37,"href":"https:\/\/www.hsu-hh.de\/juenemann\/wp-json\/wp\/v2\/pages\/112\/revisions"}],"predecessor-version":[{"id":2291,"href":"https:\/\/www.hsu-hh.de\/juenemann\/wp-json\/wp\/v2\/pages\/112\/revisions\/2291"}],"wp:attachment":[{"href":"https:\/\/www.hsu-hh.de\/juenemann\/wp-json\/wp\/v2\/media?parent=112"}],"wp:term":[{"taxonomy":"category","embeddable":true,"href":"https:\/\/www.hsu-hh.de\/juenemann\/wp-json\/wp\/v2\/categories?post=112"},{"taxonomy":"post_tag","embeddable":true,"href":"https:\/\/www.hsu-hh.de\/juenemann\/wp-json\/wp\/v2\/tags?post=112"}],"curies":[{"name":"wp","href":"https:\/\/api.w.org\/{rel}","templated":true}]}}