{"id":494,"date":"2020-07-29T09:45:45","date_gmt":"2020-07-29T07:45:45","guid":{"rendered":"https:\/\/www.hsu-hh.de\/ivb\/?page_id=494"},"modified":"2022-12-01T15:12:40","modified_gmt":"2022-12-01T14:12:40","slug":"gomolla","status":"publish","type":"page","link":"https:\/\/www.hsu-hh.de\/ivb\/gomolla\/","title":{"rendered":"Prof.&#8217;in Dr. Mechtild Gomolla (Ehemalige)"},"content":{"rendered":"\n<div class=\"wp-block-columns is-layout-flex wp-container-core-columns-is-layout-9d6595d7 wp-block-columns-is-layout-flex\">\n<div class=\"wp-block-column is-layout-flow wp-block-column-is-layout-flow\">\n<p>Seit dem 1. Oktober 2022 bin ich an der P\u00e4dagogischen Hochschule Karlsruhe unter folgender Adresse zu erreichen:<\/p>\n\n\n\n<p><\/p>\n\n\n\n<p>P\u00e4dagogische Hochschule Karlsruhe<\/p>\n\n\n\n<p>Institut f\u00fcr Erziehungswissenschaft mit Schwerpunkt in au\u00dferschulischen Feldern<\/p>\n\n\n\n<p>Arbeitsbereich Interkulturelle P\u00e4dagogik und Bildungsgerechtigkeit<\/p>\n\n\n\n<p>Bismarckstra\u00dfe 10<\/p>\n\n\n\n<p>76133 Karlsruhe<\/p>\n\n\n\n<p>Tel.: +49 721 925-4993<\/p>\n\n\n\n<p>Mail: mechtild.gomolla@ph-karlsruhe.de<\/p>\n<\/div>\n<\/div>\n\n\n\n<p><\/p>\n\n\n\n<p><\/p>\n\n\n\n<p><\/p>\n","protected":false},"excerpt":{"rendered":"<p>Seit dem 1. Oktober 2022 bin ich an der P\u00e4dagogischen Hochschule Karlsruhe unter folgender Adresse zu erreichen: P\u00e4dagogische Hochschule Karlsruhe Institut f\u00fcr Erziehungswissenschaft mit Schwerpunkt in au\u00dferschulischen Feldern Arbeitsbereich Interkulturelle [&hellip;]<\/p>\n","protected":false},"author":2599,"featured_media":0,"parent":0,"menu_order":0,"comment_status":"closed","ping_status":"closed","template":"","meta":{"footnotes":""},"categories":[4],"tags":[45,47,55],"class_list":["post-494","page","type-page","status-publish","hentry","category-forschung","tag-gomolla","tag-mitarbeiter","tag-team"],"_links":{"self":[{"href":"https:\/\/www.hsu-hh.de\/ivb\/wp-json\/wp\/v2\/pages\/494","targetHints":{"allow":["GET"]}}],"collection":[{"href":"https:\/\/www.hsu-hh.de\/ivb\/wp-json\/wp\/v2\/pages"}],"about":[{"href":"https:\/\/www.hsu-hh.de\/ivb\/wp-json\/wp\/v2\/types\/page"}],"author":[{"embeddable":true,"href":"https:\/\/www.hsu-hh.de\/ivb\/wp-json\/wp\/v2\/users\/2599"}],"replies":[{"embeddable":true,"href":"https:\/\/www.hsu-hh.de\/ivb\/wp-json\/wp\/v2\/comments?post=494"}],"version-history":[{"count":170,"href":"https:\/\/www.hsu-hh.de\/ivb\/wp-json\/wp\/v2\/pages\/494\/revisions"}],"predecessor-version":[{"id":2861,"href":"https:\/\/www.hsu-hh.de\/ivb\/wp-json\/wp\/v2\/pages\/494\/revisions\/2861"}],"wp:attachment":[{"href":"https:\/\/www.hsu-hh.de\/ivb\/wp-json\/wp\/v2\/media?parent=494"}],"wp:term":[{"taxonomy":"category","embeddable":true,"href":"https:\/\/www.hsu-hh.de\/ivb\/wp-json\/wp\/v2\/categories?post=494"},{"taxonomy":"post_tag","embeddable":true,"href":"https:\/\/www.hsu-hh.de\/ivb\/wp-json\/wp\/v2\/tags?post=494"}],"curies":[{"name":"wp","href":"https:\/\/api.w.org\/{rel}","templated":true}]}}