{"id":4452,"date":"2025-08-19T15:38:33","date_gmt":"2025-08-19T13:38:33","guid":{"rendered":"https:\/\/www.hsu-hh.de\/ivb\/?page_id=4452"},"modified":"2025-08-22T12:17:21","modified_gmt":"2025-08-22T10:17:21","slug":"dr-jiayin-li-gottwald","status":"publish","type":"page","link":"https:\/\/www.hsu-hh.de\/ivb\/dr-jiayin-li-gottwald\/","title":{"rendered":"Dr. Jiayin Li-Gottwald"},"content":{"rendered":"<script type=\"application\/ld+json\">[{\"@context\": \"https:\/\/www.schema.org\",\"@type\": \"Person\",\"name\": \"Jiayin Li-Gottwald\",\"worksFor\": [{\t\"@type\": \"Organization\",\t\"name\": \"Helmut-Schmidt-Universit\u00e4t\",\t\"url\": \"https:\/\/www.hsu-hh.de\"}],\"image\": \"https:\/\/www.hsu-hh.de\/ivb\/wp-content\/uploads\/sites\/843\/2025\/08\/Li-Jiayin_3-e1755609908922-150x150.jpg\",\"telephone\": \"+49406541-2573\",\"faxNumber\": \"\",\"email\": \" ligottwj@hsu-hh.de\"}]<\/script><div class=\"clearfix\"><\/div><div class=\"ansprechparter-container \" style=\"margin-top:1em; \"><div class=\"row ansprechpartner-item ansprechparter-header\" ><div class=\"col-xs-8 col-lg-12\" style=\"margin-bottom: 30px;\"><h3 class=\"ansprechparter-headline\">Jiayin Li-Gottwald<\/h3><\/div><\/div><div class=\"col-md-4 col-lg-3 col-xs-4 ansprechpartner-item floatright img-circle center-block\" style=\"margin-bottom: 30px;\"><div class=\"img-responsive-wrapper\"><img decoding=\"async\" src=\"https:\/\/www.hsu-hh.de\/ivb\/wp-content\/uploads\/sites\/843\/2025\/08\/Li-Jiayin_3-e1755609908922-150x150.jpg\" alt=\"\" class=\"img-circle img-responsive center-block\" \/><\/div><\/div><div class=\"col-md-12 col-lg-3 col-xs-12 ansprechpartner-item kontakt floatright\" style=\"margin-bottom: 30px; \"><div class=\"row\"><div class=\"col-xs-12 col-sm-6 col-lg-12\"><div class=\"row\"><div class=\"col-xs-4 col-lg-4 row-text bold\" >Raum:<\/div><div class=\" row-text\">H01-2313<\/div><\/div><\/div><div class=\"col-xs-12 col-sm-6 col-lg-12\"><div class=\"row\"><div class=\"col-xs-4 col-lg-4 row-text bold\">Telefon:<\/div><div class=\" row-text\">+49406541-2573<\/div><\/div><\/div><div class=\"col-xs-12 col-sm-6 col-lg-12\"><div class=\"row\"><div class=\"col-xs-4 col-lg-4 row-text bold\">E-Mail:<\/div><div class=\"row-text\" style=\"overflow:hidden; word-break: break-word\"><a href=\"mailto: ligottwj@hsu-hh.de\" rel=\"nofollow\"> ligottwj@hsu-hh.de<\/a><\/div><\/div><\/div><\/div><\/div><div class=\"col-md-6 col-lg-3 col-xs-12 ansprechpartner-item anschrift floatright\" ><div class=\"row-headline\">Besucheranschrift<\/div><div class=\"dataBesucheranschrift\" style=\"\"><div class=\"row-text\">Helmut-Schmidt-Universit\u00e4t<\/div><div class=\"row-text\">Geb\u00e4ude H01-2312<\/div><div class=\"row-text\">Holstenhofweg 85<\/div><div class=\"row-text\">22043 Hamburg<\/div><\/div><\/div><div class=\"col-md-6 col-lg-3 col-xs-12 ansprechpartner-item anschrift floatright\"><div class=\"row-headline\">Postanschrift<\/div><div class=\"dataPostanschrift\" style=\"\"><div class=\"row-text\">Helmut-Schmidt-Universit\u00e4t<\/div><div class=\"row-text\">Postfach 70 08 22<\/div><div class=\"row-text\">22008 Hamburg<\/div><\/div><\/div><\/div><div class=\"clearfix\"><\/div>\n\n\n<h1 class=\"wp-block-heading\">Forschungsinteressen<\/h1>\n\n\n\n<p>Zu den Forschungsinteressen von Frau <abbr title=\"Doktor\">Dr.<\/abbr> Li-Gottwald z\u00e4hlen transnationale Migration, transnationale Familien, KI und kulturelle Vielfalt, digitale Kultur sowie interkulturelle Kommunikation im beruflichen und sozialen Kontext.<\/p>\n\n\n\n<h1 class=\"wp-block-heading\">Habilitationsvorbereitung<\/h1>\n\n\n\n<p>Interkulturelle Studien mit den Schwerpunkten Migration, interkulturelle Familienbildung und berufliche Kontexte.<\/p>\n\n\n\n<h1 class=\"wp-block-heading\">Akademischer Werdegang<\/h1>\n\n\n\n<p>\u2022 Postdoktorandin, Habilitationskandidat und Dozent<br>Helmut-Schmidt-Universit\u00e4t, Lehrstuhl f\u00fcr Interkulturelle und Vergleichende P\u00e4dagogik<br>Helmut-Schmidt-Universit\u00e4t, Lehrstuhl f\u00fcr Berufs- und Unternehmensp\u00e4dagogik<\/p>\n\n\n\n<p>\u2022 Postdoktorandin, Projektleiter im Forschungsprojekt \u2013<br>\u201eCrowdwork and Crowdworkers Before, During, and After Vocational Training \u2013 Competence\/Subjectivation Effects, Individual Professionalism, and Learning-Oriented Platform Design\u201d Projekt I<br>Helmut-Schmidt-Universit\u00e4t, Lehrstuhl f\u00fcr Berufs- und Unternehmensbildung<\/p>\n\n\n\n<p>\u2022 Postdoktorandin, Habilitationskandidat im DFG-Projekt \u201eDyFam\u201d<br>Transformation und Dynamik generations\u00fcbergreifender Familienbeziehungen im Kontext von Flucht und Asyl<br>Universit\u00e4t Kassel, Fachbereich Sozialisation, Lehrstuhl f\u00fcr Migration und interkulturelle Bildung<\/p>\n\n\n\n<p>\u2022 Dozentin<br>Universit\u00e4t Kassel, Fachbereich Sozialisation, Lehrstuhl f\u00fcr Migration und interkulturelle Bildung<\/p>\n\n\n\n<p>\u2022 Associate Academic<br>University College London (UCL), Fachbereich Kultur, Medien und Kommunikation.<\/p>\n\n\n\n<p>\u2022 Gastwissenschaftlerin<br>Institut f\u00fcr Interkulturelle und Internationale Vergleichende Bildungsforschung, Universit\u00e4t Hamburg.<\/p>\n\n\n\n<h1 class=\"wp-block-heading\">Akademische Qualifikationen<\/h1>\n\n\n\n<ul class=\"wp-block-list\">\n<li>Ph.D., Fachbereich Kultur, Medien und Kommunikation, University College London (UCL), Gro\u00dfbritannien<\/li>\n\n\n\n<li>M.A. in Management, York Management School, Universit\u00e4t York, Gro\u00dfbritannien<\/li>\n\n\n\n<li>M.A. in Erziehungswissenschaften, Fachbereich Erziehungswissenschaften, Universit\u00e4t York, Gro\u00dfbritannien<\/li>\n\n\n\n<li>B.A. in Management, Universit\u00e4t Leeds, Gro\u00dfbritannien<\/li>\n<\/ul>\n\n\n\n<h1 class=\"wp-block-heading\">Aktuelle Ver\u00f6ffentlichungen<\/h1>\n\n\n\n<p>Li-Gottwald, J. (forthcoming). Navigating Research on Digital Platform Work Through an Intercultural Lens. In B\u00fcchter et al. (Eds.), In&nbsp;Subjekte, Wissen und Lernen in der plattformbasierten Arbeit am Beispiel von Crowdwork \u2013 Forschungszug\u00e4nge und Forschungsbefunde. Opladen: Budrich Verlag. (Peer-reviewed).<\/p>\n\n\n\n<p>Li-Gottwald, J. (2025). A transnational digital exploration the trans-positioning of culture among youth: A study of three teens with mixed Chinese and German backgrounds in transnational families. <em>Journal of Childhood and Adolescence Research<\/em> (Peer-reviewed).<\/p>\n\n\n\n<p>Li-Gottwald, J. (2024). Transnational intergenerational relationships and doing transcultural family through Mandarin learning: An ethnographic glance at Chinese dynamics in four intercultural contexts in Germany.&nbsp;<em>Journal of Frontier Sociology<\/em>&nbsp;(Peer-reviewed).<\/p>\n\n\n\n<p>Li-Gottwald, J., Westphal, M., Aden, S., &amp; Korn, F. (2024). Family generational relations and transnationality in the context of refuge and asylum \u2013 A methodological reflection. In C. Bollig &amp; S. Gro\u00df (Eds.),&nbsp;<em>Doing and making family in, with, and through education and social work<\/em>&nbsp;(pp. 245-258). Bielefeld: Transcript Verlag. (Peer-reviewed)<\/p>\n\n\n\n<p>Li-Gottwald, J. (2024). Review of&nbsp;<em>Identity and belonging among Chinese Canadian youth: Racialized habitus in school, family, and media<\/em>&nbsp;by Dan Cui.&nbsp;<em>Journal of Bildung und Erziehung<\/em>.<\/p>\n\n\n\n<p>Westphal, M., Korn, F., Li-Gottwald, J., &amp; Adam, S. (2024). Growing up transnationally \u2013 Transnational family practices and upbringing in the context of flight and migration.&nbsp;<em>Journal of Families, Relationships and Societies<\/em>&nbsp;(Peer-reviewed).<\/p>\n\n\n\n<p>Schrooten, M., Li-Gottwald, J., Moretti, F., &amp; Cost, R. (2024). Review of&nbsp;<em>Handbook of transnational families around the world<\/em>&nbsp;edited by Javiera Cienfuegos, Rosa Brandhorst, and Deborah Fahy Bryceson.&nbsp;<em>European Journal of Social Work<\/em>.<\/p>\n\n\n\n<p>Li-Gottwald, J. (2023). The forming of space: Parents\u2019 social assemblages in a Chinese complementary school in Germany.&nbsp;<em>Journal of Multilingual and Multicultural Development, 46<\/em>(2), 470\u2013484.&nbsp;<a href=\"https:\/\/doi.org\/10.1080\/01434632.2023.2191968\" rel='nofollow'>https:\/\/doi.org\/10.1080\/01434632.2023.2191968<\/a>&nbsp;(Peer-reviewed)<\/p>\n\n\n\n<p>Li-Gottwald, J. (2023). Soziale nachhaltige Entwicklung \u2013 Ein Fall einer Migrantenselbstorganisation in Deutschland. In A. Alisch &amp; M. Westphal (Eds.),&nbsp;<em>Soziale Nachhaltigkeit in der Migrationsgesellschaft<\/em>&nbsp;(pp. 214\u2013230). Berlin: Budrich Academic Press. (Peer-reviewed)<\/p>\n\n\n\n<p>Li-Gottwald, J. (2022).&nbsp;<em>Chinese migrant parents and complementary schooling in Germany: A sociolinguistic ethnography<\/em>. Berlin: Budrich Academic Press. (Monograph)<\/p>\n\n\n\n<p>Li-Gottwald, J. (2020).&nbsp;<em>The negotiation of Chinese migrant parents\u2019 social relations and their social status<\/em>&nbsp;(Doctoral dissertation, University College London). UCL Library Open Access.&nbsp;<\/p>\n","protected":false},"excerpt":{"rendered":"<p>Forschungsinteressen Zu den Forschungsinteressen von Frau Dr. Li-Gottwald z\u00e4hlen transnationale Migration, transnationale Familien, KI und kulturelle Vielfalt, digitale Kultur sowie interkulturelle Kommunikation im beruflichen und sozialen Kontext. Habilitationsvorbereitung Interkulturelle Studien [&hellip;]<\/p>\n","protected":false},"author":4087,"featured_media":0,"parent":0,"menu_order":0,"comment_status":"closed","ping_status":"closed","template":"","meta":{"footnotes":""},"categories":[4],"tags":[],"class_list":["post-4452","page","type-page","status-publish","hentry","category-forschung"],"_links":{"self":[{"href":"https:\/\/www.hsu-hh.de\/ivb\/wp-json\/wp\/v2\/pages\/4452","targetHints":{"allow":["GET"]}}],"collection":[{"href":"https:\/\/www.hsu-hh.de\/ivb\/wp-json\/wp\/v2\/pages"}],"about":[{"href":"https:\/\/www.hsu-hh.de\/ivb\/wp-json\/wp\/v2\/types\/page"}],"author":[{"embeddable":true,"href":"https:\/\/www.hsu-hh.de\/ivb\/wp-json\/wp\/v2\/users\/4087"}],"replies":[{"embeddable":true,"href":"https:\/\/www.hsu-hh.de\/ivb\/wp-json\/wp\/v2\/comments?post=4452"}],"version-history":[{"count":4,"href":"https:\/\/www.hsu-hh.de\/ivb\/wp-json\/wp\/v2\/pages\/4452\/revisions"}],"predecessor-version":[{"id":4471,"href":"https:\/\/www.hsu-hh.de\/ivb\/wp-json\/wp\/v2\/pages\/4452\/revisions\/4471"}],"wp:attachment":[{"href":"https:\/\/www.hsu-hh.de\/ivb\/wp-json\/wp\/v2\/media?parent=4452"}],"wp:term":[{"taxonomy":"category","embeddable":true,"href":"https:\/\/www.hsu-hh.de\/ivb\/wp-json\/wp\/v2\/categories?post=4452"},{"taxonomy":"post_tag","embeddable":true,"href":"https:\/\/www.hsu-hh.de\/ivb\/wp-json\/wp\/v2\/tags?post=4452"}],"curies":[{"name":"wp","href":"https:\/\/api.w.org\/{rel}","templated":true}]}}