{"id":4415,"date":"2025-06-01T12:55:00","date_gmt":"2025-06-01T10:55:00","guid":{"rendered":"https:\/\/www.hsu-hh.de\/ivb\/?page_id=4415"},"modified":"2025-06-25T13:28:15","modified_gmt":"2025-06-25T11:28:15","slug":"transnational-solidarities-a-study-of-schools-promoting-a-european-ethos","status":"publish","type":"page","link":"https:\/\/www.hsu-hh.de\/ivb\/en\/transnational-solidarities-a-study-of-schools-promoting-a-european-ethos\/","title":{"rendered":"Transnational Solidarities: A Study of Schools Promoting A European Ethos"},"content":{"rendered":"\n<p>Although solidarity is a core issue of contention in Europe today, there is a surprising lack of attention to how young people engage with the concept of solidarity. The project addresses this lacuna by comparatively examining the different meanings of solidarity mobilized for and by young people in different school contexts that explicitly promote a European ethos, and how these meanings are mobilized.<\/p>\n\n\n\n<p>Through qualitative empirical research in schools considered to span \u201ctransnational educational spaces\u201d (i.e.&nbsp;<em>Schola Europaea<\/em>&nbsp;organised by the EU for the children of EU-employees and&nbsp;<em>Europaschulen<\/em>&nbsp;\u2013 state schools in Germany that promote bilingualism and intercultural learning) the project addresses the following key questions:<\/p>\n\n\n\n<ol class=\"wp-block-list\">\n<li>What understandings of solidarity are promoted through the explicit policies and curriculum of different schools promoting a European ethos?<\/li>\n\n\n\n<li>How do teachers and pupils engage with the schools\u2019 officially-endorsed notions of solidarity in their everyday school practices?<\/li>\n\n\n\n<li>How do schools with European ethos position themselves in terms of their official and everyday use of notions of solidarity?<\/li>\n<\/ol>\n\n\n\n<h2 class=\"wp-block-heading\">Aims<\/h2>\n\n\n\n<p>Overall, the project:<\/p>\n\n\n\n<ul class=\"wp-block-list\">\n<li>responds to the pressing need across Europe to understand how contemporary young people engage with solidarity in their daily practices<\/li>\n\n\n\n<li>responds to calls to take transnational dynamics and methodologies in education research more seriously<\/li>\n\n\n\n<li>generates novel insights into how, why and when different meanings of solidarity are mobilized by young people in Europe in various schooling contexts<\/li>\n\n\n\n<li>makes a significant contribution to ongoing debates about Europeanisation and globalisation in and of education.&nbsp;<\/li>\n<\/ul>\n\n\n\n<h2 class=\"wp-block-heading\">Methodology<\/h2>\n\n\n\n<p>The key questions are empirically grounded in policy analysis, textbook and curriculum analysis, classroom observations, interviews with teachers and other staff as well as focus groups with students.<\/p>\n\n\n\n<h2 class=\"wp-block-heading\">Literature <\/h2>\n\n\n\n<p><strong>Publications<\/strong><\/p>\n\n\n\n<p>Hornberg, S., &amp; Szak\u00e1cs-Behling, S. (2025). Schule als Ort multipler (Bildungs-)R\u00e4ume. In M. Syring, T. Bohl, A. Gr\u00f6schner, &amp; A. Scheunpflug (Eds.),&nbsp;<em>Studienbuch Bildungswissenschaften, Band 2: Unterricht und Schule gestalten<\/em>&nbsp;(pp. 330\u2013349). Verlag Julius Klinkhardt.&nbsp;<a href=\"https:\/\/www.utb.de\/doi\/abs\/10.36198\/9783838562193-348-368\" rel='nofollow'>https:\/\/www.utb.de\/doi\/abs\/10.36198\/9783838562193-348-368<\/a><\/p>\n\n\n\n<p>Szak\u00e1cs-Behling, S., &amp; Hornberg, S. (2023).&nbsp;Transformation and transnationalisation of schooling: Wherein lies the transformative potential of Global Citizenship Education?&nbsp;<em>ZEP \u2013 Zeitschrift F\u00fcr Internationale Bildungsforschung Und Entwicklungsp\u00e4dagogik, 46<\/em>(3), 4\u20139.&nbsp;<a href=\"https:\/\/doi.org\/10.31244\/zep.2023.03.02\" rel='nofollow'>https:\/\/doi.org\/10.31244\/zep.2023.03.02<\/a>&nbsp;<strong>OPEN ACCESS<\/strong><\/p>\n\n\n\n<p>Ke\u00dfler, C. I., &amp; Szak\u00e1cs-Behling, S. (2023). (Aus-)Handlungen des Transnationalen: Diskursive Praktiken auf Schulwebsites verschiedener Bildungssegmente.\u00a0<em>Sozialer Sinn, 24<\/em>(2), 185\u2013210.\u00a0<a href=\"https:\/\/doi.org\/10.1515\/sosi-2023-0009\" rel='nofollow'>https:\/\/doi.org\/10.1515\/sosi-2023-0009<\/a>\u00a0<strong>OPEN ACCESS<\/strong><\/p>\n\n\n\n<p>Szak\u00e1cs-Behling, S., &amp; Ke\u00dfler, C. I. (2023). Das Transnationale im virtuellen Raum: Was uns Online-Darstellungen schulischer Auslandsprogramme \u00fcber die Institution Schule verraten. In M. Hinrichsen &amp; M. Hummrich (Eds.),\u00a0<em>Schule und Transnationalisierung. Erziehungswissenschaftliche Verh\u00e4ltnisbestimmungen<\/em>\u00a0(Schule und Gesellschaft, vol 66) (pp. 47\u201362). Springer VS.\u00a0<a href=\"https:\/\/doi.org\/10.1007\/978-3-658-42105-2_4\" rel='nofollow'>https:\/\/doi.org\/10.1007\/978-3-658-42105-2_4<\/a><\/p>\n\n\n\n<p>Szak\u00e1cs-Behling, S. (2022). Schooling for transnational solidarity? a comparison of differently Europeanising school curricula in Germany.&nbsp;<em>Globalisation, Societies and Education, 20<\/em>(4), 492\u2013507.&nbsp;<a href=\"https:\/\/doi.org\/10.1080\/14767724.2021.1944066\" rel='nofollow'>https:\/\/doi.org\/10.1080\/14767724.2021.1944066<\/a>&nbsp;<strong>OPEN ACCESS<\/strong><\/p>\n\n\n\n<p>Szak\u00e1cs-Behling, S. (2022). Inter- or Transnationalisation in or of schooling? A critical overview of conflating terminologies, empirical foci, and suggested definitions.&nbsp;In S. Hornberg &amp; M. Buddeberg (Eds.),&nbsp;<em>Schule als Ort gesellschaftlicher Teilhabe. Bildungswissenschaftliche Perspektiven, Schulkonzepte und Schulprofile im Fokus<\/em>&nbsp;(pp. 19\u201342). Waxmann.&nbsp;<a href=\"https:\/\/elibrary.utb.de\/doi\/epdf\/10.31244\/9783830995654%20%20\" rel='nofollow'>https:\/\/elibrary.utb.de\/doi\/epdf\/10.31244\/9783830995654<\/a><\/p>\n\n\n\n<p>Szak\u00e1cs-Behling, S. (2021). Understanding Solidarity in Differently (Trans)National Settings: A Study of Europe-Oriented Schools in Germany. In L. Heidrich, Y. Karaka\u015fo\u011flu, P. Mecheril, &amp; S. Shure (Eds.),&nbsp;<em>Regimes of Belonging \u2013 Schools \u2013 Migrations<\/em>&nbsp;(pp. 325\u2013343). Springer Fachmedien Wiesbaden.&nbsp;<a href=\"https:\/\/doi.org\/10.1007\/978-3-658-29189-1_20\" rel='nofollow'>https:\/\/doi.org\/10.1007\/978-3-658-29189-1_20<\/a><\/p>\n\n\n\n<p><strong>Other:<\/strong><\/p>\n\n\n\n<p>Szak\u00e1cs-Behling, S. (2022, Apr). What would Marx say? Illuminating Solidarity Logics across transnational School Settings marked by Privilege and Disadvantage in Germany [<strong>Paper distinguished with the&nbsp;<em>Elizabeth Sherman Swing Award<\/em>&nbsp;2022<\/strong>], CIES 2022 Annual Conference, Minneapolis, USA. (Acceptance speech referring to the DFG funded project, from approx. min. 6:45:&nbsp;<a href=\"https:\/\/www.youtube.com\/watch?v=ZFxWuMzQNgY\" rel='nofollow'>2022 Elizabeth Sherman Swing Award Ceremony<\/a>)<\/p>\n\n\n\n<p><strong>Presentations<\/strong>:<\/p>\n\n\n\n<p>Szak\u00e1cs-Behling, S. (2025, Mar) \u201cPublic schools as agents of transnationalisation in education? Everyday practices as the missing link in researching transnational education spaces.\u201d CIES 2025 Annual Conference, Chicago, USA.<\/p>\n\n\n\n<p>Szak\u00e1cs-Behling, S. (2025, Jan). \u201cSolidarity or privilege? Mapping transnational dynamics in European schooling\u201d. Education Dept. Seminar Series, University of Bath<\/p>\n\n\n\n<p>Szak\u00e1cs-Behling, S. (2024, Jun) \u201cTransnational education spaces 2.0. A concept revisited, reworked, and reborn\u201d. Workshop \u201cUngleiche Transnationalisierung in und von Bildung\/Unequal Transnationalisation in and of Education (UnTiEd)\u201d, <abbr title=\"Technische Universit\u00e4t\">TU<\/abbr> Chemnitz<\/p>\n\n\n\n<p>Szak\u00e1cs-Behling, S. (2024, Mar). \u201cEco-activism as an act of global citizenship: a comparative study of cross-border solidarity engagements in variously transnational school contexts in Germany\u201d, CIES 2024 Annual Conference, Miami, USA<\/p>\n\n\n\n<p>Szak\u00e1cs-Behling, S., &amp; Hornberg, S. (2023, Mar).&nbsp;\u201eTransformation und Transnationalisierung. Quo vadis Global Citizenship Education?\u201d&nbsp;Jahrestagung der SIIVE der DGfE, Freie Universit\u00e4t Berlin.<\/p>\n\n\n\n<p>Szak\u00e1cs-Behling, S. &amp; Ke\u00dfler, C. I. (2022, Mar) \u201cErwartungen und Mobilisierungen des Transnationalen im virtuellen Raum: Der Fall schulischer Auslandsstudienprogramme an deutschen Schulen\u201c.&nbsp;DGfE 2022 Kongress: Ent|Grenz|Ungen, Bremen .<\/p>\n\n\n\n<p>Szak\u00e1cs-Behling, S., &amp; Hornberg, S. (2022, Mar) \u201cRevisiting Transnational Education Spaces: Interdisciplinary Boundary Transgressions building on the case of state Europaschulen in Germany\u201d.&nbsp;DGfE 2022 Kongress: Ent|Grenz|Ungen, Bremen.<\/p>\n\n\n\n<p>Szak\u00e1cs-Behling, S. (2021, May).&nbsp;\u201cComparing Modes of Being Transnational in the German School Sector: The Case of Europe(an) Schools\u201d [Online].&nbsp;Grenz\u00fcberschreitungen und Verflechtungen. Erziehungswissenschaftliche Perspektiven auf Schule und Transnationalisierung Conference.&nbsp;Frankfurt. Germany.<\/p>\n\n\n\n<p>Szak\u00e1cs-Behling, S. (2021, Apr). \u201cThe Making of Solidarities in Transnational Educational Spaces: Comparative Perspectives from the Everyday of Schools Promoting a European Ethos in Germany\u201d [Online]. CIES 2021, Seattle, USA.<\/p>\n\n\n\n<p>Szak\u00e1cs-Behling, S. (2020, Mar). \u201cSolidarity with Whom and Why? The Making of Global Subjectivities in Schools Promoting a European Ethos\u201d [Online]. CIES 2020, Miami, USA.<\/p>\n\n\n\n<p><\/p>\n\n\n\n<p><\/p>\n","protected":false},"excerpt":{"rendered":"<p>Although solidarity is a core issue of contention in Europe today, there is a surprising lack of attention to how young people engage with the concept of solidarity. The project [&hellip;]<\/p>\n","protected":false},"author":4087,"featured_media":0,"parent":0,"menu_order":0,"comment_status":"closed","ping_status":"closed","template":"","meta":{"footnotes":""},"categories":[7],"tags":[],"class_list":["post-4415","page","type-page","status-publish","hentry","category-research"],"_links":{"self":[{"href":"https:\/\/www.hsu-hh.de\/ivb\/wp-json\/wp\/v2\/pages\/4415","targetHints":{"allow":["GET"]}}],"collection":[{"href":"https:\/\/www.hsu-hh.de\/ivb\/wp-json\/wp\/v2\/pages"}],"about":[{"href":"https:\/\/www.hsu-hh.de\/ivb\/wp-json\/wp\/v2\/types\/page"}],"author":[{"embeddable":true,"href":"https:\/\/www.hsu-hh.de\/ivb\/wp-json\/wp\/v2\/users\/4087"}],"replies":[{"embeddable":true,"href":"https:\/\/www.hsu-hh.de\/ivb\/wp-json\/wp\/v2\/comments?post=4415"}],"version-history":[{"count":2,"href":"https:\/\/www.hsu-hh.de\/ivb\/wp-json\/wp\/v2\/pages\/4415\/revisions"}],"predecessor-version":[{"id":4426,"href":"https:\/\/www.hsu-hh.de\/ivb\/wp-json\/wp\/v2\/pages\/4415\/revisions\/4426"}],"wp:attachment":[{"href":"https:\/\/www.hsu-hh.de\/ivb\/wp-json\/wp\/v2\/media?parent=4415"}],"wp:term":[{"taxonomy":"category","embeddable":true,"href":"https:\/\/www.hsu-hh.de\/ivb\/wp-json\/wp\/v2\/categories?post=4415"},{"taxonomy":"post_tag","embeddable":true,"href":"https:\/\/www.hsu-hh.de\/ivb\/wp-json\/wp\/v2\/tags?post=4415"}],"curies":[{"name":"wp","href":"https:\/\/api.w.org\/{rel}","templated":true}]}}