{"id":403,"date":"2020-07-26T12:30:30","date_gmt":"2020-07-26T10:30:30","guid":{"rendered":"https:\/\/www.hsu-hh.de\/ivb\/?page_id=403"},"modified":"2025-03-03T15:41:12","modified_gmt":"2025-03-03T14:41:12","slug":"forschung","status":"publish","type":"page","link":"https:\/\/www.hsu-hh.de\/ivb\/forschung\/","title":{"rendered":"Forschung"},"content":{"rendered":"\n<p>Unten aufgef\u00fchrt, finden Sie die verschiedenen Kategorien aus dem Bereich Forschung:<\/p>\n\n\n\n<p><a href=\"https:\/\/www.hsu-hh.de\/ivb\/aktuelle-forschung\/\" data-type=\"page\" data-id=\"3862\">Aktuelle Forschung<\/a><\/p>\n\n\n\n<p><a href=\"https:\/\/www.hsu-hh.de\/ivb\/aktuelles-aus-dem-arbeitsbereich\/\" data-type=\"page\" data-id=\"381\">Aktuelle Ver\u00f6ffentlichungen<\/a><\/p>\n\n\n\n<p><a href=\"https:\/\/www.hsu-hh.de\/ivb\/promotionsprojekte\/\" data-type=\"page\" data-id=\"418\">Artikel in Fachzeitschriften, Sammelb\u00e4ndern und Handb\u00fcchern<\/a><\/p>\n\n\n\n<p><a href=\"https:\/\/www.hsu-hh.de\/ivb\/promotionen-habilitationen\/\" data-type=\"page\" data-id=\"3863\">Promotionen &amp; Habilitationen<\/a><\/p>\n\n\n\n<p>&nbsp;<\/p>\n\n\n\n<p>&nbsp;<\/p>\n","protected":false},"excerpt":{"rendered":"<p>Unten aufgef\u00fchrt, finden Sie die verschiedenen Kategorien aus dem Bereich Forschung: Aktuelle Forschung Aktuelle Ver\u00f6ffentlichungen Artikel in Fachzeitschriften, Sammelb\u00e4ndern und Handb\u00fcchern Promotionen &amp; Habilitationen &nbsp; &nbsp;<\/p>\n","protected":false},"author":2599,"featured_media":467,"parent":0,"menu_order":0,"comment_status":"closed","ping_status":"closed","template":"","meta":{"footnotes":""},"categories":[4],"tags":[],"class_list":["post-403","page","type-page","status-publish","has-post-thumbnail","hentry","category-forschung"],"_links":{"self":[{"href":"https:\/\/www.hsu-hh.de\/ivb\/wp-json\/wp\/v2\/pages\/403","targetHints":{"allow":["GET"]}}],"collection":[{"href":"https:\/\/www.hsu-hh.de\/ivb\/wp-json\/wp\/v2\/pages"}],"about":[{"href":"https:\/\/www.hsu-hh.de\/ivb\/wp-json\/wp\/v2\/types\/page"}],"author":[{"embeddable":true,"href":"https:\/\/www.hsu-hh.de\/ivb\/wp-json\/wp\/v2\/users\/2599"}],"replies":[{"embeddable":true,"href":"https:\/\/www.hsu-hh.de\/ivb\/wp-json\/wp\/v2\/comments?post=403"}],"version-history":[{"count":51,"href":"https:\/\/www.hsu-hh.de\/ivb\/wp-json\/wp\/v2\/pages\/403\/revisions"}],"predecessor-version":[{"id":3870,"href":"https:\/\/www.hsu-hh.de\/ivb\/wp-json\/wp\/v2\/pages\/403\/revisions\/3870"}],"wp:featuredmedia":[{"embeddable":true,"href":"https:\/\/www.hsu-hh.de\/ivb\/wp-json\/wp\/v2\/media\/467"}],"wp:attachment":[{"href":"https:\/\/www.hsu-hh.de\/ivb\/wp-json\/wp\/v2\/media?parent=403"}],"wp:term":[{"taxonomy":"category","embeddable":true,"href":"https:\/\/www.hsu-hh.de\/ivb\/wp-json\/wp\/v2\/categories?post=403"},{"taxonomy":"post_tag","embeddable":true,"href":"https:\/\/www.hsu-hh.de\/ivb\/wp-json\/wp\/v2\/tags?post=403"}],"curies":[{"name":"wp","href":"https:\/\/api.w.org\/{rel}","templated":true}]}}