{"id":3844,"date":"2025-03-03T15:18:09","date_gmt":"2025-03-03T14:18:09","guid":{"rendered":"https:\/\/www.hsu-hh.de\/ivb\/?page_id=3844"},"modified":"2025-03-04T11:09:38","modified_gmt":"2025-03-04T10:09:38","slug":"2018-2","status":"publish","type":"page","link":"https:\/\/www.hsu-hh.de\/ivb\/2018-2\/","title":{"rendered":"2018"},"content":{"rendered":"\n<p><strong>Bachelorarbeiten<\/strong><\/p>\n\n\n\n<p>Eric Flechtner: &#8222;Politische Bildung als Pr\u00e4ventionsma\u00dfnahme gegen rechte Entwicklungen innerhalb der Gesellschaft&#8220;<\/p>\n\n\n\n<p>Luisa Grie\u00dfbach: &#8222;Politische Bildung als Aufgabe staatlicher Institutionen-Zur Umsetzung der Inklusion in Deutschland-Bestandsaufnahme und Ver\u00e4nderungsperspektiven&#8220;<\/p>\n\n\n\n<p>Konrad H\u00e4fele: &#8222;Politische Bildung als Aufgabe staatlicher Institutionen-Betrachtung politischer Bildung gegen Rechtsextremismus in Folge des NSU am Beispiel von Polizei und Verfassungsschutz&#8220;<\/p>\n\n\n\n<p>Lennhart Prahst: &#8222;\u00dcberrepr\u00e4sentanz von Kindern mit Migrationshintergrund an F\u00f6rderschulen und Gruppe von Sch\u00fcler\/-innen mit sonderp\u00e4dagogischem F\u00f6rderbedarf&#8220;<\/p>\n\n\n\n<p>Andre Rahe: &#8222;Rassismus &#8211; Theorien des 20. nd 21. Jahrhunderts. Versuch einer terminologischen Eingrenzung&#8220;<\/p>\n\n\n\n<p>Julia Stolz: &#8222;Interkulturelle Erziehung und Bildung in Deutschland. Allgemeiner Diskurs und Umsetzung am Beispiel der Bundeswehr&#8220;<\/p>\n\n\n\n<p>Jan Rudolf Werkmeister: &#8222;Identit\u00e4ts\u00e4ngste als Faktor f\u00fcr Rassismus und Rechtsruck in modernen Gesellschaften&#8220;<\/p>\n\n\n\n<p>Linda Wiezorek: &#8222;Erziehung in binationalen Familien&#8220;<\/p>\n\n\n\n<p>Erik Willmer: &#8222;Rechtsextremismus als soziale Bewegung. Welche Rolle nimmt die Musik dabei ein?&#8220;<\/p>\n\n\n\n<p><strong>Masterarbeiten<\/strong><\/p>\n\n\n\n<p>Sebastian Hopp: &#8222;Berufsorientierungen und -perspektiven gefl\u00fcchteter junger M\u00e4nner im Herkunftsland und nach der Ankunft in Deutschland&#8220;<\/p>\n\n\n\n<p>Julian Winkhoff: \u201cKonsequenzen aus dem NSU-Komplex f\u00fcr die Personalentwicklung bei der Polizei&#8220;<\/p>\n","protected":false},"excerpt":{"rendered":"<p>Bachelorarbeiten Eric Flechtner: &#8222;Politische Bildung als Pr\u00e4ventionsma\u00dfnahme gegen rechte Entwicklungen innerhalb der Gesellschaft&#8220; Luisa Grie\u00dfbach: &#8222;Politische Bildung als Aufgabe staatlicher Institutionen-Zur Umsetzung der Inklusion in Deutschland-Bestandsaufnahme und Ver\u00e4nderungsperspektiven&#8220; Konrad H\u00e4fele: [&hellip;]<\/p>\n","protected":false},"author":3157,"featured_media":0,"parent":0,"menu_order":0,"comment_status":"closed","ping_status":"closed","template":"","meta":{"footnotes":""},"categories":[152],"tags":[142],"class_list":["post-3844","page","type-page","status-publish","hentry","category-lehre-studium","tag-bachelor-masterarbeiten"],"_links":{"self":[{"href":"https:\/\/www.hsu-hh.de\/ivb\/wp-json\/wp\/v2\/pages\/3844","targetHints":{"allow":["GET"]}}],"collection":[{"href":"https:\/\/www.hsu-hh.de\/ivb\/wp-json\/wp\/v2\/pages"}],"about":[{"href":"https:\/\/www.hsu-hh.de\/ivb\/wp-json\/wp\/v2\/types\/page"}],"author":[{"embeddable":true,"href":"https:\/\/www.hsu-hh.de\/ivb\/wp-json\/wp\/v2\/users\/3157"}],"replies":[{"embeddable":true,"href":"https:\/\/www.hsu-hh.de\/ivb\/wp-json\/wp\/v2\/comments?post=3844"}],"version-history":[{"count":1,"href":"https:\/\/www.hsu-hh.de\/ivb\/wp-json\/wp\/v2\/pages\/3844\/revisions"}],"predecessor-version":[{"id":3848,"href":"https:\/\/www.hsu-hh.de\/ivb\/wp-json\/wp\/v2\/pages\/3844\/revisions\/3848"}],"wp:attachment":[{"href":"https:\/\/www.hsu-hh.de\/ivb\/wp-json\/wp\/v2\/media?parent=3844"}],"wp:term":[{"taxonomy":"category","embeddable":true,"href":"https:\/\/www.hsu-hh.de\/ivb\/wp-json\/wp\/v2\/categories?post=3844"},{"taxonomy":"post_tag","embeddable":true,"href":"https:\/\/www.hsu-hh.de\/ivb\/wp-json\/wp\/v2\/tags?post=3844"}],"curies":[{"name":"wp","href":"https:\/\/api.w.org\/{rel}","templated":true}]}}