{"id":3813,"date":"2025-03-03T15:17:14","date_gmt":"2025-03-03T14:17:14","guid":{"rendered":"https:\/\/www.hsu-hh.de\/ivb\/?page_id=3813"},"modified":"2025-03-04T11:10:50","modified_gmt":"2025-03-04T10:10:50","slug":"2020-2","status":"publish","type":"page","link":"https:\/\/www.hsu-hh.de\/ivb\/2020-2\/","title":{"rendered":"2020"},"content":{"rendered":"\n<p><strong>Bachelorarbeiten<\/strong><\/p>\n\n\n\n<p>Lydia Dieterle: &#8222;Rassismus und Diskriminierung in der Schulbildung.&#8220;<\/p>\n\n\n\n<p>Fenja Gaartz: &#8222;Rassismus als strukturelles Problem in den USA.&#8220;<\/p>\n\n\n\n<p>Niklas Johach: &#8222;Polizeiarbeit aus dem Blickwinkel institutioneller Diskriminierung.&#8220;<\/p>\n\n\n\n<p>Annalena Kaplinski: &#8222;Rechtsextremismus in der Familie &#8211; Auswirkungen auf die Entwicklung von Kindern.&#8220;<\/p>\n\n\n\n<p>Jan Lange: &#8222;Zwischen Migration und Integration: Wie globale Probleme Handlungskompetenzen auf zwischenmenschlicher Ebene verlangen.&#8220;<\/p>\n\n\n\n<p>Tim Seidel: &#8222;Struktureller und institutioneller Rassismus in den USA.&#8220;<\/p>\n\n\n\n<p>Christopher&nbsp;Masuck: &#8222;Teihabe durch Engagement. Chancen und Probleme von Migranten in Ehren\u00e4mtern, am Beispiel der Freiwilligen Feuerwehr Hamburg.&#8220;<\/p>\n\n\n\n<p><strong>Masterarbeiten<\/strong><\/p>\n\n\n\n<p>Eric Flechtner: &#8222;Die doppelte Belagerung der demokratischen Gesellschaft. Politische Bildung zwischen Populismus und \u00d6konomisierung.&#8220;<\/p>\n\n\n\n<p>Konrad H\u00e4fele: &#8222;Wie rechtsextremes Gedankengut die b\u00fcrgerliche Mitte und breite Teile der Bev\u00f6lkerung erreicht hat: Ein Vergleich theoretischer Erkl\u00e4rungsperspektiven am Beispiel Sachsens&#8220;<\/p>\n\n\n\n<p>Jannik Pelz: &#8222;Ende der Apartheid &#8211; Diskriminierung im Bildungssystem S\u00fcdafrikas<\/p>\n\n\n\n<p>Lennart Prahst: &#8222;Eine Analyse der deutschen und s\u00fcdtiroler Schulen auf das Thema Inklusion: Voraussetzungen und Erfolgsfaktoren&#8220;<\/p>\n\n\n\n<p>Miriam Pichol: &#8222;Racial Profiling als Ausdruck institutioneller Diskriminierung in der Polizeiarbeit&#8220;<\/p>\n\n\n\n<p>Janina Pohle: &#8222;Professionalisierungsprozesse von Lehrkr\u00e4ften f\u00fcr eine differenzsensible und diskriminierungskritische Schulentwicklung&#8220; (Universit\u00e4t Kiel)<\/p>\n\n\n\n<p>Daniel Kemnitz: &#8222;Rassismus und Strategien zur \u00dcberwindung von Rassismus im organisierten Fu\u00dfball&#8220;<\/p>\n\n\n\n<p>Thomas Kassner: &#8222;Alltagsrassismus in Deutschland&#8220;<\/p>\n\n\n\n<p>Andr\u00e9 Rahe: &#8222;Fremdenfeindlichkeit und Rassismus am Beispiel der Serie &#8222;The Big Bang Theory&#8220;&#8220;<\/p>\n\n\n\n<p>Gazmend Mavraj: &#8222;Diversit\u00e4tsgerechte Lehr- und Lernsettings zur F\u00f6rderung der Kompetenzentwicklung in der Mathematik und in den Ingengenieurswissenschaften&#8220; (Weiterbildungsmaster &#8218;Leading Diversity&#8216;)<\/p>\n\n\n\n<p>Roman Schnier: &#8222;Migration und Flucht &#8211; Eine diskurstheoretische Analyse&#8220;<\/p>\n\n\n\n<p>Christian Schramm: &#8222;H\u00f6here Bildung in der BRD &#8211; Die Umsetzung von Chancengleichheit und deren Ber\u00fccksichtigung bei der Gr\u00fcndung der Hochschulen der Bundeswehr&#8220;<\/p>\n\n\n\n<p>Henriette Ullmann: &#8222;Diversity, Antidiskriminierung und soziale Verantwortung im Kontext Hochschule&#8220; (Weiterbildungsmaster &#8218;Leading Diversity&#8216;)<\/p>\n","protected":false},"excerpt":{"rendered":"<p>Bachelorarbeiten Lydia Dieterle: &#8222;Rassismus und Diskriminierung in der Schulbildung.&#8220; Fenja Gaartz: &#8222;Rassismus als strukturelles Problem in den USA.&#8220; Niklas Johach: &#8222;Polizeiarbeit aus dem Blickwinkel institutioneller Diskriminierung.&#8220; Annalena Kaplinski: &#8222;Rechtsextremismus in [&hellip;]<\/p>\n","protected":false},"author":3157,"featured_media":0,"parent":0,"menu_order":0,"comment_status":"closed","ping_status":"closed","template":"","meta":{"footnotes":""},"categories":[152],"tags":[142],"class_list":["post-3813","page","type-page","status-publish","hentry","category-lehre-studium","tag-bachelor-masterarbeiten"],"_links":{"self":[{"href":"https:\/\/www.hsu-hh.de\/ivb\/wp-json\/wp\/v2\/pages\/3813","targetHints":{"allow":["GET"]}}],"collection":[{"href":"https:\/\/www.hsu-hh.de\/ivb\/wp-json\/wp\/v2\/pages"}],"about":[{"href":"https:\/\/www.hsu-hh.de\/ivb\/wp-json\/wp\/v2\/types\/page"}],"author":[{"embeddable":true,"href":"https:\/\/www.hsu-hh.de\/ivb\/wp-json\/wp\/v2\/users\/3157"}],"replies":[{"embeddable":true,"href":"https:\/\/www.hsu-hh.de\/ivb\/wp-json\/wp\/v2\/comments?post=3813"}],"version-history":[{"count":1,"href":"https:\/\/www.hsu-hh.de\/ivb\/wp-json\/wp\/v2\/pages\/3813\/revisions"}],"predecessor-version":[{"id":3841,"href":"https:\/\/www.hsu-hh.de\/ivb\/wp-json\/wp\/v2\/pages\/3813\/revisions\/3841"}],"wp:attachment":[{"href":"https:\/\/www.hsu-hh.de\/ivb\/wp-json\/wp\/v2\/media?parent=3813"}],"wp:term":[{"taxonomy":"category","embeddable":true,"href":"https:\/\/www.hsu-hh.de\/ivb\/wp-json\/wp\/v2\/categories?post=3813"},{"taxonomy":"post_tag","embeddable":true,"href":"https:\/\/www.hsu-hh.de\/ivb\/wp-json\/wp\/v2\/tags?post=3813"}],"curies":[{"name":"wp","href":"https:\/\/api.w.org\/{rel}","templated":true}]}}