{"id":3812,"date":"2025-03-03T15:16:45","date_gmt":"2025-03-03T14:16:45","guid":{"rendered":"https:\/\/www.hsu-hh.de\/ivb\/?page_id=3812"},"modified":"2025-03-04T11:11:03","modified_gmt":"2025-03-04T10:11:03","slug":"2021-2","status":"publish","type":"page","link":"https:\/\/www.hsu-hh.de\/ivb\/2021-2\/","title":{"rendered":"2021"},"content":{"rendered":"\n<p><strong>Bachelorarbeiten<\/strong><\/p>\n\n\n\n<p>Julia Bilau: &#8222;Das Inklusionsparadoxon &#8211; Eine kritische Auseinandersetzung mit der Spannung zwichen Inklusionsanspruch und Exklusionsrealit\u00e4t. Veranschaulicht durch das Beispiel von Behindertenwerkst\u00e4tten.&#8220;<\/p>\n\n\n\n<p>Pinar Gosdschick: &#8222;Welche Auswirkungen hat die Bildungsbenachteiligung an Schulen auf die Pers\u00f6nlichkeitsentwicklung von Jugendlichen mit Migrationshintergrund?&#8220;<\/p>\n\n\n\n<p>Sarah Hauschildt: &#8222;Inwiefern kann Fu\u00dfball als integratives Moment in der Migrationsgesellschaft gesehen werden und welche institutionellen Herausforderungen k\u00f6nnen als Exklusionsmechanismen betitelt werden?&#8220;<\/p>\n\n\n\n<p>Colin Hoffmann: &#8222;Diskriminierung im deutschen Hochschulwesen.&#8220;<\/p>\n\n\n\n<p>Maurice Kok: &#8222;Rechtsextremismuspr\u00e4vention im deutschen Schulsystem \u2013 Potenziale und Risiken.&#8220;<\/p>\n\n\n\n<p>Pascal Kratz: &#8222;Bildungsaspirationen und Bildungserfolg von Kindern und Jugendlichen mit Migrationsgeschichte in Deutschland. Eine Literaturstudie.&#8220;<\/p>\n\n\n\n<p>Julien LucK: &#8222;LSBTIQ \u2013 Sexuell und geschlechtlich bedingte Heterogenit\u00e4t und m\u00f6gliche Inklusionsmechanismen im deutschen Bildungssektor Schule.&#8220;<\/p>\n\n\n\n<p>Markus Ohmann: &#8222;Der monolingualer Habitus des deutschen Schulsystems. Bildungsteilhabe und interkulturelle Bildung in der Kritik.&#8220;<\/p>\n\n\n\n<p>Mascha Petrick: &#8222;Darstellung von Migration in Schulb\u00fcchern: \u00dcber die Charakterisierung von Migration in Gesellschaftswissenschaftsb\u00fcchern der Klasse 9 und 10 an Hamburger Stadtteilschulen.&#8220;<\/p>\n\n\n\n<p>Jan-Philipp Riesenbeck: &#8222;Wie anf\u00e4llig ist die Bundeswehr f\u00fcr die Neue Rechte und welche Angriffspunkte bietet sie. Miles Christianus, Miles Protector und ihre Bedeutung f\u00fcr die Budneswehr.&#8220;<\/p>\n\n\n\n<p>Alvar&nbsp;Schnelle:&#8220;Differenz und Rassismuskritik in der Bildungsarbeit. Antidiskriminierungsp\u00e4dagogik im Kontext der Institution Schule. Ein Ansatz gegen Institutionelle Diskriminierung in Deutschland.&#8220;<\/p>\n\n\n\n<p>Joel Schwarze: &#8222;Rassismus und Diskriminierung an deutschen weiterf\u00fchrenden Schulen. Ein Blick auf Entstehung, Ausma\u00df und Pr\u00e4vention.&#8220;<\/p>\n\n\n\n<p>Jonathan Steffens: &#8222;Inklusion von Menschen mit k\u00f6rperlicher und geistiger Behinderung am Arbeitsplatz am Beispiel der Sylter Werkst\u00e4tten.&#8220;<\/p>\n\n\n\n<p>Emily M\u00fcller: &#8222;Kolonialschulbildung in Deutschland.&#8220;<\/p>\n\n\n\n<p><strong>Masterarbeiten<\/strong><\/p>\n\n\n\n<p>Victoria Slupek: &#8222;Versch\u00e4rfung von bestehenden Bildungsungleichheiten durch Homeschooling in der Covid-19 Pandemie?&#8220;<\/p>\n\n\n\n<p>Joshua Hausmann: &#8222;Radikalisierung durch Videospiele?! Eine exemplarische diskursanalytische Betrachtung des Videospiels &#8218;Heimat Defender: Rebellion&#8216; mit Blick auf Radikalisierung und Extremismus.&#8220;<\/p>\n\n\n\n<p>Thomas Bigge: &#8222;Die &#8218;Neue Rechte&#8216; und der Rechtsextremismus &#8211; Eine kritische Diskursanalyse des Publikationsorgans &#8218;Sezession&#8216;.&#8220;<\/p>\n\n\n\n<p>Max Berndt: &#8222;Rassismus und Diskriminierung in der Schule. Herausforderungen f\u00fcr das Lehramt in einer postmigrantischen Gesellschaft.&#8220;<\/p>\n","protected":false},"excerpt":{"rendered":"<p>Bachelorarbeiten Julia Bilau: &#8222;Das Inklusionsparadoxon &#8211; Eine kritische Auseinandersetzung mit der Spannung zwichen Inklusionsanspruch und Exklusionsrealit\u00e4t. Veranschaulicht durch das Beispiel von Behindertenwerkst\u00e4tten.&#8220; Pinar Gosdschick: &#8222;Welche Auswirkungen hat die Bildungsbenachteiligung an [&hellip;]<\/p>\n","protected":false},"author":3157,"featured_media":0,"parent":0,"menu_order":0,"comment_status":"closed","ping_status":"closed","template":"","meta":{"footnotes":""},"categories":[152],"tags":[142],"class_list":["post-3812","page","type-page","status-publish","hentry","category-lehre-studium","tag-bachelor-masterarbeiten"],"_links":{"self":[{"href":"https:\/\/www.hsu-hh.de\/ivb\/wp-json\/wp\/v2\/pages\/3812","targetHints":{"allow":["GET"]}}],"collection":[{"href":"https:\/\/www.hsu-hh.de\/ivb\/wp-json\/wp\/v2\/pages"}],"about":[{"href":"https:\/\/www.hsu-hh.de\/ivb\/wp-json\/wp\/v2\/types\/page"}],"author":[{"embeddable":true,"href":"https:\/\/www.hsu-hh.de\/ivb\/wp-json\/wp\/v2\/users\/3157"}],"replies":[{"embeddable":true,"href":"https:\/\/www.hsu-hh.de\/ivb\/wp-json\/wp\/v2\/comments?post=3812"}],"version-history":[{"count":1,"href":"https:\/\/www.hsu-hh.de\/ivb\/wp-json\/wp\/v2\/pages\/3812\/revisions"}],"predecessor-version":[{"id":3837,"href":"https:\/\/www.hsu-hh.de\/ivb\/wp-json\/wp\/v2\/pages\/3812\/revisions\/3837"}],"wp:attachment":[{"href":"https:\/\/www.hsu-hh.de\/ivb\/wp-json\/wp\/v2\/media?parent=3812"}],"wp:term":[{"taxonomy":"category","embeddable":true,"href":"https:\/\/www.hsu-hh.de\/ivb\/wp-json\/wp\/v2\/categories?post=3812"},{"taxonomy":"post_tag","embeddable":true,"href":"https:\/\/www.hsu-hh.de\/ivb\/wp-json\/wp\/v2\/tags?post=3812"}],"curies":[{"name":"wp","href":"https:\/\/api.w.org\/{rel}","templated":true}]}}