{"id":3266,"date":"2023-08-14T15:15:49","date_gmt":"2023-08-14T13:15:49","guid":{"rendered":"https:\/\/www.hsu-hh.de\/ivb\/?page_id=3266"},"modified":"2023-08-14T15:15:49","modified_gmt":"2023-08-14T13:15:49","slug":"prof-dr-mechtild-gomolla-former","status":"publish","type":"page","link":"https:\/\/www.hsu-hh.de\/ivb\/en\/prof-dr-mechtild-gomolla-former\/","title":{"rendered":"Prof. Dr. Mechtild Gomolla (Former)"},"content":{"rendered":"\n<p>Since October 1st, 2022, I can be reached at the following address at the Karlsruhe University of Education:<\/p>\n\n\n\n<p>P\u00e4dagogische Hochschule Karlsruhe<\/p>\n\n\n\n<p>Institut f\u00fcr Erziehungswissenschaft mit Schwerpunkt in au\u00dferschulischen Feldern<\/p>\n\n\n\n<p>Arbeitsbereich Interkulturelle P\u00e4dagogik und Bildungsgerechtigkeit<\/p>\n\n\n\n<p>Bismarckstra\u00dfe 10<\/p>\n\n\n\n<p>76133 Karlsruhe<\/p>\n\n\n\n<p>Tel.: +49 721 925-4993<\/p>\n\n\n\n<p>Mail: mechtild.gomolla@ph-karlsruhe.de<\/p>\n","protected":false},"excerpt":{"rendered":"<p>Since October 1st, 2022, I can be reached at the following address at the Karlsruhe University of Education: P\u00e4dagogische Hochschule Karlsruhe Institut f\u00fcr Erziehungswissenschaft mit Schwerpunkt in au\u00dferschulischen Feldern Arbeitsbereich [&hellip;]<\/p>\n","protected":false},"author":3387,"featured_media":0,"parent":0,"menu_order":0,"comment_status":"closed","ping_status":"closed","template":"","meta":{"footnotes":""},"categories":[7],"tags":[],"class_list":["post-3266","page","type-page","status-publish","hentry","category-research"],"_links":{"self":[{"href":"https:\/\/www.hsu-hh.de\/ivb\/wp-json\/wp\/v2\/pages\/3266","targetHints":{"allow":["GET"]}}],"collection":[{"href":"https:\/\/www.hsu-hh.de\/ivb\/wp-json\/wp\/v2\/pages"}],"about":[{"href":"https:\/\/www.hsu-hh.de\/ivb\/wp-json\/wp\/v2\/types\/page"}],"author":[{"embeddable":true,"href":"https:\/\/www.hsu-hh.de\/ivb\/wp-json\/wp\/v2\/users\/3387"}],"replies":[{"embeddable":true,"href":"https:\/\/www.hsu-hh.de\/ivb\/wp-json\/wp\/v2\/comments?post=3266"}],"version-history":[{"count":1,"href":"https:\/\/www.hsu-hh.de\/ivb\/wp-json\/wp\/v2\/pages\/3266\/revisions"}],"predecessor-version":[{"id":3268,"href":"https:\/\/www.hsu-hh.de\/ivb\/wp-json\/wp\/v2\/pages\/3266\/revisions\/3268"}],"wp:attachment":[{"href":"https:\/\/www.hsu-hh.de\/ivb\/wp-json\/wp\/v2\/media?parent=3266"}],"wp:term":[{"taxonomy":"category","embeddable":true,"href":"https:\/\/www.hsu-hh.de\/ivb\/wp-json\/wp\/v2\/categories?post=3266"},{"taxonomy":"post_tag","embeddable":true,"href":"https:\/\/www.hsu-hh.de\/ivb\/wp-json\/wp\/v2\/tags?post=3266"}],"curies":[{"name":"wp","href":"https:\/\/api.w.org\/{rel}","templated":true}]}}