{"id":3207,"date":"2023-06-21T12:43:15","date_gmt":"2023-06-21T10:43:15","guid":{"rendered":"https:\/\/www.hsu-hh.de\/ivb\/?page_id=3207"},"modified":"2025-09-24T11:25:58","modified_gmt":"2025-09-24T09:25:58","slug":"aktuelles","status":"publish","type":"page","link":"https:\/\/www.hsu-hh.de\/ivb\/aktuelles\/","title":{"rendered":"Aktuelles"},"content":{"rendered":"\n<h2 class=\"wp-block-heading\">September 2025<\/h2>\n\n\n\n<p><strong>Ver\u00f6ffentlichungen<\/strong><\/p>\n\n\n\n<p>\ud83d\udcc5 <strong>22. September 2025<\/strong> <\/p>\n\n\n\n<p>Ver\u00f6ffentlichung von <a href=\"https:\/\/www.hsu-hh.de\/ivb\/dr-annett-graefe-geusch\"><abbr title=\"Doktor\">Dr.<\/abbr> Annett Gr\u00e4fe-Geusch<\/a> mit dem Titel: <em>Aiming for Diversity Inclusive and Exclusive Logics on Ethno-Religious Diversity in Berlin\u2019s Secondary Schools<\/em><\/p>\n\n\n\n<p>Weitere Informationen zur Ver\u00f6ffentlichung finden Sie <a href=\"https:\/\/shop.budrich.de\/en\/product-2\/aiming-for-diversity\" rel='nofollow'>hier<\/a>. <\/p>\n\n\n\n<figure class=\"wp-block-image size-large\"><img loading=\"lazy\" decoding=\"async\" width=\"718\" height=\"1024\" src=\"https:\/\/www.hsu-hh.de\/ivb\/wp-content\/uploads\/sites\/843\/2025\/09\/BuchAimingForDiversity-718x1024.webp\" data-credit=\"Dr. Annett Gr\u00e4fe-Geusch\" alt=\"\" class=\"wp-image-4492\" srcset=\"https:\/\/www.hsu-hh.de\/ivb\/wp-content\/uploads\/sites\/843\/2025\/09\/BuchAimingForDiversity-718x1024.webp 718w, https:\/\/www.hsu-hh.de\/ivb\/wp-content\/uploads\/sites\/843\/2025\/09\/BuchAimingForDiversity-210x300.webp 210w, https:\/\/www.hsu-hh.de\/ivb\/wp-content\/uploads\/sites\/843\/2025\/09\/BuchAimingForDiversity-768x1095.webp 768w, https:\/\/www.hsu-hh.de\/ivb\/wp-content\/uploads\/sites\/843\/2025\/09\/BuchAimingForDiversity-1078x1536.webp 1078w, https:\/\/www.hsu-hh.de\/ivb\/wp-content\/uploads\/sites\/843\/2025\/09\/BuchAimingForDiversity-1437x2048.webp 1437w, https:\/\/www.hsu-hh.de\/ivb\/wp-content\/uploads\/sites\/843\/2025\/09\/BuchAimingForDiversity-1100x1568.webp 1100w, https:\/\/www.hsu-hh.de\/ivb\/wp-content\/uploads\/sites\/843\/2025\/09\/BuchAimingForDiversity.webp 1740w\" sizes=\"auto, (max-width: 718px) 100vw, 718px\" \/><\/figure>\n\n\n\n<h2 class=\"wp-block-heading\">M\u00e4rz 2025<\/h2>\n\n\n\n<h3 class=\"wp-block-heading\"><strong>Education Departmental Seminar Series \u2013 University of Bath<\/strong><\/h3>\n\n\n\n<p>\ud83d\udcc5 <strong>12. M\u00e4rz 2025<\/strong> | \ud83d\udccd <strong>University of Bath<\/strong><\/p>\n\n\n\n<p><abbr title=\"Professor\">Prof.<\/abbr> <a href=\"https:\/\/www.hsu-hh.de\/ivb\/prof-in-dr-simona-szakacs-behling\/\" data-type=\"page\" data-id=\"3980\">Simona Szak\u00e1cs-Behling<\/a> wird an der <em>Education Departmental Seminar Series<\/em> an der University of Bath teilnehmen. Ihr Vortrag befasst sich mit transnationalen Bildungsprozessen und deren Bedeutung f\u00fcr die Erziehungswissenschaft.<\/p>\n\n\n\n<p>Weitere Details zur Veranstaltung, einschlie\u00dflich des Programms und des Vortragstitels, sind im offiziellen Poster enthalten.<\/p>\n\n\n\n<p>Weitere Informationen zur Seminarreihe finden Sie hier:<br>\ud83d\udd17 <a href=\"https:\/\/www.bath.ac.uk\/campaigns\/education-departmental-seminar-series\/\" rel='nofollow'>Education Departmental Seminar Series | University of Bath<\/a><\/p>\n\n\n\n<figure class=\"wp-block-image size-large\"><img loading=\"lazy\" decoding=\"async\" width=\"724\" height=\"1024\" src=\"https:\/\/www.hsu-hh.de\/ivb\/wp-content\/uploads\/sites\/843\/2025\/02\/posterBath-1-724x1024.png\" data-credit=\"unknown\" alt=\"\" class=\"wp-image-3761\" srcset=\"https:\/\/www.hsu-hh.de\/ivb\/wp-content\/uploads\/sites\/843\/2025\/02\/posterBath-1-724x1024.png 724w, https:\/\/www.hsu-hh.de\/ivb\/wp-content\/uploads\/sites\/843\/2025\/02\/posterBath-1-212x300.png 212w, https:\/\/www.hsu-hh.de\/ivb\/wp-content\/uploads\/sites\/843\/2025\/02\/posterBath-1-768x1086.png 768w, https:\/\/www.hsu-hh.de\/ivb\/wp-content\/uploads\/sites\/843\/2025\/02\/posterBath-1-1086x1536.png 1086w, https:\/\/www.hsu-hh.de\/ivb\/wp-content\/uploads\/sites\/843\/2025\/02\/posterBath-1-1100x1556.png 1100w, https:\/\/www.hsu-hh.de\/ivb\/wp-content\/uploads\/sites\/843\/2025\/02\/posterBath-1.png 1240w\" sizes=\"auto, (max-width: 724px) 100vw, 724px\" \/><\/figure>\n\n\n\n<h2 class=\"wp-block-heading\">Februar 2025<\/h2>\n\n\n\n<h3 class=\"wp-block-heading\"><strong>Forschungskolloquium \u2013 Humboldt-Universit\u00e4t zu Berlin<\/strong><\/h3>\n\n\n\n<p>\ud83d\udcc5 <strong>20. Februar 2025<\/strong> | \ud83d\udccd <strong>HU Berlin, Sch\u00f6nhauser Allee 10-11, Raum 4.41<\/strong> | \u23f0 <strong>12:00 \u2013 14:00 Uhr<\/strong><\/p>\n\n\n\n<p><abbr title=\"Professor\">Prof.<\/abbr> <a href=\"https:\/\/www.hsu-hh.de\/ivb\/prof-in-dr-simona-szakacs-behling\/\" data-type=\"page\" data-id=\"3980\">Simona Szak\u00e1cs-Behling<\/a> wird am Forschungskolloquium <em>Aktuelle Forschungsprobleme und -kontroversen in der Vergleichenden und Internationalen Erziehungswissenschaft<\/em> teilnehmen. Ihr Vortrag tr\u00e4gt den Titel <em>Transnationalisation and School\/ing: How to understand their relationship(s) with the help of comparison<\/em>.<\/p>\n\n\n\n<p>Die Veranstaltung richtet sich an Forschende und Studierende, die sich mit Bildungsforschung aus internationaler und vergleichender Perspektive besch\u00e4ftigen.<\/p>\n\n\n\n<p>Weitere Informationen zum Forschungskolloquium gibt es hier:<br>\ud83d\udd17 <a href=\"https:\/\/www.erziehungswissenschaften.hu-berlin.de\/de\/vew\/forschungsseminar\/forschungsseminar-winter-2024-25-1\" rel='nofollow'>Vergleichende und Internationale Erziehungswissenschaft | HU Berlin<\/a><\/p>\n\n\n\n<figure class=\"wp-block-image size-large\"><img loading=\"lazy\" decoding=\"async\" width=\"724\" height=\"1024\" src=\"https:\/\/www.hsu-hh.de\/ivb\/wp-content\/uploads\/sites\/843\/2025\/02\/Druckvorlage_Forschungsseminar-WiSe-2425-1-724x1024.png\" data-credit=\"unknown\" alt=\"\" class=\"wp-image-3750\" srcset=\"https:\/\/www.hsu-hh.de\/ivb\/wp-content\/uploads\/sites\/843\/2025\/02\/Druckvorlage_Forschungsseminar-WiSe-2425-1-724x1024.png 724w, https:\/\/www.hsu-hh.de\/ivb\/wp-content\/uploads\/sites\/843\/2025\/02\/Druckvorlage_Forschungsseminar-WiSe-2425-1-212x300.png 212w, https:\/\/www.hsu-hh.de\/ivb\/wp-content\/uploads\/sites\/843\/2025\/02\/Druckvorlage_Forschungsseminar-WiSe-2425-1-768x1086.png 768w, https:\/\/www.hsu-hh.de\/ivb\/wp-content\/uploads\/sites\/843\/2025\/02\/Druckvorlage_Forschungsseminar-WiSe-2425-1-1086x1536.png 1086w, https:\/\/www.hsu-hh.de\/ivb\/wp-content\/uploads\/sites\/843\/2025\/02\/Druckvorlage_Forschungsseminar-WiSe-2425-1-1100x1556.png 1100w, https:\/\/www.hsu-hh.de\/ivb\/wp-content\/uploads\/sites\/843\/2025\/02\/Druckvorlage_Forschungsseminar-WiSe-2425-1.png 1240w\" sizes=\"auto, (max-width: 724px) 100vw, 724px\" \/><\/figure>\n\n\n\n<figure class=\"wp-block-image size-large\"><img loading=\"lazy\" decoding=\"async\" width=\"724\" height=\"1024\" src=\"https:\/\/www.hsu-hh.de\/ivb\/wp-content\/uploads\/sites\/843\/2025\/02\/Druckvorlage_Forschungsseminar-WiSe-2425-2-724x1024.png\" data-credit=\"unknown\" alt=\"\" class=\"wp-image-3751\" srcset=\"https:\/\/www.hsu-hh.de\/ivb\/wp-content\/uploads\/sites\/843\/2025\/02\/Druckvorlage_Forschungsseminar-WiSe-2425-2-724x1024.png 724w, https:\/\/www.hsu-hh.de\/ivb\/wp-content\/uploads\/sites\/843\/2025\/02\/Druckvorlage_Forschungsseminar-WiSe-2425-2-212x300.png 212w, https:\/\/www.hsu-hh.de\/ivb\/wp-content\/uploads\/sites\/843\/2025\/02\/Druckvorlage_Forschungsseminar-WiSe-2425-2-768x1086.png 768w, https:\/\/www.hsu-hh.de\/ivb\/wp-content\/uploads\/sites\/843\/2025\/02\/Druckvorlage_Forschungsseminar-WiSe-2425-2-1086x1536.png 1086w, https:\/\/www.hsu-hh.de\/ivb\/wp-content\/uploads\/sites\/843\/2025\/02\/Druckvorlage_Forschungsseminar-WiSe-2425-2-1100x1556.png 1100w, https:\/\/www.hsu-hh.de\/ivb\/wp-content\/uploads\/sites\/843\/2025\/02\/Druckvorlage_Forschungsseminar-WiSe-2425-2.png 1240w\" sizes=\"auto, (max-width: 724px) 100vw, 724px\" \/><\/figure>\n\n\n\n<h3 class=\"wp-block-heading\"><strong>Europa im Klassenzimmer \u2013 Podiumsdiskussion und Posterausstellung<\/strong><\/h3>\n\n\n\n<p>\ud83d\udcc5 <strong>18. Februar 2025<\/strong> | \ud83d\udccd <strong>Altes Heizhaus, <abbr title=\"Technische Universit\u00e4t\">TU<\/abbr> Chemnitz<\/strong> | \u23f0 <strong>17:00 Uhr<\/strong><\/p>\n\n\n\n<p><abbr title=\"Professor\">Prof.<\/abbr> <a href=\"https:\/\/www.hsu-hh.de\/ivb\/prof-in-dr-simona-szakacs-behling\/\" data-type=\"page\" data-id=\"3980\">Simona Szak\u00e1cs-Behling<\/a> wird an der Veranstaltung <em>Europa im Klassenzimmer<\/em> teilnehmen, die sich mit der Darstellung Europas in Schulb\u00fcchern vor und nach der Wiedervereinigung auseinandersetzt. Im Fokus steht die Frage, wie historische und politische Bildung in verschiedenen gesellschaftlichen Kontexten vermittelt wurde.<\/p>\n\n\n\n<p>Zu den G\u00e4sten geh\u00f6ren:<\/p>\n\n\n\n<ul class=\"wp-block-list\">\n<li>Das Chemnitzer Buchh\u00e4ndlerpaar Ebert<\/li>\n\n\n\n<li><abbr title=\"Professor\">Prof.<\/abbr> <abbr title=\"Doktor\">Dr.<\/abbr> Henning Schluss (Universit\u00e4t Wien)<\/li>\n\n\n\n<li>Birgit Radatz (Leiterin des Bersdorfer Schulmuseums)<\/li>\n\n\n\n<li><abbr title=\"Professor\">Prof.<\/abbr> Simona Szak\u00e1cs-Behling (<abbr title=\"Helmut-Schmidt-Universit\u00e4t\">HSU<\/abbr> Hamburg)<\/li>\n\n\n\n<li>Saskia Ehrhardt (FH Campus Wien)<\/li>\n\n\n\n<li>Elke Urban (ehem. Leiterin des Leipziger Schulmuseums)<\/li>\n\n\n\n<li><abbr title=\"Doktor\">Dr.<\/abbr> Wolfgang Lambrecht (Universit\u00e4tsbibliothek <abbr title=\"Technische Universit\u00e4t\">TU<\/abbr> Chemnitz)<\/li>\n<\/ul>\n\n\n\n<p>Die Veranstaltung umfasst eine Podiumsdiskussion sowie die Er\u00f6ffnung einer Posterausstellung zu Schulb\u00fcchern aus Ost- und Westdeutschland.<\/p>\n\n\n\n<p>Weitere Informationen und das Veranstaltungsplakat finden Sie hier:<br>\ud83d\udd17 <a href=\"https:\/\/www.tu-chemnitz.de\/phil\/ipp\/erzwiss\/03_Forschung%20und%20Projekte\/Projekte.html#EIK\" rel='nofollow'>Forschungsprojekte | <abbr title=\"Technische Universit\u00e4t\">TU<\/abbr> Chemnitz<\/a><\/p>\n\n\n\n<figure class=\"wp-block-image size-large\"><img loading=\"lazy\" decoding=\"async\" width=\"724\" height=\"1024\" src=\"https:\/\/www.hsu-hh.de\/ivb\/wp-content\/uploads\/sites\/843\/2025\/02\/EIK-WEB-Format-724x1024.png\" data-credit=\"unknown\" alt=\"\" class=\"wp-image-3744\" srcset=\"https:\/\/www.hsu-hh.de\/ivb\/wp-content\/uploads\/sites\/843\/2025\/02\/EIK-WEB-Format-724x1024.png 724w, https:\/\/www.hsu-hh.de\/ivb\/wp-content\/uploads\/sites\/843\/2025\/02\/EIK-WEB-Format-212x300.png 212w, https:\/\/www.hsu-hh.de\/ivb\/wp-content\/uploads\/sites\/843\/2025\/02\/EIK-WEB-Format-768x1087.png 768w, https:\/\/www.hsu-hh.de\/ivb\/wp-content\/uploads\/sites\/843\/2025\/02\/EIK-WEB-Format.png 1080w\" sizes=\"auto, (max-width: 724px) 100vw, 724px\" \/><\/figure>\n\n\n\n<h3 class=\"wp-block-heading\"><strong>Call for Papers \u2013 Sonderausgabe der Comparative Education Review (CER) <\/strong><\/h3>\n\n\n\n<p><em><strong>Internationalisierung und Transnationalisierung der \u201eBildung von Sinti und Roma\u201c<\/strong><\/em><\/p>\n\n\n\n<p>Wir freuen uns, den <strong><a href=\"https:\/\/www.hsu-hh.de\/ivb\/wp-content\/uploads\/sites\/843\/2025\/02\/2025-01-25-CfP-InternationalisationTransnationalisationRomaEducationFINAL-2.pdf\" data-type=\"link\" data-id=\"https:\/\/www.hsu-hh.de\/ivb\/wp-content\/uploads\/sites\/843\/2025\/02\/2025-01-25-CfP-InternationalisationTransnationalisationRomaEducationFINAL-2.pdf\">Call for Papers<\/a><\/strong> f\u00fcr eine Sonderausgabe der <strong><a href=\"https:\/\/www.journals.uchicago.edu\/toc\/cer\/current\" data-type=\"link\" data-id=\"https:\/\/www.journals.uchicago.edu\/toc\/cer\/current\" rel='nofollow'>Comparative Education Review (CER)<\/a><\/strong> zu teilen, herausgegeben von <strong><a href=\"https:\/\/www.hsap.de\/die-hochschule\/lehrende\/christian-brueggemann\" data-type=\"link\" data-id=\"https:\/\/www.hsap.de\/die-hochschule\/lehrende\/christian-brueggemann\" rel='nofollow'><abbr title=\"Doktor\">Dr.<\/abbr> Christian Br\u00fcggemann<\/a><\/strong> (Hochschule f\u00fcr Soziale Arbeit und P\u00e4dagogik, Berlin) und <strong><a href=\"https:\/\/www.hsu-hh.de\/ivb\/vertr-prof-in-simona-szakacs-behling\/\" data-type=\"page\" data-id=\"2748\"><abbr title=\"Doktor\">Dr.<\/abbr> Simona Szak\u00e1cs-Behling<\/a><\/strong> (Helmut-Schmidt-Universit\u00e4t, Hamburg).<\/p>\n\n\n\n<p>Diese Sonderausgabe l\u00e4dt Beitr\u00e4ge ein, die die <strong>internationalen und transnationalen Dimensionen der Roma-Bildung<\/strong> kritisch untersuchen. Thematisiert werden unter anderem <strong>Politiktransfers, grenz\u00fcberschreitende Einfl\u00fcsse sowie die Rolle internationaler Organisationen, Staaten und zivilgesellschaftlicher Bewegungen<\/strong> bei der Gestaltung bildungspolitischer Initiativen. Wissenschaftler:<em>innen <\/em>aller Karrierestufen, einschlie\u00dflich Doktorand:<em>innen<\/em>, sind herzlich eingeladen, Beitr\u00e4ge einzureichen.<\/p>\n\n\n\n<p>\ud83d\udcdd <strong>Einreichungsfrist f\u00fcr Abstracts:<\/strong> 1. April 2025<br>\ud83d\udd17 <strong>Weitere Details &amp; Einreichungsrichtlinien:<\/strong> <a href=\"https:\/\/www.hsu-hh.de\/ivb\/wp-content\/uploads\/sites\/843\/2025\/02\/2025-01-25-CfP-InternationalisationTransnationalisationRomaEducationFINAL-2.pdf\" data-type=\"link\" data-id=\"https:\/\/www.hsu-hh.de\/ivb\/wp-content\/uploads\/sites\/843\/2025\/02\/2025-01-25-CfP-InternationalisationTransnationalisationRomaEducationFINAL-2.pdf\">Call for Papers<\/a><\/p>\n\n\n\n<p>F\u00fcr R\u00fcckfragen und Interessensbekundungen wenden Sie sich bitte an: <a href=\"mailto:CER_SpecialSection@luc.edu\" rel='nofollow'>CER_SpecialSection@luc.edu<\/a>.<\/p>\n\n\n\n<h2 class=\"wp-block-heading\">Juni 2024<\/h2>\n\n\n\n<p><strong>Jahrestreffen von On_Education<\/strong><\/p>\n\n\n\n<p>Wir hatten das Vergn\u00fcgen, das j\u00e4hrliche Treffen des &#8222;On_Education. Journal f\u00fcr Forschung und Debatte&#8220; an der Helmut Schmidt Universit\u00e4t in Hamburg am 6. und 7. Juni 2024 auszurichten. Diese hybride Veranstaltung vereinte das <a href=\"https:\/\/www.oneducation.net\/about\/\" rel='nofollow'>Team<\/a> des Journals sowohl in Person als auch digital, was inspirierende Diskussionen und eine effektive Planungssitzunge ergab.<\/p>\n\n\n\n<figure class=\"wp-block-image size-large is-resized\"><img loading=\"lazy\" decoding=\"async\" width=\"1024\" height=\"768\" src=\"https:\/\/www.hsu-hh.de\/ivb\/wp-content\/uploads\/sites\/843\/2024\/06\/IMG_4323-1024x768.jpg\" data-credit=\"SSB\" alt=\"\" class=\"wp-image-3565\" style=\"width:480px;height:auto\" srcset=\"https:\/\/www.hsu-hh.de\/ivb\/wp-content\/uploads\/sites\/843\/2024\/06\/IMG_4323-1024x768.jpg 1024w, https:\/\/www.hsu-hh.de\/ivb\/wp-content\/uploads\/sites\/843\/2024\/06\/IMG_4323-300x225.jpg 300w, https:\/\/www.hsu-hh.de\/ivb\/wp-content\/uploads\/sites\/843\/2024\/06\/IMG_4323-768x576.jpg 768w, https:\/\/www.hsu-hh.de\/ivb\/wp-content\/uploads\/sites\/843\/2024\/06\/IMG_4323-1536x1152.jpg 1536w, https:\/\/www.hsu-hh.de\/ivb\/wp-content\/uploads\/sites\/843\/2024\/06\/IMG_4323-1100x825.jpg 1100w, https:\/\/www.hsu-hh.de\/ivb\/wp-content\/uploads\/sites\/843\/2024\/06\/IMG_4323.jpg 2016w\" sizes=\"auto, (max-width: 1024px) 100vw, 1024px\" \/><\/figure>\n\n\n\n<p>Das Treffen war ein voller Erfolg und zeichnete sich durch die rege Teilnahme aller Beteiligten aus, die zu produktiven und spannenden Entwicklungen f\u00fchrten.<\/p>\n\n\n\n<p>Weitere Details finden Sie auf der Seite unseres Journals: <a href=\"https:\/\/www.oneducation.net\" rel='nofollow'>On_Education<\/a><\/p>\n\n\n\n<p>Wir freuen uns auf die Fortsetzung unserer gemeinsamen Arbeit.<\/p>\n\n\n\n<h2 class=\"wp-block-heading\">April 2024<\/h2>\n\n\n\n<p>Herzlichen Gl\u00fcckwunsch an Frau <a href=\"https:\/\/www.hsu-hh.de\/ivb\/kollender\/\"><abbr title=\"Doktor\">Dr.<\/abbr>&#8218;in Ellen Kollender<\/a> zu ihrer <a href=\"https:\/\/www.leuphana.de\/institute\/ifsp\/personen\/ellen-kollender.html\" data-type=\"link\" data-id=\"https:\/\/www.leuphana.de\/institute\/ifsp\/personen\/ellen-kollender.html\" rel='nofollow'>Ernennung zur Professorin<\/a> am <a href=\"https:\/\/www.leuphana.de\/institute\/ifsp.html\" data-type=\"link\" data-id=\"https:\/\/www.leuphana.de\/institute\/ifsp.html\" rel='nofollow'>Institut f\u00fcr Sozialarbeit und Sozialp\u00e4dagogik (IFSP)<\/a> der Leuphana Universit\u00e4t L\u00fcneburg! Wir freuen uns auf zuk\u00fcnftige Kooperationen!<\/p>\n\n\n\n<h2 class=\"wp-block-heading\">M\u00e4rz 2024<\/h2>\n\n\n\n<p>In j\u00fcngster <a href=\"https:\/\/taz.de\/Deutsche-Schulen-in-Rumaenien\/!5992144\/\" data-type=\"link\" data-id=\"https:\/\/taz.de\/Deutsche-Schulen-in-Rumaenien\/!5992144\/\" rel='nofollow'>Berichterstattung der TAZ<\/a> wird Vertr.-<abbr title=\"Professor\">Prof.<\/abbr> <abbr title=\"Doktor\">Dr.<\/abbr> <a href=\"https:\/\/www.hsu-hh.de\/ivb\/prof-in-dr-simona-szakacs-behling\/\" data-type=\"page\" data-id=\"3980\">Simona Szak\u00e1cs-Behling<\/a> zu deutschsprachigen Schulen in Rum\u00e4nien befragt. Der Artikel beleuchtet, wie vorwiegend rum\u00e4nische Kinder von der deutschen Sprachausbildung profitieren, in der Hoffnung auf bessere Zukunftschancen. Trotz Herausforderungen wie Lehrermangel und infrastrukturellen Engp\u00e4ssen, betont der Beitrag die Bedeutung der deutschen Sprache als Bildungsinvestment. Wir laden zur Lekt\u00fcre des <a href=\"https:\/\/taz.de\/Deutsche-Schulen-in-Rumaenien\/!5992144\/\" data-type=\"link\" data-id=\"https:\/\/taz.de\/Deutsche-Schulen-in-Rumaenien\/!5992144\/\" rel='nofollow'>TAZ-Artikels<\/a> ein.<\/p>\n\n\n\n<h2 class=\"wp-block-heading\">Juni 2023<\/h2>\n\n\n\n<p>Wir freuen uns, Frau <a href=\"https:\/\/www.hsu-hh.de\/ivb\/dogmus\/\"><abbr title=\"Doktor\">Dr.<\/abbr> Aysun Do\u011fmu\u015f<\/a> zu ihrer Ernennung zur Professorin herzlich zu gratulieren. Sie hat eine neue Professur im Fachgebiet <a href=\"https:\/\/www.tu.berlin\/\/llm\" data-type=\"link\" data-id=\"https:\/\/www.tu.berlin\/\/llm\" rel='nofollow'>Lehren und Lernen in der Migrationsgesellschaft<\/a> am Institut f\u00fcr Erziehungswissenschaft der Technischen Universit\u00e4t Berlin erhalten. <\/p>\n\n\n\n<p>Wir m\u00f6chten auch Vertr.-<abbr title=\"Professor\">Prof.<\/abbr> <abbr title=\"Doktor\">Dr.<\/abbr> <a href=\"https:\/\/www.hsu-hh.de\/ivb\/prof-in-dr-simona-szakacs-behling\/\" data-type=\"page\" data-id=\"3980\">Simona Szak\u00e1cs-Behling<\/a> herzlich dazu gratulieren, dass sie zur Vorsitzenden der <a href=\"https:\/\/globalizationandeducationsig.wordpress.com\/\" rel='nofollow'>Special Interest Group Globalisation &amp; Education<\/a> der Comparative and International Education Society (CIES) gew\u00e4hlt wurde. Um weitere Informationen \u00fcber die CIES zu erhalten, besuchen Sie bitte die <a href=\"https:\/\/www.cies.us\/\" data-type=\"URL\" data-id=\"https:\/\/www.cies.us\/\" rel='nofollow'>Hauptseite der CIES<\/a>.<\/p>\n","protected":false},"excerpt":{"rendered":"<p>September 2025 Ver\u00f6ffentlichungen \ud83d\udcc5 22. September 2025 Ver\u00f6ffentlichung von Dr. Annett Gr\u00e4fe-Geusch mit dem Titel: Aiming for Diversity Inclusive and Exclusive Logics on Ethno-Religious Diversity in Berlin\u2019s Secondary Schools Weitere [&hellip;]<\/p>\n","protected":false},"author":3387,"featured_media":0,"parent":0,"menu_order":0,"comment_status":"closed","ping_status":"closed","template":"","meta":{"footnotes":""},"categories":[146],"tags":[],"class_list":["post-3207","page","type-page","status-publish","hentry","category-aktuelles"],"_links":{"self":[{"href":"https:\/\/www.hsu-hh.de\/ivb\/wp-json\/wp\/v2\/pages\/3207","targetHints":{"allow":["GET"]}}],"collection":[{"href":"https:\/\/www.hsu-hh.de\/ivb\/wp-json\/wp\/v2\/pages"}],"about":[{"href":"https:\/\/www.hsu-hh.de\/ivb\/wp-json\/wp\/v2\/types\/page"}],"author":[{"embeddable":true,"href":"https:\/\/www.hsu-hh.de\/ivb\/wp-json\/wp\/v2\/users\/3387"}],"replies":[{"embeddable":true,"href":"https:\/\/www.hsu-hh.de\/ivb\/wp-json\/wp\/v2\/comments?post=3207"}],"version-history":[{"count":25,"href":"https:\/\/www.hsu-hh.de\/ivb\/wp-json\/wp\/v2\/pages\/3207\/revisions"}],"predecessor-version":[{"id":4495,"href":"https:\/\/www.hsu-hh.de\/ivb\/wp-json\/wp\/v2\/pages\/3207\/revisions\/4495"}],"wp:attachment":[{"href":"https:\/\/www.hsu-hh.de\/ivb\/wp-json\/wp\/v2\/media?parent=3207"}],"wp:term":[{"taxonomy":"category","embeddable":true,"href":"https:\/\/www.hsu-hh.de\/ivb\/wp-json\/wp\/v2\/categories?post=3207"},{"taxonomy":"post_tag","embeddable":true,"href":"https:\/\/www.hsu-hh.de\/ivb\/wp-json\/wp\/v2\/tags?post=3207"}],"curies":[{"name":"wp","href":"https:\/\/api.w.org\/{rel}","templated":true}]}}