{"id":116,"date":"2018-01-17T14:07:04","date_gmt":"2018-01-17T13:07:04","guid":{"rendered":"https:\/\/www.hsu-hh.de\/vorlage\/?page_id=116"},"modified":"2024-03-07T15:52:05","modified_gmt":"2024-03-07T14:52:05","slug":"lehre","status":"publish","type":"page","link":"https:\/\/www.hsu-hh.de\/ivb\/lehre\/","title":{"rendered":"Lehre und Studium"},"content":{"rendered":"\n<p id=\"block-f5e81776-eaf8-4907-89cb-26da8148519b\">Unsere&nbsp;<a href=\"https:\/\/www.hsu-hh.de\/ivb\/\">Interessens- und Forschungsschwerpunkte<\/a>&nbsp;bilden auch die Grundlage unseres Lehrangebots im Studiengang Bildungs- und Erziehungswissenschaft, im Bachelorstudium (vor allem im Modul 05001: Erziehung, Bildung und Sozialisation in vergleichender und interkultureller Perspektive) und im daran anschlie\u00dfenden Masterstudium (vor allem im Modul 10001: Bildung, Staat und Gesellschaft in internationaler und interkultureller Perspektive), sowie in den interdisziplin\u00e4ren Studienanteilen (ISA).<\/p>\n\n\n\n<p> <\/p>\n\n\n\n<h3>Lehrveranstaltungen<\/h3>\n\n\n\n<p class=\"has-medium-font-size\"><strong>Lehrveranstaltungen im Fr\u00fchjahrtrimester 2024<\/strong><\/p>\n\n\n\n<p style=\"font-size:16px\"><strong>BA Modul BuErz 05001: Erziehung, Bildung und Sozialisation im Kontext von Globalisierungs- und Migrationsprozessen<\/strong><\/p>\n\n\n\n<p style=\"font-size:16px\">Vetr. Prof.in&nbsp;<abbr title=\"Doktor\">Dr.<\/abbr> Simona Szakacs-Behling:<\/p>\n\n\n\n<ul class=\"wp-block-list\">\n<li><strong>Bildungssysteme &amp; Sozialisationsinstanzen im innerstaatlichen und internationalen Vergleich: Den vergleichenden Blick verstehen &#8211; Zeiten, R\u00e4ume und Kontexte (in) der vergleichenden Bildungsforschung<\/strong><br>Veranstaltungsnummer: 12604 | Montags 11.30-13.00 Uhr<\/li>\n<\/ul>\n\n\n\n<p style=\"font-size:16px\"><strong>BA Modul BuErz 03001: Wissenschaftstheoretische, geistes- und erfahrungswissenschaftliche Grundlagen der Erziehungswissenschaft<\/strong><\/p>\n\n\n\n<p style=\"font-size:16px\">Vetr. Prof.in&nbsp;<abbr title=\"Doktor\">Dr.<\/abbr> Simona Szakacs-Behling:<\/p>\n\n\n\n<ul class=\"wp-block-list\">\n<li><strong><strong>Geistes- und sozialwissenschaftliche Ans\u00e4tze der Erziehungswissenschaft: Schoolbook Knowledge, Deconstructed &#8211; Comparative Methods of Educational Media Analysis<\/strong><\/strong><br>Veranstaltungsnummer: 12309 | Montags 15.45-17.15 Uhr<\/li>\n\n\n\n<li><strong>Geistes- und sozialwissenschaftliche Ans\u00e4tze der Erziehungswissenschaft: Schoolbook Knowledge, Deconstructed &#8211; Comparative Methods of Educational Media Analysis<\/strong><br>Veranstaltungsnummer: 12306 | Montags 17.30-19.00 Uhr<\/li>\n<\/ul>\n\n\n\n<p class=\"has-medium-font-size\"><strong>Lehrveranstaltungen im Wintertrimester 2024<\/strong><\/p>\n\n\n\n<p style=\"font-size:16px\"><strong>BA Modul BuErz 05001: Erziehung, Bildung und Sozialisation im Kontext von Globalisierungs- und Migrationsprozessen<\/strong><\/p>\n\n\n\n<p style=\"font-size:16px\">Vetr. Prof.in&nbsp;<abbr title=\"Doktor\">Dr.<\/abbr> Simona Szakacs-Behling:<\/p>\n\n\n\n<ul class=\"wp-block-list\">\n<li><strong>Grundlagen und Perspektiven erziehungswissenschaftlicher Migrationsforschung: Migration und Bildung in Forschung und Praxis. Schl\u00fcsselbegriffe, Debatten, Beispiele<\/strong><br>Veranstaltungsnummer: 12507 | Montags 15.45-17.15 Uhr<\/li>\n<\/ul>\n\n\n\n<p style=\"font-size:16px\"><strong>MA Modul BuErz 10001: Erziehung, Staat und Gesellschaft im Kontext von Globalisierungs- und Migrationsprozessen<\/strong><\/p>\n\n\n\n<p style=\"font-size:16px\">Vetr. Prof.in&nbsp;<abbr title=\"Doktor\">Dr.<\/abbr> Simona Szakacs-Behling:<\/p>\n\n\n\n<ul class=\"wp-block-list\">\n<li><strong>Migration und Differenz als erziehungswissenschaftliches Forschungsfeld: Biografieforschung und Sozialisation in Transnationale Konstellationen. Mikroperspektiven auf Schule und Bildung<\/strong><br>Veranstaltungsnummer: 121103 | Montags 14.00-15.30 Uhr<\/li>\n\n\n\n<li><strong>Migration und Differenz als erziehungswissenschaftliches Forschungsfeld: Biografieforschung und Sozialisation in Transnationale Konstellationen. Mikroperspektiven auf Schule und Bildung<\/strong><br>Veranstaltungsnummer: 121102 | Dienstags 14.00-15.30 Uhr<\/li>\n<\/ul>\n\n\n\n<p class=\"has-medium-font-size\"><strong>Lehrveranstaltungen im Herbsttrimester 2023<\/strong><\/p>\n\n\n\n<p style=\"font-size:16px\"><strong>MA Modul BuErz 10001: Erziehung, Staat und Gesellschaft im Kontext von Globalisierungs- und Migrationsprozessen<\/strong><\/p>\n\n\n\n<p style=\"font-size:16px\">Vetr. Prof.in&nbsp;<abbr title=\"Doktor\">Dr.<\/abbr> Simona Szakacs-Behling:<\/p>\n\n\n\n<ul class=\"wp-block-list\">\n<li><strong>Schule jenseits des Nationalstaates: Makro- und Mesoperspektiven auf die formale Bildung<\/strong><br>Veranstaltungsnummer: 12.1005 | Montags 09.45-11.15 Uhr<\/li>\n\n\n\n<li><strong>Schule jenseits des Nationalstaates: Makro- und Mesoperspektiven auf die formale Bildung<\/strong><br>Veranstaltungsnummer: 12.1006 | Montags 11.30-13.00 Uhr<\/li>\n<\/ul>\n\n\n\n<p style=\"font-size:16px\">Gizem Irmak Sel&nbsp;(M.A.) (Lehrauftrag der Fakult\u00e4t f\u00fcr Geistes- und Sozialwissenschaften):<\/p>\n\n\n\n<ul class=\"wp-block-list\">\n<li><strong>Pedagogy of Care: Diversity and Inequality in Transnational Care Context<\/strong><br>Veranstaltungsnummer: 121007 | Dienstags 15.45-17.15 Uhr<\/li>\n\n\n\n<li><strong>Pedagogy of Care: Diversity and Inequality in Transnational Care Context<\/strong><br>Veranstaltungsnummer: 121008 | Dienstags 17.30-19.00 Uhr<\/li>\n<\/ul>\n\n\n\n<p class=\"has-medium-font-size\" style=\"font-style:normal;font-weight:500\"><strong>Lehrveranstaltungen im Fru\u0308hjahrstrimester 2023<\/strong><\/p>\n\n\n\n<p style=\"font-size:16px\"><strong>BA Modul BuErz 03001<\/strong> <strong>Wissenschaftstheoretische, geistes-und erfahrungswissenschaftliche Grundlagen der Erziehungswissenschaft<\/strong><\/p>\n\n\n\n<p style=\"font-size:16px\">Vetr. Prof.in&nbsp;<abbr title=\"Doktor\">Dr.<\/abbr> Simona Szakacs-Behling:<\/p>\n\n\n\n<ul class=\"wp-block-list\" style=\"font-size:16px\">\n<li><strong>Geistes- und sozialwissenschaftliche Ans\u00e4tze der Erziehungswissenschaft: Comparative and Historical Educational Media Research-Methodological Approaches and their Application<\/strong><br>Veranstaltungsnummer: 12.305 | Dienstags 17.30-19.00 Uhr<\/li>\n<\/ul>\n\n\n\n<p style=\"font-size:16px\"><strong>BA Modul BuErz 05001<\/strong> <strong>Erziehung, Bildung und Sozialisation im Kontext von Globalisierungs- und Migrationsprozessen<\/strong><\/p>\n\n\n\n<p style=\"font-size:16px\">Vetr. Prof.in&nbsp;<abbr title=\"Doktor\">Dr.<\/abbr> Simona Szakacs-Behling:<\/p>\n\n\n\n<ul class=\"wp-block-list\">\n<li><strong>Bildungssysteme &amp; Sozialisationsinstanzen im innerstaatlichen und internationalen Vergleich: Vergleichende Bildungsforschung am Wendepunkt. Geschichte, methodologisches Instrumentarium und aktuelle theoretische Debatten<\/strong><br>Veranstaltungsnummer: 12.603 | Mittwochs 11.30-13.00 Uhr<\/li>\n\n\n\n<li><strong>Bildungssysteme &amp; Sozialisationsinstanzen im innerstaatlichen und internationalen Vergleich: Vergleichende Bildungsforschung am Wendepunkt. Geschichte, methodologisches Instrumentarium und aktuelle theoretische Debatten<\/strong><br>Veranstaltungsnummer: 12.604 | Dienstags 14.00-15.30 Uhr<\/li>\n<\/ul>\n\n\n\n<p style=\"font-size:16px\">Dr.in Susann Hofbauer :<\/p>\n\n\n\n<ul class=\"wp-block-list\">\n<li><strong>Bildungssysteme und Sozialisationsinstanzen im innerstaatlichen und internationalen Vergleich: Bildung nach PISA<\/strong><br>Veranstaltungsnummer: 12.601 | Montags 14.00-15.30 Uhr<\/li>\n\n\n\n<li><strong>Bildungssysteme und Sozialisationsinstanzen im innerstaatlichen und internationalen Vergleich: Bildung nach PISA<\/strong><br>Veranstaltungsnummer: 12.602 | Montags 15.45-17.15 Uhr<\/li>\n<\/ul>\n\n\n\n<h2 class=\"wp-block-heading has-medium-font-size\" style=\"font-style:normal;font-weight:500\"><strong><strong>Lehrveranstaltungen im Wintertrimester 2023<\/strong><\/strong><\/h2>\n\n\n\n<p style=\"font-size:16px\"><strong>BA Modul BuErz 05001<\/strong> <strong>Erziehung, Bildung und Sozialisation im Kontext von Globalisierungs- und Migrationsprozessen<\/strong><\/p>\n\n\n\n<p style=\"font-size:16px\">Vetr. Prof.in&nbsp;<abbr title=\"Doktor\">Dr.<\/abbr> Simona Szakacs-Behling:<\/p>\n\n\n\n<ul class=\"wp-block-list\">\n<li><strong>Migration und Bildung in Forschung und Praxis: Schl\u00fcsselbegriffe, Debatten, Beispiele<\/strong><br>Veranstaltungsnummer: 12.507 | Donnerstags 9.00-10.30 Uhr<\/li>\n\n\n\n<li><strong>Migration und Bildung in Forschung und Praxis: Schl\u00fcsselbegriffe, Debatten, Beispiele<\/strong><br>Veranstaltungsnummer: 12.508 | Donnerstags 10.45-12.15 Uhr<\/li>\n<\/ul>\n\n\n\n<p style=\"font-size:16px\">Dr.in Aysun Dogmus: &nbsp;<\/p>\n\n\n\n<ul class=\"wp-block-list\">\n<li><strong>Rassismuskritische Professionalisierung in Schulentwicklungsprozessen<\/strong><br>Veranstaltungsnummer: 12.506 | Montags 15.45-17.15 Uhr<\/li>\n\n\n\n<li><strong>Rassismuskritische Professionalisierung in Schulentwicklungsprozessen<\/strong><br>Veranstaltungsnummer: 12.509 | Montags 17.30-19.00 Uhr<\/li>\n<\/ul>\n\n\n\n<p style=\"font-size:16px\"><strong>MA Modul BuErz 10001 Erziehung, Staat und Gesellschaft im Kontext von Globalisierungs- und Migrationsprozessen<\/strong><\/p>\n\n\n\n<p style=\"font-size:16px\">Vetr. Prof.in&nbsp;<abbr title=\"Doktor\">Dr.<\/abbr> Simona Szakacs-Behling:<\/p>\n\n\n\n<ul class=\"wp-block-list\">\n<li><strong>Bildungsbiographien, Sozialisation und Ungleichheit im Kontext von (Trans-)Migration<\/strong><br>Veranstaltungsnummer: 12.1102 | Mittwochs 11.30-13.00 Uhr<\/li>\n<\/ul>\n\n\n\n<p style=\"font-size:16px\">Lisa M. Rosen:<\/p>\n\n\n\n<ul class=\"wp-block-list\">\n<li><strong>Diversit\u00e4tssensible Hochschulentwicklung im Kontext transnationaler Bildungsreformen: Historische Perspektiven, theoretische Grundlagen und aktuelle Diskurse<\/strong><br>Veranstaltungsnummer: 12.1103 | Mittwochs 11.30-13.00 Uhr<\/li>\n<\/ul>\n\n\n\n<h2 class=\"wp-block-heading has-medium-font-size\" style=\"font-style:normal;font-weight:600\">Lehrveranstaltungen im Herbsttrimester 2022<\/h2>\n\n\n\n<p style=\"font-size:16px\"><strong>BA Modul Modul BuErz 06001<\/strong> <strong>Aktuelle Forschungsbeitr\u00e4ge und Diskurse in der Allgemeinen Erziehungswissenschaft<\/strong><\/p>\n\n\n\n<p style=\"font-size:16px\">Vetr. Prof.in <abbr title=\"Doktor\">Dr.<\/abbr> Simona Szak\u00e1cs-Behling:<\/p>\n\n\n\n<ul class=\"wp-block-list\" style=\"font-size:16px\">\n<li><strong>Migrant*innen, Migration, \u201eAndere\u201d \u2013 Offizielle Wissensproduktion in deutschen Bildungsmedien<\/strong><br>Veranstaltungsnummer:&nbsp;12.701| Montags 09.45 \u2013 11.15 Uhr<\/li>\n<\/ul>\n\n\n\n<p style=\"font-size:16px\"><strong>MA Modul BuErz 10001 Erziehung, Staat und Gesellschaft im Kontext von Globalisierungs- und Migrationsprozessen<\/strong><\/p>\n\n\n\n<p style=\"font-size:16px\">Dr.in Aysun Do\u011fmu\u015f:<\/p>\n\n\n\n<ul class=\"wp-block-list\" style=\"font-size:16px\">\n<li><strong>Rassismus im Diskurs \u2013 Deutungsk\u00e4mpfe in Bildungsinstitutionen<\/strong><br>Veranstaltungsnummer: 12.1006 | Montags 09.45-11.15 Uhr<\/li>\n<\/ul>\n\n\n\n<p style=\"font-size:16px\">Vetr. Prof.in <abbr title=\"Doktor\">Dr.<\/abbr> Simona Szak\u00e1cs-Behling:<\/p>\n\n\n\n<ul class=\"wp-block-list\">\n<li><strong>Schule jenseits des Nationalstaates: Grenz\u00fcberschreitende Aspekte der formalen Bildung im Kontext von Heterogenit\u00e4t und Globalisierung<\/strong><br>Veranstaltungsnummer:&nbsp;12.1005 | Montags 11.30 \u2013 13.00Uhr<\/li>\n\n\n\n<li><strong>Schule jenseits des Nationalstaates: Grenz\u00fcberschreitende Aspekte der formalen Bildung im Kontext von Heterogenit\u00e4t und Globalisierung<\/strong><br>Veranstaltungsnummer:&nbsp;12.1007 | Dienstags 11.30 \u2013 13.00Uhr<\/li>\n<\/ul>\n\n\n\n<h2 class=\"wp-block-heading has-medium-font-size\" style=\"font-style:normal;font-weight:500\">Lehrveranstaltungen im Fr\u00fchjahrstrimester 2022<\/h2>\n\n\n\n<p style=\"font-size:16px\"><strong>BA Modul BuErz 05001<\/strong> Erziehung, Bildung und Sozialisation im Kontext von Globalisierungs- und Migrationsprozessen<\/p>\n\n\n\n<p style=\"font-size:16px\">Asl\u0131 Polatdemir (M.A.) (Lehrauftrag der Fakult\u00e4t f\u00fcr Geistes- und Sozialwissenschaften):<\/p>\n\n\n\n<p style=\"font-size:16px\"><strong>Anti-Feminismus: Kritische Betrachtung der aktuellen (transnationalen) Debatten<\/strong> (Onlineseminar)<br>Modul: BuErz 05001 | Termin und Uhrzeit: 11.04.2022 10:00-13:00 Uhr; 29.04.2022 15:30-18:30 Uhr; <br>30.04.2022 10:00-17:00 Uhr; 06.05.2022 15:30-18:30 Uhr; 07.05.2022 10:00-13:00 Uhr<\/p>\n\n\n\n<p style=\"font-size:16px\">Dr.in Janina M. Vernal Schmidt (Lehrauftrag der Fakult\u00e4t f\u00fcr Geistes- und Sozialwissenschaften):<\/p>\n\n\n\n<p style=\"font-size:16px\"><strong>Differenz und Diskriminierung \u2013 Kritik und Reflexivit\u00e4t in Migrationsverh\u00e4ltnissen?<\/strong> (Pr\u00e4senzseminar)<br>Modul: BuErz 05001 | Termine und Uhrzeiten: 11.4.22 10-11:30 Uhr; 29.4.22 15:30-18:30 Uhr;&nbsp;02.05.22 10:00-12:00&nbsp;Uhr; 13.05.22 15:30-18:30 Uhr;&nbsp;16.05.22 10:00-12:00&nbsp;Uhr; 10.06.22 15:30-18:30 Uhr; 13.06.22 10:00-12:00 Uhr; 27.06.22 10:00-11:30 (alle Angaben s.t.)<br><\/p>\n\n\n\n<h2 class=\"wp-block-heading has-medium-font-size\" id=\"block-101468bb-8b8f-4d4a-8f5a-545e989808c8\" style=\"font-style:normal;font-weight:500\">Lehrveranstaltungen im Wintertrimester 2022&nbsp;&nbsp;&nbsp;&nbsp;&nbsp;&nbsp;&nbsp;&nbsp;&nbsp;&nbsp;&nbsp;&nbsp;&nbsp;&nbsp;&nbsp;&nbsp;&nbsp;&nbsp;&nbsp;&nbsp;&nbsp;&nbsp;&nbsp;&nbsp;&nbsp;&nbsp;&nbsp;&nbsp;&nbsp;&nbsp;&nbsp;&nbsp;&nbsp;&nbsp;&nbsp;&nbsp;&nbsp;&nbsp;&nbsp;&nbsp;&nbsp;&nbsp;&nbsp;&nbsp;&nbsp;&nbsp;&nbsp;&nbsp;&nbsp;&nbsp;&nbsp;&nbsp;&nbsp;&nbsp;&nbsp;&nbsp;&nbsp;&nbsp;&nbsp;&nbsp;&nbsp;&nbsp;&nbsp;&nbsp;&nbsp;&nbsp;&nbsp;&nbsp;&nbsp;&nbsp;&nbsp;&nbsp;&nbsp;&nbsp;&nbsp;&nbsp;&nbsp;&nbsp;&nbsp;&nbsp;&nbsp;&nbsp;&nbsp;&nbsp;&nbsp;&nbsp;&nbsp;&nbsp;&nbsp;&nbsp;&nbsp;&nbsp;&nbsp;&nbsp;&nbsp;&nbsp;&nbsp;&nbsp;&nbsp;&nbsp;&nbsp;&nbsp;&nbsp;&nbsp;&nbsp;&nbsp;&nbsp;&nbsp;&nbsp;&nbsp;&nbsp;&nbsp;&nbsp;&nbsp;&nbsp;&nbsp;&nbsp;&nbsp;&nbsp;&nbsp;&nbsp;&nbsp;&nbsp;&nbsp;&nbsp;&nbsp;&nbsp;&nbsp;&nbsp;&nbsp;&nbsp;&nbsp;&nbsp;&nbsp;&nbsp;&nbsp;&nbsp;&nbsp;&nbsp;&nbsp;&nbsp;&nbsp;&nbsp;&nbsp;&nbsp;&nbsp;&nbsp;&nbsp;&nbsp;&nbsp;&nbsp;&nbsp;&nbsp;&nbsp;&nbsp;&nbsp;&nbsp;&nbsp;&nbsp;&nbsp;&nbsp;&nbsp;&nbsp;&nbsp;&nbsp;&nbsp;&nbsp;&nbsp;&nbsp;&nbsp;&nbsp;&nbsp;&nbsp;&nbsp;&nbsp;&nbsp;&nbsp;&nbsp;&nbsp;&nbsp;&nbsp;&nbsp;&nbsp;&nbsp;&nbsp;&nbsp;&nbsp;&nbsp;&nbsp;&nbsp;&nbsp;&nbsp;&nbsp;&nbsp;&nbsp;&nbsp;&nbsp;&nbsp;&nbsp;&nbsp;&nbsp;&nbsp;&nbsp;&nbsp;&nbsp;&nbsp;&nbsp;&nbsp;&nbsp;&nbsp;&nbsp;&nbsp;&nbsp;&nbsp;<\/h2>\n\n\n\n<p style=\"font-size:16px\"><strong>BA Modul BuErz 05001<\/strong> Erziehung, Bildung und Sozialisation im Kontext von Globalisierungs- und Migrationsprozessen<\/p>\n\n\n\n<p style=\"font-size:16px\"><abbr title=\"Professor\">Prof.<\/abbr>&#8218;in <abbr title=\"Doktor\">Dr.<\/abbr> Mechtild Gomolla:<\/p>\n\n\n\n<p style=\"font-size:16px\"><strong>Bildung in der (Post-)Migrationsgesellschaft: Historischer Hintergrund, aktuelle Entwicklungen, Problemfelder und Diskurse<\/strong><br>Kurs 1: Veranstaltungsnummer: 12507 | Modul: BuErz 05001 | Montag: 12.00 \u2013 13.30 Uhr<\/p>\n\n\n\n<p style=\"font-size:16px\"><abbr title=\"Professor\">Prof.<\/abbr>&#8218;in <abbr title=\"Doktor\">Dr.<\/abbr> Mechtild Gomolla:<\/p>\n\n\n\n<p style=\"font-size:16px\"><strong>Bildung in der (Post-)Migrationsgesellschaft: Historischer Hintergrund, aktuelle Entwicklungen, Problemfelder und Diskurse<\/strong><br>Kurs 2: Veranstaltungsnummer: 12506 | Modul: BuErz 05001 | Montag: 14.00 \u2013 15.30 Uhr<\/p>\n\n\n\n<p style=\"font-size:16px\"><strong>MA Modul BuErz 10001 <\/strong>Erziehung, Staat und Gesellschaft im Kontext von Globalisierungs- und Migrationsprozessen<\/p>\n\n\n\n<p style=\"font-size:16px\">Dr.in Ellen Kollender:<\/p>\n\n\n\n<p style=\"font-size:16px\"><strong>Struktureller Rassismus &#8211; was ist das eigentlich und wie artikuliert er sich in staatlichen (Bildungs-)Institutionen? Theorien und Analysen<\/strong><br>Veranstaltungsnummer:&nbsp;121005 |&nbsp;Modul: BuErz 10001 | Dienstag: 18.00 \u2013 19.30 Uhr<\/p>\n\n\n\n<p style=\"font-size:16px\">Dr.in Aysun Do\u011fmu\u015f:<\/p>\n\n\n\n<p class=\"has-text-align-left\" id=\"block-3db49012-8dad-42bd-b2db-6f6d70b5f3a3\" style=\"font-size:16px\"><strong>Professionalisierung und Schulentwicklung in Migrationsverh\u00e4ltnissen<\/strong><br>Veranstaltungsnummer: 121008 | Modul: BuErz 10001 | Mittwochs: 10.00 \u2013 11.30 Uhr<\/p>\n\n\n\n<p style=\"font-size:16px\"><abbr title=\"Professor\">Prof.<\/abbr>&#8218;in <abbr title=\"Doktor\">Dr.<\/abbr> Mechtild Gomolla:<\/p>\n\n\n\n<p style=\"font-size:16px\"><strong>Bildungsgerechtigkeit in der (Post-)Migrationsgesellschaft: Philosophische Zug\u00e4nge, aktuelle Diskurse, empirische Zug\u00e4nge und Interventionsm\u00f6glichkeiten<\/strong><br>Veranstaltungsnummer: 121.101 | Modul: BuErz 10001 | Mittwoch: 12.00 \u2013 13.30 Uhr<\/p>\n\n\n\n<p style=\"font-size:16px\"><strong>Modul interdisziplin\u00e4ren Studienanteilen (ISA)<\/strong><\/p>\n\n\n\n<p style=\"font-size:16px\">Dr.in Ellen Kollender:<\/p>\n\n\n\n<p style=\"font-size:16px\"><strong>Rassismus und Rechtsextremismus als Herausforderungen f\u00fcr (au\u00dfer-)schulische Bildungsprozesse<\/strong><br>Veranstaltungsnummer:&nbsp;12101 |&nbsp;Modul: ISA | Montag: 16.00 \u2013 17.30 Uhr<\/p>\n\n\n\n<p><\/p>\n\n\n\n<p><\/p>\n\n\n\n<p><\/p>\n\n\n<p><\/p>\n<h3>Informationen f\u00fcr Studierende<\/h3>\n<p><strong>Hinweise und Anregungen zum wissenschaftlichen Arbeiten<\/strong> (<strong>Ein Leitfaden<\/strong>)<\/p>\n<p>\u00a0 \u00a0 \u00a0 \u00a0 \u00a0 \u00b7 <a href=\"https:\/\/www.hsu-hh.de\/ivb\/wp-content\/uploads\/sites\/843\/2020\/10\/Hinweise-und-Anregungen-zum-wissenschaftlichen-Arbeiten-2.pdf\">Zum Leitfaden<\/a><\/p>\n<p><strong>Hinweise zur Abgabe von Hausarbeiten<\/strong><\/p>\n<p style=\"padding-left: 40px\">\u00b7 Geben Sie Ihre Hausarbeit frist- und formgerecht bei Frau Vo\u00df im Geb. H4, R. 118 ab oder nutzen Sie den Briefkasten auf dem\u00a0 \u00a0 \u00a0 \u00a0 \u00a0 \u00a0Flur.\u00a0 \u00a0 \u00a0 \u00a0 \u00a0 \u00a0 \u00a0 \u00a0 \u00a0 \u00a0 \u00a0 \u00a0 \u00a0 \u00a0 \u00a0 \u00a0 \u00a0 \u00a0 \u00a0 \u00a0 \u00a0 \u00a0 \u00a0 \u00a0 \u00a0 \u00a0 \u00a0 \u00a0 \u00a0 \u00a0 \u00a0 \u00a0 \u00a0 \u00a0 \u00a0 \u00a0 \u00a0 \u00a0 \u00a0 \u00a0 \u00a0 \u00a0 \u00a0 \u00a0 \u00a0 \u00a0 \u00a0 \u00a0 \u00a0 \u00a0 \u00a0 \u00a0 \u00a0 \u00a0 \u00a0 \u00a0 \u00a0 \u00a0 \u00a0 \u00a0 \u00a0 \u00a0 \u00a0 \u00a0 \u00a0 \u00a0 \u00a0 \u00a0 \u00a0 \u00a0 \u00a0 \u00a0 \u00a0 \u00a0 \u00a0 \u00a0 \u00a0 \u00a0 \u00a0 \u00a0 \u00a0 \u00a0 \u00a0 \u00a0 \u00a0 \u00a0 \u00a0 \u00a0 \u00a0 \u00a0 \u00a0 \u00a0 \u00a0 \u00a0 \u00a0 \u00a0 \u00a0 \u00a0 \u00a0 \u00a0 \u00a0 \u00a0 \u00a0 \u00a0 \u00a0 \u00a0 \u00a0 \u00a0 \u00a0 \u00a0 \u00a0 \u00a0 \u00a0 \u00a0 \u00a0 \u00a0 \u00a0 \u00a0 \u00a0 \u00a0 \u00a0 \u00a0Achten Sie auf ein vollst\u00e4ndiges Deckblatt und die Eigenst\u00e4ndigkeitserkl\u00e4rung!<\/p>\n<p style=\"padding-left: 40px;text-align: left\">\u00b7 Senden Sie zus\u00e4tzlich eine digitale Version Ihrer Hausarbeit zur Plagiatspr\u00fcfung an Frau Vo\u00df (diana.voss@hsu-hh.de).\u00a0 \u00a0 \u00a0 \u00a0 \u00a0 \u00a0 \u00a0 \u00a0 \u00a0 \u00a0 \u00a0 \u00a0 Wichtig!: Aus Datenschutzgr\u00fcnden darf der Name des Verfassers \/ der Verfasserin aus dem Dokument nicht hervorgehen!\u00a0 \u00a0 \u00a0 \u00a0 \u00a0 \u00a0 \u00a0 \u00a0 \u00a0 Senden Sie die digitale Version der Hausarbeit deshalb immer ohne Deckblatt und Eigenst\u00e4ndigkeitserkl\u00e4rung an Frau Vo\u00df!<\/p>\n<p style=\"padding-left: 40px;text-align: left\">\u00b7 Werfen Sie Ihre Hausarbeit niemals in den fristwahrenden Briefkasten vor dem Pr\u00fcfungsamt!<\/p>\n<p style=\"padding-left: 40px;text-align: left\">Helfen Sie, unn\u00f6tigen Plastikm\u00fcll zu vermeiden und geben Sie Ihre Hausarbeiten u.\u00e4. bitte ohne Plastikfolien oder -mappen ab!\u00a0<\/p>\n<\/p>\n<p><strong>Ehrenamtliche Mentor*innen f\u00fcr KinderHelden gesucht!\u00a0<\/strong><\/p>\n<p>\u00a0 \u00a0 \u00a0 \u00a0 \u00a0 \u00b7 In dem Projekt KinderHelden werden durch Ermutigung und Aufmerksamkeit in einer 1:1-F\u00f6rderung die Bildungschancen ab\u00a0 \u00a0 \u00a0 \u00a0 \u00a0 \u00a0 \u00a0 \u00a0 \u00a0 \u00a0 \u00a0dem Grundschulalter gest\u00e4rkt. Weitere Informationen zu dem Projekt finden Sie <a href=\"https:\/\/www.hsu-hh.de\/ivb\/?p=1893\">hier<\/a> und in diesem <a href=\"https:\/\/www.youtube.com\/watch?v=Vih8FbTnYXg\" rel='nofollow'>Video<\/a>\u00a0<\/p>\n<p><\/p>\n<h3>Bachelor- und Masterarbeiten<\/h3>\n<p>An der Professur betreute <a href=\"https:\/\/www.hsu-hh.de\/ivb\/b-und-marbeiten\/\">Bachelor- und Masterarbeiten\u00a0<\/a><\/p>\n<p><\/p>\n<h3>Doktorand*innenkolloquium<\/h3>\n<p>Das Doktorand*innenkolloquium findet in der Regel einmal im Trimester (dreimal im Jahr) als eint\u00e4gige Blockveranstaltung an der Helmut-Schmidt-Universit\u00e4t statt. Im Rahmen der Sitzungen werden aktuelle Dissertationsprojekte mit einem thematischen Bezug zu den Forschungs- und Lehrgebieten der Professur vorgestellt und diskutiert. Promovierende und an einer Promotion Interessierte sind herzlich eingeladen. Kontakt: Lisa M. Rosen <a href=\"mailto:lisa.rosen@hsu-hh.de\" rel='nofollow'>lisa.rosen@hsu-hh.de<\/a><\/p>\n<p><\/p>\n<p><\/p>\n\n\n<p><\/p>\n","protected":false},"excerpt":{"rendered":"<p>Unsere&nbsp;Interessens- und Forschungsschwerpunkte&nbsp;bilden auch die Grundlage unseres Lehrangebots im Studiengang Bildungs- und Erziehungswissenschaft, im Bachelorstudium (vor allem im Modul 05001: Erziehung, Bildung und Sozialisation in vergleichender und interkultureller Perspektive) und [&hellip;]<\/p>\n","protected":false},"author":26,"featured_media":0,"parent":0,"menu_order":0,"comment_status":"closed","ping_status":"closed","template":"","meta":{"footnotes":""},"categories":[4],"tags":[],"class_list":["post-116","page","type-page","status-publish","hentry","category-forschung"],"_links":{"self":[{"href":"https:\/\/www.hsu-hh.de\/ivb\/wp-json\/wp\/v2\/pages\/116","targetHints":{"allow":["GET"]}}],"collection":[{"href":"https:\/\/www.hsu-hh.de\/ivb\/wp-json\/wp\/v2\/pages"}],"about":[{"href":"https:\/\/www.hsu-hh.de\/ivb\/wp-json\/wp\/v2\/types\/page"}],"author":[{"embeddable":true,"href":"https:\/\/www.hsu-hh.de\/ivb\/wp-json\/wp\/v2\/users\/26"}],"replies":[{"embeddable":true,"href":"https:\/\/www.hsu-hh.de\/ivb\/wp-json\/wp\/v2\/comments?post=116"}],"version-history":[{"count":101,"href":"https:\/\/www.hsu-hh.de\/ivb\/wp-json\/wp\/v2\/pages\/116\/revisions"}],"predecessor-version":[{"id":3498,"href":"https:\/\/www.hsu-hh.de\/ivb\/wp-json\/wp\/v2\/pages\/116\/revisions\/3498"}],"wp:attachment":[{"href":"https:\/\/www.hsu-hh.de\/ivb\/wp-json\/wp\/v2\/media?parent=116"}],"wp:term":[{"taxonomy":"category","embeddable":true,"href":"https:\/\/www.hsu-hh.de\/ivb\/wp-json\/wp\/v2\/categories?post=116"},{"taxonomy":"post_tag","embeddable":true,"href":"https:\/\/www.hsu-hh.de\/ivb\/wp-json\/wp\/v2\/tags?post=116"}],"curies":[{"name":"wp","href":"https:\/\/api.w.org\/{rel}","templated":true}]}}