{"id":73,"date":"2017-07-03T15:52:08","date_gmt":"2017-07-03T13:52:08","guid":{"rendered":"https:\/\/www.hsu-hh.de\/vorlage\/?page_id=73"},"modified":"2024-10-21T16:33:08","modified_gmt":"2024-10-21T14:33:08","slug":"startseite","status":"publish","type":"page","link":"https:\/\/www.hsu-hh.de\/it-gws\/","title":{"rendered":"IT-Koordination GWS"},"content":{"rendered":"\n<p>Die <abbr title=\"Informationstechnologie\">IT<\/abbr>-GWS ist Ansprechpartnerin f\u00fcr vielf\u00e4ltige Anliegen und stellt dem akademischen Bereich der Fakult\u00e4ten Geistes- und Sozialwissenschaften sowie Wirtschafts- und Sozialwissenschaften ein Betreuungsangebot in allen <abbr title=\"Informationstechnologie\">IT<\/abbr>&#8211; und EDV-Belangen zur Verf\u00fcgung. <\/p>\n\n\n\n<p>So organisiert sie die Ausstattung, stellt den Betrieb sicher, unterh\u00e4lt die fakult\u00e4ren <abbr title=\"Personal Computer\">PC<\/abbr>-Labore, realisiert vielf\u00e4ltige Anwendungen f\u00fcr Lehre und Forschung und fungiert als zentrale Schnittstelle der Fakult\u00e4ten zu <abbr title=\"Informationstechnologie\">IT<\/abbr>&#8211; relevanten Akteuren der Universit\u00e4t. <\/p>\n\n\n\n<p>Die <abbr title=\"Informationstechnologie\">IT<\/abbr>-GWS betreut dabei sowohl eigene Infrastruktur und spezifische Softwarel\u00f6sungen wie auch diverse Campuslizenzen und stellt gleicherma\u00dfen den Support der Endnutzenden sicher.<\/p>\n\n\n\n<p class=\"has-text-align-left\">Universit\u00e4tsangeh\u00f6rige finden weitere Informationen im <a href=\"https:\/\/ilias.hsu-hh.de\/goto.php?target=cat_366839&amp;client_id=unibw\" target=\"_blank\" rel=\"noreferrer noopener\">internen Bereich der <abbr title=\"Informationstechnologie\">IT<\/abbr>-GWS<\/a>.<\/p>\n\n\n\n<figure class=\"wp-block-image size-large\"><img loading=\"lazy\" decoding=\"async\" width=\"1017\" height=\"491\" src=\"https:\/\/www.hsu-hh.de\/edv\/wp-content\/uploads\/sites\/751\/2021\/08\/Word-Art-8.png\" data-credit=\"EDV-Koordination\" alt=\"hashtagwolke\" class=\"wp-image-146\" srcset=\"https:\/\/www.hsu-hh.de\/it-gws\/wp-content\/uploads\/sites\/751\/2021\/08\/Word-Art-8.png 1017w, https:\/\/www.hsu-hh.de\/it-gws\/wp-content\/uploads\/sites\/751\/2021\/08\/Word-Art-8-300x145.png 300w, https:\/\/www.hsu-hh.de\/it-gws\/wp-content\/uploads\/sites\/751\/2021\/08\/Word-Art-8-768x371.png 768w\" sizes=\"auto, (max-width: 1017px) 100vw, 1017px\" \/><\/figure>\n","protected":false},"excerpt":{"rendered":"<p>Die IT-GWS ist Ansprechpartnerin f\u00fcr vielf\u00e4ltige Anliegen und stellt dem akademischen Bereich der Fakult\u00e4ten Geistes- und Sozialwissenschaften sowie Wirtschafts- und Sozialwissenschaften ein Betreuungsangebot in allen IT&#8211; und EDV-Belangen zur Verf\u00fcgung. [&hellip;]<\/p>\n","protected":false},"author":1,"featured_media":0,"parent":0,"menu_order":0,"comment_status":"closed","ping_status":"closed","template":"","meta":{"_EventAllDay":false,"_EventTimezone":"","_EventStartDate":"","_EventEndDate":"","_EventStartDateUTC":"","_EventEndDateUTC":"","_EventShowMap":false,"_EventShowMapLink":false,"_EventURL":"","_EventCost":"","_EventCostDescription":"","_EventCurrencySymbol":"","_EventCurrencyCode":"","_EventCurrencyPosition":"","_EventDateTimeSeparator":"","_EventTimeRangeSeparator":"","_EventOrganizerID":[],"_EventVenueID":[],"_OrganizerEmail":"","_OrganizerPhone":"","_OrganizerWebsite":"","_VenueAddress":"","_VenueCity":"","_VenueCountry":"","_VenueProvince":"","_VenueState":"","_VenueZip":"","_VenuePhone":"","_VenueURL":"","_VenueStateProvince":"","_VenueLat":"","_VenueLng":"","_VenueShowMap":false,"_VenueShowMapLink":false,"footnotes":""},"categories":[35],"tags":[],"class_list":["post-73","page","type-page","status-publish","hentry","category-startseite"],"_links":{"self":[{"href":"https:\/\/www.hsu-hh.de\/it-gws\/wp-json\/wp\/v2\/pages\/73","targetHints":{"allow":["GET"]}}],"collection":[{"href":"https:\/\/www.hsu-hh.de\/it-gws\/wp-json\/wp\/v2\/pages"}],"about":[{"href":"https:\/\/www.hsu-hh.de\/it-gws\/wp-json\/wp\/v2\/types\/page"}],"author":[{"embeddable":true,"href":"https:\/\/www.hsu-hh.de\/it-gws\/wp-json\/wp\/v2\/users\/1"}],"replies":[{"embeddable":true,"href":"https:\/\/www.hsu-hh.de\/it-gws\/wp-json\/wp\/v2\/comments?post=73"}],"version-history":[{"count":13,"href":"https:\/\/www.hsu-hh.de\/it-gws\/wp-json\/wp\/v2\/pages\/73\/revisions"}],"predecessor-version":[{"id":258,"href":"https:\/\/www.hsu-hh.de\/it-gws\/wp-json\/wp\/v2\/pages\/73\/revisions\/258"}],"wp:attachment":[{"href":"https:\/\/www.hsu-hh.de\/it-gws\/wp-json\/wp\/v2\/media?parent=73"}],"wp:term":[{"taxonomy":"category","embeddable":true,"href":"https:\/\/www.hsu-hh.de\/it-gws\/wp-json\/wp\/v2\/categories?post=73"},{"taxonomy":"post_tag","embeddable":true,"href":"https:\/\/www.hsu-hh.de\/it-gws\/wp-json\/wp\/v2\/tags?post=73"}],"curies":[{"name":"wp","href":"https:\/\/api.w.org\/{rel}","templated":true}]}}