{"id":11,"date":"2016-06-07T18:10:35","date_gmt":"2016-06-07T16:10:35","guid":{"rendered":"https:\/\/webbox.hsu-hh.de\/vorlage\/?page_id=11"},"modified":"2024-10-08T13:50:03","modified_gmt":"2024-10-08T11:50:03","slug":"imprint","status":"publish","type":"page","link":"https:\/\/www.hsu-hh.de\/it-gws\/en\/imprint","title":{"rendered":"Imprint"},"content":{"rendered":"<h2>Information according to \u00a7 5 Telemedien Law<\/h2>\n<p><strong>Publisher<\/strong><br \/>\nHelmut-Schmidt-Universit\u00e4t \/ Universit\u00e4t der Bundeswehr Hamburg<br \/>\nFakult\u00e4t f\u00fcr Geistes- und Sozialwissenschaften sowie Fakult\u00e4t f\u00fcr Wirtschafts- und Sozialwissenschaften (<abbr title=\"Informationstechnologie\">IT<\/abbr>-GWS)<br \/>\n<abbr title=\"Informationstechnologie\">IT<\/abbr>-Koordination <abbr title=\"Doktor\">Dr.<\/abbr> Manuel Thiel<br \/>\nHolstenhofweg 85<br \/>\n22043 Hamburg<\/p>\n<p><strong>Telephone<\/strong><br \/>\n(040) 6541-2471<\/p>\n<p><strong>E-Mail<\/strong><br \/>\n<a href=\"mailto:it-gws@hsu-hh.de\" rel='nofollow'>it-gws@hsu-hh.de<\/a><\/p>\n<p><strong>Publisher and persons responsible for the content according to \u00a7 7 Telemedien Law<\/strong><br \/>\nare named seperately on their respective pages.<\/p>\n","protected":false},"excerpt":{"rendered":"<p>Information according to \u00a7 5 Telemedien Law Publisher Helmut-Schmidt-Universit\u00e4t \/ Universit\u00e4t der Bundeswehr Hamburg Fakult\u00e4t f\u00fcr Geistes- und Sozialwissenschaften sowie Fakult\u00e4t f\u00fcr Wirtschafts- und Sozialwissenschaften (IT-GWS) IT-Koordination Dr. Manuel Thiel [&hellip;]<\/p>\n","protected":false},"author":1,"featured_media":0,"parent":0,"menu_order":0,"comment_status":"closed","ping_status":"closed","template":"","meta":{"_EventAllDay":false,"_EventTimezone":"","_EventStartDate":"","_EventEndDate":"","_EventStartDateUTC":"","_EventEndDateUTC":"","_EventShowMap":false,"_EventShowMapLink":false,"_EventURL":"","_EventCost":"","_EventCostDescription":"","_EventCurrencySymbol":"","_EventCurrencyCode":"","_EventCurrencyPosition":"","_EventDateTimeSeparator":"","_EventTimeRangeSeparator":"","_EventOrganizerID":[],"_EventVenueID":[],"_OrganizerEmail":"","_OrganizerPhone":"","_OrganizerWebsite":"","_VenueAddress":"","_VenueCity":"","_VenueCountry":"","_VenueProvince":"","_VenueState":"","_VenueZip":"","_VenuePhone":"","_VenueURL":"","_VenueStateProvince":"","_VenueLat":"","_VenueLng":"","_VenueShowMap":false,"_VenueShowMapLink":false,"footnotes":""},"categories":[7],"tags":[],"class_list":["post-11","page","type-page","status-publish","hentry","category-research"],"_links":{"self":[{"href":"https:\/\/www.hsu-hh.de\/it-gws\/wp-json\/wp\/v2\/pages\/11","targetHints":{"allow":["GET"]}}],"collection":[{"href":"https:\/\/www.hsu-hh.de\/it-gws\/wp-json\/wp\/v2\/pages"}],"about":[{"href":"https:\/\/www.hsu-hh.de\/it-gws\/wp-json\/wp\/v2\/types\/page"}],"author":[{"embeddable":true,"href":"https:\/\/www.hsu-hh.de\/it-gws\/wp-json\/wp\/v2\/users\/1"}],"replies":[{"embeddable":true,"href":"https:\/\/www.hsu-hh.de\/it-gws\/wp-json\/wp\/v2\/comments?post=11"}],"version-history":[{"count":5,"href":"https:\/\/www.hsu-hh.de\/it-gws\/wp-json\/wp\/v2\/pages\/11\/revisions"}],"predecessor-version":[{"id":251,"href":"https:\/\/www.hsu-hh.de\/it-gws\/wp-json\/wp\/v2\/pages\/11\/revisions\/251"}],"wp:attachment":[{"href":"https:\/\/www.hsu-hh.de\/it-gws\/wp-json\/wp\/v2\/media?parent=11"}],"wp:term":[{"taxonomy":"category","embeddable":true,"href":"https:\/\/www.hsu-hh.de\/it-gws\/wp-json\/wp\/v2\/categories?post=11"},{"taxonomy":"post_tag","embeddable":true,"href":"https:\/\/www.hsu-hh.de\/it-gws\/wp-json\/wp\/v2\/tags?post=11"}],"curies":[{"name":"wp","href":"https:\/\/api.w.org\/{rel}","templated":true}]}}