{"id":73,"date":"2017-07-03T15:52:08","date_gmt":"2017-07-03T13:52:08","guid":{"rendered":"https:\/\/www.hsu-hh.de\/vorlage\/?page_id=73"},"modified":"2026-01-07T15:30:06","modified_gmt":"2026-01-07T14:30:06","slug":"startseite","status":"publish","type":"page","link":"https:\/\/www.hsu-hh.de\/isk\/","title":{"rendered":"Professur f\u00fcr Internationale Sicherheitspolitik und Konfliktforschung"},"content":{"rendered":"\n<div style=\"height:20px\" aria-hidden=\"true\" class=\"wp-block-spacer\"><\/div>\n\n\n\n<div class=\"wp-block-media-text is-stacked-on-mobile\" style=\"grid-template-columns:35% auto\"><figure class=\"wp-block-media-text__media\"><img loading=\"lazy\" decoding=\"async\" width=\"945\" height=\"948\" src=\"https:\/\/www.hsu-hh.de\/isk\/wp-content\/uploads\/sites\/682\/2024\/02\/Foto-HSU.jpg\" data-credit=\"HSU\" alt=\"\" class=\"wp-image-3095 size-full\" srcset=\"https:\/\/www.hsu-hh.de\/isk\/wp-content\/uploads\/sites\/682\/2024\/02\/Foto-HSU.jpg 945w, https:\/\/www.hsu-hh.de\/isk\/wp-content\/uploads\/sites\/682\/2024\/02\/Foto-HSU-300x300.jpg 300w, https:\/\/www.hsu-hh.de\/isk\/wp-content\/uploads\/sites\/682\/2024\/02\/Foto-HSU-150x150.jpg 150w, https:\/\/www.hsu-hh.de\/isk\/wp-content\/uploads\/sites\/682\/2024\/02\/Foto-HSU-768x770.jpg 768w, https:\/\/www.hsu-hh.de\/isk\/wp-content\/uploads\/sites\/682\/2024\/02\/Foto-HSU-100x100.jpg 100w\" sizes=\"auto, (max-width: 945px) 100vw, 945px\" \/><\/figure><div class=\"wp-block-media-text__content\">\n<h2 class=\"wp-block-heading\">Herzlich Willkommen<\/h2>\n\n\n\n<p>Die Forschungsschwerpunkte von <abbr title=\"Professor\">Prof.<\/abbr> <abbr title=\"Doktor\">Dr.<\/abbr> Anna Geis und ihrem Team liegen im Bereich der Kritischen Sicherheitsstudien, der Sicherheits-Governance, der Internationalen Politischen Theorie, demokratischer Au\u00dfen- und Sicherheitspolitik, der liberalen Weltordnung und ihrer Herausforderungen. Detaillierte Informationen finden Sie unter <a href=\"https:\/\/www.hsu-hh.de\/isk\/forschung\/\">Forschung<\/a> sowie auf den individuellen Seiten der <a href=\"https:\/\/www.hsu-hh.de\/isk\/team\/\">Teammitglieder<\/a>.<\/p>\n<\/div><\/div>\n\n\n\n<div style=\"height:15px\" aria-hidden=\"true\" class=\"wp-block-spacer\"><\/div>\n\n\n\n<h2 class=\"wp-block-heading\"><em>Aktuelles<\/em><\/h2>\n\n\n\n<hr class=\"wp-block-separator has-alpha-channel-opacity\" \/>\n\n\n\n<p>DFG-F\u00f6rderung f\u00fcr die neue Forschungsgruppe &#8222;<strong>The Promise of Security in Catastrophic Times\u201c<\/strong> , siehe unten &#8222;Aus der Forschung&#8220;<br><a href=\"https:\/\/www.wiso.uni-hamburg.de\/en\/forschung\/verbundprojekte\/ru-promise\/welcome.html\" rel='nofollow'>https:\/\/www.wiso.uni-hamburg.de\/en\/forschung\/verbundprojekte\/ru-promise\/welcome.html<\/a><\/p>\n\n\n\n<p>**<\/p>\n\n\n\n<p><abbr title=\"Professor\">Prof.<\/abbr> Anna Geis ist seit 1.10.2025 Beauftragte f\u00fcr DFG-Angelegenheiten an der <abbr title=\"Helmut Schmidt Universit\u00e4t\">HSU<\/abbr>\/UniBW H.<\/p>\n\n\n\n<div style=\"height:30px\" aria-hidden=\"true\" class=\"wp-block-spacer\"><\/div>\n\n\n\n<hr class=\"wp-block-separator has-alpha-channel-opacity\" \/>\n\n\n\n<h2 class=\"wp-block-heading\"><em>Neue Publikationen:<\/em><\/h2>\n\n\n\n<p>Christian Opitz\/Hanna Pfeifer\/Anna Geis 2025: The Evolution of Domestic Public Diplomacy in Germany: Engaging the \u2018Public\u2019 at Home on Foreign and Security Policy Since 1990, in: Jan Melissen\/ HwaJung Kim\/ Githma Chandrasekara (eds.): Home Engagement in Diplomacy. Global Affairs and Domestic Publics, Leiden: De Gruyter Brill (Diplomatic Studies, Vol. 23), 66-95; <a href=\"https:\/\/brill.com\/display\/book\/9789004738324\/b_9789004738324-005.xml\" rel='nofollow'>Open Access<\/a>: <a href=\"https:\/\/doi.org\/10.1163\/9789004738324_005\" rel='nofollow'>https:\/\/doi.org\/10.1163\/9789004738324_005<\/a><\/p>\n\n\n\n<p>Nora Stappert\/Frank Gadinger\/Stanislav Budnitsky\/Matthias Ecker-Ehrhardt\/Anna Geis\/ David Shim\/Laurenz Krumbacher\/Siddharth Tripathi 2025: Practices of (De)Legitimation in World Politics, in: International Studie<em>s <\/em>Review, 27:1, viae042, <a href=\"https:\/\/doi.org\/10.1093\/isr\/viae042\" rel='nofollow'>https:\/\/doi.org\/10.1093\/isr\/viae042<\/a><\/p>\n\n\n\n<p>Anna Geis\/Nicole Deitelhoff\/Carlo Masala (Hg.) 2024: Der russische Angriffskrieg gegen die Ukraine und die Internationalen Beziehungen, Sonderheft der <em><a href=\"https:\/\/www.nomos-elibrary.de\/10.5771\/0946-7165-2024-2\/zib-zeitschrift-fuer-internationale-beziehungen-jahrgang-31-2024-heft-2\" rel='nofollow'>Zeitschrift f\u00fcr Internationale Beziehungen<\/a><\/em> (zib), 31:2.<\/p>\n\n\n\n<p>Christian Opitz\/Hanna Pfeifer\/Anna Geis 2024: Kontrollierte Politisierung: B\u00fcrgerdialoge im Rahmen der Entwicklung der ersten Nationalen Sicherheitsstrategie in Deutschland, in: <em>Politische Vierteljahresschrift<\/em>, https:\/\/doi.org\/10.1007\/s11615-024-00548-9. <a href=\"https:\/\/link.springer.com\/article\/10.1007\/s11615-024-00548-9?utm_source=rct_congratemailt&amp;utm_medium=email&amp;utm_campaign=oa_20240620&amp;utm_content=10.1007%2Fs11615-024-00548-9#citeas\" rel='nofollow'>Open Access<\/a>.<\/p>\n\n\n\n<p>Christian Opitz 2024: Democratic innovations beyond the deliberative paradigm: a re-conceptualization based on Luhmann\u2019s systems theory, in: Democratization. <a href=\"https:\/\/doi.org\/10.1080\/13510347.2024.2340636\" rel='nofollow'>Open access<\/a>.<\/p>\n\n\n\n<p><\/p>\n\n\n\n<div style=\"height:20px\" aria-hidden=\"true\" class=\"wp-block-spacer\"><\/div>\n\n\n\n<hr class=\"wp-block-separator has-alpha-channel-opacity\" \/>\n\n\n\n<h2 class=\"wp-block-heading\"><em>Aus der Forschung:<\/em><\/h2>\n\n\n\n<p>Die Deutsche Forschungsgemeinschaft (DFG) f\u00f6rdert die Hamburg-basierte <strong>Forschungsgruppe \u201eThe Promise of Security in Catastrophic Times\u201c<\/strong>, die aus Sozialwissenschaftlerinnen und Sozialwissenschaftlern der Universit\u00e4t Hamburg, des Instituts f\u00fcr Friedensforschung und Sicherheitspolitik an der Universit\u00e4t Hamburg (IFSH) und der Helmut-Schmidt-Universit\u00e4t\/Universit\u00e4t der Bundeswehr (<abbr title=\"Helmut Schmidt Universit\u00e4t\">HSU<\/abbr>\/UniBw H) besteht. Sprecherin der Gruppe ist <abbr title=\"Professor\">Prof.<\/abbr> Ursula Schr\u00f6der (IFSH). Die Forschungsgruppe wird ihre Arbeit voraussichtlich zum 1. April 2026 beginnen, F\u00f6rderdauer sind vier Jahre. <abbr title=\"Professor\">Prof.<\/abbr> Anna Geis leitet in der Gruppe ein Teilprojekt zum Thema \u201e<strong>Changing Notions and Practices of Defence and Security in Finland and the Baltic States since 2014\u201c<\/strong>, das an der <abbr title=\"Helmut Schmidt Universit\u00e4t\">HSU<\/abbr> durchgef\u00fchrt wird. Die vorl\u00e4ufige Webseite der Gruppe befindet sich hier: <a href=\"https:\/\/www.wiso.uni-hamburg.de\/en\/forschung\/verbundprojekte\/ru-promise\/welcome.html\" rel='nofollow'>https:\/\/www.wiso.uni-hamburg.de\/en\/forschung\/verbundprojekte\/ru-promise\/welcome.html<\/a><\/p>\n\n\n\n<div style=\"height:20px\" aria-hidden=\"true\" class=\"wp-block-spacer\"><\/div>\n\n\n\n<hr class=\"wp-block-separator has-alpha-channel-opacity\" \/>\n\n\n\n<h2 class=\"wp-block-heading\"><em>Sprechstunden:<\/em><\/h2>\n\n\n\n<p><strong><abbr title=\"Professor\">Prof.<\/abbr> <abbr title=\"Doktor\">Dr.<\/abbr> Anna Geis:<br><\/strong>Bitte einen Termin per Mail vereinbaren. <\/p>\n\n\n\n<p><strong><abbr title=\"Doktor\">Dr.<\/abbr> Alexandra Friede<\/strong><br>Bitte einen Termin per Mail vereinbaren.<\/p>\n\n\n\n<p><strong>Hannah Schnier, <abbr title=\"Master of Science\">M.Sc.<\/abbr><\/strong><br>Bitte einen Termin per Mail vereinbaren.<\/p>\n\n\n\n<div style=\"height:19px\" aria-hidden=\"true\" class=\"wp-block-spacer\"><\/div>\n\n\n\n<hr class=\"wp-block-separator has-alpha-channel-opacity\" \/>\n\n\n\n<div style=\"height:100px\" aria-hidden=\"true\" class=\"wp-block-spacer\"><\/div>\n","protected":false},"excerpt":{"rendered":"<p>Herzlich Willkommen Die Forschungsschwerpunkte von Prof. Dr. Anna Geis und ihrem Team liegen im Bereich der Kritischen Sicherheitsstudien, der Sicherheits-Governance, der Internationalen Politischen Theorie, demokratischer Au\u00dfen- und Sicherheitspolitik, der liberalen [&hellip;]<\/p>\n","protected":false},"author":1,"featured_media":0,"parent":0,"menu_order":0,"comment_status":"closed","ping_status":"closed","template":"","meta":{"footnotes":""},"categories":[35],"tags":[],"class_list":["post-73","page","type-page","status-publish","hentry","category-startseite"],"_links":{"self":[{"href":"https:\/\/www.hsu-hh.de\/isk\/wp-json\/wp\/v2\/pages\/73","targetHints":{"allow":["GET"]}}],"collection":[{"href":"https:\/\/www.hsu-hh.de\/isk\/wp-json\/wp\/v2\/pages"}],"about":[{"href":"https:\/\/www.hsu-hh.de\/isk\/wp-json\/wp\/v2\/types\/page"}],"author":[{"embeddable":true,"href":"https:\/\/www.hsu-hh.de\/isk\/wp-json\/wp\/v2\/users\/1"}],"replies":[{"embeddable":true,"href":"https:\/\/www.hsu-hh.de\/isk\/wp-json\/wp\/v2\/comments?post=73"}],"version-history":[{"count":260,"href":"https:\/\/www.hsu-hh.de\/isk\/wp-json\/wp\/v2\/pages\/73\/revisions"}],"predecessor-version":[{"id":3738,"href":"https:\/\/www.hsu-hh.de\/isk\/wp-json\/wp\/v2\/pages\/73\/revisions\/3738"}],"wp:attachment":[{"href":"https:\/\/www.hsu-hh.de\/isk\/wp-json\/wp\/v2\/media?parent=73"}],"wp:term":[{"taxonomy":"category","embeddable":true,"href":"https:\/\/www.hsu-hh.de\/isk\/wp-json\/wp\/v2\/categories?post=73"},{"taxonomy":"post_tag","embeddable":true,"href":"https:\/\/www.hsu-hh.de\/isk\/wp-json\/wp\/v2\/tags?post=73"}],"curies":[{"name":"wp","href":"https:\/\/api.w.org\/{rel}","templated":true}]}}