{"id":627,"date":"2018-01-11T10:51:43","date_gmt":"2018-01-11T09:51:43","guid":{"rendered":"https:\/\/www.hsu-hh.de\/isk\/?page_id=627"},"modified":"2024-12-10T09:33:04","modified_gmt":"2024-12-10T08:33:04","slug":"teaching","status":"publish","type":"page","link":"https:\/\/www.hsu-hh.de\/isk\/en\/teaching","title":{"rendered":"Teaching"},"content":{"rendered":"<p>Teaching lectures in <abbr title=\"Herbsttrimester\">HT<\/abbr> 2022<\/p>\n<p><a href=\"https:\/\/www.hsu-hh.de\/isk\/lehre\">Lectures in <abbr title=\"Herbsttrimester\">HT<\/abbr> 2022<\/a><\/p>\n<p>Past courses<\/p>\n<h3><abbr title=\"Fr\u00fchjahrstrimester\">FT<\/abbr>2022<\/h3>\n<p>BA-Kolloquium <abbr title=\"Politikwissenschaften\">POL<\/abbr> (WS16P04)\u00a0\u00a0\u00a0\u00a0\u00a0\u00a0\u00a0\u00a0\u00a0\u00a0\u00a0\u00a0\u00a0\u00a0\u00a0\u00a0\u00a0\u00a0\u00a0\u00a0\u00a0\u00a0\u00a0\u00a0\u00a0\u00a0\u00a0\u00a0\u00a0\u00a0\u00a0\u00a0\u00a0\u00a0\u00a0\u00a0\u00a0\u00a0\u00a0\u00a0\u00a0\u00a0\u00a0\u00a0\u00a0\u00a0\u00a0\u00a0\u00a0\u00a0\u00a0\u00a0\u00a0\u00a0\u00a0\u00a0\u00a0\u00a0 \u00a0 \u00a0\u00a0\u00a0\u00a0\u00a0 <abbr title=\"Professor\">Prof.<\/abbr> Geis<br \/>\nEuropa in der Welt II: Vertiefungsseminar (WS21P40), Gruppe 1\u00a0\u00a0\u00a0\u00a0\u00a0\u00a0\u00a0\u00a0\u00a0\u00a0\u00a0\u00a0\u00a0\u00a0\u00a0\u00a0 <abbr title=\"Doktor\">Dr.<\/abbr> Opitz<br \/>\nEuropa in der Welt II: Vertiefungsseminar (WS21P40), Gruppe 2\u00a0\u00a0\u00a0\u00a0\u00a0\u00a0\u00a0\u00a0\u00a0\u00a0\u00a0\u00a0\u00a0\u00a0\u00a0\u00a0 <abbr title=\"Doktor\">Dr.<\/abbr> Opitz<br \/>\nWeltordnungspolitik: Weltordnungsprobleme (WS21P38), Gruppe 2\u00a0\u00a0\u00a0\u00a0\u00a0\u00a0\u00a0\u00a0\u00a0 <abbr title=\"Doktor\">Dr.<\/abbr> Safouane<\/p>\n<h3><abbr title=\"Wintertrimester\">WT<\/abbr>2022<\/h3>\n<p>Forschungsseminar (WS24P43), Gruppe 2\u00a0\u00a0\u00a0\u00a0\u00a0\u00a0\u00a0\u00a0\u00a0\u00a0\u00a0\u00a0\u00a0\u00a0\u00a0\u00a0\u00a0\u00a0\u00a0\u00a0\u00a0\u00a0\u00a0\u00a0\u00a0\u00a0\u00a0\u00a0\u00a0\u00a0\u00a0 \u00a0 \u00a0\u00a0 \u00a0\u00a0\u00a0 <abbr title=\"Professor\">Prof.<\/abbr> Geis<br \/>\nEuropa in der Welt I: Grundlagenseminar (WS21P40) Gruppe 1\u00a0\u00a0\u00a0\u00a0\u00a0\u00a0\u00a0 <abbr title=\"Doktor\">Dr.<\/abbr> Opitz<br \/>\nEuropa in der Welt I: Grundlagenseminar (WS21P40), Gruppe 2\u00a0\u00a0\u00a0\u00a0\u00a0\u00a0\u00a0 <abbr title=\"Doktor\">Dr.<\/abbr> Opitz<br \/>\nWeltordnungspolitik (WS21P38), Gruppe 1\u00a0\u00a0\u00a0\u00a0\u00a0\u00a0\u00a0\u00a0\u00a0\u00a0\u00a0\u00a0\u00a0\u00a0\u00a0\u00a0\u00a0\u00a0\u00a0\u00a0\u00a0\u00a0\u00a0\u00a0\u00a0\u00a0\u00a0\u00a0\u00a0\u00a0\u00a0\u00a0\u00a0\u00a0\u00a0\u00a0\u00a0\u00a0\u00a0\u00a0 <abbr title=\"Doktor\">Dr.<\/abbr> Safouane<br \/>\nInternationale Beziehungen im aktuellen wissenschaftlichen<br \/>\nDiskurs (WS24P42), Gruppe 1\u00a0\u00a0\u00a0 \u00a0 \u00a0 \u00a0 \u00a0 \u00a0 \u00a0 \u00a0 \u00a0 \u00a0 \u00a0 \u00a0 \u00a0 \u00a0 \u00a0 \u00a0 \u00a0 \u00a0 \u00a0 \u00a0 \u00a0 \u00a0 \u00a0 \u00a0 \u00a0 \u00a0 \u00a0 \u00a0 \u00a0 \u00a0 <abbr title=\"Doktor\">Dr.<\/abbr> Safouane<br \/>\nAu\u00dfenpolitik und internationale Kooperationen:<br \/>\nAu\u00dfenpolitikanalyse und internationale Kooperation (WS15P31)\u00a0\u00a0\u00a0\u00a0\u00a0\u00a0 <abbr title=\"Doktor\">Dr.<\/abbr> Safouane<br \/>\nTheorie und Empirie der Internationalen Beziehungen:<br \/>\nEinf\u00fchrung &#8211; Themen und Erkl\u00e4rungsans\u00e4tze (WS11P24), Gruppe 1\u00a0\u00a0\u00a0\u00a0\u00a0 Y. Roscher<br \/>\nAu\u00dfenpolitik und internationale Kooperationen:<br \/>\nGrundlagen, Prozesse und Strukturen nationalstaatlicher Au\u00dfenpolitik (WS15P31), Gruppe 1\u00a0\u00a0\u00a0\u00a0\u00a0\u00a0 Y. Roscher<\/p>\n<h3><abbr title=\"Herbsttrimester\">HT<\/abbr>2021<\/h3>\n<p>Einf\u00fchrung in die Friedens- und Konfliktforschung:<br \/>\nKonflikte, Kriege und Friedensprozesse (WS13P11), Gruppe 3\u00a0\u00a0\u00a0\u00a0\u00a0\u00a0\u00a0\u00a0\u00a0\u00a0 S. J\u00e4nsch<\/p>\n<h3><abbr title=\"Fr\u00fchjahrstrimester\">FT<\/abbr>2021<\/h3>\n<p>&#8211;\u00a0 digitale Lehre &#8211;<br \/>\nEinf\u00fchrung in die Friedens- und Konfliktforschung (WS13P11) \u00a0\u00a0 \u00a0\u00a0 &#8211;\u00a0 <abbr title=\"Professor\">Prof.<\/abbr> Geis<br \/>\nEuropa in der Welt II: Vertiefungsseminar (WS21P40), Gruppe 2\u00a0\u00a0\u00a0\u00a0 &#8211;\u00a0 <abbr title=\"Professor\">Prof.<\/abbr> Geis<br \/>\nBA-Kolloquium <abbr title=\"Politikwissenschaften\">POL<\/abbr> (WS16P04) \u00a0 \u00a0 \u00a0 &#8211;\u00a0\u00a0 <abbr title=\"Professor\">Prof.<\/abbr> Geis<br \/>\nWeltordnungspolitik: Weltordnungsprobleme (WS21P38), Gruppe 2\u00a0\u00a0 &#8211;\u00a0 <abbr title=\"Doktor\">Dr.<\/abbr> Harig<\/p>\n<h3><abbr title=\"Wintertrimester\">WT<\/abbr>2021<\/h3>\n<p>&#8211;\u00a0 digitale Lehre &#8211;<br \/>\nAu\u00dfenpolitik und internationale Kooperationen:Au\u00dfenpolitikanalyse und internationale Kooperation (WS15P31) \u00a0\u00a0 &#8211;\u00a0\u00a0 <abbr title=\"Professor\">Prof.<\/abbr> Geis<br \/>\nWeltordnungspolitik, (WS21P38) Gruppe 2\u00a0\u00a0\u00a0 &#8211;\u00a0\u00a0 <abbr title=\"Professor\">Prof.<\/abbr> Geis<br \/>\nEuropa in der Welt I: Grundlagenseminar (WS21P40), Gruppe 1\u00a0\u00a0\u00a0 &#8211;\u00a0\u00a0 <abbr title=\"Professor\">Prof.<\/abbr> Geis<br \/>\nForschungsseminar (WS24P43), Gruppe 2\u00a0\u00a0 &#8211;\u00a0\u00a0 <abbr title=\"Professor\">Prof.<\/abbr> Geis<br \/>\nTheorie und Empirie der Internationalen Beziehungen:<br \/>\nEinf\u00fchrung &#8211; Themen und Erkl\u00e4rungsans\u00e4tze (WS11P24), Gruppe 1\u00a0\u00a0\u00a0 &#8211;\u00a0 <abbr title=\"Doktor\">Dr.<\/abbr> Opitz<br \/>\nAu\u00dfenpolitik und internationale Kooperationen:<br \/>\nGrundlagen, Prozesse und Strukturen nationalstaatlicher Au\u00dfenpolitik (WS15P31), Gruppe 1\u00a0\u00a0\u00a0\u00a0 &#8211;\u00a0 H. Schnier<\/p>\n<h3><abbr title=\"Herbsttrimester\">HT<\/abbr>2020<\/h3>\n<p>&#8211; digitale Lehre &#8211;<br \/>\nEinf\u00fchrung in die Friedens-und Konfliktforschung: Konflikte, Kriege und Friedensprozesse (WS13P11), Gruppe 1\u00a0\u00a0 &#8211;\u00a0 <abbr title=\"Professor\">Prof.<\/abbr> Geis<br \/>\nEinf\u00fchrung in die Friedens-und Konfliktforschung: Konflikte, Kriege und Friedensprozesse (WS13P11), Gruppe 2\u00a0\u00a0 &#8211;\u00a0 <abbr title=\"Doktor\">Dr.<\/abbr> Opitz<br \/>\nEinf\u00fchrung in die Friedens-und Konfliktforschung: Konflikte, Kriege und Friedensprozesse (WS13P11), Gruppe 4 \u00a0 &#8211;\u00a0 H. Schnier<br \/>\nInternationale Organisationen: Politik internationaler Organisationen (WS23P41), Gruppe 2\u00a0\u00a0 &#8211;\u00a0\u00a0 <abbr title=\"Doktor\">Dr.<\/abbr> Harig<\/p>\n<h3><abbr title=\"Fr\u00fchjahrstrimester\">FT<\/abbr>2020<\/h3>\n<p>&#8211;\u00a0 digitale Lehre\u00a0 &#8211;<br \/>\nMethoden der politikwissenschaftlichen Forschung: Forschungsseminar (WS15P13), Gruppe 2\u00a0\u00a0\u00a0 &#8211;\u00a0\u00a0 <abbr title=\"Professor\">Prof.<\/abbr> Geis<br \/>\nEuropa in der Welt II: Vertiefungsseminar (WS21P40), Gruppe 2\u00a0\u00a0 &#8211;\u00a0\u00a0 <abbr title=\"Professor\">Prof.<\/abbr> Geis<br \/>\nFriedens- und Konfliktforschung: Frieden (WS15P33), Gruppe 2\u00a0\u00a0 &#8211;\u00a0\u00a0 H. Schnier<\/p>\n<h3><abbr title=\"Wintertrimester\">WT<\/abbr>2020<\/h3>\n<p>Weltordnungspolitik (WS21P38), Gruppe 2\u00a0 &#8211;\u00a0 <abbr title=\"Professor\">Prof.<\/abbr> Geis<br \/>\nFriedens\u2010 und Konfliktforschung: Einf\u00fchrung in die Friedens\u2010 und Konfliktforschung (WS15P33)\u00a0 &#8211;\u00a0\u00a0 <abbr title=\"Professor\">Prof.<\/abbr> Geis<br \/>\nEuropa in der Welt I: Grundlagenseminar, (WS21P40) Gruppe 2\u00a0 &#8211;\u00a0 <abbr title=\"Professor\">Prof.<\/abbr> Geis<br \/>\nFriedens\u2010 und Konfliktforschung: Krieg, (WS15P33), Gruppe 1\u00a0 &#8211;\u00a0\u00a0 <abbr title=\"Doktor\">Dr.<\/abbr> Pfeifer<br \/>\nFriedens\u2010 und Konfliktforschung: Krieg, (WS15P33), Gruppe 2\u00a0 &#8211;\u00a0 <abbr title=\"Doktor\">Dr.<\/abbr> Pfeifer<br \/>\nTheorie und Empirie der Internationalen Beziehungen: Einf\u00fchrung &#8211; Themen und Erkl\u00e4rungsans\u00e4tze, (WS11P24), Gruppe 3\u00a0 &#8211;\u00a0 Schnier<\/p>\n","protected":false},"excerpt":{"rendered":"<p>Teaching lectures in HT 2022 Lectures in HT 2022 Past courses FT2022 BA-Kolloquium POL (WS16P04)\u00a0\u00a0\u00a0\u00a0\u00a0\u00a0\u00a0\u00a0\u00a0\u00a0\u00a0\u00a0\u00a0\u00a0\u00a0\u00a0\u00a0\u00a0\u00a0\u00a0\u00a0\u00a0\u00a0\u00a0\u00a0\u00a0\u00a0\u00a0\u00a0\u00a0\u00a0\u00a0\u00a0\u00a0\u00a0\u00a0\u00a0\u00a0\u00a0\u00a0\u00a0\u00a0\u00a0\u00a0\u00a0\u00a0\u00a0\u00a0\u00a0\u00a0\u00a0\u00a0\u00a0\u00a0\u00a0\u00a0\u00a0\u00a0 \u00a0 \u00a0\u00a0\u00a0\u00a0\u00a0 Prof. Geis Europa in der Welt II: Vertiefungsseminar (WS21P40), Gruppe 1\u00a0\u00a0\u00a0\u00a0\u00a0\u00a0\u00a0\u00a0\u00a0\u00a0\u00a0\u00a0\u00a0\u00a0\u00a0\u00a0 Dr. Opitz [&hellip;]<\/p>\n","protected":false},"author":138,"featured_media":0,"parent":0,"menu_order":0,"comment_status":"closed","ping_status":"closed","template":"","meta":{"footnotes":""},"categories":[5],"tags":[],"class_list":["post-627","page","type-page","status-publish","hentry","category-teaching"],"_links":{"self":[{"href":"https:\/\/www.hsu-hh.de\/isk\/wp-json\/wp\/v2\/pages\/627","targetHints":{"allow":["GET"]}}],"collection":[{"href":"https:\/\/www.hsu-hh.de\/isk\/wp-json\/wp\/v2\/pages"}],"about":[{"href":"https:\/\/www.hsu-hh.de\/isk\/wp-json\/wp\/v2\/types\/page"}],"author":[{"embeddable":true,"href":"https:\/\/www.hsu-hh.de\/isk\/wp-json\/wp\/v2\/users\/138"}],"replies":[{"embeddable":true,"href":"https:\/\/www.hsu-hh.de\/isk\/wp-json\/wp\/v2\/comments?post=627"}],"version-history":[{"count":27,"href":"https:\/\/www.hsu-hh.de\/isk\/wp-json\/wp\/v2\/pages\/627\/revisions"}],"predecessor-version":[{"id":3306,"href":"https:\/\/www.hsu-hh.de\/isk\/wp-json\/wp\/v2\/pages\/627\/revisions\/3306"}],"wp:attachment":[{"href":"https:\/\/www.hsu-hh.de\/isk\/wp-json\/wp\/v2\/media?parent=627"}],"wp:term":[{"taxonomy":"category","embeddable":true,"href":"https:\/\/www.hsu-hh.de\/isk\/wp-json\/wp\/v2\/categories?post=627"},{"taxonomy":"post_tag","embeddable":true,"href":"https:\/\/www.hsu-hh.de\/isk\/wp-json\/wp\/v2\/tags?post=627"}],"curies":[{"name":"wp","href":"https:\/\/api.w.org\/{rel}","templated":true}]}}