{"id":3473,"date":"2025-02-14T12:34:15","date_gmt":"2025-02-14T11:34:15","guid":{"rendered":"https:\/\/www.hsu-hh.de\/isk\/?page_id=3473"},"modified":"2026-01-07T15:22:01","modified_gmt":"2026-01-07T14:22:01","slug":"dr-charalampos-babis-karpouchtsis","status":"publish","type":"page","link":"https:\/\/www.hsu-hh.de\/isk\/en\/team-2\/former-team-members\/dr-charalampos-babis-karpouchtsis","title":{"rendered":"Dr Charalampos (Babis) Karpouchtsis"},"content":{"rendered":"\n<h2 class=\"wp-block-heading\">Research associate at the Chair for International Security and Conflict Studies<\/h2>\n\n\n\n<hr class=\"wp-block-separator has-alpha-channel-opacity\" \/>\n\n\n\n<div class=\"wp-block-columns is-layout-flex wp-container-core-columns-is-layout-9d6595d7 wp-block-columns-is-layout-flex\">\n<div class=\"wp-block-column is-layout-flow wp-block-column-is-layout-flow\">\n<p>Helmut-Schmidt-University<br>Building H1, Room 1395<br>Holstenhofweg 85<br>22043 Hamburg<\/p>\n\n\n\n<p>Phone: +49-40-6541-3720<br>Email: karpoucc@hsu-hh.de<\/p>\n<\/div>\n\n\n\n<div class=\"wp-block-column is-layout-flow wp-block-column-is-layout-flow\"><\/div>\n\n\n\n<div class=\"wp-block-column is-layout-flow wp-block-column-is-layout-flow\"><div class=\"wp-block-image\">\n<figure class=\"aligncenter size-full is-resized\"><img loading=\"lazy\" decoding=\"async\" width=\"480\" height=\"600\" src=\"https:\/\/www.hsu-hh.de\/isk\/wp-content\/uploads\/sites\/682\/2025\/02\/CK4-1.jpg\" data-credit=\"C. Karpouchtsis \" alt=\"\" class=\"wp-image-3475\" style=\"width:200px\" srcset=\"https:\/\/www.hsu-hh.de\/isk\/wp-content\/uploads\/sites\/682\/2025\/02\/CK4-1.jpg 480w, https:\/\/www.hsu-hh.de\/isk\/wp-content\/uploads\/sites\/682\/2025\/02\/CK4-1-240x300.jpg 240w\" sizes=\"auto, (max-width: 480px) 100vw, 480px\" \/><\/figure>\n<\/div><\/div>\n\n\n\n<div class=\"wp-block-column is-layout-flow wp-block-column-is-layout-flow\"><\/div>\n<\/div>\n\n\n\n<hr class=\"wp-block-separator has-alpha-channel-opacity\" \/>\n\n\n\n<div style=\"height:42px\" aria-hidden=\"true\" class=\"wp-block-spacer\"><\/div>\n\n\n\n<h2 class=\"wp-block-heading\">CV<\/h2>\n\n\n\n<p><strong>Since January 2025<\/strong><br>Research assistant at the Chair of Political Science and Conflict Studies<\/p>\n\n\n\n<p><strong>February 2024<\/strong><br>Awarded the Dissertation Prize of the Southeast Europe Society and the Fritz and Helga Exner Foundation for excellent research. <a href=\"https:\/\/www.hsu-hh.de\/dr-charalampos-karpouchtsis-erhaelt-dissertationspreis-der-fritz-und-helga-exner-stiftung\">(Link)<\/a><\/p>\n\n\n\n<p><strong>Since April 2022<\/strong><br>Research assistant at the Chair of Political Science, in particular Political Theory at the Helmut Schmidt University\/University of the Federal Armed Forces Hamburg, in the project \u201cArtificial Intelligence and Public Affairs\u201d<\/p>\n\n\n\n<p><strong>October 2021 \u2013 April 2022<\/strong><br>Lecturer for the Chair of International Relations, <abbr title=\"Professor\">Prof.<\/abbr> <abbr title=\"Doktor\">Dr.<\/abbr> Rafael Biermann, Friedrich Schiller University Jena<\/p>\n\n\n\n<p><strong>April 2021 \u2013 March 2022<\/strong><br>Guest lecturer at the Bundeswehr Public Affairs Office<\/p>\n\n\n\n<p><strong>July 2018 \u2013 September 2023<\/strong><br>PhDcandidate at the Jena Center for Reconciliation Studies, Friedrich Schiller University Jena, under the supervision of <abbr title=\"Professor\">Prof.<\/abbr> <abbr title=\"Doktor\">Dr.<\/abbr> Martin Leiner and <abbr title=\"Professor\">Prof.<\/abbr> <abbr title=\"Doktor\">Dr.<\/abbr> Olaf Lei\u00dfe. Topic: German Foreign Policy of Reconciliation (summa cum laude)<\/p>\n\n\n\n<p><strong>Since 2016<\/strong><br>Lecturer of civic education for the Education Center Clara-Sahlberg, Berlin<\/p>\n\n\n\n<p><strong>2015 \u2013 2018<\/strong><br>Political Advisor for Civil Society and Foreign Affairs, Berlin \u2013 Athens<\/p>\n\n\n\n<p><strong>2010 \u2013 2012<\/strong><br>University of Bath (UK), Euromaster M.A. Contemporary European Studies of Politics, Policy and Policy Making<\/p>\n\n\n\n<p><strong>2007 \u2013 2010<\/strong><br>Freie Universit\u00e4t Berlin, B.A. Political Science, Otto Suhr Institute<\/p>\n\n\n\n<hr class=\"wp-block-separator has-alpha-channel-opacity\" \/>\n\n\n\n<h2 class=\"wp-block-heading\">Research Interests<\/h2>\n\n\n\n<p>Artificial intelligence and public affairs<br>Reconciliation Studies, Peace Building<br>International and European relations<br>Strategic culture<br>Memory Studies<\/p>\n\n\n\n<hr class=\"wp-block-separator has-alpha-channel-opacity\" \/>\n\n\n\n<h2 class=\"wp-block-heading\">Publications<\/h2>\n\n\n\n<p>Karpouchtsis, C. B., 2025. Responsibility and Remembering: Conceptualizing WW2 legacy in the German-Greek paradigm.&nbsp;<em>S\u00fcdosteuropa Mitteilungen<\/em>, 65(2\u20133), pp.87\u201398.<\/p>\n\n\n\n<p>Karpouchtsis, C. B., 2025. Wahrheit nach Gewaltkonflikten \u2013 Wahrheitsfindung im Kontext von Transitional Justice und Vers\u00f6hnungsprozessen. <em>Ethik und Milit\u00e4r<\/em>, 2025(1), pp.14\u201323. Hamburg: ZEBIS.<\/p>\n\n\n\n<p>Karpouchtsis, C.B., 2025. Deutsche strategische Kultur in der Zeitenwende: Integrierte Sicherheit und demokratisches Narrativ. <em>ZfAS<\/em> 18, 333\u2013349 (2025). <a href=\"https:\/\/doi.org\/10.1007\/s12399-025-01041-w\" rel='nofollow'>https:\/\/doi.org\/10.1007\/s12399-025-01041-w<\/a><\/p>\n\n\n\n<p>Karpouchtsis, C. B., 2025. Truth after violent conflicts \u2013 Truth-seeking in the context of transitional justice and reconciliation processes.&nbsp;<em>Ethics and Armed Forces<\/em>, 2025(1), pp.12\u201321. Hamburg: ZEBIS.<\/p>\n\n\n\n<p>Karpouchtsis, C.B. Deutschlands Au\u00dfenpolitik im Wandel: Der lange Weg und die Grenzen der Vers\u00f6hnung mit Griechenland.&nbsp;<em>Z Au\u00dfen Sicherheitspolit<\/em>&nbsp;(2025).&nbsp;<a href=\"https:\/\/doi.org\/10.1007\/s12399-025-01017-w\" target=\"_blank\" rel=\"noreferrer noopener\">https:\/\/doi.org\/10.1007\/s12399-025-01017-w<\/a><\/p>\n\n\n\n<p>Karpouchtsis, C. B. (2024). Die Gesellschaft mit K\u00fcnstlicher Intelligenz: Zwischen Hoffnung und Herausforderung. Au\u00dferschulische Bildung, 55(3), 4\u201310.&nbsp;<a href=\"https:\/\/fachzeitschrift.adb.de\/ausgabe\/kuenstliche-intelligenz\/\" target=\"_blank\" rel=\"noreferrer noopener\">https:\/\/fachzeitschrift.adb.de\/ausgabe\/kuenstliche-intelligenz\/<\/a><\/p>\n\n\n\n<p>Karpouchtsis, C. B. &amp; Lei\u00dfe, O. (2024). 20 Jahre EU-Mitgliedschaft Zyperns: Zwischen Konflikt und Integration. S\u00fcdosteuropa Mitteilungen, 64(4), 43\u201350.&nbsp;<a href=\"https:\/\/www.ceeol.com\/search\/article-detail?id=1054953\" target=\"_blank\" rel=\"noreferrer noopener\">https:\/\/www.ceeol.com\/search\/article-detail?id=1054953<\/a><\/p>\n\n\n\n<p>Lei\u00dfe, O. &amp;&nbsp;Karpouchtsis<strong>,<\/strong>&nbsp;C. B. (2024). Einf\u00fchrung: Vereint in Europa \u2013 geteilt auf der Insel? Zypern: R\u00fcck- und Ausblick. S\u00fcdosteuropa Mitteilungen, 64(4), 7\u201310.&nbsp;<a href=\"https:\/\/www.ceeol.com\/search\/article-detail?id=1054953\" target=\"_blank\" rel=\"noreferrer noopener\">https:\/\/www.ceeol.com\/search\/article-detail?id=1054953<\/a><\/p>\n\n\n\n<p>Karpouchtsis, C. B. (2024). \u201cCyprus is an Anchor of Peace and Stability in the Eastern Mediterranean\u201d: Interview with Maria Papakyriakou, Ambassador to Berlin \u2013 Republic of Cyprus.&nbsp;S\u00fcdosteuropa Mitteilungen, 64(4), 61\u201364.&nbsp;<a href=\"https:\/\/www.ceeol.com\/search\/article-detail?id=1054953\" target=\"_blank\" rel=\"noreferrer noopener\">https:\/\/www.ceeol.com\/search\/article-detail?id=1054953<\/a><\/p>\n\n\n\n<p>Karpouchtsis, C. B.(2024).German Foreign Policy and Greek Martyr Communities. Reconciliation policy for places of memory in Greece and the role of recognition. [S.l.]: Springer VS. <a href=\"https:\/\/link.springer.com\/book\/10.1007\/978-3-658-44370-2\" target=\"_blank\" rel=\"noreferrer noopener\">https:\/\/link.springer.com\/book\/10.1007\/978-3-658-44370-2<\/a><\/p>\n\n\n\n<p>Karpouchtsis, C. B. (2023): Im Zeichen aktueller Konflikte: (k)eine Zeitenwende f\u00fcr den deutsch-griechischen Vers\u00f6hnungsprozess? In: Hellenika (17\/18), 2023.<\/p>\n\n\n\n<p>Karpouchtsis, C. B., Schaal, G. S. (2023). \u201c\u0397 \u0393\u03b5\u03c1\u03bc\u03b1\u03bd\u03b9\u03ba\u03ae Zeitenwende. \u03a4\u03b1 \u03bc\u03b5\u03c4\u03b1\u03b2\u03b1\u03bb\u03bb\u03cc\u03bc\u03b5\u03bd\u03b1 \u03c0\u03c1\u03cc\u03c3\u03c9\u03c0\u03b1 \u03c4\u03b7\u03c2 \u03b3\u03b5\u03c1\u03bc\u03b1\u03bd\u03b9\u03ba\u03ae\u03c2 \u03c0\u03bf\u03bb\u03b9\u03c4\u03b9\u03ba\u03ae\u03c2 \u03b1\u03c3\u03c6\u03b1\u03bb\u03b5\u03af\u03b1\u03c2.\u201d <em>Foreign Affairs \u2013 The Hellenic Edition<\/em>, Aug \u2013 Sep 2023, (83).<\/p>\n\n\n\n<p>[Translated] Karpouchtsis, C. B., Schaal, G. S. (2023). \u201cDie deutsche Zeitenwende. Die wechselnden Gesichter deutscher Sicherheitspolitik.\u201d <em>Foreign Affairs \u2013 The Hellenic Edition<\/em>, Aug \u2013 Sep 2023, (83).<\/p>\n\n\n\n<p>Ferrari, F., Baumert, S., <strong>Karpouchtsis,<\/strong> C., &amp; Schmolz, G. (Eds.) (2023). \u201eVers\u00f6hnung: Theologische Perspektiven. Festschrift f\u00fcr Martin Leiner.\u201c G\u00f6ttingen: V&amp;R.<\/p>\n\n\n\n<p>Sch\u00e4fer, P.J., Karpouchtsis, C.B., Schaal, G.S. (2023). \u201cBericht zur Konferenz Politische Kommunikation und KI \u2013 Chancen und Herausforderungen f\u00fcr die Regierungskommunikation.\u201d <em>Z Au\u00dfen Sicherheitspolit<\/em>. [DOI: 10.1007\/s12399-023-00945-9]<\/p>\n\n\n\n<p>Karpouchtsis, B.C., Schaal, G.S., Sch\u00e4fer, P. J. (2023) \u201cKI und politische Kommunikation.\u201d Research Report. Open <abbr title=\"Helmut Schmidt Universit\u00e4t\">HSU<\/abbr>. https:\/\/doi.org\/10.24405\/14980<\/p>\n\n\n\n<p>Karpouchtsis, B. C. (2022). \u201cGerman Foreign Policy of Reconciliation and Greek Martyr Communities. An Overview for the Period 2014-2019.\u201d S\u00fcdosteuropa Mitteilungen, 02\/2022, 62.<\/p>\n\n\n\n<p>Karpouchtsis, B. C. (2022). \u201cDeutsche Vers\u00f6hnungspolitik 2014-2019 und die Rolle der griechischen M\u00e4rtyrergemeinden (Opferd\u00f6rfer)\u201d in: Alexandros-Andreas Kyrtsis and Miltos Pechlivanos (Hg.), Compendium der deutsch-griechischen Verflechtungen, 03.03.2022<\/p>\n\n\n\n<p>Karpouchtsis, B. C. (2021). \u201cSilent Echoes of Good Deeds: The Example of Kalavryta\u201d in Corinna Dahlgr\u00fcn, Carolina Rehrmann, Andr\u00e9 Zempelburg (Eds.), Overcome evil with good. Interdisciplinary reflections from theology, conflict science, and the military. Darmstadt: wbg Academic, pp. 155\u2013180.<\/p>\n\n\n\n<p>Karpouchtsis, C. (2018). \u201cGreek Strategic Culture: Education, Symbols and Experiences\u201d in Zeitschrift f\u00fcr Au\u00dfen- und Sicherheitspolitik, 11(2), pp. 203\u2013215. DOI: 10.1007\/s12399-018-0698-5.<\/p>\n\n\n\n<p>Karpouchtsis, C., Rosa J.P., Simeoni G. (2018). \u201cPolicy Brief: Cultural and Civic Engagement in the European Union.\u201d *Social Cohesion \u2013 DIALOGUE ON EUROPE*, 9-12. Das Progressive Zentrum.<\/p>\n\n\n\n<p>Parasidis, V., Karpouchtsis, C. (2015). \u201cGriechenland-Seminar in der Georg-von-Vollmar-Akademie. \u2018Vorsicht mit Empfehlungen, die man nicht selbst durchleben muss\u2019.\u201d <em>Z Au\u00dfen Sicherheitspolit<\/em>, 8, 589\u2013593. DOI: 10.1007\/s12399-015-0531-3.<\/p>\n","protected":false},"excerpt":{"rendered":"<p>Research associate at the Chair for International Security and Conflict Studies Helmut-Schmidt-UniversityBuilding H1, Room 1395Holstenhofweg 8522043 Hamburg Phone: +49-40-6541-3720Email: karpoucc@hsu-hh.de CV Since January 2025Research assistant at the Chair of Political [&hellip;]<\/p>\n","protected":false},"author":138,"featured_media":0,"parent":1135,"menu_order":0,"comment_status":"closed","ping_status":"closed","template":"","meta":{"footnotes":""},"categories":[9],"tags":[],"class_list":["post-3473","page","type-page","status-publish","hentry","category-team-en"],"_links":{"self":[{"href":"https:\/\/www.hsu-hh.de\/isk\/wp-json\/wp\/v2\/pages\/3473","targetHints":{"allow":["GET"]}}],"collection":[{"href":"https:\/\/www.hsu-hh.de\/isk\/wp-json\/wp\/v2\/pages"}],"about":[{"href":"https:\/\/www.hsu-hh.de\/isk\/wp-json\/wp\/v2\/types\/page"}],"author":[{"embeddable":true,"href":"https:\/\/www.hsu-hh.de\/isk\/wp-json\/wp\/v2\/users\/138"}],"replies":[{"embeddable":true,"href":"https:\/\/www.hsu-hh.de\/isk\/wp-json\/wp\/v2\/comments?post=3473"}],"version-history":[{"count":8,"href":"https:\/\/www.hsu-hh.de\/isk\/wp-json\/wp\/v2\/pages\/3473\/revisions"}],"predecessor-version":[{"id":3647,"href":"https:\/\/www.hsu-hh.de\/isk\/wp-json\/wp\/v2\/pages\/3473\/revisions\/3647"}],"up":[{"embeddable":true,"href":"https:\/\/www.hsu-hh.de\/isk\/wp-json\/wp\/v2\/pages\/1135"}],"wp:attachment":[{"href":"https:\/\/www.hsu-hh.de\/isk\/wp-json\/wp\/v2\/media?parent=3473"}],"wp:term":[{"taxonomy":"category","embeddable":true,"href":"https:\/\/www.hsu-hh.de\/isk\/wp-json\/wp\/v2\/categories?post=3473"},{"taxonomy":"post_tag","embeddable":true,"href":"https:\/\/www.hsu-hh.de\/isk\/wp-json\/wp\/v2\/tags?post=3473"}],"curies":[{"name":"wp","href":"https:\/\/api.w.org\/{rel}","templated":true}]}}