{"id":3448,"date":"2025-02-14T11:51:11","date_gmt":"2025-02-14T10:51:11","guid":{"rendered":"https:\/\/www.hsu-hh.de\/isk\/?page_id=3448"},"modified":"2026-03-17T13:19:54","modified_gmt":"2026-03-17T12:19:54","slug":"alexandra-m-friede-m-a","status":"publish","type":"page","link":"https:\/\/www.hsu-hh.de\/isk\/en\/team-2\/alexandra-m-friede-m-a","title":{"rendered":"Dr Alexandra M. Friede"},"content":{"rendered":"\n<h2 class=\"wp-block-heading\">Research associate at the Chair for International Security and Conflict Studies<\/h2>\n\n\n\n<hr class=\"wp-block-separator has-alpha-channel-opacity\" \/>\n\n\n\n<div class=\"wp-block-columns is-layout-flex wp-container-core-columns-is-layout-9d6595d7 wp-block-columns-is-layout-flex\">\n<div class=\"wp-block-column is-layout-flow wp-block-column-is-layout-flow\">\n<p>Helmut-Schmidt-University<br>Building H1, Room 1395<br>Holstenhofweg 85<br>22043 Hamburg<\/p>\n\n\n\n<p>Phone: +49-40-6541-2069<br>Fax: +49-40-6541-3370<br>Email: alexandra.friede@hsu.hamburg<\/p>\n<\/div>\n\n\n\n<div class=\"wp-block-column is-layout-flow wp-block-column-is-layout-flow\"><div class=\"wp-block-image\">\n<figure class=\"aligncenter size-large is-resized\"><img loading=\"lazy\" decoding=\"async\" width=\"731\" height=\"1024\" src=\"https:\/\/www.hsu-hh.de\/isk\/wp-content\/uploads\/sites\/682\/2025\/02\/csm_Friede_Alexandra_4fe91059f3-1-731x1024.jpeg\" data-credit=\"A. Friede\" alt=\"\" class=\"wp-image-3437\" style=\"width:200px\" srcset=\"https:\/\/www.hsu-hh.de\/isk\/wp-content\/uploads\/sites\/682\/2025\/02\/csm_Friede_Alexandra_4fe91059f3-1-731x1024.jpeg 731w, https:\/\/www.hsu-hh.de\/isk\/wp-content\/uploads\/sites\/682\/2025\/02\/csm_Friede_Alexandra_4fe91059f3-1-214x300.jpeg 214w, https:\/\/www.hsu-hh.de\/isk\/wp-content\/uploads\/sites\/682\/2025\/02\/csm_Friede_Alexandra_4fe91059f3-1-768x1075.jpeg 768w, https:\/\/www.hsu-hh.de\/isk\/wp-content\/uploads\/sites\/682\/2025\/02\/csm_Friede_Alexandra_4fe91059f3-1-1097x1536.jpeg 1097w, https:\/\/www.hsu-hh.de\/isk\/wp-content\/uploads\/sites\/682\/2025\/02\/csm_Friede_Alexandra_4fe91059f3-1-1100x1540.jpeg 1100w, https:\/\/www.hsu-hh.de\/isk\/wp-content\/uploads\/sites\/682\/2025\/02\/csm_Friede_Alexandra_4fe91059f3-1.jpeg 1200w\" sizes=\"auto, (max-width: 731px) 100vw, 731px\" \/><\/figure>\n<\/div><\/div>\n<\/div>\n\n\n\n<hr class=\"wp-block-separator has-alpha-channel-opacity\" \/>\n\n\n\n<div style=\"height:40px\" aria-hidden=\"true\" class=\"wp-block-spacer\"><\/div>\n\n\n\n<h2 class=\"wp-block-heading\">CV<\/h2>\n\n\n\n<p><strong>January \u2013 June 2024<\/strong><br>Visiting researcher, School of Global Studies, University of Gothenburg (Sweden)<\/p>\n\n\n\n<p><strong>May&nbsp;2022&nbsp;\u2013&nbsp;October&nbsp;2022<\/strong><br>Visiting researcher, Interdisciplinary Centre for Baltic Sea Region Research (IFZO), University of Greifswald<\/p>\n\n\n\n<p><strong>Since January 2019<\/strong><br>Researcher, Department of Political Science, <abbr title=\"Helmut Schmidt Universit\u00e4t\">HSU<\/abbr>\/<abbr title=\"Universit\u00e4t der Bundeswehr Hamburg\">UniBwH<\/abbr><\/p>\n\n\n\n<p><strong>June 2018 \u2013 December 2018<\/strong><br>Researcher, Project &#8222;Multinational Capability Development&#8220;, <abbr title=\"Helmut Schmidt Universit\u00e4t\">HSU<\/abbr>\/<abbr title=\"Universit\u00e4t der Bundeswehr Hamburg\">UniBwH<\/abbr> &nbsp;&nbsp;<\/p>\n\n\n\n<p><strong>October 2017 \u2013 February 2018<\/strong><br>Robert Schuman trainee, European Parliament in Brussels (Belgium)<\/p>\n\n\n\n<p><strong>2016 \u2013 2017<\/strong><br>M.A. European Studies, College of Europe in Natolin (Poland)<\/p>\n\n\n\n<p><strong>April \u2013 December 2016<\/strong><br>Student assistant, German Institute for International and Security Affairs (SWP) in Berlin<\/p>\n\n\n\n<p><strong>August 2014<\/strong><br>International Parliamentary Scholarship (IPS) Latvia<\/p>\n\n\n\n<p><strong>April 2014 \u2013 August 2015<\/strong><br>Student assistant, German Bundestag in Berlin<\/p>\n\n\n\n<p><strong>2013 \u2013 2016<\/strong><br>M.A. Political Science, University of Potsdam<\/p>\n\n\n\n<p><strong>September \u2013 December 2012<\/strong><br>Exchange semester (Erasmus), University College Cork (Ireland)<\/p>\n\n\n\n<p><strong>2010 \u2013 2013<\/strong><br>B.A. Political Science\/Ancient History, University of Rostock<\/p>\n\n\n\n<hr class=\"wp-block-separator has-alpha-channel-opacity\" \/>\n\n\n\n<h2 class=\"wp-block-heading\"><strong>Research interests<\/strong><\/h2>\n\n\n\n<p>European defence cooperation<br>Alliances (EU\/NATO)<br>Baltic Sea region<br>Bundeswehr<br>Total defence<\/p>\n\n\n\n<hr class=\"wp-block-separator has-alpha-channel-opacity\" \/>\n\n\n\n<h2 class=\"wp-block-heading\"><strong>Third-party funded projects<\/strong><\/h2>\n\n\n\n<p><strong>2024 &#8211; 2025<\/strong><br>&#8222;Aktiv f\u00f6rsvarsvilja, frivillighet och frivilliga f\u00f6rsvarsorganisationer&#8220; (funded by Sweden&#8217;s Psychological Defence Agency), Project lead: Joakim Berndtsson, University of Gothenburg.<\/p>\n\n\n\n<p><strong>2023 \u2013 2025<\/strong><br>&#8222;Prepared Together: Stronger Together&#8220; (funded by Council of the Baltic Sea States, CBSS), Project lead: Ieva Birka, Latvijas Universit\u0101te.<\/p>\n\n\n\n<hr class=\"wp-block-separator has-alpha-channel-opacity\" \/>\n\n\n\n<h2 class=\"wp-block-heading\"><strong>Selected publications<\/strong><\/h2>\n\n\n\n<p>Friede, A. M. (2024). &#8222;Security, first of all, begins at home&#8220;: How Finland, Latvia, and Germany prepare &#8222;ordinary people&#8220; for crises. European Policy Analysis, 1\u201324. <a href=\"https:\/\/doi.org\/10.1002\/epa2.1229\" rel='nofollow'>https:\/\/doi.org\/10.1002\/epa2.1229<\/a><\/p>\n\n\n\n<p>Friede, A. M. (2024). Wie wir wehrhaft werden: Zu den Grenzen der Freiwilligkeit in Zeiten des Krieges. Aus Politik und Zeitgeschichte, 47-48\/2024, 11-16.<\/p>\n\n\n\n<p>Friede, A. M. (2022). In defence of the Baltic Sea region: (non-)allied policy responses to the exogenous shock of the Ukraine crisis. European Security, 31(4), 517\u2013539. <a href=\"https:\/\/doi.org\/10.1080\/09662839.2022.2031990\" rel='nofollow'>https:\/\/doi.org\/10.1080\/09662839.2022.2031990<\/a><\/p>\n\n\n\n<hr class=\"wp-block-separator has-alpha-channel-opacity\" \/>\n\n\n\n<h2 class=\"wp-block-heading\"><strong>Selected presentations<\/strong><\/h2>\n\n\n\n<p>Birka, I., Wigell, M., K\u013cavi\u0146\u0161, D., &amp; Friede, A. M.: From apathy to action \u2013 Enhancing preparedness in the urban centres of Latvia, Finland and Germany, Helsinki Security Forum, September 2024 (Helsinki, Finland).<\/p>\n\n\n\n<p>Friede, A. M.: Vergleich der Dienste an der Gesellschaft am Beispiel der Ostsee-Anrainerstaaten Finnland, Lettland und Deutschland, Bensberger Gespr\u00e4che, January 2024 (G\u00f6ttingen, Germany).<\/p>\n\n\n\n<p>Friede, A. M.: &#8222;Security, first of all, begins at home&#8220;: how Finland, Latvia, and Germany prepare &#8222;ordinary people&#8220; for crises, Workshop &#8222;Innovation et d\u00e9fense: Les conditions sociales de la circulation des savoir-faire militaires et civils&#8220; at Sorbonne University, October 2023 (Paris, France).<\/p>\n\n\n\n<p>Friede, A. M.: The role of citizens within &#8222;total defence&#8220; arrangements: a comparison of Finland, Latvia and Germany, Workshop &#8222;Life&nbsp;in a permanent state of crisis&#8220; at EISA\u2019s 10th European Workshops in International Studies (EWIS) at University of Amsterdam, July 2023 (Amsterdam, Netherlands).<\/p>\n\n\n\n<p>Friede, A. M.: Germany\u2019s contribution to Baltic Sea security, Workshop &#8222;Seizing the crisis moment? Germany\u2019s changing security role in the Baltic states&#8220; at Vilnius University, November 2022 (Vilnius, Lithuania).<\/p>\n\n\n\n<p>Friede, A. M.: &#8222;Don\u2019t be lazy and indifferent, get involved!&#8220; \u2013 what Baltic Sea states expect from citizens during crises (and vice versa), Lecture Series &#8222;Interdisciplinary approaches to the Baltic Sea region&#8220; at University of Greifswald, October 2022 (Greifswald, Germany).<\/p>\n\n\n\n<p>Friede, A. M.: (Un)changing security governance in the Baltic Sea region post-2014, Maritime conference &#8222;Dreizack&#8220; at University of Rostock, September 2020 (Rostock, Germany).<\/p>\n\n\n\n<p>Friede, A. M.: The deterrent effect of NATO\u2019s Enhanced Forward Presence, Workshop organised by the Baltic Sea Security Initiative (BSSI) and the Institute of Central Europe, January 2020 (Lublin, Poland).<\/p>\n\n\n\n<hr class=\"wp-block-separator has-alpha-channel-opacity\" \/>\n\n\n\n<h2 class=\"wp-block-heading\"><strong>Teaching<\/strong><\/h2>\n\n\n\n<p>Research skills (Seminar)<br>Academic writing (Tutorial)<\/p>\n\n\n\n<hr class=\"wp-block-separator has-alpha-channel-opacity\" \/>\n\n\n\n<h2 class=\"wp-block-heading\"><strong>Voluntary work<\/strong><\/h2>\n\n\n\n<p><strong>2024 \u2013 2025<\/strong><br>Representative of early-career researchers at the selection committee for the appointment of a full professor (W3) in &#8222;Political science, in particular International Politics&#8220;, <abbr title=\"Helmut Schmidt Universit\u00e4t\">HSU<\/abbr>\/<abbr title=\"Universit\u00e4t der Bundeswehr Hamburg\">UniBwH<\/abbr><\/p>\n\n\n\n<p><strong>2021 \u2013 2024<\/strong><br>Representative of early-career researchers at the faculty council for economics and social sciences, <abbr title=\"Helmut Schmidt Universit\u00e4t\">HSU<\/abbr>\/<abbr title=\"Universit\u00e4t der Bundeswehr Hamburg\">UniBwH<\/abbr><\/p>\n\n\n\n<hr class=\"wp-block-separator has-alpha-channel-opacity\" \/>\n\n\n\n<h2 class=\"wp-block-heading\"><strong>Affiliations<\/strong><\/h2>\n\n\n\n<p>German Political Science Association (DVPW)<br>Women In International Security (WIIS)<br>European International Studies Association (EISA)<\/p>\n","protected":false},"excerpt":{"rendered":"<p>Research associate at the Chair for International Security and Conflict Studies Helmut-Schmidt-UniversityBuilding H1, Room 1395Holstenhofweg 8522043 Hamburg Phone: +49-40-6541-2069Fax: +49-40-6541-3370Email: alexandra.friede@hsu.hamburg CV January \u2013 June 2024Visiting researcher, School of Global [&hellip;]<\/p>\n","protected":false},"author":138,"featured_media":0,"parent":169,"menu_order":0,"comment_status":"closed","ping_status":"closed","template":"","meta":{"footnotes":""},"categories":[9],"tags":[],"class_list":["post-3448","page","type-page","status-publish","hentry","category-team-en"],"_links":{"self":[{"href":"https:\/\/www.hsu-hh.de\/isk\/wp-json\/wp\/v2\/pages\/3448","targetHints":{"allow":["GET"]}}],"collection":[{"href":"https:\/\/www.hsu-hh.de\/isk\/wp-json\/wp\/v2\/pages"}],"about":[{"href":"https:\/\/www.hsu-hh.de\/isk\/wp-json\/wp\/v2\/types\/page"}],"author":[{"embeddable":true,"href":"https:\/\/www.hsu-hh.de\/isk\/wp-json\/wp\/v2\/users\/138"}],"replies":[{"embeddable":true,"href":"https:\/\/www.hsu-hh.de\/isk\/wp-json\/wp\/v2\/comments?post=3448"}],"version-history":[{"count":13,"href":"https:\/\/www.hsu-hh.de\/isk\/wp-json\/wp\/v2\/pages\/3448\/revisions"}],"predecessor-version":[{"id":3770,"href":"https:\/\/www.hsu-hh.de\/isk\/wp-json\/wp\/v2\/pages\/3448\/revisions\/3770"}],"up":[{"embeddable":true,"href":"https:\/\/www.hsu-hh.de\/isk\/wp-json\/wp\/v2\/pages\/169"}],"wp:attachment":[{"href":"https:\/\/www.hsu-hh.de\/isk\/wp-json\/wp\/v2\/media?parent=3448"}],"wp:term":[{"taxonomy":"category","embeddable":true,"href":"https:\/\/www.hsu-hh.de\/isk\/wp-json\/wp\/v2\/categories?post=3448"},{"taxonomy":"post_tag","embeddable":true,"href":"https:\/\/www.hsu-hh.de\/isk\/wp-json\/wp\/v2\/tags?post=3448"}],"curies":[{"name":"wp","href":"https:\/\/api.w.org\/{rel}","templated":true}]}}