{"id":3397,"date":"2025-01-14T11:52:48","date_gmt":"2025-01-14T10:52:48","guid":{"rendered":"https:\/\/www.hsu-hh.de\/isk\/?page_id=3397"},"modified":"2025-01-14T12:28:36","modified_gmt":"2025-01-14T11:28:36","slug":"promovierende","status":"publish","type":"page","link":"https:\/\/www.hsu-hh.de\/isk\/team\/promovierende","title":{"rendered":"Promovierende"},"content":{"rendered":"\n\n\n<div style=\"height:66px\" aria-hidden=\"true\" class=\"wp-block-spacer\"><\/div>\n\n\n\n<h2 class=\"wp-block-heading\">Stephanie J\u00e4nsch<\/h2>\n\n\n\n<div class=\"wp-block-columns is-layout-flex wp-container-core-columns-is-layout-9d6595d7 wp-block-columns-is-layout-flex\">\n<div class=\"wp-block-column is-layout-flow wp-block-column-is-layout-flow\">\n<p>Helmut-Schmidt-Universit\u00e4t<br>Fakult\u00e4t f\u00fcr Wirtschafts- und Sozialwissenschaft<br>Internationale Politik<br>Holstenhofweg 85<br>22043 Hamburg<\/p>\n\n\n\n<p>Raum:      1394b<br>Telefon:    (040) 6541-3791<br>E-Mail:      <a href=\"mailto:jaenschs@hsu-hh.de\" rel='nofollow'>jaenschs@hsu-hh.de<\/a><\/p>\n\n\n\n<p>Ausf\u00fchrlichere Informationen zu Lebenslauf, Schwerpunkte in<br>Lehre und Forschung und Publikationen finden sich <a href=\"https:\/\/www.hsu-hh.de\/isk\/team\/ehemalige-teammitglieder\/stephanie-jaensch-m-a\">hier<\/a>.<\/p>\n<\/div>\n\n\n\n<div class=\"wp-block-column is-layout-flow wp-block-column-is-layout-flow\"><div class=\"wp-block-image\">\n<figure class=\"aligncenter size-medium\"><img loading=\"lazy\" decoding=\"async\" width=\"206\" height=\"300\" src=\"https:\/\/www.hsu-hh.de\/isk\/wp-content\/uploads\/sites\/682\/2020\/07\/Bild_HSU_Stephanie-Jaensch-206x300.jpg\" data-credit=\"S. J\u00e4nsch\" alt=\"Stephanie J\u00e4nsch\" class=\"wp-image-1640\" srcset=\"https:\/\/www.hsu-hh.de\/isk\/wp-content\/uploads\/sites\/682\/2020\/07\/Bild_HSU_Stephanie-Jaensch-206x300.jpg 206w, https:\/\/www.hsu-hh.de\/isk\/wp-content\/uploads\/sites\/682\/2020\/07\/Bild_HSU_Stephanie-Jaensch-704x1024.jpg 704w, https:\/\/www.hsu-hh.de\/isk\/wp-content\/uploads\/sites\/682\/2020\/07\/Bild_HSU_Stephanie-Jaensch-768x1118.jpg 768w, https:\/\/www.hsu-hh.de\/isk\/wp-content\/uploads\/sites\/682\/2020\/07\/Bild_HSU_Stephanie-Jaensch-1055x1536.jpg 1055w, https:\/\/www.hsu-hh.de\/isk\/wp-content\/uploads\/sites\/682\/2020\/07\/Bild_HSU_Stephanie-Jaensch-1407x2048.jpg 1407w, https:\/\/www.hsu-hh.de\/isk\/wp-content\/uploads\/sites\/682\/2020\/07\/Bild_HSU_Stephanie-Jaensch-1100x1601.jpg 1100w, https:\/\/www.hsu-hh.de\/isk\/wp-content\/uploads\/sites\/682\/2020\/07\/Bild_HSU_Stephanie-Jaensch-scaled.jpg 1759w\" sizes=\"auto, (max-width: 206px) 100vw, 206px\" \/><\/figure>\n<\/div><\/div>\n<\/div>\n\n\n\n<hr class=\"wp-block-separator has-alpha-channel-opacity\" \/>\n","protected":false},"excerpt":{"rendered":"<p>Stephanie J\u00e4nsch Helmut-Schmidt-Universit\u00e4tFakult\u00e4t f\u00fcr Wirtschafts- und SozialwissenschaftInternationale PolitikHolstenhofweg 8522043 Hamburg Raum: 1394bTelefon: (040) 6541-3791E-Mail: jaenschs@hsu-hh.de Ausf\u00fchrlichere Informationen zu Lebenslauf, Schwerpunkte inLehre und Forschung und Publikationen finden sich hier.<\/p>\n","protected":false},"author":138,"featured_media":0,"parent":119,"menu_order":0,"comment_status":"closed","ping_status":"closed","template":"","meta":{"footnotes":""},"categories":[8],"tags":[],"class_list":["post-3397","page","type-page","status-publish","hentry","category-team"],"_links":{"self":[{"href":"https:\/\/www.hsu-hh.de\/isk\/wp-json\/wp\/v2\/pages\/3397","targetHints":{"allow":["GET"]}}],"collection":[{"href":"https:\/\/www.hsu-hh.de\/isk\/wp-json\/wp\/v2\/pages"}],"about":[{"href":"https:\/\/www.hsu-hh.de\/isk\/wp-json\/wp\/v2\/types\/page"}],"author":[{"embeddable":true,"href":"https:\/\/www.hsu-hh.de\/isk\/wp-json\/wp\/v2\/users\/138"}],"replies":[{"embeddable":true,"href":"https:\/\/www.hsu-hh.de\/isk\/wp-json\/wp\/v2\/comments?post=3397"}],"version-history":[{"count":1,"href":"https:\/\/www.hsu-hh.de\/isk\/wp-json\/wp\/v2\/pages\/3397\/revisions"}],"predecessor-version":[{"id":3398,"href":"https:\/\/www.hsu-hh.de\/isk\/wp-json\/wp\/v2\/pages\/3397\/revisions\/3398"}],"up":[{"embeddable":true,"href":"https:\/\/www.hsu-hh.de\/isk\/wp-json\/wp\/v2\/pages\/119"}],"wp:attachment":[{"href":"https:\/\/www.hsu-hh.de\/isk\/wp-json\/wp\/v2\/media?parent=3397"}],"wp:term":[{"taxonomy":"category","embeddable":true,"href":"https:\/\/www.hsu-hh.de\/isk\/wp-json\/wp\/v2\/categories?post=3397"},{"taxonomy":"post_tag","embeddable":true,"href":"https:\/\/www.hsu-hh.de\/isk\/wp-json\/wp\/v2\/tags?post=3397"}],"curies":[{"name":"wp","href":"https:\/\/api.w.org\/{rel}","templated":true}]}}