{"id":3377,"date":"2025-01-14T11:14:32","date_gmt":"2025-01-14T10:14:32","guid":{"rendered":"https:\/\/www.hsu-hh.de\/isk\/?page_id=3377"},"modified":"2026-03-17T13:17:02","modified_gmt":"2026-03-17T12:17:02","slug":"alexandra-m-friede-m-a","status":"publish","type":"page","link":"https:\/\/www.hsu-hh.de\/isk\/team\/alexandra-m-friede-m-a","title":{"rendered":"Dr. Alexandra M. Friede"},"content":{"rendered":"\n<h2 class=\"wp-block-heading\">Wissenschaftliche Mitarbeiterin am Lehrstuhl f\u00fcr Politikwissenschaft, <abbr title=\"insbesondere\">insb.<\/abbr> internationale Sicherheitspolitik und Konfliktforschung<\/h2>\n\n\n\n<hr class=\"wp-block-separator has-alpha-channel-opacity\" \/>\n\n\n\n<div class=\"wp-block-columns is-layout-flex wp-container-core-columns-is-layout-9d6595d7 wp-block-columns-is-layout-flex\">\n<div class=\"wp-block-column is-layout-flow wp-block-column-is-layout-flow\" style=\"flex-basis:33.33%\">\n<p>Helmut-Schmidt-Universit\u00e4t<br>Geb\u00e4ude H1, Raum 1395<br>Holstenhofweg 85<br>22043 Hamburg<\/p>\n\n\n\n<p>Telefon: +49-40-6541-2069<br>Fax: +49-40-6541-3370<br>Email: alexandra.friede@hsu.hamburg<\/p>\n<\/div>\n\n\n\n<div class=\"wp-block-column is-layout-flow wp-block-column-is-layout-flow\" style=\"flex-basis:66.66%\"><div class=\"wp-block-image\">\n<figure class=\"aligncenter size-medium\"><img loading=\"lazy\" decoding=\"async\" width=\"214\" height=\"300\" src=\"https:\/\/www.hsu-hh.de\/isk\/wp-content\/uploads\/sites\/682\/2025\/02\/csm_Friede_Alexandra_4fe91059f3-214x300.jpeg\" data-credit=\"A. Friede\" alt=\"\" class=\"wp-image-3436\" srcset=\"https:\/\/www.hsu-hh.de\/isk\/wp-content\/uploads\/sites\/682\/2025\/02\/csm_Friede_Alexandra_4fe91059f3-214x300.jpeg 214w, https:\/\/www.hsu-hh.de\/isk\/wp-content\/uploads\/sites\/682\/2025\/02\/csm_Friede_Alexandra_4fe91059f3-731x1024.jpeg 731w, https:\/\/www.hsu-hh.de\/isk\/wp-content\/uploads\/sites\/682\/2025\/02\/csm_Friede_Alexandra_4fe91059f3-768x1075.jpeg 768w, https:\/\/www.hsu-hh.de\/isk\/wp-content\/uploads\/sites\/682\/2025\/02\/csm_Friede_Alexandra_4fe91059f3-1097x1536.jpeg 1097w, https:\/\/www.hsu-hh.de\/isk\/wp-content\/uploads\/sites\/682\/2025\/02\/csm_Friede_Alexandra_4fe91059f3-1100x1540.jpeg 1100w, https:\/\/www.hsu-hh.de\/isk\/wp-content\/uploads\/sites\/682\/2025\/02\/csm_Friede_Alexandra_4fe91059f3.jpeg 1200w\" sizes=\"auto, (max-width: 214px) 100vw, 214px\" \/><\/figure>\n<\/div><\/div>\n<\/div>\n\n\n\n<hr class=\"wp-block-separator has-alpha-channel-opacity\" \/>\n\n\n\n<div style=\"height:24px\" aria-hidden=\"true\" class=\"wp-block-spacer\"><\/div>\n\n\n\n<h2 class=\"wp-block-heading\">Lebenslauf<\/h2>\n\n\n\n<p><strong>Januar \u2013 Juni 2024<\/strong><br>Forschungsaufenthalt, School of Global Studies, Universit\u00e4t G\u00f6teborg (Schweden)<\/p>\n\n\n\n<p><strong>Mai&nbsp;2022&nbsp;\u2013&nbsp;Oktober&nbsp;2022<\/strong><br>Forschungsaufenthalt, Interdisziplin\u00e4res Forschungszentrum Ostseeraum (IFZO), Universit\u00e4t Greifswald<\/p>\n\n\n\n<p><strong>Seit Januar 2019<\/strong><br>Wissenschaftliche Mitarbeiterin, F\u00e4chergruppe Politikwissenschaft, <abbr title=\"Helmut Schmidt Universit\u00e4t\">HSU<\/abbr>\/<abbr title=\"Universit\u00e4t der Bundeswehr Hamburg\">UniBwH<\/abbr><\/p>\n\n\n\n<p><strong>Juni 2018 \u2013 Dezember 2018<\/strong><br>Wissenschaftliche Mitarbeiterin, Forschungsprojekt &#8222;Multinationale F\u00e4higkeitslage&#8220;, <abbr title=\"Helmut Schmidt Universit\u00e4t\">HSU<\/abbr>\/<abbr title=\"Universit\u00e4t der Bundeswehr Hamburg\">UniBwH<\/abbr> &nbsp;&nbsp;<\/p>\n\n\n\n<p><strong>Oktober 2017 \u2013 Februar 2018<\/strong><br>Robert Schuman Trainee, Europ\u00e4isches Parlament in Br\u00fcssel (Belgien)<\/p>\n\n\n\n<p><strong>2016 \u2013 2017<\/strong><br>M.A. Europawissenschaften, College of Europe in Natolin (Polen)<\/p>\n\n\n\n<p><strong>April \u2013 Dezember 2016<\/strong><br>Studentische Hilfskraft, Stiftung Wissenschaft und Politik (SWP) in Berlin<\/p>\n\n\n\n<p><strong>August 2014<\/strong><br>Internationales Parlamentsstipendium (IPS) Lettland<\/p>\n\n\n\n<p><strong>April 2014 \u2013 August 2015<\/strong><br>Studentische Hilfskraft, Deutscher Bundestag in Berlin<\/p>\n\n\n\n<p><strong>2013 \u2013 2016<\/strong><br>M.A. Politikwissenschaft, Universit\u00e4t Potsdam<\/p>\n\n\n\n<p><strong>September \u2013 Dezember 2012<\/strong><br>Auslandssemester (Erasmus), University College Cork (Irland)<\/p>\n\n\n\n<p><strong>2010 \u2013 2013<\/strong><br>B.A. Politikwissenschaft\/Alte Geschichte, Universit\u00e4t Rostock<\/p>\n\n\n\n<hr class=\"wp-block-separator has-alpha-channel-opacity\" \/>\n\n\n\n<h2 class=\"wp-block-heading\">Forschungsinteressen<\/h2>\n\n\n\n<p>B\u00fcndnispolitik (EU\/NATO)<br>Europ\u00e4ische Verteidigungskooperation<br>Deutsche Au\u00dfen-, Sicherheits- und Verteidigungspolitik<br>Ostseeraum&nbsp;<br>Gesamtverteidigung (&#8222;Total Defence&#8220;)<\/p>\n\n\n\n<hr class=\"wp-block-separator has-alpha-channel-opacity\" \/>\n\n\n\n<h2 class=\"wp-block-heading\">Eingeworbene Drittmittelprojekte<\/h2>\n\n\n\n<p><strong>2024 \u2013 2025<\/strong><br>&#8222;Aktiv f\u00f6rsvarsvilja, frivillighet och frivilliga f\u00f6rsvarsorganisationer&#8220; (gef\u00f6rdert von Schwedens Beh\u00f6rde f\u00fcr Psychologische Verteidigung), Projektleitung: Joakim Berndtsson, Universit\u00e4t G\u00f6teborg.<\/p>\n\n\n\n<p><strong>2023 \u2013 2025<\/strong><br>&#8222;Prepared Together: Stronger Together&#8220; (gef\u00f6rdert vom Ostseerat), Projektleitung: Ieva Birka, Latvijas Universit\u0101te.<\/p>\n\n\n\n<hr class=\"wp-block-separator has-alpha-channel-opacity\" \/>\n\n\n\n<h2 class=\"wp-block-heading\">Publikationen (Auswahl)<\/h2>\n\n\n\n<p>Friede, A. M. (2024). &#8222;Security, first of all, begins at home&#8220;: How Finland, Latvia, and Germany prepare &#8222;ordinary people&#8220; for crises. European Policy Analysis, 1\u201324. <a href=\"https:\/\/doi.org\/10.1002\/epa2.1229\" rel='nofollow'>https:\/\/doi.org\/10.1002\/epa2.1229<\/a><\/p>\n\n\n\n<p>Friede, A. M. (2024). Wie wir wehrhaft werden: Zu den Grenzen der Freiwilligkeit in Zeiten des Krieges. Aus Politik und Zeitgeschichte, 47-48\/2024, 11-16.<\/p>\n\n\n\n<p>Friede, A. M. (2022). In defence of the Baltic Sea region: (non-)allied policy responses to the exogenous shock of the Ukraine crisis. European Security, 31(4), 517\u2013539. <a href=\"https:\/\/doi.org\/10.1080\/09662839.2022.2031990\" rel='nofollow'>https:\/\/doi.org\/10.1080\/09662839.2022.2031990<\/a> <a href=\"https:\/\/www.swp-berlin.org\/publications\/products\/arbeitspapiere\/WP_Diplomacy21_No6_Alexandra_Friede.pdf\" target=\"_blank\" rel=\"noreferrer noopener\">PDF<\/a><\/p>\n\n\n\n<hr class=\"wp-block-separator has-alpha-channel-opacity\" \/>\n\n\n\n<h2 class=\"wp-block-heading\">Pr\u00e4sentationen (Auswahl)<\/h2>\n\n\n\n<p>Birka, I., Wigell, M., K\u013cavi\u0146\u0161, D., &amp; Friede, A. M.: From apathy to action \u2013 Enhancing preparedness in the urban centres of Latvia, Finland and Germany, Helsinki Security Forum, September 2024 (Helsinki, Finnland).<\/p>\n\n\n\n<p>Friede, A. M.: Vergleich der Dienste an der Gesellschaft am Beispiel der Ostsee-Anrainerstaaten Finnland, Lettland und Deutschland, Bensberger Gespr\u00e4che, Januar 2024 (G\u00f6ttingen, Deutschland).<\/p>\n\n\n\n<p>Friede, A. M.: &#8222;Security, first of all, begins at home&#8220;: how Finland, Latvia, and Germany prepare &#8222;ordinary people&#8220; for crises, Workshop &#8222;Innovation et d\u00e9fense: Les conditions sociales de la circulation des savoir-faire militaires et civils&#8220;, Sorbonne Universit\u00e9, Oktober 2023 (Paris, Frankreich).<\/p>\n\n\n\n<p>Friede, A. M.: The role of citizens within &#8222;total defence&#8220; arrangements: a comparison of Finland, Latvia and Germany, Workshop &#8222;Life in a Permanent State of Crisis&#8220; at EISA\u2019s 10th European Workshops in International Studies, Universiteit van Amsterdam, Juli 2023 (Amsterdam, Niederlande).<\/p>\n\n\n\n<p>Friede, A. M.: Germany\u2019s changing contribution to Baltic Sea security, Workshop &#8222;Seizing the crisis moment? Germany\u2019s changing security role in the Baltic state&#8220;, Vilniaus universitetas, November 2022 (Vilnius, Litauen).<\/p>\n\n\n\n<p>Friede, A. M.: &#8222;Don\u2019t be lazy and indifferent, get involved! &#8220; \u2013 what Baltic Sea states expect from citizens during crises (and vice versa), Vorlesungsreihe &#8222;Interdisciplinary Approaches to the Baltic Sea Region&#8220;, Universit\u00e4t Greifswald, Oktober 2022 (Greifswald, Deutschland).<\/p>\n\n\n\n<p>Friede, A. M.: (Un)changing security governance in the Baltic Sea region post-2014, Maritime Netzwerktagung &#8222;Dreizack&#8220;, Universit\u00e4t Rostock, September 2020 (Rostock, Deutschland).<\/p>\n\n\n\n<p>Friede, A. M.: The deterrent effect of NATO\u2019s Enhanced Forward Presence, Workshop der Baltic Sea Security Initiative (BSSI), Instytut Europy \u015arodkowej, Januar 2020 (Lublin, Polen).<\/p>\n\n\n\n<hr class=\"wp-block-separator has-alpha-channel-opacity\" \/>\n\n\n\n<h2 class=\"wp-block-heading\">Lehre<\/h2>\n\n\n\n<p>Techniken des Wissenschaftlichen Arbeitens (Seminar)<br>Schreibwerkstatt (\u00dcbung)<\/p>\n\n\n\n<hr class=\"wp-block-separator has-alpha-channel-opacity\" \/>\n\n\n\n<h2 class=\"wp-block-heading\"><strong>Akademische Selbstverwaltung<\/strong><\/h2>\n\n\n\n<p><strong>2024 \u2013 2025<\/strong><br>Vertreterin der wissenschaftlichen Mitarbeiter in der Berufungskommission f\u00fcr die Professur (W3) &#8222;Politikwissenschaft, insbesondere Internationale Politik&#8220;, <abbr title=\"Helmut Schmidt Universit\u00e4t\">HSU<\/abbr>\/<abbr title=\"Universit\u00e4t der Bundeswehr Hamburg\">UniBwH<\/abbr><\/p>\n\n\n\n<p><strong>2021 \u2013 2024<\/strong><br>Vertreterin der wissenschaftlichen Mitarbeiter im Fakult\u00e4tsrat der Wirtschafts- und Sozialwissenschaften, <abbr title=\"Helmut Schmidt Universit\u00e4t\">HSU<\/abbr>\/<abbr title=\"Universit\u00e4t der Bundeswehr Hamburg\">UniBwH<\/abbr><\/p>\n\n\n\n<hr class=\"wp-block-separator has-alpha-channel-opacity\" \/>\n\n\n\n<h2 class=\"wp-block-heading\">Mitgliedschaften<\/h2>\n\n\n\n<p>Deutsche Vereinigung f\u00fcr Politikwissenschaft (DVPW)<br>Women In International Security (WIIS)<br>European International Studies Association (EISA)<\/p>\n\n\n\n<hr class=\"wp-block-separator has-alpha-channel-opacity\" \/>\n","protected":false},"excerpt":{"rendered":"<p>Wissenschaftliche Mitarbeiterin am Lehrstuhl f\u00fcr Politikwissenschaft, insb. internationale Sicherheitspolitik und Konfliktforschung Helmut-Schmidt-Universit\u00e4tGeb\u00e4ude H1, Raum 1395Holstenhofweg 8522043 Hamburg Telefon: +49-40-6541-2069Fax: +49-40-6541-3370Email: alexandra.friede@hsu.hamburg Lebenslauf Januar \u2013 Juni 2024Forschungsaufenthalt, School of Global Studies, [&hellip;]<\/p>\n","protected":false},"author":138,"featured_media":0,"parent":119,"menu_order":0,"comment_status":"closed","ping_status":"closed","template":"","meta":{"footnotes":""},"categories":[8],"tags":[],"class_list":["post-3377","page","type-page","status-publish","hentry","category-team"],"_links":{"self":[{"href":"https:\/\/www.hsu-hh.de\/isk\/wp-json\/wp\/v2\/pages\/3377","targetHints":{"allow":["GET"]}}],"collection":[{"href":"https:\/\/www.hsu-hh.de\/isk\/wp-json\/wp\/v2\/pages"}],"about":[{"href":"https:\/\/www.hsu-hh.de\/isk\/wp-json\/wp\/v2\/types\/page"}],"author":[{"embeddable":true,"href":"https:\/\/www.hsu-hh.de\/isk\/wp-json\/wp\/v2\/users\/138"}],"replies":[{"embeddable":true,"href":"https:\/\/www.hsu-hh.de\/isk\/wp-json\/wp\/v2\/comments?post=3377"}],"version-history":[{"count":14,"href":"https:\/\/www.hsu-hh.de\/isk\/wp-json\/wp\/v2\/pages\/3377\/revisions"}],"predecessor-version":[{"id":3766,"href":"https:\/\/www.hsu-hh.de\/isk\/wp-json\/wp\/v2\/pages\/3377\/revisions\/3766"}],"up":[{"embeddable":true,"href":"https:\/\/www.hsu-hh.de\/isk\/wp-json\/wp\/v2\/pages\/119"}],"wp:attachment":[{"href":"https:\/\/www.hsu-hh.de\/isk\/wp-json\/wp\/v2\/media?parent=3377"}],"wp:term":[{"taxonomy":"category","embeddable":true,"href":"https:\/\/www.hsu-hh.de\/isk\/wp-json\/wp\/v2\/categories?post=3377"},{"taxonomy":"post_tag","embeddable":true,"href":"https:\/\/www.hsu-hh.de\/isk\/wp-json\/wp\/v2\/tags?post=3377"}],"curies":[{"name":"wp","href":"https:\/\/api.w.org\/{rel}","templated":true}]}}