{"id":2559,"date":"2022-07-13T11:20:33","date_gmt":"2022-07-13T09:20:33","guid":{"rendered":"https:\/\/www.hsu-hh.de\/isk\/?page_id=2559"},"modified":"2022-07-13T11:34:41","modified_gmt":"2022-07-13T09:34:41","slug":"pd-dr-gabi-schlag","status":"publish","type":"page","link":"https:\/\/www.hsu-hh.de\/isk\/team\/ehemalige-teammitglieder\/pd-dr-gabi-schlag","title":{"rendered":"PD Dr. Gabi Schlag"},"content":{"rendered":"\n<p><abbr title=\"Doktor\">Dr.<\/abbr> Gabi Schlag ist Privatdozentin an der <abbr title=\"Helmut Schmidt Universit\u00e4t\">HSU<\/abbr> Hamburg. Sie war von April 2016 bis Juli 2018 wissenschaftliche Mitarbeiterin am Institut f\u00fcr Internationale Politik der <abbr title=\"Helmut Schmidt Universit\u00e4t\">HSU<\/abbr> Hamburg. Davor war sie wissenschaftliche Mitarbeiterin an der Otto-von-Guericke Universit\u00e4t Magdeburg und der Goethe Universit\u00e4t Frankfurt. Sie studierte an der Gutenberg Universit\u00e4t Mainz und der Goethe Universit\u00e4t Frankfurt Politikwissenschaft, Soziologie und Kunstgeschichte.<\/p>\n\n\n\n<p><strong>Schwerpunkte in Forschung und Lehre<\/strong><\/p>\n\n\n\n<ul class=\"wp-block-list\"><li>kritische Sicherheitsforschung<\/li><li>interpretive Methodologie<\/li><li>diskurs- und praxistheoretische Ans\u00e4tze in den IB<\/li><li>visuelle Kulturen und globale Politik<\/li><li>deutsche und europ\u00e4ische Au\u00dfenpolitik<\/li><\/ul>\n\n\n\n<p><br><strong>Ausf\u00fchrlicher Lebenslauf<\/strong><\/p>\n\n\n\n<ul class=\"wp-block-list\"><li>seit 04\/2018: Privatdozentin an der Helmut Schmidt Universit\u00e4t<\/li><li>12\/2017: Abschluss des Habilitationsverfahrens an der Helmut Schmidt Universit\u00e4t<\/li><li>04\/2017-09\/2017: Vertretungsprofessorin (W2), Vertretung der Professur Transnational Governance, Universit\u00e4t M\u00fcnster<\/li><li>01\/2017: Er\u00f6ffnung des Habilitationsverfahrens an der Helmut Schmidt Universit\u00e4t<\/li><li>04\/2016-07\/2018: wissenschaftliche Mitarbeiterin, Professur Internationale Sicherheitspolitik und Konfliktforschung (<abbr title=\"Professor\">Prof.<\/abbr> <abbr title=\"Doktor\">Dr.<\/abbr> Anna Geis), Institut f\u00fcr Internationale Politik, Helmut Schmidt Universit\u00e4t Hamburg<\/li><li>10\/2015-03\/2016: Vertretungsprofessorin (W3), Vertretung der Professur Internationale Beziehungen und Politik in der Weltgesellschaft, InIIS, Universit\u00e4t Bremen<\/li><li>08\/2012-09\/2015: wissenschaftliche Mitarbeiterin, Professur f\u00fcr Politikwissenschaft unter besonderer Ber\u00fccksichtigung der Internationalen Beziehungen (<abbr title=\"Professor\">Prof.<\/abbr> <abbr title=\"Doktor\">Dr.<\/abbr> Anna Geis), Institut f\u00fcr Politikwissenschaft, Otto von Guericke Universit\u00e4t Magdeburg<\/li><li>01\/2014: <abbr title=\"Doktor\">Dr.<\/abbr> phil., Goethe Universit\u00e4t Frankfurt a.M.<\/li><li>07\/2010-07\/2012: wissenschaftliche Mitarbeiterin, Projekt Sicherheitskultur im Wandel, gef\u00f6rdert vom <abbr title=\"Bundesministerium f\u00fcr Bildung und Forschung\">BMBF<\/abbr>, Leitung: <abbr title=\"Professor\">Prof.<\/abbr> <abbr title=\"Doktor\">Dr.<\/abbr> Christopher Daase, Goethe-Universi-t\u00e4t Frankfurt<\/li><li>04\/2008-04\/2010: wissenschaftliche Mitarbeiterin, Exzellenzcluster Herausbildung normativer Ordnungen; Projekt Secur(itiz)ing the West: The Transformation of Trans-atlantic Order, Leitung: <abbr title=\"Professor\">Prof.<\/abbr> <abbr title=\"Doktor\">Dr.<\/abbr> Gunther Hellmann, Goethe-Universit\u00e4t Frankfurt<\/li><li>10\/2008-03\/2009: Forschungsaufenthalt, American University Washington D.C.<\/li><li>09\/2006-04\/2007: Betreuung des e-Learning Projektes eTurm am Fachbereich Gesellschafts-wissenschaften, Goethe-Universit\u00e4t Frankfurt<\/li><li>01\/2006-02\/2011: wissenschaftliche Mitarbeiterin, Professur f\u00fcr Politikwissenschaft mit dem Schwerpunkt Au\u00dfenbeziehungen Deutschlands und der Europ\u00e4ischen Union (<abbr title=\"Professor\">Prof.<\/abbr> <abbr title=\"Doktor\">Dr.<\/abbr> Gunther Hellmann), Institut f\u00fcr Politikwissenschaft, Goethe Universit\u00e4t Frankfurt<\/li><li>04\/2005-12\/2005: wissenschaftliche Hilfskraft, Institut f\u00fcr Politikwissenschaft, Goethe Universit\u00e4t Frankfurt<\/li><li>10\/2002-05\/2005: studentische Hilfskraft, Institut f\u00fcr Politikwissenschaft, Goethe Universit\u00e4t Frankfurt<\/li><li>04\/2001-04\/2005: freie Mitarbeiterin, Friedrich Ebert Stiftung, Regionalb\u00fcro Mainz<\/li><li>10\/1998-05\/2004: Studium der Politikwissenschaft, Soziologie und Kunstgeschichte an der Goethe Universit\u00e4t Frankfurt a.M. und der Johannes Gutenberg Universit\u00e4t Mainz<\/li><\/ul>\n\n\n\n<p><br><strong>Forschungsprojekte<\/strong><\/p>\n\n\n\n<p><a href=\"https:\/\/www.hsu-hh.de\/isk\/dfg-forscherinnen-netwerk-visualitaet-und-weltpolitik\">DFG-Netzwerk \u201eVisualit\u00e4t und Weltpolitik\u201c<\/a><\/p>\n\n\n\n<p>DFG-Forscher*innen-Netzwerk Visualit\u00e4t und Weltpolitik, Antragstellerin und Koordinatorin (zus. mit Axel Heck, Universit\u00e4t Kiel)<\/p>\n\n\n\n<p>Laufzeit: 2016-2018<\/p>\n\n\n\n<p>Jeden Tag erreichen uns Bilder, Fotos und Videos \u00fcber Kriege, Konflikte und Krisenherde, die unsere Vorstellung und unser (vermeintliches) Wissen \u00fcber \u201eWeltpolitik\u201c pr\u00e4gen und strukturieren. Die sprichw\u00f6rtliche \u201eMacht der Bilder\u201c und die Bedeutung von \u201eVisualit\u00e4t\u201c sind unter den Bedingungen moderner, globalisierter Kommunikation unzweifelhaft gestiegen. Die Flut an visuellen Daten stellt die Politikwissenschaft allgemein und insbesondere die Disziplin der Internationalen Beziehungen vor grundlegende theoretische, methodologische und forschungspraktische Herausforderungen, die im Rahmen des von der DFG gef\u00f6rderten Netzwerks \u201eVisualit\u00e4t und Weltpolitik\u201c bearbeitet werden sollen.<\/p>\n\n\n\n<p><abbr title=\"Doktor\">Dr.<\/abbr> Gabi Schlag und <abbr title=\"Doktor\">Dr.<\/abbr> Axel Heck koordinieren dieses wissenschaftliche Netzwerk, dem insgesamt 12 Forscherinnen und Forscher in Deutschland und den Niederlanden sowie weitere internationale Kooperationspartner angeh\u00f6ren. Das Ziel des Netzwerks besteht in der Erarbeitung eines Kompendiums, das die theoretisch reflektierte und methodisch angeleitete Analyse visueller Daten und Artefakte im Bereich der internationalen Beziehungen umfasst. Im Rahmen von Workshops wird ein multidisziplin\u00e4rer Diskussionskontext \u00fcber den Zusammenhang von \u201eVisualit\u00e4t\u201c und \u201eWeltpolitik\u201c geschaffen, um unterschiedliche theoretische und methodologische Perspektiven sowie Forschungspraktiken zu beleuchten. Die Projektlaufzeit betr\u00e4gt 2 Jahre.<br><\/p>\n\n\n\n<p><strong>Publikationen<\/strong><\/p>\n\n\n\n<p><a href=\"https:\/\/www.hsu-hh.de\/isk\/publikationen\/publikationen-schlag\">Alle Publikationen<\/a><\/p>\n","protected":false},"excerpt":{"rendered":"<p>Dr. Gabi Schlag ist Privatdozentin an der HSU Hamburg. Sie war von April 2016 bis Juli 2018 wissenschaftliche Mitarbeiterin am Institut f\u00fcr Internationale Politik der HSU Hamburg. Davor war sie [&hellip;]<\/p>\n","protected":false},"author":138,"featured_media":0,"parent":1137,"menu_order":0,"comment_status":"closed","ping_status":"closed","template":"","meta":{"footnotes":""},"categories":[8],"tags":[],"class_list":["post-2559","page","type-page","status-publish","hentry","category-team"],"_links":{"self":[{"href":"https:\/\/www.hsu-hh.de\/isk\/wp-json\/wp\/v2\/pages\/2559","targetHints":{"allow":["GET"]}}],"collection":[{"href":"https:\/\/www.hsu-hh.de\/isk\/wp-json\/wp\/v2\/pages"}],"about":[{"href":"https:\/\/www.hsu-hh.de\/isk\/wp-json\/wp\/v2\/types\/page"}],"author":[{"embeddable":true,"href":"https:\/\/www.hsu-hh.de\/isk\/wp-json\/wp\/v2\/users\/138"}],"replies":[{"embeddable":true,"href":"https:\/\/www.hsu-hh.de\/isk\/wp-json\/wp\/v2\/comments?post=2559"}],"version-history":[{"count":4,"href":"https:\/\/www.hsu-hh.de\/isk\/wp-json\/wp\/v2\/pages\/2559\/revisions"}],"predecessor-version":[{"id":2569,"href":"https:\/\/www.hsu-hh.de\/isk\/wp-json\/wp\/v2\/pages\/2559\/revisions\/2569"}],"up":[{"embeddable":true,"href":"https:\/\/www.hsu-hh.de\/isk\/wp-json\/wp\/v2\/pages\/1137"}],"wp:attachment":[{"href":"https:\/\/www.hsu-hh.de\/isk\/wp-json\/wp\/v2\/media?parent=2559"}],"wp:term":[{"taxonomy":"category","embeddable":true,"href":"https:\/\/www.hsu-hh.de\/isk\/wp-json\/wp\/v2\/categories?post=2559"},{"taxonomy":"post_tag","embeddable":true,"href":"https:\/\/www.hsu-hh.de\/isk\/wp-json\/wp\/v2\/tags?post=2559"}],"curies":[{"name":"wp","href":"https:\/\/api.w.org\/{rel}","templated":true}]}}