{"id":182,"date":"2017-10-23T15:59:37","date_gmt":"2017-10-23T13:59:37","guid":{"rendered":"https:\/\/www.hsu-hh.de\/isk\/?page_id=182"},"modified":"2024-12-10T09:44:21","modified_gmt":"2024-12-10T08:44:21","slug":"publications-pfeifer","status":"publish","type":"page","link":"https:\/\/www.hsu-hh.de\/isk\/en\/team-2\/former-team-members\/dr-hanna-pfeifer-2\/publications-pfeifer","title":{"rendered":"Publications Pfeifer"},"content":{"rendered":"<p>Monograph<\/p>\n<ul>\n<li>2017: Discursive Struggles over World Order. Exploring Encounters between Islamists and the West, Hamburg: Helmut Schmidt University (PhD thesis).<br \/>\n<a href=\"https:\/\/www.hsu-hh.de\/isk\/wp-content\/uploads\/sites\/682\/2018\/07\/Contents-1.pdf\">Contents<\/a><\/li>\n<\/ul>\n<p>Edited Volumes<\/p>\n<ul>\n<li>**2020 (with Geis, A.\/Cl\u00e9ment, M.) Armed Non-state Actors and the Politics of Recognition, Manchester: Manchester University Press (under contract).<\/li>\n<li>2013 (with Reder, M.\/Cojocaru, M.-D.) Was h\u00e4lt Gesellschaften zusammen? Der gef\u00e4hrdete Umgang mit Pluralit\u00e4t [What Is Holding Societies Together? The Precarious Handling of Pluralism], Stuttgart: Kohlhammer.<br \/>\n<em>Reviews<\/em><br \/>\n<em> Berg, W. 2013: Review (28.11.2013), in: socialnet Rezensionen, <a href=\"http:\/\/www.socialnet.de\/rezensionen\/15838.php\" rel='nofollow'>available online<\/a>, 22.10.2017.<\/em><br \/>\n<em> Lemke, M.: Review (26.09.2013), in: Portal f\u00fcr Politikwissenschaft, <a href=\"http:\/\/pw-portal.de\/rezension\/36229-was-haelt-gesellschaften-zusammen_44274\" rel='nofollow'>available online<\/a>, 22.10.2017.<\/em><\/li>\n<li>2012 (with Reder, M.): Kampf um Ressourcen. Weltordnung zwischen Konkurrenz und Kooperation [Struggle over Resources. World Order between Competition and Cooperation], Stuttgart: Kohlhammer.<br \/>\n<em>Review<\/em><br \/>\n<em> Mysorekar, S. 2013: To Whom Belong the Bounties of the World, in: D+C Development and Cooperation (3), 92, <a href=\"https:\/\/www.dandc.eu\/en\/article\/scramble-resources-poses-many-ethical-questions-and-cooperation-anything-unusual\" rel='nofollow'>available online<\/a>, 22.10.2017.<br \/>\n<\/em><\/li>\n<\/ul>\n<p>Journal Articles<\/p>\n<ul>\n<li>**2020 (with Opitz, C.\/Geis, A.) Deliberating Foreign Policy: Perceptions and Effects of Citizen Participation in German Foreign Policy, in: German Politics. Access online: <a href=\"https:\/\/www.tandfonline.com\/doi\/full\/10.1080\/09644008.2020.1786058\" rel='nofollow'>https:\/\/www.tandfonline.com\/doi\/full\/10.1080\/09644008.2020.1786058<\/a>.<\/li>\n<li>**2019 The Normative Power of Secularism. Tunisian Ennahda\u2019s Discourse on Religion, Politics, and the State (2011-2016), Politics and Religion (12:3), 478-500.<\/li>\n<li>**2019 (with Spencer, A.) Once Upon a Time. Western Genres and Narrative Constructions of a Romantic Jihad, in: Journal of Language and Politics (18:1), 21\u201339.<\/li>\n<li>2018 Narrativanalyse und Kritik oder: Wer erz\u00e4hlt hier welche Terrorgeschichte? Replik auf \u201eWar on Terror revisited? Das War on Terror-Narrativ als Legitimationsquelle des Syrieneinsatzes im bundesdeutschen Diskurs nach den Terroranschl\u00e4gen von Paris\u201c [Narrative Analysis and Critique, or: Who Tells Which Story of Terror? Reply to \u201eWar on Terror Revisited? The War on Terror Narrative as a Source of Legitimation for the Intervention in Syria in German Discourse after the Terror Attacks of Paris\u201c], in: Zeitschrift f\u00fcr Friedens- und Konfliktforschung (7:2), 278-286.<\/li>\n<li>**2017 (with Geis, A.) Deutsche Verantwortung in der \u201eMitte der Gesellschaft\u201c aushandeln? \u00dcber Politisierung und Entpolitisierung der deutschen Au\u00dfenpolitik [Negotiating German Responsibility at the \u201cHeart of Society\u201d? On the Politicisation and Depoliticisation of German Foreign Policy], in: Politische Vierteljahresschrift Special Issue (52), 219-244.<\/li>\n<li>**2017 (with Reder, M.) \u201eIch schw\u00f6re euch, dieses Land in Syrien ist barakah, Segen pur\u201c. Postmodernes Nachdenken \u00fcber Religion und d\u0101\u02bfish-Bekennervideos [\u201cI Swear to You, this Land of Syria is barakah, a Pure Blessing\u201d. Postmodern Approaches to Religion and d\u0101\u02bfish Videos], in: Zeitschrift f\u00fcr Internationale Beziehungen (24:2), 36-66.<\/li>\n<li>**2017 Islamisten und die Politik des S\u00e4kularismus in \u00c4gypten und Tunesien. Autokratische Stabilit\u00e4t und das demokratische Moment der a-s\u00e4kularen Arabellion [Islamists and the Politics of Secularism in Egypt and Tunisia. Autocratic Stability and the Democratic Moment of an Asecular Revolution], in: Leviathan Special Issue (31), 193-217.<\/li>\n<li>2014 (with Spandler, K.) Komplexit\u00e4t aufbauen statt abbauen. Wider eine Politik der neuen deutschen Verantwortung [Building Up Complexity instead of Reducing It. Against a Politcs of New German Responsibility], in: Osnabr\u00fccker Jahrbuch Frieden und Wissenschaft (21), 185-188.<br \/>\n<em>This article was co-published by the <a href=\"http:\/\/www.huffingtonpost.de\/hanna-pfeifer-\/komplexitat-aufbauen-statt-abbauen---wider-eine-politik-der-neuen-deutschen-verantwortung_b_5994608.html\" rel='nofollow'>Huffington Post <\/a>(16.10.2014) and &#8222;<a href=\"http:\/\/www.review2014.de\/de\/wettbewerb\/essay-wettbewerb\/inhalte\/article\/komplexitaet-aufbauen-statt-abbauen-wider-eine-politik-der-neuen-deutschen-verantwortung\/show-entry\/show\/controller\/Challenge.html\" rel='nofollow'>Review 2014 &#8211; Au\u00dfenpolitik Weiter Denken&#8220;<\/a>, a project initiated by the German Federal Foreign Office (17.07.2014),\u00a0 31.10.2017. An article on the meeting with German foreign minister Steinmeier appeared in the <a href=\"http:\/\/n-land.de\/news\/altdorf\/kaffee-beim-aussenminister\" rel='nofollow'>N\u00fcrnberger Nachrichten <\/a>(12.10.2014),\u00a0 05.11.2017.<\/em><\/li>\n<li>2014 (with Spandler, K.): The Responsibility to Be Responsible. \u00dcber Verantwortung und Au\u00dfenpolitik [The Responsibility to Be Responsible. On Responsibility and Foreign Policy], in: Wissenschaft und Frieden (4), 36-39.<\/li>\n<\/ul>\n<p>Handbook Articles<\/p>\n<ul>\n<li>2016 (with Reder, M.) Governance im Spannungsfeld von Frieden und Gerechtigkeit [Governance between Peace and Justice], in: Werkner, I.-J.\/Ebeling, K. (eds.): Handbuch Friedensethik, Wiesbaden: Springer VS, 651-662.<\/li>\n<\/ul>\n<p>Contributions to Edited Volumes<\/p>\n<ul>\n<li>**2020 Recognition Dynamics and Lebanese Hezbollah\u2019s Role in Regional Conflicts, in: Geis, A.\/ Cl\u00e9ment, M.\/Pfeifer H. (eds.): Armed Non-state Actors and the Politics of Recognition, Manchester: Manchester University Press (under contract).<\/li>\n<li>**2020 (with Cl\u00e9ment, M.\/Geis, A.) Introduction, in: Geis, A.\/Cl\u00e9ment, M.\/Pfeifer H. (eds.): Armed Non-state Actors and the Politics of Recognition, Manchester: Manchester University Press (under contract).<\/li>\n<li>**2020 (with G\u00fcnther, C.) ISIS und die Inszenierung von Kulturg\u00fcterzerst\u00f6rung f\u00fcr ein globales Publikum [ISIS and the Enactment of Cultural Heritage Destruction for a Global Audience], in: Heck, A. and Schlag, G.: Visualit\u00e4t und Weltpolitik. Praktiken des Zeigens und Sehens in den Internationalen Beziehungen, Wiesbaden: Springer VS, 151-179.<\/li>\n<li>**2018 Beyond Terrorism and Disorder. Assessing Islamist Constructions of World Order, in: Adiong, N.M\/Mauriello, R.\/Abdelkader, D. (eds.): Islam in International Affairs. Politics and Paradigms, Abingdon\/New York, NY: Routledge, 100-123.<\/li>\n<li>2018 (with Spencer, A.) Krieg der Erz\u00e4hlungen. Westliche Genres und Romantische Narrative des Jihad [Clash of Tales. Western Genres and Romantic Naaratives of Jihad], in: Schellh\u00f6h, J.\/Reichertz, J.\/Heins, V.M.\/Flender, A. (eds.): Gro\u00dferz\u00e4hlungen des Extremen, Bielefeld: transcript, 195-210.<\/li>\n<li>**2018 (with Reder, M.) Liberale Signaturen der Rede \u00fcber Religion und der Islamismus. Kritische Perspektiven entlang der Dekonstruktion Jacques Derridas [Liberal Signatures in Conceptualisations of Religion and Islamism. Critical Perspectives along the Lines of Jacques Derrida\u2019s Deconstruction], in: Hidalgo, O. \/ Zapf, H. \/ Hildmann, P. W. (eds.): Das Narrativ von der Wiederkehr der Religionen, Wiesbaden: Springer VS, 133-154.<\/li>\n<li>2014 Das liberale Metanarrativ und Identit\u00e4tskonflikte. Wider den liberalen Gerechten Frieden als Skript f\u00fcr die L\u00f6sung des israelisch-pal\u00e4stinensischen Konfliktes [The Liberal Meta-Narrative and Identity Conflicts. Against a Liberal Just Peace as a Script for Solving the Israeli-Palestinian Conflict], in: Gadinger, F.\/Jarzebski, S.\/Yildiz, T. (eds.): Politische Narrative, Wiesbaden: Springer VS, 259-283.<\/li>\n<li>2013 Gef\u00e4hrdete Pluralit\u00e4t und Kandidaten f\u00fcr den gesellschaftlichen Zusammenhalt [Precarious Plurality and Candidates for Social Cohesion], in: Reder, M.\/Pfeifer, H.\/Cojocaru, M.-D. (eds.): Was h\u00e4lt Gesellschaften zusammen? Der gef\u00e4hrdete Umgang mit Pluralit\u00e4t, Stuttgart: Kohlhammer, 127-138.<\/li>\n<li>2013 (with Reder, M.\/Cojocaru, M.-D.) Was h\u00e4lt Gesellschaften zusammen? Eine Einf\u00fchrung [What Is Holding Societies Together? An Introduction], in: Reder, M.\/Pfeifer, H.\/Cojocaru, M.-D. (eds.): Was h\u00e4lt Gesellschaften zusammen? Der gef\u00e4hrdete Umgang mit Pluralit\u00e4t, Stuttgart: Kohlhammer, 7-29.<\/li>\n<li>2013 (with Wallacher, J.) Ressourcenmanagement im Spannungsfeld von Versorgungssicherheit, globaler und \u00f6kologischer Gerechtigkeit [Resource Management between Security of Supply, Global and Ecological Justice], in: Hoff, G. M. (eds.): Konflikte um Ressourcen \u2013 Kriege um Wahrheit, Freiburg: Verlag Karl Alber, 221-253.<\/li>\n<li>2012 Effektives und gerechtes Ressourcenmanagement. Hindernisse und Perspektiven in der Diskussion [Effective and Just Resource Management. Discussing Obstacles and Perspectives], in: Reder, M.\/Pfeifer, H. (eds.): Kampf um Ressourcen: Weltordnung zwischen Konkurrenz und Kooperation, Stuttgart: Kohlhammer, 159-165.<\/li>\n<li>2012 (with Reder, M.) Einleitung [Introduction], in: Reder, M.\/Pfeifer, H. (eds.): Kampf um Ressourcen: Weltordnung zwischen Konkurrenz und Kooperation, Stuttgart: Kohlhammer, VII-X.<\/li>\n<\/ul>\n<p>Other Contributions<\/p>\n<ul>\n<li>2016 The Idea of a World Parliament. Democratisation of Global Politics or Perpetuation of the Hegemonic Order?, in: Diplomatisches Magazin (12), 54-55.<\/li>\n<li>2014 Responsibility: To Whom, For What and For Whom? German Foreign Policy in the Israeli-Palestinian Conflict, in: Diplomatisches Magazin (12), 32-33.<br \/>\n<em>An article on a corresponding rountable and the Young Initative on Foreign Affairs and International Relations (<a href=\"http:\/\/www.ifair.eu\/\" rel='nofollow'>IFAIR<\/a> ) was published in the <a href=\"http:\/\/jungeleute.sueddeutsche.de\/post\/101755862986\/diplomatie-ist-alles\" rel='nofollow'>SZ<\/a> (04.11.2014), 05.11.2017.<\/em><\/li>\n<li>Pfeifer, H. (with Oppold, M.) 2014 Den Dialog immer wieder suchen [Keep on Looking for Dialogue], in: IFAIR. Young Initiative on Foreign Affairs and International Relations (03.11.2014), <a href=\"http:\/\/ifair.eu\/intern\/den-dialog-immer-wieder-suchen\/\" rel='nofollow'>available online<\/a>, 05.11.2017.<br \/>\n<em>This article was co-publihed by &#8222;<a href=\"http:\/\/www.review2014.de\/de\/blog\/show\/article\/den-dialog-immer-wieder-suchen.html\" rel='nofollow'>Review 2014 &#8211; Au\u00dfenpolitik Weiter Denken<\/a>&#8222;, a project initiated by the German Federal Foreign Office, 13.10.2017.<\/em><\/li>\n<li>2012 The Muslim Brotherhood in Egypt. Feared Islamists or a Conservative Power?, in: Diplomatic Magazine (8), 40-41, <a href=\"http:\/\/www.diplomatisches-magazin.de\/international-relations-08-2012-en\/A2\/\" rel='nofollow'>available online<\/a>, 13.10.2017.<\/li>\n<li>2012 Dilemmata wertegebundener Au\u00dfenpolitik am Beispiel der deutsch-israelischen Beziehungen. Eine Betrachtung des Gazakrieges [Dilemmas of Value-Based Foreign Policy Using the Example of German-Israeli Relations. An Analysis of the Gaza War], in: Geschwister-Scholl-Institut (ed.): M\u00fcnchner Beitr\u00e4ge zur Politikwissenschaft, M\u00fcnchen, 1-121 (MA Thesis), <a href=\"https:\/\/epub.ub.uni-muenchen.de\/12811\/\" rel='nofollow'>available online<\/a>, 13.10.2017.<\/li>\n<li>2011 Die Vers\u00f6hnung von Hamas und Fatah. Chance oder Risiko? [Reconciliation between Hamas and Fatah. Opportunity or Risk?], in: IFAIR \u2013 Young Initiative on Foreign Affairs and International Relations, <a href=\"http:\/\/ifair.eu\/en\/think\/die-versohnung-von-hamas-und-fatah-chance-oder-risiko\/\" rel='nofollow'>available online,<\/a> 12.10.2017.<\/li>\n<\/ul>\n","protected":false},"excerpt":{"rendered":"<p>Monograph 2017: Discursive Struggles over World Order. Exploring Encounters between Islamists and the West, Hamburg: Helmut Schmidt University (PhD thesis). Contents Edited Volumes **2020 (with Geis, A.\/Cl\u00e9ment, M.) Armed Non-state [&hellip;]<\/p>\n","protected":false},"author":117,"featured_media":0,"parent":1103,"menu_order":0,"comment_status":"closed","ping_status":"closed","template":"","meta":{"footnotes":""},"categories":[43],"tags":[],"class_list":["post-182","page","type-page","status-publish","hentry","category-publications"],"_links":{"self":[{"href":"https:\/\/www.hsu-hh.de\/isk\/wp-json\/wp\/v2\/pages\/182","targetHints":{"allow":["GET"]}}],"collection":[{"href":"https:\/\/www.hsu-hh.de\/isk\/wp-json\/wp\/v2\/pages"}],"about":[{"href":"https:\/\/www.hsu-hh.de\/isk\/wp-json\/wp\/v2\/types\/page"}],"author":[{"embeddable":true,"href":"https:\/\/www.hsu-hh.de\/isk\/wp-json\/wp\/v2\/users\/117"}],"replies":[{"embeddable":true,"href":"https:\/\/www.hsu-hh.de\/isk\/wp-json\/wp\/v2\/comments?post=182"}],"version-history":[{"count":23,"href":"https:\/\/www.hsu-hh.de\/isk\/wp-json\/wp\/v2\/pages\/182\/revisions"}],"predecessor-version":[{"id":3318,"href":"https:\/\/www.hsu-hh.de\/isk\/wp-json\/wp\/v2\/pages\/182\/revisions\/3318"}],"up":[{"embeddable":true,"href":"https:\/\/www.hsu-hh.de\/isk\/wp-json\/wp\/v2\/pages\/1103"}],"wp:attachment":[{"href":"https:\/\/www.hsu-hh.de\/isk\/wp-json\/wp\/v2\/media?parent=182"}],"wp:term":[{"taxonomy":"category","embeddable":true,"href":"https:\/\/www.hsu-hh.de\/isk\/wp-json\/wp\/v2\/categories?post=182"},{"taxonomy":"post_tag","embeddable":true,"href":"https:\/\/www.hsu-hh.de\/isk\/wp-json\/wp\/v2\/tags?post=182"}],"curies":[{"name":"wp","href":"https:\/\/api.w.org\/{rel}","templated":true}]}}