{"id":1491,"date":"2020-06-08T09:32:25","date_gmt":"2020-06-08T07:32:25","guid":{"rendered":"https:\/\/www.hsu-hh.de\/isk\/?page_id=1491"},"modified":"2025-07-02T10:46:07","modified_gmt":"2025-07-02T08:46:07","slug":"stephanie-jaensch-m-a","status":"publish","type":"page","link":"https:\/\/www.hsu-hh.de\/isk\/team\/ehemalige-teammitglieder\/stephanie-jaensch-m-a","title":{"rendered":"Stephanie J\u00e4nsch, M.A."},"content":{"rendered":"\n<div style=\"height:100px\" aria-hidden=\"true\" class=\"wp-block-spacer\"><\/div>\n\n\n<script type=\"application\/ld+json\">[{\"@context\": \"https:\/\/www.schema.org\",\"@type\": \"Person\",\"name\": \"Stephanie J\u00e4nsch\",\"worksFor\": [{\t\"@type\": \"Organization\",\t\"name\": \"\",\t\"url\": \"https:\/\/www.hsu-hh.de\"}],\"image\": \"https:\/\/www.hsu-hh.de\/isk\/wp-content\/uploads\/sites\/682\/2020\/07\/Bild_HSU_Stephanie-Jaensch-150x150.jpg\",\"telephone\": \"\",\"faxNumber\": \"\",\"email\": \"jaenschs@hsu-hh.de\"}]<\/script><div class=\"clearfix\"><\/div><div class=\"ansprechparter-container \" style=\"margin-top:1em; \"><div class=\"row ansprechpartner-item ansprechparter-header\" ><div class=\"col-xs-8 col-lg-12\" style=\"margin-bottom: 30px;\"><h3 class=\"ansprechparter-headline\">Stephanie J\u00e4nsch<\/h3><\/div><\/div><div class=\"col-md-4 col-lg-3 col-xs-4 ansprechpartner-item floatright img-circle center-block\" style=\"margin-bottom: 30px;\"><div class=\"img-responsive-wrapper\"><img decoding=\"async\" src=\"https:\/\/www.hsu-hh.de\/isk\/wp-content\/uploads\/sites\/682\/2020\/07\/Bild_HSU_Stephanie-Jaensch-150x150.jpg\" alt=\"Stephanie J\u00e4nsch\" class=\"img-circle img-responsive center-block\" \/><\/div><\/div><div class=\"col-md-12 col-lg-3 col-xs-12 ansprechpartner-item kontakt floatright\" style=\"margin-bottom: 30px; \"><div class=\"row\"><div class=\"col-xs-12 col-sm-6 col-lg-12\"><div class=\"row\"><div class=\"col-xs-4 col-lg-4 row-text bold\">E-Mail:<\/div><div class=\"row-text\" style=\"overflow:hidden; word-break: break-word\"><a href=\"mailto:jaenschs@hsu-hh.de\" rel=\"nofollow\">jaenschs@hsu-hh.de<\/a><\/div><\/div><\/div><\/div><\/div><div class=\"col-md-6 col-lg-3 col-xs-12 ansprechpartner-item anschrift floatright\" ><div class=\"row-headline\">Besucheranschrift<\/div><div class=\"dataBesucheranschrift\" style=\"\"><div class=\"row-text\">Helmut-Schmidt-Universit\u00e4t<\/div><div class=\"row-text\"><\/div><\/div><\/div><div class=\"col-md-6 col-lg-3 col-xs-12 ansprechpartner-item anschrift floatright\"><div class=\"row-headline\">Postanschrift<\/div><div class=\"dataPostanschrift\" style=\"\"><div class=\"row-text\">Helmut-Schmidt-Universit\u00e4t<\/div><div class=\"row-text\">Fakult\u00e4t f\u00fcr Wirtschafts- und Sozialwissenschaften<\/div><div class=\"row-text\">Internationale Politik<\/div><div class=\"row-text\">Holstenhofweg 85<\/div><div class=\"row-text\">22043 Hamburg<\/div><\/div><\/div><\/div><div class=\"clearfix\"><\/div>\n\n\n<div style=\"height:34px\" aria-hidden=\"true\" class=\"wp-block-spacer\"><\/div>\n\n\n\n<hr class=\"wp-block-separator has-alpha-channel-opacity is-style-wide\" \/>\n\n\n\n<h2 class=\"wp-block-heading\">Lebenslauf<\/h2>\n\n\n\n<p>In February 2021 I started my PhD-project within the graduate school \u201cDemocratsing Security in Turbulent Times\u201d(see below). Previously I worked as a research associate in the OSAIC sub-project \u2018Management of Interface Conflicts in African Security Governance\u2019 at the Helmut-Schmidt-University in Hamburg. I hold an interdisciplinary bachelor\u2019s degree in \u201cCulture and Society of Africa\u201d from the University of Bayreuth and a master\u2019s degree in \u201cPolitical Science\u201d from the University of Hamburg. Inspired by these studies my main research interests include contemporary peacebuilding dynamics in the Great Lakes Region, the Horn of Africa and Eastern Africa. Recently, I chose to focus on practices of contestation within international peacebuilding, which I approach through an ethnographic lense and other interpretative research methods.<\/p>\n\n\n\n<p><strong>PhD Project:<br><\/strong>My current research centres on protest, activism and other practices of resistance against UN peacebuilding as crucial \u2013 yet academically overlooked \u2013 phenomena in the relational field of international peacebuilding. Focussing on the Democratic Republic of Congo (DRC), my research will map out how trans-local actors, including the Congolese diaspora, have constructed knowledge about the \u201cUnited Nations Organization Stabilization Mission in the Democratic Republic of the Congo\u201d (MONUSCO) against the backdrop of lived experiences and other forms of knowing. I am intersted in how this knowledge, in turn, has found and continues to find manifestation in different forms of protest\/resistance. In order to pay tribute to the diversity of lived experiences and perspective, I am conducting a multi-sited ethnography including digital spaces such as Twitter, physical localities such as Kinshasa and Goma as well as their relational interconnections. In a second step, I seek to understand the ways in which these practices have fed into processes of politicization &#8211; and perhaps democratisation &#8211; of international peacebuilding.<\/p>\n\n\n\n<p><strong><br>Education<\/strong><\/p>\n\n\n\n<p>10\/2016 \u2013 04\/2020 Master Political Science (University of Hamburg)<br>Specialisation: International Political Theory<\/p>\n\n\n\n<p>03\/2019: Research Trip to Dar es Salaam (Tanzania)<br>Master Thesis: \u201eExploring Motivations behind Tanzania\u2018s Diplomatic Interpretation of Non-Indifference in Somalia\u201d<\/p>\n\n\n\n<p>10\/2012 \u2013 03\/2016 \u2013 Bachelor \u201eCulture and Society of Africa\u201d<br>Specialisation: Africa in the World \u2013 History and Religion<\/p>\n\n\n\n<div style=\"height:30px\" aria-hidden=\"true\" class=\"wp-block-spacer\"><\/div>\n\n\n\n<hr class=\"wp-block-separator has-alpha-channel-opacity is-style-wide\" \/>\n\n\n\n<h2 class=\"wp-block-heading\">Forschung<\/h2>\n\n\n\n<ul class=\"wp-block-list\">\n<li>African agency in peace and security, critical norm research and postcolonial critique in International Relations<\/li>\n\n\n\n<li>African peace and security, peacebuilding and conflict transformation in Africa, Global South agencies, norm research in international relations<\/li>\n<\/ul>\n\n\n\n<div style=\"height:30px\" aria-hidden=\"true\" class=\"wp-block-spacer\"><\/div>\n\n\n\n<hr class=\"wp-block-separator has-alpha-channel-opacity is-style-wide\" \/>\n\n\n\n<h2 class=\"wp-block-heading\">Publikationen<\/h2>\n\n\n\n<p>J\u00e4nsch, Stephanie (2023). \u2018Hope, struggles and the call for true leadership. In the upcoming elections, the Congolese are driven by the wish for a leader whose love for their country will spurt political action\u2019. International Politics and Society. <a href=\"https:\/\/www.ips-journal.eu\/topics\/democracy-and-society\/hope-struggles-and-the-call-for-true-leadership-7176\/\" rel='nofollow'>https:\/\/www.ips-journal.eu\/topics\/democracy-and-society\/hope-struggles-and-the-call-for-true-leadership-7176\/<\/a><\/p>\n\n\n\n<p>Traduction francaise  <a href=\"https:\/\/www.hsu-hh.de\/isk\/wp-content\/uploads\/sites\/682\/2023\/12\/Hope_Stephanie_French.pdf\">https:\/\/www.hsu-hh.de\/isk\/wp-content\/uploads\/sites\/682\/2023\/12\/Hope_Stephanie_French.pdf<\/a><\/p>\n\n\n\n<p>J\u00e4nsch, Stephanie (2023). \u2018MONUSCO im Ostkongo: Ein umstrittener Verfechter der Menschenrechte?\u2019. Deutsche Gesellschaft f\u00fcr die Vereinten Nationen e.V., <a href=\"https:\/\/frieden-sichern.dgvn.de\/meldung\/monusco-im-ostkongo-ein-umstrittener-verfechter-der-menschenrechte\" rel='nofollow'>https:\/\/frieden-sichern.dgvn.de\/meldung\/monusco-im-ostkongo-ein-umstrittener-verfechter-der-menschenrechte<\/a>.<\/p>\n\n\n\n<p>J\u00e4nsch, Stephanie (2023). \u2018Regional Solutions to Regional Problems? Protests in the DRC Highlight the Challenges of Regional Military Peace Operations\u2019. Peace Research Institute Frankfurt (PRIF)-Blog, <a href=\"https:\/\/blog.prif.org\/2023\/02\/28\/regional-solutions-to-regional-problems-protests-in-the-drc-highlight-the-challenges-of-regional-military-peace-operations\/\" rel='nofollow'>https:\/\/blog.prif.org\/2023\/02\/28\/regional-solutions-to-regional-problems-protests-in-the-drc-highlight-the-challenges-of-regional-military-peace-operations\/<\/a><\/p>\n\n\n\n<p>Traduction fran\u00e7aise <a href=\"https:\/\/www.hsu-hh.de\/isk\/wp-content\/uploads\/sites\/682\/2023\/03\/PRIF-BLOG-NEW-French-Translation.pdf\">https:\/\/www.hsu-hh.de\/isk\/wp-content\/uploads\/sites\/682\/2023\/03\/PRIF-BLOG-NEW-French-Translation.pdf<\/a><\/p>\n\n\n\n<p>J\u00e4nsch, Stephanie (2023). \u2018It is clear that Congolese people are against MONUSCO\u2019. International Politics and Society, <a href=\"https:\/\/www.ips-journal.eu\/topics\/democracy-and-society\/it-is-clear-that-congolese-people-are-against-monusco-6454\/\" rel='nofollow'>https:\/\/www.ips-journal.eu\/topics\/democracy-and-society\/it-is-clear-that-congolese-people-are-against-monusco-6454\/<\/a><\/p>\n\n\n\n<p>Traduction fran\u00e7aise&nbsp; <a href=\"https:\/\/www.hsu-hh.de\/isk\/wp-content\/uploads\/sites\/682\/2023\/02\/IPS-Article-Final-French.pdf\">https:\/\/www.hsu-hh.de\/isk\/wp-content\/uploads\/sites\/682\/2023\/02\/IPS-Article-Final-French.pdf<\/a><br>Tafsiri ya Kiswahili&nbsp;&nbsp; <a href=\"https:\/\/www.hsu-hh.de\/isk\/wp-content\/uploads\/sites\/682\/2023\/02\/Swahili-Final-Version.pdf\">https:\/\/www.hsu-hh.de\/isk\/wp-content\/uploads\/sites\/682\/2023\/02\/Swahili-Final-Version.pdf<\/a><\/p>\n\n\n\n<p>J\u00e4nsch, Stephanie (2021). Understanding African Agency in Peace and Security: Tanzania\u2019s Implementation of \u201cNon-Indifference\u201d in Somalia. Africa Spectrum, 56(3), 274\u2013292. <a href=\"https:\/\/doi.org\/10.1177\/0002039721993482\" rel='nofollow'>https:\/\/doi.org\/10.1177\/0002039721993482 <\/a><a href=\"\" rel='nofollow'><\/a> <a><\/a><a><\/a><a><\/a><a><\/a><a><\/a><a><\/a><\/p>\n\n\n\n<p>J\u00e4nsch, Stephanie. Review of Regionale Integration. Erkl\u00e4rungsans\u00e4tze und Analysen zu den wichtigsten Integrationszusammenschl\u00fcssen in der Welt, by Andreas Grimmel and Cord Jakobeit, Politik 100\u00d7100, <a href=\"https:\/\/politik100x100.blogs.uni-hamburg.de\/jaensch-rez-jakobeit-grimmel\/\" rel='nofollow'>https:\/\/politik100x100.blogs.uni-hamburg.de\/jaensch-rez-jakobeit-grimmel\/<\/a><\/p>\n\n\n\n<p>J\u00e4nsch, Stephanie. Review of Der Islam, die Rolle Europas und die Fl\u00fcchtlingsfrage. Islamische Gesellschaften und der Aufstieg Europas in Geschichte und Gegenwart, by Rainer Tetzlaff. Sicherheit und Frieden S+F 34, no. 3 (2016): 229-230.\u201c<\/p>\n\n\n\n<div style=\"height:78px\" aria-hidden=\"true\" class=\"wp-block-spacer\"><\/div>\n","protected":false},"excerpt":{"rendered":"<p>Lebenslauf In February 2021 I started my PhD-project within the graduate school \u201cDemocratsing Security in Turbulent Times\u201d(see below). Previously I worked as a research associate in the OSAIC sub-project \u2018Management [&hellip;]<\/p>\n","protected":false},"author":138,"featured_media":0,"parent":1137,"menu_order":0,"comment_status":"closed","ping_status":"closed","template":"","meta":{"footnotes":""},"categories":[8],"tags":[243,241,239,237],"class_list":["post-1491","page","type-page","status-publish","hentry","category-team","tag-dfg","tag-geis","tag-hsu","tag-jaensch"],"_links":{"self":[{"href":"https:\/\/www.hsu-hh.de\/isk\/wp-json\/wp\/v2\/pages\/1491","targetHints":{"allow":["GET"]}}],"collection":[{"href":"https:\/\/www.hsu-hh.de\/isk\/wp-json\/wp\/v2\/pages"}],"about":[{"href":"https:\/\/www.hsu-hh.de\/isk\/wp-json\/wp\/v2\/types\/page"}],"author":[{"embeddable":true,"href":"https:\/\/www.hsu-hh.de\/isk\/wp-json\/wp\/v2\/users\/138"}],"replies":[{"embeddable":true,"href":"https:\/\/www.hsu-hh.de\/isk\/wp-json\/wp\/v2\/comments?post=1491"}],"version-history":[{"count":80,"href":"https:\/\/www.hsu-hh.de\/isk\/wp-json\/wp\/v2\/pages\/1491\/revisions"}],"predecessor-version":[{"id":3615,"href":"https:\/\/www.hsu-hh.de\/isk\/wp-json\/wp\/v2\/pages\/1491\/revisions\/3615"}],"up":[{"embeddable":true,"href":"https:\/\/www.hsu-hh.de\/isk\/wp-json\/wp\/v2\/pages\/1137"}],"wp:attachment":[{"href":"https:\/\/www.hsu-hh.de\/isk\/wp-json\/wp\/v2\/media?parent=1491"}],"wp:term":[{"taxonomy":"category","embeddable":true,"href":"https:\/\/www.hsu-hh.de\/isk\/wp-json\/wp\/v2\/categories?post=1491"},{"taxonomy":"post_tag","embeddable":true,"href":"https:\/\/www.hsu-hh.de\/isk\/wp-json\/wp\/v2\/tags?post=1491"}],"curies":[{"name":"wp","href":"https:\/\/api.w.org\/{rel}","templated":true}]}}