{"id":1131,"date":"2019-01-16T17:24:13","date_gmt":"2019-01-16T16:24:13","guid":{"rendered":"https:\/\/www.hsu-hh.de\/isk\/?page_id=1131"},"modified":"2025-07-02T10:02:28","modified_gmt":"2025-07-02T08:02:28","slug":"dr-christian-opitz","status":"publish","type":"page","link":"https:\/\/www.hsu-hh.de\/isk\/team\/ehemalige-teammitglieder\/dr-christian-opitz","title":{"rendered":"Dr. Christian Opitz"},"content":{"rendered":"<div class=\"clearfix\"><\/div>\n<div class=\"ansprechparter-container\">\n<div class=\"row ansprechpartner-item ansprechparter-header\">\n<div class=\"col-md-4 col-lg-3 col-xs-4 ansprechpartner-item floatright img-circle center-block\" style=\"margin-bottom: 30px\">\n<div class=\"img-responsive-wrapper\"><a href=\"https:\/\/www.hsu-hh.de\/isk\/olympus-digital-camera\"><img loading=\"lazy\" decoding=\"async\" class=\"img-circle img-responsive center-block alignnone wp-image-1846 size-thumbnail\" src=\"https:\/\/www.hsu-hh.de\/isk\/wp-content\/uploads\/sites\/682\/2021\/02\/Opitz_Foto-150x150.jpg\" alt=\"\" width=\"150\" height=\"150\" data-credit=\"HSU\" srcset=\"https:\/\/www.hsu-hh.de\/isk\/wp-content\/uploads\/sites\/682\/2021\/02\/Opitz_Foto-150x150.jpg 150w, https:\/\/www.hsu-hh.de\/isk\/wp-content\/uploads\/sites\/682\/2021\/02\/Opitz_Foto-100x100.jpg 100w\" sizes=\"auto, (max-width: 150px) 100vw, 150px\" \/><\/a><\/div>\n<\/div>\n<div class=\"col-md-12 col-lg-3 col-xs-12 ansprechpartner-item kontakt floatright\" style=\"margin-bottom: 30px\">\n<div class=\"row\">\n<div class=\"col-xs-12 col-sm-6 col-lg-12\">\n<div class=\"row\">\n<div class=\"col-xs-12 col-lg-4 row-text bold\">Raum:<\/div>\n<div class=\"col-xs-12 col-lg-8 row-text\">1394a<\/div>\n<\/div>\n<\/div>\n<div class=\"col-xs-12 col-sm-6 col-lg-12\">\n<div class=\"row\">\n<div class=\"col-xs-12 col-lg-4 row-text bold\">Telefon:<\/div>\n<div class=\"col-xs-12 col-lg-8 row-text\">+49-(0)40-6541-3792<\/div>\n<\/div>\n<\/div>\n<div class=\"col-xs-12 col-sm-6 col-lg-12\">\n<div class=\"row\">\n<div class=\"col-xs-12 col-md-12 row-text bold\">E-Mail:<\/div>\n<div class=\"col-xs-12 col-md-12 row-text\"><a href=\"mailto:christian.opitz@hsu-hh.de\" rel='nofollow'>christian.opitz@hsu-hh.de<\/a><\/div>\n<\/div>\n<\/div>\n<\/div>\n<\/div>\n<div class=\"col-md-6 col-lg-3 col-xs-12 ansprechpartner-item anschrift floatright\">\n<div class=\"row-headline\">Besucheranschrift<\/div>\n<div class=\"row-text\">Helmut-Schmidt-Universit\u00e4t<\/div>\n<div class=\"row-text\">Geb\u00e4ude H1<\/div>\n<div class=\"row-text\">Holstenhofweg 85<\/div>\n<div class=\"row-text\">22043 Hamburg<\/div>\n<\/div>\n<div class=\"col-md-6 col-lg-3 col-xs-12 ansprechpartner-item anschrift floatright\">\n<div class=\"row-headline\">Postanschrift<\/div>\n<p>Helmut-Schmidt-Universit\u00e4t<br \/>\nFakult\u00e4t f\u00fcr Wirtschafts- und Sozialwissenschafen<br \/>\nInternationale Politik<br \/>\nPostfach 70 08 22<br \/>\n22008 Hamburg<\/p>\n<\/div>\n<\/div>\n<\/div>\n<div class=\"clearfix\"><\/div>\n<h2><\/h2>\n<h2><strong>Lebenslauf<\/strong><\/h2>\n<p>Christian Opitz ist wissenschaftlicher Mitarbeiter im Projekt \u201e<a href=\"https:\/\/citizens-in-foreign-policy.com\/\" rel='nofollow'>Recasting the role of citizens in foreign and security policy<\/a>?\u201c, finanziert von der Deutschen Forschungsgemeinschaft (DFG). Seit Juli 2018 am Institut f\u00fcr Internationale Politik der <abbr title=\"Helmut Schmidt Universit\u00e4t\">HSU<\/abbr> Hamburg war er zuvor t\u00e4tig f\u00fcr das Projekt \u201e<a href=\"https:\/\/www.hsu-hh.de\/isk\/beteiligung-in-der-aussen-und-sicherheitspolitik-projekt-geis-pfeifer\">B\u00fcrgerbeteiligung in der Au\u00dfen- und Sicherheitspolitik<\/a>\u201c sowie f\u00fcr das DFG-Projekt \u201eOverlapping Spheres of Authority\u201c.<\/p>\n<p>Berufsbegleitend promovierte Christian Opitz an der Friedrich-Schiller-Universit\u00e4t Jena zum Thema \u201eZwischen Formalit\u00e4t und Informalit\u00e4t: Strukturelle Einflussbedingungen in einer internationalen Organisation am Beispiel des zivilen Krisenmanagements der Europ\u00e4ischen Union\u201c (Betreuer: <abbr title=\"Professor\">Prof.<\/abbr> <abbr title=\"Doktor\">Dr.<\/abbr> Rafael Biermann). Seine Dissertation erhielt den <a href=\"https:\/\/www.uni-jena.de\/wissenschaftliche+karriere\/veranstaltungen\/veranstaltungsarchiv+2020\/online-verleihung+der+dissertationspreise+und+des+habilitationspreises\" rel='nofollow'>Dissertationspreis 2020<\/a> der Friedrich-Schiller-Universit\u00e4t und wurde au\u00dferdem als <a href=\"https:\/\/www.powi.uni-jena.de\/institut\/tag+der+politikwissenschaft\/bestpreise+f%C3%BCr+abschlussarbeiten+des+studienjahrs+2019_20\" rel='nofollow'>beste Dissertation<\/a> des Instituts f\u00fcr Politikwissenschaft ausgezeichnet.<\/p>\n<p>Christian Opitz studierte Politikwissenschaft an der Albert-Ludwigs-Universit\u00e4t Freiburg (2005-2008) bevor er seinen Master in Peace and Conflict Studies an der Uppsala Universit\u00e4t absolvierte (2009-2011). Daran schlossen sich erste berufliche Stationen im In- und Ausland, <abbr title=\"unter anderem\">u.a.<\/abbr> am Zentrum f\u00fcr Internationale Friedenseins\u00e4tze (ZIF), im Ausw\u00e4rtigen Amt und an der Stiftung Wissenschaft und Politik (SWP).<\/p>\n<h2>Forschung<\/h2>\n<p>DFG-Projekt (mit <a href=\"https:\/\/www.hsu-hh.de\/isk\/team\/prof-dr-anna-geis\"><abbr title=\"Professor\">Prof.<\/abbr> <abbr title=\"Doktor\">Dr.<\/abbr> Anna Geis<\/a> und <a href=\"https:\/\/www.hsfk.de\/team\/mitarbeiter\/hanna-pfeifer\" rel='nofollow'><abbr title=\"Professor\">Prof.<\/abbr> <abbr title=\"Doktor\">Dr.<\/abbr> Hanna Pfeifer<\/a>): \u201c<a href=\"https:\/\/citizens-in-foreign-policy.com\/\" rel='nofollow'>Recasting the role of citizens in foreign and security policy? Democratic innovations and changing patterns of interaction between European executives and citizens<\/a>\u201d<\/p>\n<p><strong>Schwerpunkte in der Forschung<\/strong><\/p>\n<p>Partizipative und deliberative Politikgestaltung in der Au\u00dfen- und Sicherheitspolitik<br \/>\nOrganisationen in der Au\u00dfen- und Sicherheitspolitik<br \/>\nGegenw\u00e4rtige Entwicklungen der Diplomatie<br \/>\nFormale und informale Entscheidungsbedingungen in internationalen Organisationen<\/p>\n<h2>Publikationen<\/h2>\n<p><strong>Aktuellste Publikationen<\/strong><\/p>\n<p>Christian Opitz 2024: Democratic innovations beyond the deliberative paradigm: a re-conceptualization based on Luhmann\u2019s systems theory, in: Democratization. <a href=\"https:\/\/www.tandfonline.com\/doi\/full\/10.1080\/13510347.2024.2340636\" rel='nofollow'>Open access<\/a>.<\/p>\n<p>Christian Opitz 2024: Democratic Innovations Administered: The Organisational Embeddedness of Public Administrators\u2019 Attitudes Towards Participatory Policy Making, in: Journal of Deliberative Democracy, 20: 1. <a href=\"https:\/\/delibdemjournal.org\/article\/id\/1457\/\" rel='nofollow'>Open access<\/a><\/p>\n<p>Anna Geis\/Christian Opitz\/Hanna Pfeifer, 2022. Recasting the Role of Citizens in Diplomacy and Foreign Policy. The Hague Journal of Diplomacy 17(4): 614-627. <a href=\"https:\/\/doi.org\/10.1163\/1871191x-bja10136\" rel='nofollow'>https:\/\/doi.org\/10.1163\/1871191x-bja10136<\/a> <a><img decoding=\"async\" class=\"citavipicker\" style=\"border: 0px none!important;width: 16px!important;height: 16px!important;margin-left: 1px !important;margin-right: 1px !important\" title=\"Titel anhand dieser DOI in Citavi-Projekt \u00fcbernehmen\" src=\"image\/svg+xml;base64,PD94bWwgdmVyc2lvbj0iMS4wIiBlbmNvZGluZz0idXRmLTgiPz48IURPQ1RZUEUgc3ZnIFBVQkxJQyAiLS8vVzNDLy9EVEQgU1ZHIDEuMS8vRU4iICJodHRwOi8vd3d3LnczLm9yZy9HcmFwaGljcy9TVkcvMS4xL0RURC9zdmcxMS5kdGQiPjxzdmcgdmVyc2lvbj0iMS4xIiBpZD0iRWJlbmVfMSIgeG1sbnM9Imh0dHA6Ly93d3cudzMub3JnLzIwMDAvc3ZnIiB4bWxuczp4bGluaz0iaHR0cDovL3d3dy53My5vcmcvMTk5OS94bGluayIgeD0iMHB4IiB5PSIwcHgiIHdpZHRoPSIxNnB4IiBoZWlnaHQ9IjE2cHgiIHZpZXdCb3g9IjAgMCAxNiAxNiIgZW5hYmxlLWJhY2tncm91bmQ9Im5ldyAwIDAgMTYgMTYiIHhtbDpzcGFjZT0icHJlc2VydmUiPjxnPjxnPjxwYXRoIGZpbGw9IiNGRkZGRkYiIGQ9Ik04LjAwMSwxNS41QzMuODY0LDE1LjUsMC41LDEyLjEzNiwwLjUsOGMwLTQuMTM1LDMuMzY1LTcuNSw3LjUwMS03LjVTMTUuNSwzLjg2NCwxNS41LDhTMTIuMTM3LDE1LjUsOC4wMDEsMTUuNXoiLz48cGF0aCBmaWxsPSIjRDUyQjFFIiBkPSJNOC4wMDEsMUMxMS44NiwxLDE1LDQuMTQxLDE1LDhzLTMuMTM5LDctNi45OTksN0M0LjE0LDE1LDEsMTEuODU5LDEsOFM0LjE0LDEsOC4wMDEsMSBNOC4wMDEsMEMzLjU4MiwwLDAsMy41ODIsMCw4czMuNTgyLDgsOC4wMDEsOEMxMi40MTgsMTYsMTYsMTIuNDE4LDE2LDhTMTIuNDE4LDAsOC4wMDEsMEw4LjAwMSwweiIvPjwvZz48cGF0aCBmaWxsPSIjRDUyQjFFIiBkPSJNNi43NDUsMTIuNTg5Yy0wLjIyNywwLjEyMi0wLjQ5NywwLjI0Ny0wLjY4NCwwLjI0N2MtMC4zMTgsMC0wLjUwMS0wLjE2NC0wLjUwMS0wLjQ1MmMwLTAuMjA3LDAuMTQtMC4zNzUsMC41OTUtMC42MjJjMS41NDktMC45MDQsMi41OTQtMi4yNzIsMi41OTQtMy43MjFjMC0wLjgyNS0wLjIyNy0xLjExOS0wLjY4MS0xLjExOWMtMC4xMzUsMC0wLjMyLDAuMjE5LTAuNjM2LDAuMjE5SDcuMTU3QzYuMTAyLDcuMTQzLDUuMzMzLDYuMjY0LDUuMzMzLDUuMjNjMC0xLjE1MiwwLjk1OC0yLjAwNiwyLjI4LTIuMDA2YzEuNzc3LDAsMy4wNTMsMS4zNzMsMy4wNTMsMy40M0MxMC42NjYsOS4yMTUsOS4yMDMsMTEuMjcsNi43NDUsMTIuNTg5Ii8+PC9nPjwvc3ZnPg\" \/><\/a>.<\/p>\n<p>Christian Opitz\/Hanna Pfeifer\/Anna Geis 2022: Engaging with Public Opinion at the Micro-Level: Citizen Dialogue and Participation in German Foreign Policy, in: Foreign Policy Analysis 18(1). <a href=\"https:\/\/doi.org\/10.1093\/fpa\/orab033\" rel='nofollow'>https:\/\/doi.org\/10.1093\/fpa\/orab033<\/a> <a><img decoding=\"async\" class=\"citavipicker\" style=\"border: 0px none!important;width: 16px!important;height: 16px!important;margin-left: 1px !important;margin-right: 1px !important\" title=\"Titel anhand dieser DOI in Citavi-Projekt \u00fcbernehmen\" src=\"image\/svg+xml;base64,PD94bWwgdmVyc2lvbj0iMS4wIiBlbmNvZGluZz0idXRmLTgiPz48IURPQ1RZUEUgc3ZnIFBVQkxJQyAiLS8vVzNDLy9EVEQgU1ZHIDEuMS8vRU4iICJodHRwOi8vd3d3LnczLm9yZy9HcmFwaGljcy9TVkcvMS4xL0RURC9zdmcxMS5kdGQiPjxzdmcgdmVyc2lvbj0iMS4xIiBpZD0iRWJlbmVfMSIgeG1sbnM9Imh0dHA6Ly93d3cudzMub3JnLzIwMDAvc3ZnIiB4bWxuczp4bGluaz0iaHR0cDovL3d3dy53My5vcmcvMTk5OS94bGluayIgeD0iMHB4IiB5PSIwcHgiIHdpZHRoPSIxNnB4IiBoZWlnaHQ9IjE2cHgiIHZpZXdCb3g9IjAgMCAxNiAxNiIgZW5hYmxlLWJhY2tncm91bmQ9Im5ldyAwIDAgMTYgMTYiIHhtbDpzcGFjZT0icHJlc2VydmUiPjxnPjxnPjxwYXRoIGZpbGw9IiNGRkZGRkYiIGQ9Ik04LjAwMSwxNS41QzMuODY0LDE1LjUsMC41LDEyLjEzNiwwLjUsOGMwLTQuMTM1LDMuMzY1LTcuNSw3LjUwMS03LjVTMTUuNSwzLjg2NCwxNS41LDhTMTIuMTM3LDE1LjUsOC4wMDEsMTUuNXoiLz48cGF0aCBmaWxsPSIjRDUyQjFFIiBkPSJNOC4wMDEsMUMxMS44NiwxLDE1LDQuMTQxLDE1LDhzLTMuMTM5LDctNi45OTksN0M0LjE0LDE1LDEsMTEuODU5LDEsOFM0LjE0LDEsOC4wMDEsMSBNOC4wMDEsMEMzLjU4MiwwLDAsMy41ODIsMCw4czMuNTgyLDgsOC4wMDEsOEMxMi40MTgsMTYsMTYsMTIuNDE4LDE2LDhTMTIuNDE4LDAsOC4wMDEsMEw4LjAwMSwweiIvPjwvZz48cGF0aCBmaWxsPSIjRDUyQjFFIiBkPSJNNi43NDUsMTIuNTg5Yy0wLjIyNywwLjEyMi0wLjQ5NywwLjI0Ny0wLjY4NCwwLjI0N2MtMC4zMTgsMC0wLjUwMS0wLjE2NC0wLjUwMS0wLjQ1MmMwLTAuMjA3LDAuMTQtMC4zNzUsMC41OTUtMC42MjJjMS41NDktMC45MDQsMi41OTQtMi4yNzIsMi41OTQtMy43MjFjMC0wLjgyNS0wLjIyNy0xLjExOS0wLjY4MS0xLjExOWMtMC4xMzUsMC0wLjMyLDAuMjE5LTAuNjM2LDAuMjE5SDcuMTU3QzYuMTAyLDcuMTQzLDUuMzMzLDYuMjY0LDUuMzMzLDUuMjNjMC0xLjE1MiwwLjk1OC0yLjAwNiwyLjI4LTIuMDA2YzEuNzc3LDAsMy4wNTMsMS4zNzMsMy4wNTMsMy40M0MxMC42NjYsOS4yMTUsOS4yMDMsMTEuMjcsNi43NDUsMTIuNTg5Ii8+PC9nPjwvc3ZnPg\" \/><\/a>.<\/p>\n<p>Hanna Pfeifer\/Christian Opitz\/Anna Geis 2020: Deliberating Foreign Policy: Perceptions and Effects of Citizen Participation in German Foreign Policy, in: German Politics 30(4): 485-502. <a href=\"https:\/\/doi.org\/10.1080\/09644008.2020.1786058\" rel='nofollow'>https:\/\/doi.org\/10.1080\/09644008.2020.1786058<\/a> <a><img decoding=\"async\" class=\"citavipicker\" style=\"border: 0px none!important;width: 16px!important;height: 16px!important;margin-left: 1px !important;margin-right: 1px !important\" title=\"Titel anhand dieser DOI in Citavi-Projekt \u00fcbernehmen\" src=\"image\/svg+xml;base64,PD94bWwgdmVyc2lvbj0iMS4wIiBlbmNvZGluZz0idXRmLTgiPz48IURPQ1RZUEUgc3ZnIFBVQkxJQyAiLS8vVzNDLy9EVEQgU1ZHIDEuMS8vRU4iICJodHRwOi8vd3d3LnczLm9yZy9HcmFwaGljcy9TVkcvMS4xL0RURC9zdmcxMS5kdGQiPjxzdmcgdmVyc2lvbj0iMS4xIiBpZD0iRWJlbmVfMSIgeG1sbnM9Imh0dHA6Ly93d3cudzMub3JnLzIwMDAvc3ZnIiB4bWxuczp4bGluaz0iaHR0cDovL3d3dy53My5vcmcvMTk5OS94bGluayIgeD0iMHB4IiB5PSIwcHgiIHdpZHRoPSIxNnB4IiBoZWlnaHQ9IjE2cHgiIHZpZXdCb3g9IjAgMCAxNiAxNiIgZW5hYmxlLWJhY2tncm91bmQ9Im5ldyAwIDAgMTYgMTYiIHhtbDpzcGFjZT0icHJlc2VydmUiPjxnPjxnPjxwYXRoIGZpbGw9IiNGRkZGRkYiIGQ9Ik04LjAwMSwxNS41QzMuODY0LDE1LjUsMC41LDEyLjEzNiwwLjUsOGMwLTQuMTM1LDMuMzY1LTcuNSw3LjUwMS03LjVTMTUuNSwzLjg2NCwxNS41LDhTMTIuMTM3LDE1LjUsOC4wMDEsMTUuNXoiLz48cGF0aCBmaWxsPSIjRDUyQjFFIiBkPSJNOC4wMDEsMUMxMS44NiwxLDE1LDQuMTQxLDE1LDhzLTMuMTM5LDctNi45OTksN0M0LjE0LDE1LDEsMTEuODU5LDEsOFM0LjE0LDEsOC4wMDEsMSBNOC4wMDEsMEMzLjU4MiwwLDAsMy41ODIsMCw4czMuNTgyLDgsOC4wMDEsOEMxMi40MTgsMTYsMTYsMTIuNDE4LDE2LDhTMTIuNDE4LDAsOC4wMDEsMEw4LjAwMSwweiIvPjwvZz48cGF0aCBmaWxsPSIjRDUyQjFFIiBkPSJNNi43NDUsMTIuNTg5Yy0wLjIyNywwLjEyMi0wLjQ5NywwLjI0Ny0wLjY4NCwwLjI0N2MtMC4zMTgsMC0wLjUwMS0wLjE2NC0wLjUwMS0wLjQ1MmMwLTAuMjA3LDAuMTQtMC4zNzUsMC41OTUtMC42MjJjMS41NDktMC45MDQsMi41OTQtMi4yNzIsMi41OTQtMy43MjFjMC0wLjgyNS0wLjIyNy0xLjExOS0wLjY4MS0xLjExOWMtMC4xMzUsMC0wLjMyLDAuMjE5LTAuNjM2LDAuMjE5SDcuMTU3QzYuMTAyLDcuMTQzLDUuMzMzLDYuMjY0LDUuMzMzLDUuMjNjMC0xLjE1MiwwLjk1OC0yLjAwNiwyLjI4LTIuMDA2YzEuNzc3LDAsMy4wNTMsMS4zNzMsMy4wNTMsMy40M0MxMC42NjYsOS4yMTUsOS4yMDMsMTEuMjcsNi43NDUsMTIuNTg5Ii8+PC9nPjwvc3ZnPg\" \/><\/a>.<\/p>\n<p><a href=\"https:\/\/scholar.google.de\/citations?hl=de&amp;user=kja842IAAAAJ\" rel='nofollow'>Alle Publikationen<\/a><\/p>\n","protected":false},"excerpt":{"rendered":"<p>Raum: 1394a Telefon: +49-(0)40-6541-3792 E-Mail: christian.opitz@hsu-hh.de Besucheranschrift Helmut-Schmidt-Universit\u00e4t Geb\u00e4ude H1 Holstenhofweg 85 22043 Hamburg Postanschrift Helmut-Schmidt-Universit\u00e4t Fakult\u00e4t f\u00fcr Wirtschafts- und Sozialwissenschafen Internationale Politik Postfach 70 08 22 22008 Hamburg Lebenslauf [&hellip;]<\/p>\n","protected":false},"author":138,"featured_media":0,"parent":1137,"menu_order":0,"comment_status":"closed","ping_status":"closed","template":"","meta":{"footnotes":""},"categories":[8],"tags":[],"class_list":["post-1131","page","type-page","status-publish","hentry","category-team"],"_links":{"self":[{"href":"https:\/\/www.hsu-hh.de\/isk\/wp-json\/wp\/v2\/pages\/1131","targetHints":{"allow":["GET"]}}],"collection":[{"href":"https:\/\/www.hsu-hh.de\/isk\/wp-json\/wp\/v2\/pages"}],"about":[{"href":"https:\/\/www.hsu-hh.de\/isk\/wp-json\/wp\/v2\/types\/page"}],"author":[{"embeddable":true,"href":"https:\/\/www.hsu-hh.de\/isk\/wp-json\/wp\/v2\/users\/138"}],"replies":[{"embeddable":true,"href":"https:\/\/www.hsu-hh.de\/isk\/wp-json\/wp\/v2\/comments?post=1131"}],"version-history":[{"count":22,"href":"https:\/\/www.hsu-hh.de\/isk\/wp-json\/wp\/v2\/pages\/1131\/revisions"}],"predecessor-version":[{"id":3324,"href":"https:\/\/www.hsu-hh.de\/isk\/wp-json\/wp\/v2\/pages\/1131\/revisions\/3324"}],"up":[{"embeddable":true,"href":"https:\/\/www.hsu-hh.de\/isk\/wp-json\/wp\/v2\/pages\/1137"}],"wp:attachment":[{"href":"https:\/\/www.hsu-hh.de\/isk\/wp-json\/wp\/v2\/media?parent=1131"}],"wp:term":[{"taxonomy":"category","embeddable":true,"href":"https:\/\/www.hsu-hh.de\/isk\/wp-json\/wp\/v2\/categories?post=1131"},{"taxonomy":"post_tag","embeddable":true,"href":"https:\/\/www.hsu-hh.de\/isk\/wp-json\/wp\/v2\/tags?post=1131"}],"curies":[{"name":"wp","href":"https:\/\/api.w.org\/{rel}","templated":true}]}}