{"id":1101,"date":"2019-01-16T16:46:22","date_gmt":"2019-01-16T15:46:22","guid":{"rendered":"https:\/\/www.hsu-hh.de\/isk\/?page_id=1101"},"modified":"2025-07-02T10:44:20","modified_gmt":"2025-07-02T08:44:20","slug":"dr-hanna-pfeifer","status":"publish","type":"page","link":"https:\/\/www.hsu-hh.de\/isk\/team\/ehemalige-teammitglieder\/dr-hanna-pfeifer","title":{"rendered":"Dr. Hanna Pfeifer"},"content":{"rendered":"<p><strong>Lebenslauf<\/strong><\/p>\n<p>Hanna Pfeifer ist ehemalige Mitarbeiterin an der Professur f\u00fcr Internationale Sicherheitspolitik und Konfliktforschung. Nach einem Post-Doc mit einem Forschungsstipendium der Deutschen Forschungsgemeinschaft (DFG) am POLIS Department der University of Cambridge kehrte Hanna Pfeifer 2018 als wissenschaftliche Mitarbeiterin ans Institut f\u00fcr Internationale Politik der <abbr title=\"Helmut Schmidt Universit\u00e4t\">HSU<\/abbr> Hamburg zur\u00fcck. Dort wurde sie 2017 an der Fakult\u00e4t f\u00fcr Wirtschafts- und Sozialwissenschaften promoviert (summa cum laude). Zuvor war sie wissenschaftliche Mitarbeiterin am Institut f\u00fcr Politikwissenschaft der Universit\u00e4t Magdeburg (2012-2016) und im Rottendorf-Projekt &#8222;Globale Solidarit\u00e4t &#8211; Schritte zu einer neuen Weltkultur&#8220; an der Hochschule f\u00fcr Philosophie in M\u00fcnchen (2011-2012). Sie studierte an der Ludwig-Maximilians-Universit\u00e4t M\u00fcnchen Politikwissenschaft, Philosophie und Mathematik (2006-2012) und an Sciences Po (IEP) Paris Internationale Beziehungen und Internationale Sicherheit (2009-2010). Seit Juli 2020 ist sie Professorin f\u00fcr Politikwissenschaft mit dem Schwerpunkt Radikalisierungs- und Gewaltforschung an der Goethe-Universit\u00e4t Frankfurt und an der <a href=\"https:\/\/www.hsfk.de\/team\/mitarbeiter\/hanna-pfeifer\/\" rel='nofollow'>Hessischen Stiftung Friedens- und Konfliktforschun<\/a>g.<\/p>\n<p><strong>Schwerpunkte in der Lehre und Forschung<\/strong><\/p>\n<ul>\n<li>Herausforderungen und Transformation der liberalen Weltordnung<\/li>\n<li>Globale und regionale Ordnungspolitik im Nahen Osten und Nordafrika (MENA)<\/li>\n<li>Demokratische und nicht-demokratische Au\u00dfen- und Sicherheitspolitik<\/li>\n<li>S\u00e4kularismus, Religion und Demokratie in der MENA-Region<\/li>\n<li>Normative Fragen der internationalen Politik (Liberale) Weltordnung in Transformation<\/li>\n<\/ul>\n<p><strong>Publikationen<\/strong><\/p>\n<p><strong>Aktuellste Publikationen<\/strong><\/p>\n<p>**2020 (mit Opitz, C.\/Geis, A.) Deliberating Foreign Policy: Perceptions and Effects of Citizen Participation in German Foreign Policy, in: German Politics. Online verf\u00fcgbar: <a href=\"https:\/\/www.tandfonline.com\/doi\/full\/10.1080\/09644008.2020.1786058\" rel='nofollow'>https:\/\/www.tandfonline.com\/doi\/full\/10.1080\/09644008.2020.1786058<\/a>.<\/p>\n<p>**2020 (mit Geis, A.\/Cl\u00e9ment, M.) Armed Non-state Actors and the Politics of Recognition, Manchester: Manchester University Press (unter Vertrag).<\/p>\n<p>**2020 Recognition Dynamics and Lebanese Hezbollah\u2019s Role in Regional Conflicts, in: Geis, A.\/ Cl\u00e9ment, M.\/Pfeifer H. (<abbr title=\"Herausgeber\">Hrsg.<\/abbr>.): Armed Non-state Actors and the Politics of Recognition, Manchester: Manchester University Press (unter Vertrag).<\/p>\n<p>**2020 (with Cl\u00e9ment, M.\/Geis, A.) Introduction, in: Geis, A.\/Cl\u00e9ment, M.\/Pfeifer H. (eds.): Armed Non-state Actors and the Politics of Recognition, Manchester: Manchester University Press (unter Vertrag).<\/p>\n<p>**2020 (with G\u00fcnther, C.) ISIS und die Inszenierung von Kulturg\u00fcterzerst\u00f6rung f\u00fcr ein globales Publikum, in: Heck, A. and Schlag, G. (<abbr title=\"Herausgeber\">Hrsg.<\/abbr>): Visualit\u00e4t und Weltpolitik. Praktiken des Zeigens und Sehens in den Internationalen Beziehungen, Wiesbaden: Springer VS, 151-179.<\/p>\n<p><a href=\"https:\/\/www.hsu-hh.de\/isk\/publikationen\/publikationen-pfeifer\">Alle Publikationen<\/a><\/p>\n","protected":false},"excerpt":{"rendered":"<p>Lebenslauf Hanna Pfeifer ist ehemalige Mitarbeiterin an der Professur f\u00fcr Internationale Sicherheitspolitik und Konfliktforschung. Nach einem Post-Doc mit einem Forschungsstipendium der Deutschen Forschungsgemeinschaft (DFG) am POLIS Department der University of [&hellip;]<\/p>\n","protected":false},"author":117,"featured_media":0,"parent":1137,"menu_order":0,"comment_status":"closed","ping_status":"closed","template":"","meta":{"footnotes":""},"categories":[8],"tags":[],"class_list":["post-1101","page","type-page","status-publish","hentry","category-team"],"_links":{"self":[{"href":"https:\/\/www.hsu-hh.de\/isk\/wp-json\/wp\/v2\/pages\/1101","targetHints":{"allow":["GET"]}}],"collection":[{"href":"https:\/\/www.hsu-hh.de\/isk\/wp-json\/wp\/v2\/pages"}],"about":[{"href":"https:\/\/www.hsu-hh.de\/isk\/wp-json\/wp\/v2\/types\/page"}],"author":[{"embeddable":true,"href":"https:\/\/www.hsu-hh.de\/isk\/wp-json\/wp\/v2\/users\/117"}],"replies":[{"embeddable":true,"href":"https:\/\/www.hsu-hh.de\/isk\/wp-json\/wp\/v2\/comments?post=1101"}],"version-history":[{"count":27,"href":"https:\/\/www.hsu-hh.de\/isk\/wp-json\/wp\/v2\/pages\/1101\/revisions"}],"predecessor-version":[{"id":3614,"href":"https:\/\/www.hsu-hh.de\/isk\/wp-json\/wp\/v2\/pages\/1101\/revisions\/3614"}],"up":[{"embeddable":true,"href":"https:\/\/www.hsu-hh.de\/isk\/wp-json\/wp\/v2\/pages\/1137"}],"wp:attachment":[{"href":"https:\/\/www.hsu-hh.de\/isk\/wp-json\/wp\/v2\/media?parent=1101"}],"wp:term":[{"taxonomy":"category","embeddable":true,"href":"https:\/\/www.hsu-hh.de\/isk\/wp-json\/wp\/v2\/categories?post=1101"},{"taxonomy":"post_tag","embeddable":true,"href":"https:\/\/www.hsu-hh.de\/isk\/wp-json\/wp\/v2\/tags?post=1101"}],"curies":[{"name":"wp","href":"https:\/\/api.w.org\/{rel}","templated":true}]}}