{"id":1086,"date":"2019-01-16T16:25:40","date_gmt":"2019-01-16T15:25:40","guid":{"rendered":"https:\/\/www.hsu-hh.de\/isk\/?page_id=1086"},"modified":"2026-03-17T13:20:39","modified_gmt":"2026-03-17T12:20:39","slug":"prof-dr-anna-geis","status":"publish","type":"page","link":"https:\/\/www.hsu-hh.de\/isk\/team\/prof-dr-anna-geis","title":{"rendered":"Prof. Dr. Anna Geis"},"content":{"rendered":"<div>\n<div class=\"ansprechparter-container\">\n<div class=\"row ansprechpartner-item ansprechparter-header\">\n<div class=\"col-md-4 col-lg-3 col-xs-4 ansprechpartner-item floatright img-circle center-block\" style=\"margin-bottom: 30px\">\n<div class=\"img-responsive-wrapper\">\n<figure id=\"attachment_2802\" aria-describedby=\"caption-attachment-2802\" style=\"width: 150px\" class=\"wp-caption alignnone\"><img loading=\"lazy\" decoding=\"async\" class=\"img-circle img-responsive center-block wp-image-2802 size-thumbnail\" src=\"https:\/\/www.hsu-hh.de\/isk\/wp-content\/uploads\/sites\/682\/2023\/01\/022_1945-150x150.jpg\" alt=\"\" width=\"150\" height=\"150\" data-credit=\"\" srcset=\"https:\/\/www.hsu-hh.de\/isk\/wp-content\/uploads\/sites\/682\/2023\/01\/022_1945-150x150.jpg 150w, https:\/\/www.hsu-hh.de\/isk\/wp-content\/uploads\/sites\/682\/2023\/01\/022_1945-100x100.jpg 100w\" sizes=\"auto, (max-width: 150px) 100vw, 150px\" \/><figcaption id=\"caption-attachment-2802\" class=\"wp-caption-text\">\u00a9U. Schr\u00f6der,<abbr title=\"Helmut Schmidt Universit\u00e4t\">HSU<\/abbr><\/figcaption><\/figure>\n<\/div>\n<\/div>\n<div class=\"col-md-12 col-lg-3 col-xs-12 ansprechpartner-item kontakt floatright\" style=\"margin-bottom: 30px\">\n<div class=\"row\">\n<div class=\"col-xs-12 col-sm-6 col-lg-12\">\n<div class=\"row\">\n<div class=\"col-xs-12 col-lg-4 row-text bold\">Raum:<\/div>\n<div class=\"col-xs-12 col-lg-8 row-text\">1394a<\/div>\n<\/div>\n<\/div>\n<div class=\"col-xs-12 col-sm-6 col-lg-12\">\n<div class=\"row\">\n<div class=\"col-xs-12 col-lg-4 row-text bold\">Telefon:<\/div>\n<div class=\"col-xs-12 col-lg-8 row-text\">+49-(0)40-6541- 2726<\/div>\n<\/div>\n<\/div>\n<div class=\"col-xs-12 col-sm-6 col-lg-12\">\n<div class=\"row\">\n<div class=\"col-xs-12 col-lg-4 row-text bold\">Email:<\/div>\n<div class=\"col-xs-12 col-lg-8 row-text\"><a href=\"mailto:anna.geis@hsu.hamburg\" rel='nofollow'>anna.geis@hsu.hamburg<\/a><\/div>\n<\/div>\n<\/div>\n<div class=\"col-xs-12 col-sm-6 col-lg-12\">\n<div class=\"row\">\n<div class=\"col-xs-12 col-md-12 row-text bold\">Sprechstunde:<\/div>\n<div class=\"col-xs-12 col-md-12 row-text\">siehe Startseite<\/div>\n<\/div>\n<\/div>\n<\/div>\n<\/div>\n<div class=\"col-md-6 col-lg-3 col-xs-12 ansprechpartner-item anschrift floatright\">\n<div class=\"row-headline\">Besucheranschrift<\/div>\n<div class=\"row-text\">Helmut-Schmidt-Universit\u00e4t<\/div>\n<div class=\"row-text\">Geb\u00e4ude H1<\/div>\n<div class=\"row-text\">Holstenhofweg 85<\/div>\n<div class=\"row-text\">22043 Hamburg<\/div>\n<\/div>\n<div class=\"col-md-6 col-lg-3 col-xs-12 ansprechpartner-item anschrift floatright\">\n<div class=\"row-headline\">Postanschrift<\/div>\n<p>Helmut-Schmidt-Universit\u00e4t<br \/>Fakult\u00e4t f\u00fcr Wirtschafts- und Sozialwissenschaften<br \/>Internationale Politik<br \/>Postfach 70 08 22<br \/>22008 Hamburg<\/p>\n<\/div>\n<\/div>\n<\/div>\n<div class=\"clearfix\">\u00a0<\/div>\n<h2><strong>Lebenslauf<\/strong><\/h2>\n<p>Anna Geis ist seit 2016 Professorin f\u00fcr Politikwissenschaft, insbesondere Internationale Sicherheitspolitik und Konfliktforschung, an der Helmut-Schmidt-Universit\u00e4t Hamburg.<\/p>\n<h2><strong>Schwerpunkte in Forschung und Lehre<\/strong><\/h2>\n<ul>\n<li>Demokratiezentrierte Friedens- und Konfliktforschung<\/li>\n<li>Security Governance<\/li>\n<li>Weltordnungsfragen<\/li>\n<li>B\u00fcrgerbeteiligung in der deutschen Au\u00dfen- und Sicherheitspolitik<\/li>\n<li>Anerkennung in der internationalen Politik<\/li>\n<li>Legitimit\u00e4t im und \u00fcber den Nationalstaat hinaus<\/li>\n<li>Transitional Justice<\/li>\n<\/ul>\n<h2><strong><br \/>Biographische Stationen<\/strong><\/h2>\n<ul>\n<li>Oktober-November 2025: Gastforscherin an der Newcastle University (UK), <a href=\"https:\/\/www.ncl.ac.uk\/gps\/\" target=\"_blank\" rel=\"noopener\">School for Geography, Politics and Sociology<\/a><\/li>\n<li>Oktober 2021- September 2022: Fellowship des <a href=\"https:\/\/www.gcr21.org\/\" rel='nofollow'>K\u00e4te Hamburger Kollegs\/Centre for Global Cooperation Research Duisburg<\/a> (Bundesministerium f\u00fcr Bildung und Wissenschaft); Forschungsprojekt \u201e20 Years of the \u2018US War on Terror\u2019 in Afghanistan. A Critial Review of Interventionist Practices and Justifications\u201c<\/li>\n<li>Mai-Juni 2019: Gastprofessorin am Centre for International and Defense Policy der <a href=\"https:\/\/www.queensu.ca\/cidp\/home in Kingston\/Kanada\" rel='nofollow'>Queen\u2019s University<\/a> in Kingston\/Kanada<\/li>\n<li>Februar-April 2019: Gastforscherin am Wissenschaftszentrum Berlin f\u00fcr Sozialforschung (WZB), <a href=\"https:\/\/www.wzb.eu\/de\/forschung\/internationale-politik-und-recht\/global-governance\" rel='nofollow'>Abteilung \u201eGlobal Governance\u201c<\/a><\/li>\n<li>September-Oktober 2018: Gastforscherin am Department of Political Science and Public Administration der <a href=\"https:\/\/www.fsw.vu.nl\/en\/departments\/political-science-and-public-administration\/index.aspx\" rel='nofollow'>Vrije Universiteit Amsterdam<\/a><\/li>\n<li>2012-2016: Professorin f\u00fcr Politikwissenschaft unter besonderer Ber\u00fccksichtigung der Internationalen Beziehungen am Institut f\u00fcr Politikwissenschaft der <a href=\"http:\/\/pw.ovgu.de\/\" rel='nofollow'>Otto-von-Guericke Universit\u00e4t Magdeburg<\/a><\/li>\n<li>2009-2012: Wissenschaftliche Mitarbeiterin im Exzellenzcluster <a href=\"https:\/\/www.normativeorders.net\/\" rel='nofollow'>&#8222;Herausbildung normativer Ordnungen&#8220;<\/a> an der Goethe-Universit\u00e4t Frankfurt am Main (Arbeitsbereich Internationale Organisationen)<\/li>\n<li>2012: Habilitation am <a href=\"http:\/\/www.fb03.uni-frankfurt.de\/39472952\/Willkommen_am_Fachbereich_Gesellschaftswissenschaften?legacy_request=1\" rel='nofollow'>Fachbereich Gesellschaftswissenschaften<\/a> der Goethe-Universit\u00e4t Frankfurt am Main<\/li>\n<li>Sommersemester 2011: Forschungsaufenthalt am Hamburger <a href=\"https:\/\/www.his-online.de\/\" rel='nofollow'>Institut f\u00fcr Sozialforschung<\/a><\/li>\n<li>Wintersemester 2010\/11: Vertretungsprofessur f\u00fcr Politikwissenschaft mit dem Schwerpunkt Empirische Theorien der Politik am <a href=\"http:\/\/gsi.uni-muenchen.de\/\" rel='nofollow'>Geschwister-Scholl-Institut<\/a> der Ludwig-Maximilians-Universit\u00e4t M\u00fcnchen<\/li>\n<li>Wintersemester 2008\/09: Vertretungsprofessur f\u00fcr Politikwissenschaft mit dem Schwerpunkt Au\u00dfenbeziehungen westeurop\u00e4ischer Staaten an der Goethe-Universit\u00e4t Frankfurt am Main<\/li>\n<li>Wintersemester 2007\/08: Vertretungsprofessur f\u00fcr Politikwissenschaft mit dem Schwerpunkt Internationale Beziehungen an der Goethe-Universit\u00e4t Frankfurt am Main<\/li>\n<li>2002-2009: Wissenschaftliche Mitarbeiterin\/ Projektleiterin an der <a href=\"http:\/\/hsfk.de\/\" rel='nofollow'>Hessischen Stiftung Friedens- und Konfliktforschung (HSFK)<\/a> in Frankfurt am Main (Leitung eines DFG-gef\u00f6rderten Forschungsprojekts zur Kriegsbeteiligung demokratischer Staaten, zusammen mit <abbr title=\"Professor\">Prof.<\/abbr> Harald M\u00fcller)<\/li>\n<li>2002: Promotion am Fachbereich Sozialwissenschaften der Universit\u00e4t Hamburg mit einer Dissertation \u00fcber die Frankfurter Flughafen-Mediation<\/li>\n<li>1999-2002: Wissenschaftliche Mitarbeiterin am Institut f\u00fcr Politische Wissenschaft der Universit\u00e4t Hamburg<\/li>\n<li>Studium der Politikwissenschaft, Neueren Geschichte und Germanistik an der <abbr title=\"Technische Universit\u00e4t\">TU<\/abbr> Darmstadt und der University of Warwick (UK)<\/li>\n<\/ul>\n<h2><strong><br \/>Mitgliedschaft in Fachgremien\/administrative Funktionen<\/strong><\/h2>\n<ul>\n<li>10\/2025-9\/2029 Beauftragte der <abbr title=\"Helmut Schmidt Universit\u00e4t\">HSU<\/abbr> f\u00fcr Angelegenheiten der Deutschen Forschungsgemeinschaft (DFG)<\/li>\n<li>Seit 1.2.2025 F\u00e4chergruppensprecherin der F\u00e4chergruppe Politikwissenschaft der <abbr title=\"Helmut Schmidt Universit\u00e4t\">HSU<\/abbr> und Fakult\u00e4tsratsmitglied <abbr title=\"Wirtschafts- und Sozialwissenschaften\">WiSo<\/abbr>-Fakult\u00e4t<\/li>\n<li>Seit 2024 Mitglied des Wissenschaftlichen Beirats des Zentrums f\u00fcr Milit\u00e4rgeschichte und Sozialwissenschaften der Bundeswehr (ZMSBw)<\/li>\n<li>2024-2025: Studiendekanin der Politikwissenschaft an der Fakult\u00e4t f\u00fcr Wirtschafts- und Sozialwissenschaften, Helmut-Schmidt-Universit\u00e4t Hamburg<\/li>\n<li>2022-2025 Sachverst\u00e4ndige in der Enquete-Kommission des Bundestags &#8222;Lehren aus Afghanistan f\u00fcr das zuk\u00fcnftige vernetzte Engagement Deutschlands&#8220; (Stellvertretende Vorsitzende der Projektgruppe &#8222;Ziviler Aufbau und Friedensf\u00f6rderung&#8220; in Phase 1; Federf\u00fchrende Vorsitzende der Arbeitsgruppe \u201eAnalyse\/Wissen\/Konzepte\/Monitoring\/Evaluierung\u201c in Phase 2). Weitere Informationen <a href=\"https:\/\/www.bundestag.de\/webarchiv\/Ausschuesse\/ausschuesse20\/weitere_gremien\/enquete_afghanistan\" rel='nofollow'>hier<\/a>.<\/li>\n<li>Seit 2021: Mitglied im Editorial Advisory Board der Zeitschrift &#8222;<a href=\"https:\/\/www.tandfonline.com\/toc\/fgrp20\/current\" rel='nofollow'>German Politics<\/a>&#8220; (Taylor &amp; Francis)<\/li>\n<li>Seit 2021: Mitglied im wissenschaftlichen Beirat des <a href=\"https:\/\/ithf.de\/\" rel='nofollow'>Instituts f\u00fcr Theologie und Frieden Hamburg<\/a><\/li>\n<li>2020-2023: Stellvertretende Vorsitzende des Stiftungsrats der Deutschen Stiftung Friedensforschung (2019-2023 Mitglied)<\/li>\n<li>Seit 2020: Mitglied in der \u201eSteuerungsgruppe Friedens- und Konfliktforschung\u201c der Hamburger Beh\u00f6rde f\u00fcr Wissenschaft, Forschung und Gleichstellung (BWFG)<\/li>\n<li>2020-2024 Gew\u00e4hltes Mitglied des Fachkollegiums \u201eSozialwissenschaften\u201c der Deutschen Forschungsgemeinschaft<\/li>\n<li>2018-2023: Mitglied des Herausgeberkreises der Zeitschrift \u201e<a href=\"https:\/\/www.leviathan.nomos.de\/\" rel='nofollow'>Leviathan<\/a>\u201c<\/li>\n<li>2016-2023: Vorsitzende des Wissenschaftlichen Beirats des <a href=\"https:\/\/ifsh.de\" rel='nofollow'>Instituts f\u00fcr Friedensforschung und Sicherheitspolitik in Hamburg<\/a><\/li>\n<li>2017-2021: Mitglied im Forschungsbeirat der <a href=\"https:\/\/www.swp-berlin.org\/\" rel='nofollow'>Stiftung Wissenschaft und Politik<\/a> (SWP), Berlin<\/li>\n<li>2013-2018: Mitglied des Wissenschaftlichen Beirats der <a href=\"https:\/\/bundesstiftung-friedensforschung.de\/\" rel='nofollow'>Deutschen Stiftung Friedensforschung (DSF)<\/a><\/li>\n<li>2018-2019: Studiendekanin der Politikwissenschaft an der Fakult\u00e4t f\u00fcr Wirtschafts- und Sozialwissenschaften, Helmut-Schmidt-Universit\u00e4t Hamburg<\/li>\n<li>2012-2016: Institutsleiterin des Instituts f\u00fcr Politikwissenschaft an der Otto-von-Guericke-Universit\u00e4t Magdeburg<\/li>\n<li>2012-2016: Studiengangsleiterin des vom Deutschen Akademischen Austauschdienst (DAAD) gef\u00f6rderten Masterstudiengangs \u201eFriedens- und Konfliktforschung\u201c an der Otto-von Guericke-Universit\u00e4t Magdeburg<\/li>\n<li>2012-2015: Sektionssprecherin der Sektion &#8222;Internationale Beziehungen&#8220; \u00a0der Deutschen Vereinigung f\u00fcr Politische Wissenschaft (DVPW)<\/li>\n<li>2003-2006: Vorstandsmitglied der Sektion &#8222;Politische Theorien und Ideengeschichte&#8220; der <a href=\"https:\/\/www.dvpw.de\/\" rel='nofollow'>Deutschen Vereinigung f\u00fcr Politische Wissenschaft (DVPW)<\/a><\/li>\n<\/ul>\n<h2>\u00a0<\/h2>\n<h2><strong>Forschung<\/strong><\/h2>\n<p><a href=\"https:\/\/www.hsu-hh.de\/isk\/lff-projekt-democratising-security-in-turbulent-times\">LFF Graduiertenkolleg &#8222;Democratising Security&#8220;<\/a><\/p>\n<p><a href=\"https:\/\/www.hsu-hh.de\/isk\/dfg-projekt-overlapping-spheres-of-authority\">DFG-Forschergruppe &#8222;Overlapping Spheres of Authority&#8220;<\/a><\/p>\n<p><a href=\"https:\/\/www.hsu-hh.de\/isk\/non-recognition-of-armed-non-state-actors-risks-and-opportunities-for-conflict-transformation-projekt-geis-clement-pfeifer\">DSF-Projekt &#8222;Recognition of Armed Non-state Actors&#8220;<\/a><\/p>\n<p><a href=\"https:\/\/www.hsu-hh.de\/isk\/beteiligung-in-der-aussen-und-sicherheitspolitik-projekt-geis-pfeifer\">Projekt &#8222;B\u00fcrgerbeteiligung in der Au\u00dfen- und Sicherheitspolitik&#8220;<\/a><\/p>\n<p><a href=\"https:\/\/www.hsu-hh.de\/isk\/terrorism-and-the-publics-projekt-clement-geis\">Projekt &#8222;Terrorism and the Public(s)&#8220;<\/a><\/p>\n<p><a href=\"https:\/\/www.hsu-hh.de\/isk\/dsf-projekt-screening-transitional-justice-in-serbia\">DSF-Projekt &#8222;&#8218;Screening&#8216; Transitional Justice in Serbia&#8220;<\/a><\/p>\n<p><a href=\"https:\/\/www.hsu-hh.de\/isk\/dfg-forscherinnen-netwerk-visualitaet-und-weltpolitik\">DFG-Netzwerk &#8222;Visualit\u00e4t und Weltpolitik&#8220;<\/a><\/p>\n<h2><strong>Publikationen<\/strong><\/h2>\n<p><a href=\"https:\/\/www.hsu-hh.de\/isk\/wp-content\/uploads\/sites\/682\/2025\/05\/Gesamtliste-Publikationen-all-publications-1-April-2025-1.pdf\">Alle Publikationen<\/a><\/p>\n<\/div>\n\n\n<p><\/p>\n","protected":false},"excerpt":{"rendered":"<p>Raum: 1394a Telefon: +49-(0)40-6541- 2726 Email: anna.geis@hsu.hamburg Sprechstunde: siehe Startseite Besucheranschrift Helmut-Schmidt-Universit\u00e4t Geb\u00e4ude H1 Holstenhofweg 85 22043 Hamburg Postanschrift Helmut-Schmidt-Universit\u00e4tFakult\u00e4t f\u00fcr Wirtschafts- und SozialwissenschaftenInternationale PolitikPostfach 70 08 2222008 Hamburg \u00a0 [&hellip;]<\/p>\n","protected":false},"author":117,"featured_media":0,"parent":119,"menu_order":0,"comment_status":"closed","ping_status":"closed","template":"","meta":{"footnotes":""},"categories":[8],"tags":[],"class_list":["post-1086","page","type-page","status-publish","hentry","category-team"],"_links":{"self":[{"href":"https:\/\/www.hsu-hh.de\/isk\/wp-json\/wp\/v2\/pages\/1086","targetHints":{"allow":["GET"]}}],"collection":[{"href":"https:\/\/www.hsu-hh.de\/isk\/wp-json\/wp\/v2\/pages"}],"about":[{"href":"https:\/\/www.hsu-hh.de\/isk\/wp-json\/wp\/v2\/types\/page"}],"author":[{"embeddable":true,"href":"https:\/\/www.hsu-hh.de\/isk\/wp-json\/wp\/v2\/users\/117"}],"replies":[{"embeddable":true,"href":"https:\/\/www.hsu-hh.de\/isk\/wp-json\/wp\/v2\/comments?post=1086"}],"version-history":[{"count":51,"href":"https:\/\/www.hsu-hh.de\/isk\/wp-json\/wp\/v2\/pages\/1086\/revisions"}],"predecessor-version":[{"id":3769,"href":"https:\/\/www.hsu-hh.de\/isk\/wp-json\/wp\/v2\/pages\/1086\/revisions\/3769"}],"up":[{"embeddable":true,"href":"https:\/\/www.hsu-hh.de\/isk\/wp-json\/wp\/v2\/pages\/119"}],"wp:attachment":[{"href":"https:\/\/www.hsu-hh.de\/isk\/wp-json\/wp\/v2\/media?parent=1086"}],"wp:term":[{"taxonomy":"category","embeddable":true,"href":"https:\/\/www.hsu-hh.de\/isk\/wp-json\/wp\/v2\/categories?post=1086"},{"taxonomy":"post_tag","embeddable":true,"href":"https:\/\/www.hsu-hh.de\/isk\/wp-json\/wp\/v2\/tags?post=1086"}],"curies":[{"name":"wp","href":"https:\/\/api.w.org\/{rel}","templated":true}]}}