{"id":73,"date":"2017-07-03T15:52:08","date_gmt":"2017-07-03T13:52:08","guid":{"rendered":"https:\/\/www.hsu-hh.de\/vorlage\/?page_id=73"},"modified":"2022-01-12T15:31:12","modified_gmt":"2022-01-12T14:31:12","slug":"startseite","status":"publish","type":"page","link":"https:\/\/www.hsu-hh.de\/isa\/","title":{"rendered":"Interdisziplin\u00e4re Studienanteile (ISA)"},"content":{"rendered":"<p>Die Interdisziplin\u00e4ren Studienanteile sind obligatorischer Bestandteil aller grundst\u00e4ndigen und konsekutiven Studieng\u00e4nge an der Helmut-Schmidt-Universit\u00e4t.<\/p>\n<p>Die ISA dienen der Vermittlung interdisziplin\u00e4rer, das jeweilige Fachstudium erg\u00e4nzender Kompetenzen.<\/p>\n<p>Neben den Fachinhalten werden die f\u00fcr die jeweiligen Fachgebiete charakteristischen wissenschaftlichen Methoden und Denkweisen vermittelt. Aufgabe der ISA ist es, Reflexions-, Analyse- und Handlungskompetenzen zu vermitteln und zu verantwortungsvollem Entscheiden und Handeln in Politik, Gesellschaft, Kultur, Wirtschaft und Technik zu bef\u00e4higen.<\/p>\n<p>Das Lehrangebot ist wissenschaftlich.<\/p>\n<p>F\u00fcr Studierende der Studieng\u00e4nge Rechtswissenschaft f\u00fcr die \u00f6ffentliche Verwaltung sowie Enginiering Science gelten abweichende Regeln, die in den jeweiligen Fachspezifischen Studien- und Pr\u00fcfungsordnungen definiert sind.<\/p>\n","protected":false},"excerpt":{"rendered":"<p>Die Interdisziplin\u00e4ren Studienanteile sind obligatorischer Bestandteil aller grundst\u00e4ndigen und konsekutiven Studieng\u00e4nge an der Helmut-Schmidt-Universit\u00e4t. Die ISA dienen der Vermittlung interdisziplin\u00e4rer, das jeweilige Fachstudium erg\u00e4nzender Kompetenzen. Neben den Fachinhalten werden die [&hellip;]<\/p>\n","protected":false},"author":1,"featured_media":0,"parent":0,"menu_order":0,"comment_status":"closed","ping_status":"closed","template":"","meta":{"footnotes":""},"categories":[8,35],"tags":[],"class_list":["post-73","page","type-page","status-publish","hentry","category-kontakt","category-startseite"],"_links":{"self":[{"href":"https:\/\/www.hsu-hh.de\/isa\/wp-json\/wp\/v2\/pages\/73","targetHints":{"allow":["GET"]}}],"collection":[{"href":"https:\/\/www.hsu-hh.de\/isa\/wp-json\/wp\/v2\/pages"}],"about":[{"href":"https:\/\/www.hsu-hh.de\/isa\/wp-json\/wp\/v2\/types\/page"}],"author":[{"embeddable":true,"href":"https:\/\/www.hsu-hh.de\/isa\/wp-json\/wp\/v2\/users\/1"}],"replies":[{"embeddable":true,"href":"https:\/\/www.hsu-hh.de\/isa\/wp-json\/wp\/v2\/comments?post=73"}],"version-history":[{"count":14,"href":"https:\/\/www.hsu-hh.de\/isa\/wp-json\/wp\/v2\/pages\/73\/revisions"}],"predecessor-version":[{"id":601,"href":"https:\/\/www.hsu-hh.de\/isa\/wp-json\/wp\/v2\/pages\/73\/revisions\/601"}],"wp:attachment":[{"href":"https:\/\/www.hsu-hh.de\/isa\/wp-json\/wp\/v2\/media?parent=73"}],"wp:term":[{"taxonomy":"category","embeddable":true,"href":"https:\/\/www.hsu-hh.de\/isa\/wp-json\/wp\/v2\/categories?post=73"},{"taxonomy":"post_tag","embeddable":true,"href":"https:\/\/www.hsu-hh.de\/isa\/wp-json\/wp\/v2\/tags?post=73"}],"curies":[{"name":"wp","href":"https:\/\/api.w.org\/{rel}","templated":true}]}}