{"id":568,"date":"2021-09-01T15:14:41","date_gmt":"2021-09-01T13:14:41","guid":{"rendered":"https:\/\/www.hsu-hh.de\/isa\/?page_id=568"},"modified":"2022-08-26T13:59:59","modified_gmt":"2022-08-26T11:59:59","slug":"gaststudierende","status":"publish","type":"page","link":"https:\/\/www.hsu-hh.de\/isa\/gaststudierende","title":{"rendered":"Gaststudierende"},"content":{"rendered":"\n<p>Gem\u00e4\u00df \u00a7 7 der <a href=\"https:\/\/www.hsu-hh.de\/isa\/wp-content\/uploads\/sites\/716\/2020\/08\/ISA-O_2015_Stand_-2020.pdf\" target=\"_blank\" rel=\"noreferrer noopener\">ISA-Ordnung<\/a> k\u00f6nnen die Fakult\u00e4ten Module im Bereich der ISA anbieten, deren Modulgr\u00f6\u00dfe weniger als 5 Leistungspunkte umfasst. Dieses Modulangebot richtet sich ausschlie\u00dflich an internationale Studierende, die keinen Abschluss anstreben (Gaststudierende) und ist vorzugsweise in englischer Sprache anzubieten. <\/p>\n\n\n\n<p>Eine Zusammenstellung der Module, die gem. \u00a7 7 der ISA-Ordnung ausschlie\u00dflich f\u00fcr Gaststudierende belegbar sind, finden Sie in dieser <a rel=\"noreferrer noopener\" href=\"https:\/\/www.hsu-hh.de\/isa\/wp-content\/uploads\/sites\/716\/2021\/08\/Module-fuer-auslaendische-Gaststudierende-Stand-04.07.pdf\" target=\"_blank\">\u00dcbersicht<\/a>. Die Beschreibungen dieser Module finden Sie im <a href=\"https:\/\/www.hsu-hh.de\/isa\/wp-content\/uploads\/sites\/716\/2022\/08\/Modulhandbuch_ISAO_11.06.2015_Stand_07_2016_mAnmAvS_2016-09-09_GK_Mai_2022.pdf\">Modulhandbuch<\/a>.<\/p>\n","protected":false},"excerpt":{"rendered":"<p>Gem\u00e4\u00df \u00a7 7 der ISA-Ordnung k\u00f6nnen die Fakult\u00e4ten Module im Bereich der ISA anbieten, deren Modulgr\u00f6\u00dfe weniger als 5 Leistungspunkte umfasst. Dieses Modulangebot richtet sich ausschlie\u00dflich an internationale Studierende, die [&hellip;]<\/p>\n","protected":false},"author":167,"featured_media":0,"parent":0,"menu_order":0,"comment_status":"closed","ping_status":"closed","template":"","meta":{"footnotes":""},"categories":[4],"tags":[],"class_list":["post-568","page","type-page","status-publish","hentry","category-forschung"],"_links":{"self":[{"href":"https:\/\/www.hsu-hh.de\/isa\/wp-json\/wp\/v2\/pages\/568","targetHints":{"allow":["GET"]}}],"collection":[{"href":"https:\/\/www.hsu-hh.de\/isa\/wp-json\/wp\/v2\/pages"}],"about":[{"href":"https:\/\/www.hsu-hh.de\/isa\/wp-json\/wp\/v2\/types\/page"}],"author":[{"embeddable":true,"href":"https:\/\/www.hsu-hh.de\/isa\/wp-json\/wp\/v2\/users\/167"}],"replies":[{"embeddable":true,"href":"https:\/\/www.hsu-hh.de\/isa\/wp-json\/wp\/v2\/comments?post=568"}],"version-history":[{"count":7,"href":"https:\/\/www.hsu-hh.de\/isa\/wp-json\/wp\/v2\/pages\/568\/revisions"}],"predecessor-version":[{"id":626,"href":"https:\/\/www.hsu-hh.de\/isa\/wp-json\/wp\/v2\/pages\/568\/revisions\/626"}],"wp:attachment":[{"href":"https:\/\/www.hsu-hh.de\/isa\/wp-json\/wp\/v2\/media?parent=568"}],"wp:term":[{"taxonomy":"category","embeddable":true,"href":"https:\/\/www.hsu-hh.de\/isa\/wp-json\/wp\/v2\/categories?post=568"},{"taxonomy":"post_tag","embeddable":true,"href":"https:\/\/www.hsu-hh.de\/isa\/wp-json\/wp\/v2\/tags?post=568"}],"curies":[{"name":"wp","href":"https:\/\/api.w.org\/{rel}","templated":true}]}}