{"id":342,"date":"2017-12-15T08:33:34","date_gmt":"2017-12-15T07:33:34","guid":{"rendered":"https:\/\/www.hsu-hh.de\/isa\/?page_id=342"},"modified":"2025-09-10T17:35:50","modified_gmt":"2025-09-10T15:35:50","slug":"modulliste","status":"publish","type":"page","link":"https:\/\/www.hsu-hh.de\/isa\/modulliste","title":{"rendered":"Modulliste"},"content":{"rendered":"\n<p>Die <a href=\"https:\/\/www.hsu-hh.de\/isa\/wp-content\/uploads\/sites\/716\/2025\/09\/Modulliste_ISAO_11.06.2015_PA_2016_Aug_2025.pdf\">Modulliste<\/a> beinhaltet eine Zusammenstellung der Kerndaten aller Module des ISA-Modulhandbuchs. Unter anderem enth\u00e4lt sie Informationen zur W\u00e4hlbarkeit eines Moduls.<\/p>\n\n\n\n<p>Nicht alle ISA-Module k\u00f6nnen von allen Studieng\u00e4ngen belegt werden. Module, deren Inhalte und Methoden typischerweise zu einem der Fachstudieng\u00e4nge geh\u00f6ren, d\u00fcrfen in ISA nicht belegt werden. Dies wird durch sogenannte Wahlausschl\u00fcsse geregelt. Die hiervon betroffenen ISA-Module tragen einen Wahlausschluss und sind in der Modulliste mit einem \u201ex\u201c gekennzeichnet.<\/p>\n\n\n\n<p>Neben-, Wahlpflicht- oder Erg\u00e4nzungsf\u00e4cher eines Studiengangs k\u00f6nnen ebenfalls zu \u00dcberschneidungen mit ISA f\u00fchren und die Belegung eines des ad\u00e4quaten ISA-Moduls verhindern. Die hiervon betroffenen ISA-Module tragen einen bedingten Wahlausschluss und sind der Modulliste mit einer \u201e1\u201c gekennzeichnet.<\/p>\n\n\n\n<p>Bitte beachten Sie, dass die Belegung eines ISA-Moduls auch Einfluss auf die Belegung eines Moduls im Wahlbereich hat.<\/p>\n\n\n\n<p>Aus einem Modul d\u00fcrfen nur einmal Leistungspunkte erworben werden. Ausschlaggebend ist die Modulnummer.<\/p>\n","protected":false},"excerpt":{"rendered":"<p>Die Modulliste beinhaltet eine Zusammenstellung der Kerndaten aller Module des ISA-Modulhandbuchs. Unter anderem enth\u00e4lt sie Informationen zur W\u00e4hlbarkeit eines Moduls. Nicht alle ISA-Module k\u00f6nnen von allen Studieng\u00e4ngen belegt werden. Module, [&hellip;]<\/p>\n","protected":false},"author":1146,"featured_media":0,"parent":0,"menu_order":0,"comment_status":"closed","ping_status":"closed","template":"","meta":{"footnotes":""},"categories":[4],"tags":[],"class_list":["post-342","page","type-page","status-publish","hentry","category-forschung"],"_links":{"self":[{"href":"https:\/\/www.hsu-hh.de\/isa\/wp-json\/wp\/v2\/pages\/342","targetHints":{"allow":["GET"]}}],"collection":[{"href":"https:\/\/www.hsu-hh.de\/isa\/wp-json\/wp\/v2\/pages"}],"about":[{"href":"https:\/\/www.hsu-hh.de\/isa\/wp-json\/wp\/v2\/types\/page"}],"author":[{"embeddable":true,"href":"https:\/\/www.hsu-hh.de\/isa\/wp-json\/wp\/v2\/users\/1146"}],"replies":[{"embeddable":true,"href":"https:\/\/www.hsu-hh.de\/isa\/wp-json\/wp\/v2\/comments?post=342"}],"version-history":[{"count":33,"href":"https:\/\/www.hsu-hh.de\/isa\/wp-json\/wp\/v2\/pages\/342\/revisions"}],"predecessor-version":[{"id":776,"href":"https:\/\/www.hsu-hh.de\/isa\/wp-json\/wp\/v2\/pages\/342\/revisions\/776"}],"wp:attachment":[{"href":"https:\/\/www.hsu-hh.de\/isa\/wp-json\/wp\/v2\/media?parent=342"}],"wp:term":[{"taxonomy":"category","embeddable":true,"href":"https:\/\/www.hsu-hh.de\/isa\/wp-json\/wp\/v2\/categories?post=342"},{"taxonomy":"post_tag","embeddable":true,"href":"https:\/\/www.hsu-hh.de\/isa\/wp-json\/wp\/v2\/tags?post=342"}],"curies":[{"name":"wp","href":"https:\/\/api.w.org\/{rel}","templated":true}]}}