{"id":207,"date":"2017-11-07T16:13:28","date_gmt":"2017-11-07T15:13:28","guid":{"rendered":"https:\/\/www.hsu-hh.de\/isa\/?page_id=207"},"modified":"2019-01-09T17:16:24","modified_gmt":"2019-01-09T16:16:24","slug":"lehre","status":"publish","type":"page","link":"https:\/\/www.hsu-hh.de\/isa\/lehre","title":{"rendered":"Lehre \/ Besonderes"},"content":{"rendered":"<p>Informieren Sie sich gern \u00fcber unsere Servicelearning-Module, die im Inhaltsbereich II (Ethik) jeweils im Herbsttrimester angeboten werden und sich \u00fcber drei Trimester erstrecken:<\/p>\n<p>&nbsp;<\/p>\n<p><a href=\"https:\/\/web.hsu-hh.de\/fak\/geiso\/fkv\/prak\/mentoring-projekt-leseleo\" rel='nofollow'>Leseleo<\/a> (ISA 00056) &#8211; Lesef\u00f6rderung an der <abbr title=\"Helmut-Schmidt-Universit\u00e4t\">HSU<\/abbr><\/p>\n<p><a href=\"http:\/\/www.balu-und-du-hamburg.de\/\" rel='nofollow'>Balu und Du<\/a> (ISA 00108) &#8211; Gro\u00dfes Engagement f\u00fcr kleine Pers\u00f6nlichkeiten<\/p>\n<p>&nbsp;<\/p>\n<p>Zum guten Schluss:<\/p>\n<div class=\"col-xs-12 downloads-item\">\n<div class=\"row border-line\">\n<div class=\"thumbnail-area\"><img decoding=\"async\" class=\"download-image\" src=\"\/wp-content\/themes\/hsu\/img\/dummy\/downloads_dummy.png\" alt=\"\" \/><\/div>\n<div class=\"text-area\"><span class=\"download-text\">ISA im Master<\/span><\/div>\n<div class=\"download-area\"><a class=\"download-link\" href=\"https:\/\/www.hsu-hh.de\/isa\/wp-content\/uploads\/sites\/716\/2018\/09\/ISA_MASTER_wei\u00df.mov\"><span class=\"download-name\">quicktime laden<\/span><span class=\"donwload-icon\"><img decoding=\"async\" class=\"download-icon\" src=\"\/wp-content\/themes\/hsu\/img\/icons\/download_icon.png\" alt=\"download icon\" \/><\/span><span class=\"download-size\">12 MB<\/span><\/a><\/div>\n<\/div>\n<\/div>\n<p>&nbsp;<\/p>\n<p>&nbsp;<\/p>\n","protected":false},"excerpt":{"rendered":"<p>Informieren Sie sich gern \u00fcber unsere Servicelearning-Module, die im Inhaltsbereich II (Ethik) jeweils im Herbsttrimester angeboten werden und sich \u00fcber drei Trimester erstrecken: &nbsp; Leseleo (ISA 00056) &#8211; Lesef\u00f6rderung an [&hellip;]<\/p>\n","protected":false},"author":167,"featured_media":0,"parent":0,"menu_order":0,"comment_status":"closed","ping_status":"closed","template":"","meta":{"footnotes":""},"categories":[],"tags":[],"class_list":["post-207","page","type-page","status-publish","hentry"],"_links":{"self":[{"href":"https:\/\/www.hsu-hh.de\/isa\/wp-json\/wp\/v2\/pages\/207","targetHints":{"allow":["GET"]}}],"collection":[{"href":"https:\/\/www.hsu-hh.de\/isa\/wp-json\/wp\/v2\/pages"}],"about":[{"href":"https:\/\/www.hsu-hh.de\/isa\/wp-json\/wp\/v2\/types\/page"}],"author":[{"embeddable":true,"href":"https:\/\/www.hsu-hh.de\/isa\/wp-json\/wp\/v2\/users\/167"}],"replies":[{"embeddable":true,"href":"https:\/\/www.hsu-hh.de\/isa\/wp-json\/wp\/v2\/comments?post=207"}],"version-history":[{"count":12,"href":"https:\/\/www.hsu-hh.de\/isa\/wp-json\/wp\/v2\/pages\/207\/revisions"}],"predecessor-version":[{"id":448,"href":"https:\/\/www.hsu-hh.de\/isa\/wp-json\/wp\/v2\/pages\/207\/revisions\/448"}],"wp:attachment":[{"href":"https:\/\/www.hsu-hh.de\/isa\/wp-json\/wp\/v2\/media?parent=207"}],"wp:term":[{"taxonomy":"category","embeddable":true,"href":"https:\/\/www.hsu-hh.de\/isa\/wp-json\/wp\/v2\/categories?post=207"},{"taxonomy":"post_tag","embeddable":true,"href":"https:\/\/www.hsu-hh.de\/isa\/wp-json\/wp\/v2\/tags?post=207"}],"curies":[{"name":"wp","href":"https:\/\/api.w.org\/{rel}","templated":true}]}}