{"id":203,"date":"2017-11-07T16:13:27","date_gmt":"2017-11-07T15:13:27","guid":{"rendered":"https:\/\/www.hsu-hh.de\/isa\/?page_id=203"},"modified":"2022-01-12T15:33:24","modified_gmt":"2022-01-12T14:33:24","slug":"grundlagen","status":"publish","type":"page","link":"https:\/\/www.hsu-hh.de\/isa\/grundlagen","title":{"rendered":"Grundlagen"},"content":{"rendered":"<p>Rechtliche Grundlage f\u00fcr die Interdisziplin\u00e4ren Studienanteile ist die <a href=\"https:\/\/www.hsu-hh.de\/isa\/wp-content\/uploads\/sites\/716\/2020\/08\/ISA-O_2015_Stand_-2020.pdf\">ISA-Ordnung<\/a>. Wichtige Informationen finden Sie dar\u00fcber hinaus im Modulhandbuch und der Modulliste.<\/p>\n<p>F\u00fcr Pr\u00fcfungen aus den ISA gelten die Regelungen des \u00a7 12 der Allgemeinen Pr\u00fcfungsordnung <a href=\"https:\/\/www.hsu-hh.de\/asv\/apo\/#APO_12\">(APO)<\/a>.<\/p>\n","protected":false},"excerpt":{"rendered":"<p>Rechtliche Grundlage f\u00fcr die Interdisziplin\u00e4ren Studienanteile ist die ISA-Ordnung. Wichtige Informationen finden Sie dar\u00fcber hinaus im Modulhandbuch und der Modulliste. F\u00fcr Pr\u00fcfungen aus den ISA gelten die Regelungen des \u00a7 [&hellip;]<\/p>\n","protected":false},"author":167,"featured_media":0,"parent":0,"menu_order":0,"comment_status":"closed","ping_status":"closed","template":"","meta":{"footnotes":""},"categories":[4],"tags":[],"class_list":["post-203","page","type-page","status-publish","hentry","category-forschung"],"_links":{"self":[{"href":"https:\/\/www.hsu-hh.de\/isa\/wp-json\/wp\/v2\/pages\/203","targetHints":{"allow":["GET"]}}],"collection":[{"href":"https:\/\/www.hsu-hh.de\/isa\/wp-json\/wp\/v2\/pages"}],"about":[{"href":"https:\/\/www.hsu-hh.de\/isa\/wp-json\/wp\/v2\/types\/page"}],"author":[{"embeddable":true,"href":"https:\/\/www.hsu-hh.de\/isa\/wp-json\/wp\/v2\/users\/167"}],"replies":[{"embeddable":true,"href":"https:\/\/www.hsu-hh.de\/isa\/wp-json\/wp\/v2\/comments?post=203"}],"version-history":[{"count":7,"href":"https:\/\/www.hsu-hh.de\/isa\/wp-json\/wp\/v2\/pages\/203\/revisions"}],"predecessor-version":[{"id":602,"href":"https:\/\/www.hsu-hh.de\/isa\/wp-json\/wp\/v2\/pages\/203\/revisions\/602"}],"wp:attachment":[{"href":"https:\/\/www.hsu-hh.de\/isa\/wp-json\/wp\/v2\/media?parent=203"}],"wp:term":[{"taxonomy":"category","embeddable":true,"href":"https:\/\/www.hsu-hh.de\/isa\/wp-json\/wp\/v2\/categories?post=203"},{"taxonomy":"post_tag","embeddable":true,"href":"https:\/\/www.hsu-hh.de\/isa\/wp-json\/wp\/v2\/tags?post=203"}],"curies":[{"name":"wp","href":"https:\/\/api.w.org\/{rel}","templated":true}]}}