{"id":819,"date":"2018-03-07T11:34:22","date_gmt":"2018-03-07T10:34:22","guid":{"rendered":"https:\/\/www.hsu-hh.de\/ipa\/?page_id=819"},"modified":"2025-07-09T12:50:24","modified_gmt":"2025-07-09T10:50:24","slug":"sekretariat-rebekka-hensen","status":"publish","type":"page","link":"https:\/\/www.hsu-hh.de\/ipa\/sekretariat-rebekka-hensen","title":{"rendered":"Rebekka Hensen"},"content":{"rendered":"\n<p>Sekretariat<\/p>\n\n\n\n<hr class=\"wp-block-separator has-alpha-channel-opacity\" \/>\n\n\n\n<div class=\"wp-block-columns is-layout-flex wp-container-core-columns-is-layout-9d6595d7 wp-block-columns-is-layout-flex\">\n<div class=\"wp-block-column is-layout-flow wp-block-column-is-layout-flow\">\n<p>Helmut-Schmidt-Universit\u00e4t<br>Fakult\u00e4t f\u00fcr Wirtschafts- und Sozialwissenschaften<br>Institut f\u00fcr Personal und Arbeit<br>Holstenhofweg 85<br>22043 Hamburg<\/p>\n<\/div>\n\n\n\n<div class=\"wp-block-column is-layout-flow wp-block-column-is-layout-flow\">\n<p><strong>Geb\u00e4ude<\/strong>: H 1, <strong>Raum:<\/strong> 2133<br><strong>Telefon<\/strong>: +4940 6541 2232<br><strong>Fax<\/strong>: +4940 6541 3522<br><strong>E-Mail:<\/strong> rebekka.hensen@hsu-hh.de<\/p>\n<\/div>\n\n\n\n<div class=\"wp-block-column is-layout-flow wp-block-column-is-layout-flow\">\n<figure class=\"wp-block-image size-full is-resized\"><img loading=\"lazy\" decoding=\"async\" width=\"901\" height=\"949\" src=\"https:\/\/www.hsu-hh.de\/ipa\/wp-content\/uploads\/sites\/683\/2025\/07\/1000313849.png\" data-credit=\"\" alt=\"\" class=\"wp-image-4775\" style=\"width:185px;height:auto\" srcset=\"https:\/\/www.hsu-hh.de\/ipa\/wp-content\/uploads\/sites\/683\/2025\/07\/1000313849.png 901w, https:\/\/www.hsu-hh.de\/ipa\/wp-content\/uploads\/sites\/683\/2025\/07\/1000313849-285x300.png 285w, https:\/\/www.hsu-hh.de\/ipa\/wp-content\/uploads\/sites\/683\/2025\/07\/1000313849-768x809.png 768w\" sizes=\"auto, (max-width: 901px) 100vw, 901px\" \/><\/figure>\n<\/div>\n<\/div>\n\n\n\n<p><\/p>\n","protected":false},"excerpt":{"rendered":"<p>Sekretariat Helmut-Schmidt-Universit\u00e4tFakult\u00e4t f\u00fcr Wirtschafts- und SozialwissenschaftenInstitut f\u00fcr Personal und ArbeitHolstenhofweg 8522043 Hamburg Geb\u00e4ude: H 1, Raum: 2133Telefon: +4940 6541 2232Fax: +4940 6541 3522E-Mail: rebekka.hensen@hsu-hh.de<\/p>\n","protected":false},"author":1331,"featured_media":0,"parent":0,"menu_order":0,"comment_status":"closed","ping_status":"closed","template":"","meta":{"footnotes":""},"categories":[4],"tags":[],"class_list":["post-819","page","type-page","status-publish","hentry","category-forschung"],"_links":{"self":[{"href":"https:\/\/www.hsu-hh.de\/ipa\/wp-json\/wp\/v2\/pages\/819","targetHints":{"allow":["GET"]}}],"collection":[{"href":"https:\/\/www.hsu-hh.de\/ipa\/wp-json\/wp\/v2\/pages"}],"about":[{"href":"https:\/\/www.hsu-hh.de\/ipa\/wp-json\/wp\/v2\/types\/page"}],"author":[{"embeddable":true,"href":"https:\/\/www.hsu-hh.de\/ipa\/wp-json\/wp\/v2\/users\/1331"}],"replies":[{"embeddable":true,"href":"https:\/\/www.hsu-hh.de\/ipa\/wp-json\/wp\/v2\/comments?post=819"}],"version-history":[{"count":9,"href":"https:\/\/www.hsu-hh.de\/ipa\/wp-json\/wp\/v2\/pages\/819\/revisions"}],"predecessor-version":[{"id":4776,"href":"https:\/\/www.hsu-hh.de\/ipa\/wp-json\/wp\/v2\/pages\/819\/revisions\/4776"}],"wp:attachment":[{"href":"https:\/\/www.hsu-hh.de\/ipa\/wp-json\/wp\/v2\/media?parent=819"}],"wp:term":[{"taxonomy":"category","embeddable":true,"href":"https:\/\/www.hsu-hh.de\/ipa\/wp-json\/wp\/v2\/categories?post=819"},{"taxonomy":"post_tag","embeddable":true,"href":"https:\/\/www.hsu-hh.de\/ipa\/wp-json\/wp\/v2\/tags?post=819"}],"curies":[{"name":"wp","href":"https:\/\/api.w.org\/{rel}","templated":true}]}}