{"id":815,"date":"2018-03-07T11:30:46","date_gmt":"2018-03-07T10:30:46","guid":{"rendered":"https:\/\/www.hsu-hh.de\/ipa\/?page_id=815"},"modified":"2024-07-03T11:39:58","modified_gmt":"2024-07-03T09:39:58","slug":"mueller","status":"publish","type":"page","link":"https:\/\/www.hsu-hh.de\/ipa\/mueller","title":{"rendered":"Mandy M\u00fcller M.A."},"content":{"rendered":"\n<p>Wissenschaftliche Mitarbeiterin<\/p>\n\n\n\n<div class=\"wp-block-columns is-layout-flex wp-container-core-columns-is-layout-9d6595d7 wp-block-columns-is-layout-flex\">\n<div class=\"wp-block-column is-layout-flow wp-block-column-is-layout-flow\">\n<p>Helmut-Schmidt-Universit\u00e4t<br>Fakult\u00e4t f\u00fcr Wirtschafts- und Sozialwissenschaften<br>Institut f\u00fcr Personal und Arbeit<br>Holstenhofweg 85<br>22043 Hamburg<\/p>\n<\/div>\n\n\n\n<div class=\"wp-block-column is-layout-flow wp-block-column-is-layout-flow\">\n<p>Geb\u00e4ude H1, Raum 2135<br>Telefon: +49 (0)40 \u2013 65 41 39 04<br>Fax: +49 (0)40 \u2013 65 41 35 22<br>E-Mail: <a href=\"mailto:mueller@hsu-hh.de\" rel='nofollow'>mueller@hsu-hh.de<\/a><\/p>\n<\/div>\n\n\n\n<div class=\"wp-block-column is-layout-flow wp-block-column-is-layout-flow\"><div class=\"wp-block-image\">\n<figure class=\"alignleft size-full is-resized\"><img loading=\"lazy\" decoding=\"async\" width=\"667\" height=\"1000\" src=\"https:\/\/www.hsu-hh.de\/ipa\/wp-content\/uploads\/sites\/683\/2022\/07\/IMG_9096_web.jpg\" data-credit=\"Mandy M\u00fcller\" alt=\"Mandy M\u00fcller\" class=\"wp-image-3545\" style=\"width:202px;height:auto\" srcset=\"https:\/\/www.hsu-hh.de\/ipa\/wp-content\/uploads\/sites\/683\/2022\/07\/IMG_9096_web.jpg 667w, https:\/\/www.hsu-hh.de\/ipa\/wp-content\/uploads\/sites\/683\/2022\/07\/IMG_9096_web-200x300.jpg 200w\" sizes=\"auto, (max-width: 667px) 100vw, 667px\" \/><\/figure>\n<\/div><\/div>\n<\/div>\n\n\n\n<div class=\"wp-block-columns is-layout-flex wp-container-core-columns-is-layout-9d6595d7 wp-block-columns-is-layout-flex\">\n<div class=\"wp-block-column is-vertically-aligned-top is-layout-flow wp-block-column-is-layout-flow\" style=\"flex-basis:100%\">\n<div class=\"wp-block-columns is-layout-flex wp-container-core-columns-is-layout-9d6595d7 wp-block-columns-is-layout-flex\">\n<div class=\"wp-block-column is-layout-flow wp-block-column-is-layout-flow\" style=\"flex-basis:100%\">\n<p><strong>Sprechstunde:<\/strong> Nach Vereinbarung (per Mail)<\/p>\n\n\n\n<hr class=\"wp-block-separator has-alpha-channel-opacity\" \/>\n\n\n\n<p><strong>Kurzbiographie:<\/strong> Bachelorstudium der Soziologie mit Nebenfach Psychologie (2008 \u2013 2011) und Masterstudium der Soziologie (2011 \u2013 2013) an der Universit\u00e4t Hamburg mit den Schwerpunkten \u201eWirtschaft, Arbeit und Organisation\u201c und \u201eForschungsmethoden\u201c. Studentische Mitarbeiterin an der Helmut-Schmidt-Universit\u00e4t, IPA Institut f\u00fcr Personal und Arbeit, im Forschungsprojekt: Flexibilit\u00e4t und Verf\u00fcgbarkeit durch Arbeit auf Abruf (RUF) (2010 &#8211; 2013). Projektmitarbeiterin an der Universit\u00e4t Hamburg in dem Forschungsprojekt: Nachhaltig forschen und leben an der Universit\u00e4t Hamburg, Erhebung 2014 zur Arbeitssituation des akademischen Personals Im Auftrag des wissenschaftlichen Personalrats (WIPR) der Universit\u00e4t Hamburg (ohne UKE) (2012 \u2013 2014). Seit 2013 Wissenschaftliche Mitarbeiterin \/ Doktorandin am Institut f\u00fcr Personal und Arbeit an der Helmut-Schmidt-Universit\u00e4t Hamburg (<abbr title=\"Professor\">Prof.<\/abbr> <abbr title=\"Doktor\">Dr.<\/abbr> Wenzel Matiaske).<\/p>\n\n\n\n<p><strong>Kumulative Dissertation (laufend):<\/strong> Arbeitsbedingungen und -belastungen in Berufsfeldern unter Anwendung des Modells der beruflichen Gratifikationskrisen (Arbeitstitel).<\/p>\n\n\n\n<p><strong>Forschungsschwerpunkte:<\/strong> Wirkung von Arbeit, flexible Arbeitszeitmodelle (speziell Rufbereitschaft und Arbeit auf Abruf), Arbeits(un-)zufriedenheit, Modell der beruflichen Gratifikationskrisen\/ effort-reward-imbalance model<\/p>\n\n\n\n<p><a href=\"https:\/\/www.hsu-hh.de\/ipa\/wp-content\/uploads\/sites\/683\/2021\/06\/Mandy-Mueller-VortraegeVeroeffentlichungen-DEUTSCH.pdf\" rel=\"noopener\">Ver\u00f6ffentlichungen und Vortr\u00e4ge<\/a><\/p>\n<\/div>\n<\/div>\n<\/div>\n<\/div>\n","protected":false},"excerpt":{"rendered":"<p>Wissenschaftliche Mitarbeiterin Helmut-Schmidt-Universit\u00e4tFakult\u00e4t f\u00fcr Wirtschafts- und SozialwissenschaftenInstitut f\u00fcr Personal und ArbeitHolstenhofweg 8522043 Hamburg Geb\u00e4ude H1, Raum 2135Telefon: +49 (0)40 \u2013 65 41 39 04Fax: +49 (0)40 \u2013 65 41 35 [&hellip;]<\/p>\n","protected":false},"author":1331,"featured_media":0,"parent":0,"menu_order":0,"comment_status":"closed","ping_status":"closed","template":"","meta":{"footnotes":""},"categories":[8],"tags":[],"class_list":["post-815","page","type-page","status-publish","hentry","category-team"],"_links":{"self":[{"href":"https:\/\/www.hsu-hh.de\/ipa\/wp-json\/wp\/v2\/pages\/815","targetHints":{"allow":["GET"]}}],"collection":[{"href":"https:\/\/www.hsu-hh.de\/ipa\/wp-json\/wp\/v2\/pages"}],"about":[{"href":"https:\/\/www.hsu-hh.de\/ipa\/wp-json\/wp\/v2\/types\/page"}],"author":[{"embeddable":true,"href":"https:\/\/www.hsu-hh.de\/ipa\/wp-json\/wp\/v2\/users\/1331"}],"replies":[{"embeddable":true,"href":"https:\/\/www.hsu-hh.de\/ipa\/wp-json\/wp\/v2\/comments?post=815"}],"version-history":[{"count":17,"href":"https:\/\/www.hsu-hh.de\/ipa\/wp-json\/wp\/v2\/pages\/815\/revisions"}],"predecessor-version":[{"id":4289,"href":"https:\/\/www.hsu-hh.de\/ipa\/wp-json\/wp\/v2\/pages\/815\/revisions\/4289"}],"wp:attachment":[{"href":"https:\/\/www.hsu-hh.de\/ipa\/wp-json\/wp\/v2\/media?parent=815"}],"wp:term":[{"taxonomy":"category","embeddable":true,"href":"https:\/\/www.hsu-hh.de\/ipa\/wp-json\/wp\/v2\/categories?post=815"},{"taxonomy":"post_tag","embeddable":true,"href":"https:\/\/www.hsu-hh.de\/ipa\/wp-json\/wp\/v2\/tags?post=815"}],"curies":[{"name":"wp","href":"https:\/\/api.w.org\/{rel}","templated":true}]}}