{"id":4493,"date":"2025-01-03T10:56:46","date_gmt":"2025-01-03T09:56:46","guid":{"rendered":"https:\/\/www.hsu-hh.de\/ipa\/?page_id=4493"},"modified":"2025-12-03T15:44:43","modified_gmt":"2025-12-03T14:44:43","slug":"gastvortraege","status":"publish","type":"page","link":"https:\/\/www.hsu-hh.de\/ipa\/gastvortraege","title":{"rendered":"Gastvortr\u00e4ge"},"content":{"rendered":"\n<p>20.10.2025: <a href=\"https:\/\/www.hsu-hh.de\/ipa\/wp-content\/uploads\/sites\/683\/2025\/12\/Plakat_Gastvortrag-Haber-Curran.pdf\" target=\"_blank\" rel=\"noreferrer noopener\"><abbr title=\"Professor\">Prof.<\/abbr> <abbr title=\"Doktor\">Dr.<\/abbr> Paige Haber-Curran &#8211; Intercultural Competence: Leading Effectively Across Cultures and Contexts<\/a><\/p>\n\n\n\n<p>19.05.2025: <a href=\"https:\/\/www.hsu-hh.de\/ipa\/wp-content\/uploads\/sites\/683\/2025\/12\/Plakat_Gastvortrag_van-Peski_19.Mai2025.pdf\" target=\"_blank\" rel=\"noreferrer noopener\">Cdr Caecilia Johanna van Peski &#8211; Resilience Beyond Borders: Human Resource Management within Civil-Military Interaction and the  Reality of a Global Safety and Security Shift<\/a><\/p>\n\n\n\n<p>19.05.2025: <a href=\"https:\/\/www.hsu-hh.de\/ipa\/wp-content\/uploads\/sites\/683\/2025\/12\/Plakat_Gastvortrag_Herr_Neumann.pdf\" target=\"_blank\" rel=\"noreferrer noopener\">Leif Neumann &#8211; Post Merger Integration<\/a><\/p>\n\n\n\n<p>11.06.2024: <a href=\"https:\/\/www.hsu-hh.de\/ipa\/wp-content\/uploads\/sites\/683\/2025\/12\/Plakat_Gastvortragsreihe-Hanau__Matiaske-Seminar-IHRM.pdf\" target=\"_blank\" rel=\"noreferrer noopener\">Tobias Kr\u00fcger &#8211; Generation Z &amp; Alpha oder wie man den<br>Alltag mit Einh\u00f6rnern gestaltet<\/a><\/p>\n\n\n\n<p>11.06.2024: <a href=\"https:\/\/www.hsu-hh.de\/ipa\/wp-content\/uploads\/sites\/683\/2025\/12\/Plakat_Gastvortragsreihe-Hanau__Matiaske-Seminar-IHRM.pdf\" target=\"_blank\" rel=\"noreferrer noopener\">\u015eerife Erol &#8211; Arbeitsorientierungen und Weiterbildung. Die Rolle der Arbeitsorientierungen bei der Erkl\u00e4rung des Weiterbildungsverhaltens der Besch\u00e4ftigten<\/a><\/p>\n\n\n\n<p>04.06.2024: <a href=\"https:\/\/www.hsu-hh.de\/ipa\/wp-content\/uploads\/sites\/683\/2025\/12\/Plakat_Gastvortragsreihe-Hanau__Matiaske-Seminar-IHRM.pdf\" target=\"_blank\" rel=\"noreferrer noopener\"><abbr title=\"Professor\">Prof.<\/abbr> <abbr title=\"Doktor\">Dr.<\/abbr> Chandrashekhar Pandey &#8211; Spirituality &amp; International Management<\/a><\/p>\n\n\n\n<p>04.06.2024: <a href=\"https:\/\/www.hsu-hh.de\/ipa\/wp-content\/uploads\/sites\/683\/2025\/12\/Plakat_Gastvortragsreihe-Hanau__Matiaske-Seminar-IHRM.pdf\" target=\"_blank\" rel=\"noreferrer noopener\">Recep Nuri Arbursu &#8211; International Human Ressource<br>Management bei Airbus<\/a><\/p>\n\n\n\n<p>23.04.2024: <a href=\"https:\/\/www.hsu-hh.de\/ipa\/wp-content\/uploads\/sites\/683\/2025\/12\/Plakat_Gastvortrag_Bewert.pdf\" target=\"_blank\" rel=\"noreferrer noopener\">Mario Bewert &#8211; Kriegst\u00fcchtig in 41 Stunden \u2013 Umsetzung der 4-Tage-Woche im 3. Minensuchgeschwader<\/a><\/p>\n\n\n\n<p>11.12.2024: <a href=\"https:\/\/www.hsu-hh.de\/ipa\/wp-content\/uploads\/sites\/683\/2025\/12\/Gastvortrag__DenisNisius.pdf\" target=\"_blank\" rel=\"noreferrer noopener\">Leutnant Denis Nisius &#8211; EFFORT-REWARD-IMBALANCE: Anwendungsm\u00f6glichkeiten und Grenzen im Rahmen der Bewertung von Metaanalysen<\/a><\/p>\n\n\n\n<p>20.06.2023: <a href=\"https:\/\/www.hsu-hh.de\/ipa\/wp-content\/uploads\/sites\/683\/2025\/12\/Plakat_Gastvortragsreihe_Seminar-IHRM.pdf\" target=\"_blank\" rel=\"noreferrer noopener\">Jan L\u00fcder &#8211; Internationales Projekt- &amp; Personalmanagement \u2013 ein Bericht aus knapp 30 Jahren internationaler Erfahrung<\/a><\/p>\n\n\n\n<p>20.06.2023: <a href=\"https:\/\/www.hsu-hh.de\/ipa\/wp-content\/uploads\/sites\/683\/2025\/12\/Plakat_Gastvortragsreihe_Seminar-IHRM.pdf\" target=\"_blank\" rel=\"noreferrer noopener\">Frank Jonas &#8211; Mitarbeit in einem internationalen Unternehmen \u2013 wie bereite ich mich vor? Welche St\u00e4rken bringe ich als Bundeswehroffizier mit?<\/a><\/p>\n\n\n\n<p>13.06.2023: <a href=\"https:\/\/www.hsu-hh.de\/ipa\/wp-content\/uploads\/sites\/683\/2025\/12\/Plakat_Gastvortragsreihe_Seminar-IHRM.pdf\" target=\"_blank\" rel=\"noreferrer noopener\">Bengt-Olof Klemp &#8211; Kulturelle Ver\u00e4nderungsprozesse in einem internationalen Konzern \u2013 Perspektiven aus der Praxis<\/a><\/p>\n\n\n\n<p>13.06.2023: <a href=\"https:\/\/www.hsu-hh.de\/ipa\/wp-content\/uploads\/sites\/683\/2025\/12\/Plakat_Gastvortragsreihe_Seminar-IHRM.pdf\" target=\"_blank\" rel=\"noreferrer noopener\"><abbr title=\"Professor\">Prof.<\/abbr> <abbr title=\"Doktor\">Dr.<\/abbr> Chandrashekhar Pandey &#8211; Spirituality &amp; International Management<\/a><\/p>\n\n\n\n<p>21.02.2023: <a href=\"https:\/\/www.hsu-hh.de\/ipa\/wp-content\/uploads\/sites\/683\/2025\/12\/Plakat_D-Gastvortragsreihe-Hanau__Matiaske.pdf\" target=\"_blank\" rel=\"noreferrer noopener\"><abbr title=\"Professor\">Prof.<\/abbr> <abbr title=\"Doktor\">Dr.<\/abbr> Thomas Haipeter &#8211; Zwischen Erosion und Erneuerung: Dezentralisierung im deutschen Tarifsystem<\/a><\/p>\n\n\n\n<p>14.02.2023: <a href=\"https:\/\/www.hsu-hh.de\/ipa\/wp-content\/uploads\/sites\/683\/2025\/12\/Plakat_D-Gastvortragsreihe-Hanau__Matiaske.pdf\" target=\"_blank\" rel=\"noreferrer noopener\"><abbr title=\"Doktor\">Dr.<\/abbr> Christian Hilbrandt &#8211; Konzeption und Durchf\u00fchrung von Interessenausgleich und Sozialplan aus Anwaltsperspektive<\/a><\/p>\n\n\n\n<p>07.02.2023: <a href=\"https:\/\/www.hsu-hh.de\/ipa\/wp-content\/uploads\/sites\/683\/2025\/12\/Plakat_D-Gastvortragsreihe-Hanau__Matiaske.pdf\" target=\"_blank\" rel=\"noreferrer noopener\"><abbr title=\"Doktor\">Dr.<\/abbr> Toralf Pusch &#8211; Besch\u00e4ftigungssicherung w\u00e4hrend der Corona-Krise<\/a><\/p>\n\n\n\n<p>24.01.2023: <a href=\"https:\/\/www.hsu-hh.de\/ipa\/wp-content\/uploads\/sites\/683\/2025\/12\/Plakat_D-Gastvortragsreihe-Hanau__Matiaske.pdf\" target=\"_blank\" rel=\"noreferrer noopener\"><abbr title=\"Doktor\">Dr.<\/abbr> Esko Horn &#8211; Praktisches zur Einigungsstelle aus Sicht eines Vorsitzenden<\/a><\/p>\n\n\n\n<p>25.04.2022: <a href=\"https:\/\/www.hsu-hh.de\/ipa\/wp-content\/uploads\/sites\/683\/2022\/05\/Gastvortrag__Gebel-Tobias.pdf\" target=\"_blank\" rel=\"noopener\">Tobias Gebel &#8211; Das Forschungsdatenzentrum Betriebs- und Organisationsdaten und die M\u00f6glichkeiten der Archivierung qualitativer Daten<\/a><br>01.03.2022: <a href=\"https:\/\/www.hsu-hh.de\/ipa\/wp-content\/uploads\/sites\/683\/2022\/04\/Gastvortraege-virtuell_Personalbeziehungen-Netzwerke2022.pdf\" target=\"_blank\" rel=\"noopener\"><abbr title=\"Professor\">Prof.<\/abbr> <abbr title=\"Doktor\">Dr.<\/abbr> Stefan Strohmeier &#8211; K\u00fcnstliche Intelligenz im Personalmanagement anhand eines Machine Learning tools<\/a><br>22.02.2022: <a href=\"https:\/\/www.hsu-hh.de\/ipa\/wp-content\/uploads\/sites\/683\/2022\/04\/Gastvortraege-virtuell_Personalbeziehungen-Netzwerke2022.pdf\" target=\"_blank\" rel=\"noopener\"><abbr title=\"Professor\">Prof.<\/abbr> <abbr title=\"Doktor\">Dr.<\/abbr> Frank Kleemann &#8211; Informalit\u00e4t im Prozess der Digitalisierung<\/a><br>15.02.2022: <a href=\"https:\/\/www.hsu-hh.de\/ipa\/wp-content\/uploads\/sites\/683\/2022\/04\/Gastvortraege-virtuell_Personalbeziehungen-Netzwerke2022.pdf\" target=\"_blank\" rel=\"noopener\"><abbr title=\"Professor\">Prof.<\/abbr> <abbr title=\"Doktor\">Dr.<\/abbr> Martin Gruber-Risak &#8211; Arbeiten zwischen Arbeitsvertrag und Selbst\u00e4ndigkeit \u2013 von Arbeitnehmer\u00e4hnlichen, freien Dienstnehmer:innen und Plattformbesch\u00e4ftigten in AT<\/a><br>08.02.2022: <a href=\"https:\/\/www.hsu-hh.de\/ipa\/wp-content\/uploads\/sites\/683\/2022\/04\/Gastvortraege-virtuell_Personalbeziehungen-Netzwerke2022.pdf\" target=\"_blank\" rel=\"noopener\"><abbr title=\"Professor\">Prof.<\/abbr> <abbr title=\"Doktor\">Dr.<\/abbr> Stefan Kirchner &#8211; KI am Arbeitsplatz<\/a><br>01.02.2022: <a href=\"https:\/\/www.hsu-hh.de\/ipa\/wp-content\/uploads\/sites\/683\/2022\/04\/Gastvortraege-virtuell_Personalbeziehungen-Netzwerke2022.pdf\" target=\"_blank\" rel=\"noopener\">Hendrik Schwager &#8211; Crowdwork<\/a><br>16.02.2021: <a href=\"https:\/\/www.hsu-hh.de\/ipa\/wp-content\/uploads\/sites\/683\/2022\/05\/Gastvortraege-virtuell_Personalbeziehungen-Netzwerke.pdf\" target=\"_blank\" rel=\"noopener\">Tobias Dullinger &#8211; Recht auf oder Pflicht zum Homeoffice?<\/a><br>09.02.2021: <a href=\"https:\/\/www.hsu-hh.de\/ipa\/wp-content\/uploads\/sites\/683\/2022\/05\/Gastvortraege-virtuell_Personalbeziehungen-Netzwerke.pdf\" target=\"_blank\" rel=\"noopener\"><abbr title=\"Doktor\">Dr.<\/abbr> Volker Kregel &#8211; Homeoffice aus Sicht des Arbeitsschutzes<\/a><br>02.02.2021: <a href=\"https:\/\/www.hsu-hh.de\/ipa\/wp-content\/uploads\/sites\/683\/2022\/05\/Gastvortraege-virtuell_Personalbeziehungen-Netzwerke.pdf\" target=\"_blank\" rel=\"noopener\"><abbr title=\"Doktor\">Dr.<\/abbr> Verena Tobsch &#8211; Arbeitsmodelle, Arbeitszeitw\u00fcnsche und Stress<\/a><br>26.01.2021: <a href=\"https:\/\/www.hsu-hh.de\/ipa\/wp-content\/uploads\/sites\/683\/2022\/05\/Gastvortraege-virtuell_Personalbeziehungen-Netzwerke.pdf\" target=\"_blank\" rel=\"noopener\"><abbr title=\"Doktor\">Dr.<\/abbr> Nils Backhaus &#8211; Arbeit von zuhause und unterwegs: Ergebnisse der BAuA-Arbeitszeitbefragung zu Gesundheit und Work-Life-Balance<\/a><br>19.01.2021: <a href=\"https:\/\/www.hsu-hh.de\/ipa\/wp-content\/uploads\/sites\/683\/2022\/05\/Gastvortraege-virtuell_Personalbeziehungen-Netzwerke.pdf\" target=\"_blank\" rel=\"noopener\"><abbr title=\"Professor\">Prof.<\/abbr> <abbr title=\"Doktor\">Dr.<\/abbr> Lutz Bellmann\u00a0&#8211; Homeoffice w\u00e4hrend der COVID-19-Krise<\/a><br>10.11.2020: <a href=\"https:\/\/www.hsu-hh.de\/ipa\/event\/gastvortrag-ulrich-baehr-von-coworkingmag\" rel=\"noopener\">Ulrich B\u00e4hr von CoworkingLand<\/a><br>01.11.2020: <a href=\"https:\/\/www.hsu-hh.de\/ipa\/event\/gastvortrag-dominik-groenen-von-orangery\" rel=\"noopener\">Dominik Groenen von Orangery<\/a><br>25.05.2020: Heino Ploeger &#8211; <a href=\"https:\/\/www.hsu-hh.de\/ipa\/event\/online-gastvortrag-am-ipa\" rel=\"noopener noreferrer\">Einf\u00fchrung unseres Leadership Competency Modells in der Region DACH und sich daraus ergebende Ver\u00e4nderungen im HR Management<\/a><br>25.02.2020: Karen Jaehrling &#8211;<a href=\"https:\/\/www.hsu-hh.de\/ipa\/event\/gastvortrag-dr-karen-jaehrling-institut-arbeit-und-qualifikation-iaq\" rel=\"noopener noreferrer\"> Grauzonen der Arbeitszeitflexibilisierung. Auf dem Weg zu einer Normalisierung von Abrufarbeit?<\/a><br>18.02.2020: Michael Schmidt &#8211; <a href=\"https:\/\/www.hsu-hh.de\/ipa\/event\/gastvortrag-michael-schmidt-ig-metall-flensburg\" rel=\"noopener noreferrer\">Die Zeit-Geld-Option im neuen Tarifvertrag der IGM: Konzeption und erste Erfahrung in der praktischen Umsetzung<\/a><br>11.02.2020: <abbr title=\"Doktor\">Dr.<\/abbr> Anne-Kathrin Bertke &#8211; <a href=\"https:\/\/www.hsu-hh.de\/ipa\/event\/gastvortrag-von-dr-anne-kathrin-bertke\" rel=\"noopener noreferrer\">Arbeitszeit als Gegenstand von<\/a><br>Tarifvertragsverhandlungen aus anwaltlicher Sicht<br>04.02.2020: <abbr title=\"Doktor\">Dr.<\/abbr> Schlaffke &#8211; <a href=\"https:\/\/www.hsu-hh.de\/ipa\/event\/gastvortrag-rechtsanwalt-dr-peter-schlaffke\" rel=\"noopener noreferrer\">Wettbewerbsfaktor Arbeitszeit \u2013 Die Metall- und<\/a><br>Elektroindustrie zwischen Tradition und Moderne<br>19.02.2019: <abbr title=\"Professor\">Prof.<\/abbr> <abbr title=\"Doktor\">Dr.<\/abbr> Cristina Besio &#8211; <a href=\"https:\/\/www.hsu-hh.de\/ipa\/event\/gastvortrag-prof-dr-cristina-besio-algorithmen-aus-organisationssoziologischer-sicht\" rel=\"noopener noreferrer\">Algorithmen aus organisationssoziologischer Sicht<\/a><br>12.02.2019: Niels Bialeck &#8211; <a href=\"https:\/\/www.hsu-hh.de\/ipa\/event\/gastvortrag-rechtsanwalt-niels-bialeck-technische-unterstuetzungssysteme-und-smart-devices-im-beschaeftigungskontext\" rel=\"noopener noreferrer\">Technische Unterst\u00fctzungssysteme und Smart Devices im Besch\u00e4ftigungskontext<\/a><br>05.02.2019: <abbr title=\"Professor\">Prof.<\/abbr> <abbr title=\"Doktor\">Dr.<\/abbr> Robert Weidner &#8211; <a href=\"https:\/\/www.hsu-hh.de\/ipa\/event\/gastvortrag-prof-dr-robert-weidner-technische-unterstuetzung-fuer-die-industrielle-produktion\">Technische Unterst\u00fctzung f\u00fcr die industrielle Produktion<\/a><br>29.01.2019: Stefan Soost &#8211; <a href=\"https:\/\/www.hsu-hh.de\/ipa\/event\/gastvortrag-stefan-soost-risiken-und-chancen-der-robotik-aus-gewerkschaftlicher-sicht\">Risiken und Chancen der Robotik aus gewerkschaftlicher Sicht<\/a><br>22.01.2019: Dir. u. <abbr title=\"Professor\">Prof.<\/abbr> <abbr title=\"Doktor\">Dr.<\/abbr> phil. Lars Adolph &#8211; <a href=\"https:\/\/www.hsu-hh.de\/ipa\/event\/gastvortrag-dir-u-prof-dr-phil-lars-adolph-mensch-roboter-zusammenarbeit-menschengerechte-gestaltung-und-regulative-aspekte\">Mensch-Roboter-Zusammenarbeit: Menschengerechte Gestaltung und regulative Aspekte<\/a><br>12.10.2018: <abbr title=\"Professor\">Prof.<\/abbr> <abbr title=\"Doktor\">Dr.<\/abbr> Per Freytag &#8211; <a href=\"https:\/\/www.hsu-hh.de\/ipa\/wp-content\/uploads\/sites\/683\/2018\/11\/Gastvortrag-Peer-Freytag.pdf\">Lean in the Public Sector &#8211; A Perspective on Effects in Denmark<\/a><br>01.03.2017: Stepanie Schmoliner &amp; Stephan Kallhoff &#8211; Leitlinien und aktuelle Probleme der Tarifpolitik in der Metallindustrie<a href=\"https:\/\/www.hsu-hh.de\/ipa\/wp-content\/uploads\/sites\/683\/2017\/09\/Gastvortrag_Schmoliner.pdf\"><br><\/a>15.02.2017: <abbr title=\"Doktor\">Dr.<\/abbr> Hartmut Seifert &#8211; <a href=\"https:\/\/www.hsu-hh.de\/ipa\/wp-content\/uploads\/sites\/683\/2017\/09\/Gastvortrag_Seifert.pdf\">Wird atypisch normal? Besch\u00e4ftigung im Wandel<\/a><br>08.02.2017: <abbr title=\"Doktor\">Dr.<\/abbr> Esko Horn &#8211; <a href=\"https:\/\/www.hsu-hh.de\/ipa\/wp-content\/uploads\/sites\/683\/2017\/09\/Gastvortrag_Horn.pdf\">Entgrenzung von Arbeitsverh\u00e4ltnissen<\/a><br>01.02.2017: <abbr title=\"Doktor\">Dr.<\/abbr> Markus Helfen &#8211; <a href=\"https:\/\/www.hsu-hh.de\/ipa\/wp-content\/uploads\/sites\/683\/2017\/09\/Gastvortrag_Helfen.pdf\">Interorganisationale Personalpolitik<\/a><br>25.01.2017: Thomas Matthias Z\u00f6llner &#8211; <a href=\"https:\/\/www.hsu-hh.de\/ipa\/wp-content\/uploads\/sites\/683\/2017\/09\/Gastvortrag_Zoellner.pdf\">Crowdsourcing \u2013Arbeitsrecht als Auslaufmodell?<\/a><br>16.03.2016: <a href=\"https:\/\/www.hsu-hh.de\/ipa\/wp-content\/uploads\/sites\/683\/2022\/05\/GV_Schmoliner-Kallhoff_Plakat2016.pdf\" target=\"_blank\" rel=\"noopener\">Stephanie Schmoliner &amp; Stephan Kallhoff &#8211; Leitlinien und aktuelle Probleme der Tarifpolitik in der Metallindustrie<\/a><br>16.02.2016: <abbr title=\"Doktor\">Dr.<\/abbr> Helmut Nause<br>09.02.2016: <abbr title=\"Doktor\">Dr.<\/abbr> Volker Subatzus<br>02.02.2016: <abbr title=\"Professor\">Prof.<\/abbr> <abbr title=\"Doktor\">Dr.<\/abbr> Berndt Keller<br>26.01.2016: <abbr title=\"Doktor\">Dr.<\/abbr> Markus Helfen &#8211; Personalmanagement in Netzwerken<br>08.06.2015: <abbr title=\"Professor\">Prof.<\/abbr> <abbr title=\"Doktor\">Dr.<\/abbr> Diether Gebert &#8211; Teamorientierte F\u00fchrung<br>11.03.2015: Stephanie Schmoliner &amp; Stephan Kallhoff &#8211; Leitlinien und aktuelle Probleme der Tarifpolitik in der Metallindustrie<br>24.06.2014: Claus Mayerb\u00f6ck &#8211; CATI in der Surveyforschung<br>02.04.2014: Stephanie Schmoliner &amp; Stephan Kallhoff &#8211; Leitlinien und aktuelle Probleme der Tarifpolitik in der Metallindustrie<br>20. &amp; 21.11.2013: <abbr title=\"Doktor\">Dr.<\/abbr> Michael Stegmann &#8211; Sequenzanalysen<br>11.12.2013: Stephanie Schmoliner &amp; Stephan Kallhoff &#8211; Leitlinien und aktuelle Probleme der Tarifpolitik in der Metallindustrie<br>29.05.2013: Manfred Wettler &#8211; <a href=\"https:\/\/www.hsu-hh.de\/ipa\/wp-content\/uploads\/sites\/683\/2017\/09\/Manfred-Wettler_Einladung-Gastvortrag_29.05.2013.pdf\">Assoziationsbverechnungen mit der Cosmos 2 Textdatenbank<\/a><br>06.05.2013: Holger Uslar &#8211; <a href=\"https:\/\/www.hsu-hh.de\/ipa\/wp-content\/uploads\/sites\/683\/2017\/09\/Holger-Uslar_Einladung-Gastvortrag_30.04.2013.pdf\">Rekrutierungsstrategien im internationalen Kontext<br><\/a>03.12.2012: Stephanie Schmoliner &amp; Stephan Kallhoff &#8211; Leitlinien und aktuelle Probleme der Tarifpolitik in der Metallindustrie<br>18.06.2012: Jochen Turbanski &#8211; <a href=\"https:\/\/www.hsu-hh.de\/ipa\/wp-content\/uploads\/sites\/683\/2017\/09\/Jochen-Turbanski_Einladung-Gastvortrag.pdf\">Talent Management bei Linde<\/a><br>15.05.2012: Holger Uslar &#8211; <a href=\"https:\/\/www.hsu-hh.de\/ipa\/wp-content\/uploads\/sites\/683\/2017\/09\/Holger-Uslar_Einladung-Gastvortrag_30.04.2013-1.pdf\">Gastvortrag Holger Uslar 06.05.13<\/a><br>05.03.2012: Frau Westermann und Herr Wendt &#8211; Arbeitszeitmanagement im Axel Springer Verlag<br>11.04.2011: Heike Leitschuh &#8211; <a href=\"https:\/\/www.hsu-hh.de\/ipa\/wp-content\/uploads\/sites\/683\/2017\/09\/Plakat_Leitschuh-mit-Foto.pdf\">Corporate Social Responsibility &#8211; wie ernstnehmen Unternehmen ihre Verantwortung f\u00fcr dieGesellschaft wirklich?<\/a><br>22.03.2011: Barbara Nolte &#8211; <a href=\"https:\/\/www.hsu-hh.de\/ipa\/wp-content\/uploads\/sites\/683\/2017\/09\/Plakat_Nolte-mit-Foto.pdf\">Die Psyche der Manager &#8211; Innenansichten ausdeutschen Chefetagen<\/a><br>22.02.2011: Lutz Bellmann &#8211; <a href=\"https:\/\/www.hsu-hh.de\/ipa\/wp-content\/uploads\/sites\/683\/2017\/09\/Plakat_Bellmann.pdf\">Verbreitung und Effekte betrieblicher B\u00fcndnissef\u00fcr Besch\u00e4ftigung<\/a><br>25.01.2011: Florian Schramm &#8211; <a href=\"https:\/\/www.hsu-hh.de\/ipa\/wp-content\/uploads\/sites\/683\/2017\/09\/Plakat_Schramm.pdf\">Karriereerwartungen von F\u00fchrungskr\u00e4ften\u2013Analysen desSozio\u00f6konomischen Panels<\/a><br>30.11.2010: Rainer Oesterreich &#8211; <a href=\"https:\/\/www.hsu-hh.de\/ipa\/wp-content\/uploads\/sites\/683\/2017\/09\/Plakat_Oesterreich.pdf\">Diskussion zum Gebrauch von post-hocSignifikanztests insbesondere bei Anwendung von Strukturgleichungsmodellen und Multilevelmodellen<\/a><br>28.09.2010: Joachim Wolf &#8211; <a href=\"https:\/\/www.hsu-hh.de\/ipa\/wp-content\/uploads\/sites\/683\/2017\/09\/Plakat_Wolf.pdf\">Was k\u00f6nnen wir tun, um die praktische Relevanz derbetriebswirtschaftlichen Forschung zu steigern?<\/a><br>02.07.2010: Georgina Murray &#8211; <a href=\"https:\/\/www.hsu-hh.de\/ipa\/wp-content\/uploads\/sites\/683\/2017\/09\/Plakat_Murray.pdf\">Elites in Australia<\/a><br>22.06.2010: Jean-Michel Bonvin<br>25.05.2010: Martin Kersting<br>27.04.2010: <abbr title=\"Doktor\">Dr.<\/abbr> Werner Heinz<br>24.09.2009: <abbr title=\"Professor\">Prof.<\/abbr> <abbr title=\"Doktor\">Dr.<\/abbr> Walther M\u00fcller-Jentsch<br>03.12.2008: <abbr title=\"Professor\">Prof.<\/abbr> <abbr title=\"Doktor\">Dr.<\/abbr> Werner Nienh\u00fcser<\/p>\n","protected":false},"excerpt":{"rendered":"<p>20.10.2025: Prof. Dr. Paige Haber-Curran &#8211; Intercultural Competence: Leading Effectively Across Cultures and Contexts 19.05.2025: Cdr Caecilia Johanna van Peski &#8211; Resilience Beyond Borders: Human Resource Management within Civil-Military Interaction [&hellip;]<\/p>\n","protected":false},"author":95,"featured_media":0,"parent":0,"menu_order":0,"comment_status":"closed","ping_status":"closed","template":"","meta":{"footnotes":""},"categories":[4],"tags":[],"class_list":["post-4493","page","type-page","status-publish","hentry","category-forschung"],"_links":{"self":[{"href":"https:\/\/www.hsu-hh.de\/ipa\/wp-json\/wp\/v2\/pages\/4493","targetHints":{"allow":["GET"]}}],"collection":[{"href":"https:\/\/www.hsu-hh.de\/ipa\/wp-json\/wp\/v2\/pages"}],"about":[{"href":"https:\/\/www.hsu-hh.de\/ipa\/wp-json\/wp\/v2\/types\/page"}],"author":[{"embeddable":true,"href":"https:\/\/www.hsu-hh.de\/ipa\/wp-json\/wp\/v2\/users\/95"}],"replies":[{"embeddable":true,"href":"https:\/\/www.hsu-hh.de\/ipa\/wp-json\/wp\/v2\/comments?post=4493"}],"version-history":[{"count":5,"href":"https:\/\/www.hsu-hh.de\/ipa\/wp-json\/wp\/v2\/pages\/4493\/revisions"}],"predecessor-version":[{"id":4885,"href":"https:\/\/www.hsu-hh.de\/ipa\/wp-json\/wp\/v2\/pages\/4493\/revisions\/4885"}],"wp:attachment":[{"href":"https:\/\/www.hsu-hh.de\/ipa\/wp-json\/wp\/v2\/media?parent=4493"}],"wp:term":[{"taxonomy":"category","embeddable":true,"href":"https:\/\/www.hsu-hh.de\/ipa\/wp-json\/wp\/v2\/categories?post=4493"},{"taxonomy":"post_tag","embeddable":true,"href":"https:\/\/www.hsu-hh.de\/ipa\/wp-json\/wp\/v2\/tags?post=4493"}],"curies":[{"name":"wp","href":"https:\/\/api.w.org\/{rel}","templated":true}]}}