{"id":4489,"date":"2025-01-03T10:55:05","date_gmt":"2025-01-03T09:55:05","guid":{"rendered":"https:\/\/www.hsu-hh.de\/ipa\/?page_id=4489"},"modified":"2025-01-03T11:03:36","modified_gmt":"2025-01-03T10:03:36","slug":"dissertationen-2","status":"publish","type":"page","link":"https:\/\/www.hsu-hh.de\/ipa\/dissertationen-2","title":{"rendered":"Dissertationen"},"content":{"rendered":"\n<ul class=\"wp-block-list\">\n<li>Johanna B\u00f6hndel: Semantische Verschiebung von Erziehung und Wissenschaft (Arbeitstitel)Martin F\u00f6rster: Berufseignung in den Vermittlungswissenschaften<\/li>\n\n\n\n<li>Nadin Fromm: Hochschulpolitik und Internationalisierung: Die Akteurskonstellation beim DAAD-Programm \u201aStudieng\u00e4nge deutscher Hochschulen im Ausland\u2019<\/li>\n\n\n\n<li>Nora Krzywinski: Strategische Planung als kulturelles Wandelereignis an Universit\u00e4ten<\/li>\n\n\n\n<li>Veit Larmann: Kleinere Hochschulen in strukturschwachen Regionen \u2013 Fallstudien aus der Perspektive des Ressourcenabh\u00e4ngigkeitsansatzes<\/li>\n\n\n\n<li>Britta Leusing: \u201aMcUniversity\u2018: Innerstaatliches Franchising im deutschen Hochschulsektor \u2013 Eine Public Private Perspektive<\/li>\n\n\n\n<li>Ariane Neumann: Deutungsk\u00e4mpfe, Reform und Wandel im Wissenschaftssystem am Beispiel der Exzellenzinitiative<\/li>\n\n\n\n<li>Mareike Tarazona: Institutionalisierung internationaler Studienprogramme. Eine empirische Untersuchung der nachhaltigen Organisation von Joint- und Double-Degree-Programmen<\/li>\n\n\n\n<li>Elena Tsarouha: Notengebung an deutschen Hochschulen \u2013 Untersuchung zu systematischen Einflussgr\u00f6\u00dfen auf die Benotungspraxis in Hochschulabschlusspr\u00fcfungen<\/li>\n\n\n\n<li>Sophie Wulk: Der Einfluss europ\u00e4ischer Aussenwissenschaftspolitik auf die Fremdwahrnehmung der EU \u2013 Eine Analyse von Stipendienprogrammen der Europaeischen Kommission und ihre Auswirkungen auf das Europabild<\/li>\n<\/ul>\n","protected":false},"excerpt":{"rendered":"","protected":false},"author":95,"featured_media":0,"parent":0,"menu_order":0,"comment_status":"closed","ping_status":"closed","template":"","meta":{"footnotes":""},"categories":[4],"tags":[],"class_list":["post-4489","page","type-page","status-publish","hentry","category-forschung"],"_links":{"self":[{"href":"https:\/\/www.hsu-hh.de\/ipa\/wp-json\/wp\/v2\/pages\/4489","targetHints":{"allow":["GET"]}}],"collection":[{"href":"https:\/\/www.hsu-hh.de\/ipa\/wp-json\/wp\/v2\/pages"}],"about":[{"href":"https:\/\/www.hsu-hh.de\/ipa\/wp-json\/wp\/v2\/types\/page"}],"author":[{"embeddable":true,"href":"https:\/\/www.hsu-hh.de\/ipa\/wp-json\/wp\/v2\/users\/95"}],"replies":[{"embeddable":true,"href":"https:\/\/www.hsu-hh.de\/ipa\/wp-json\/wp\/v2\/comments?post=4489"}],"version-history":[{"count":1,"href":"https:\/\/www.hsu-hh.de\/ipa\/wp-json\/wp\/v2\/pages\/4489\/revisions"}],"predecessor-version":[{"id":4490,"href":"https:\/\/www.hsu-hh.de\/ipa\/wp-json\/wp\/v2\/pages\/4489\/revisions\/4490"}],"wp:attachment":[{"href":"https:\/\/www.hsu-hh.de\/ipa\/wp-json\/wp\/v2\/media?parent=4489"}],"wp:term":[{"taxonomy":"category","embeddable":true,"href":"https:\/\/www.hsu-hh.de\/ipa\/wp-json\/wp\/v2\/categories?post=4489"},{"taxonomy":"post_tag","embeddable":true,"href":"https:\/\/www.hsu-hh.de\/ipa\/wp-json\/wp\/v2\/tags?post=4489"}],"curies":[{"name":"wp","href":"https:\/\/api.w.org\/{rel}","templated":true}]}}