{"id":4486,"date":"2025-01-03T10:53:02","date_gmt":"2025-01-03T09:53:02","guid":{"rendered":"https:\/\/www.hsu-hh.de\/ipa\/?page_id=4486"},"modified":"2025-01-03T10:53:02","modified_gmt":"2025-01-03T09:53:02","slug":"doktorandenseminare-und-workshops","status":"publish","type":"page","link":"https:\/\/www.hsu-hh.de\/ipa\/doktorandenseminare-und-workshops","title":{"rendered":"Doktorandenseminare und -workshops"},"content":{"rendered":"\n<h2 class=\"wp-block-heading\">Doktorandenseminar Universit\u00e4t Flensburg\/<abbr title=\"Helmut Schmidt Universit\u00e4t\">HSU<\/abbr><\/h2>\n\n\n\n<ul class=\"wp-block-list\">\n<li><a href=\"ftp:\/\/hermes.hsu-hh.de\/announce\/Doktoranden-Seminar-UF-2001.1.pdf\" rel='nofollow'>2001 Seminar Uni Flensburg<\/a><\/li>\n\n\n\n<li>\u2026<\/li>\n\n\n\n<li><a href=\"ftp:\/\/hermes.hsu-hh.de\/announce\/Doktoranden-Seminar-UDUE-HSU-UL-2009.pdf\" rel='nofollow'>2009 Seminar Uni L\u00fcneburg<\/a>\u00a0(Albert Martin, Thomas Behrends, Christian Gade, Wenzel Matiaske,Werner Nienh\u00fcser)<\/li>\n\n\n\n<li><a href=\"ftp:\/\/hermes.hsu-hh.de\/announce\/Doktoranden-Seminar-UF-HSU-09.pdf\" rel='nofollow'>2009 Seminar Flensburg\/Hamburg<\/a>\u00a0(Susanne Royer\/Wenzel Matiaske)<\/li>\n\n\n\n<li><a href=\"ftp:\/\/hermes.hsu-hh.de\/announce\/Doktoranden-Seminar-UF-HSU-10.1.pdf\" rel='nofollow'>2010 Seminar Flensburg\/Hamburg<\/a>\u00a0(Susanne Royer\/Wenzel Matiaske)<\/li>\n\n\n\n<li><a href=\"ftp:\/\/hermes.hsu-hh.de\/announce\/Doktoranden-Seminar-UDUE-HSU-UL-2011.pdf\" rel='nofollow'>2011 Seminar\u00a0<abbr title=\"Helmut Schmidt Universit\u00e4t\">HSU<\/abbr><\/a>\u00a0(Albert Martin, Wenzel Matiaske, Werner Nienh\u00fcser)<\/li>\n\n\n\n<li><a href=\"ftp:\/\/hermes.hsu-hh.de\/announce\/Doktoranden-Seminar-UF-HSU-11.pdf\" rel='nofollow'>2011 Seminar Flensburg\/Hamburg<\/a>\u00a0(Wenzel Matiaske\/Susanne Royer)<\/li>\n\n\n\n<li><a href=\"ftp:\/\/hermes.hsu-hh.de\/announce\/Doktoranden-Seminar-UF-HSU-12.1.pdf\" rel='nofollow'>2012\/1 Seminar Flensburg\/Hamburg<\/a>\u00a0(Susanne Royer\/Wenzel Matiaske)<\/li>\n\n\n\n<li><a href=\"ftp:\/\/hermes.hsu-hh.de\/announce\/Doktoranden-Seminar-UF-HSU-12.2.pdf\" rel='nofollow'>2012\/2 Seminar Flensburg\/Hamburg<\/a>\u00a0(Wenzel Matiaske\/Susanne Royer)<\/li>\n\n\n\n<li><a href=\"ftp:\/\/hermes.hsu-hh.de\/announce\/Doktoranden-Seminar-UF-HSU-13.1.pdf\" rel='nofollow'>2013\/1 Seminar Flensburg\/Hamburg<\/a>\u00a0(Susanne Royer\/Wenzel Matiaske)<\/li>\n\n\n\n<li><a href=\"ftp:\/\/hermes.hsu-hh.de\/announce\/Doktoranden-Seminar-UF-HSU-14.2.pdf\" rel='nofollow'>2014 Seminar Flensburg\/Hamburg<\/a>\u00a0(Susanne Royer\/Wenzel Matiaske)<\/li>\n\n\n\n<li><a href=\"ftp:\/\/hermes.hsu-hh.de\/announce\/Doktoranden-Seminar-UF-HSU-15.1.pdf\" rel='nofollow'>2015\/1 Seminar Flensburg\/Hamburg<\/a>\u00a0(Wenzel Matiaske\/Susanne Royer)<\/li>\n\n\n\n<li><a href=\"ftp:\/\/hermes.hsu-hh.de\/announce\/Doktoranden-Seminar-UF-HSU-15.2.pdf\" rel='nofollow'>2015\/2 Seminar Flensburg\/Hamburg<\/a>\u00a0(Susanne Royer\/Wenzel Matiaske)<\/li>\n\n\n\n<li><a href=\"ftp:\/\/hermes.hsu-hh.de\/announce\/Doktoranden-Seminar-UF-HSU-16.1.pdf\" rel='nofollow'>2016\/1 Seminar Flensburg\/Hamburg<\/a>\u00a0(Wenzel Matiaske\/Susanne Royer)<\/li>\n\n\n\n<li><a href=\"ftp:\/\/hermes.hsu-hh.de\/announce\/Doktoranden-Seminar-UF-HSU-17.1.pdf\" rel='nofollow'>2017\/1 Seminar Flensburg\/Hamburg<\/a>\u00a0(Susanne Royer\/Wenzel Matiaske)<\/li>\n\n\n\n<li><a href=\"ftp:\/\/hermes.hsu-hh.de\/announce\/Doktoranden-Seminar-UF-HSU-17.2.pdf\" rel='nofollow'>2017\/2 Seminar Flensburg\/Hamburg<\/a>\u00a0(Wenzel Matiaske\/Susanne Royer)<\/li>\n\n\n\n<li><a href=\"ftp:\/\/hermes.hsu-hh.de\/announce\/Doktoranden-Seminar-UF-HSU-18.1.pdf\" rel='nofollow'>2018\/1 Seminar Flensburg\/Hamburg<\/a>\u00a0(Susanne Royer\/Wenzel Matiaske)<\/li>\n<\/ul>\n\n\n\n<h2 class=\"wp-block-heading\">International Research Workshop \u2013 Methods for PhD<\/h2>\n\n\n\n<ul class=\"wp-block-list\">\n<li><a href=\"ftp:\/\/hermes.hsu-hh.de\/announce\/irws-folder-07.pdf\" rel='nofollow'>IRWS\u00a0 2007<\/a><\/li>\n\n\n\n<li><a href=\"ftp:\/\/hermes.hsu-hh.de\/announce\/irws-folder-08.pdf\" rel='nofollow'>IRWS\u00a0 2008<\/a><\/li>\n\n\n\n<li><a href=\"ftp:\/\/hermes.hsu-hh.de\/announce\/irws-folder-09.pdf\" rel='nofollow'>IRWS\u00a0 2009<\/a><\/li>\n\n\n\n<li><a href=\"ftp:\/\/hermes.hsu-hh.de\/announce\/irws-folder-10.pdf\" rel='nofollow'>IRWS\u00a0 2010<\/a><\/li>\n\n\n\n<li><a href=\"ftp:\/\/hermes.hsu-hh.de\/announce\/irws-folder-11.pdf\" rel='nofollow'>IRWS\u00a0 2011<\/a><\/li>\n\n\n\n<li><a href=\"ftp:\/\/hermes.hsu-hh.de\/announce\/irws-folder-12.pdf\" rel='nofollow'>IRWS\u00a0 2012<\/a><\/li>\n\n\n\n<li><a href=\"ftp:\/\/hermes.hsu-hh.de\/announce\/irws-folder-13.pdf\" rel='nofollow'>IRWS\u00a0 2013<\/a><\/li>\n\n\n\n<li><a href=\"ftp:\/\/hermes.hsu-hh.de\/announce\/irws-folder-14.pdf\" rel='nofollow'>IRWS\u00a0 2014<\/a><\/li>\n\n\n\n<li><a href=\"ftp:\/\/hermes.hsu-hh.de\/announce\/irws-folder-15.pdf\" rel='nofollow'>IRWS\u00a0 2015<\/a><\/li>\n\n\n\n<li><a href=\"ftp:\/\/hermes.hsu-hh.de\/announce\/irws-folder-16.pdf\" rel='nofollow'>IRWS\u00a0 2016<\/a><\/li>\n\n\n\n<li><a href=\"ftp:\/\/hermes.hsu-hh.de\/announce\/irws-plakat-17.pdf\" rel='nofollow'>IRWS\u00a0 2017<\/a><\/li>\n<\/ul>\n\n\n\n<h2 class=\"wp-block-heading\">Doktoranden-Kolleg \u201eVerantwortliche Hochschule\u201c<\/h2>\n\n\n\n<p>Im Wintersemester 2007\/2008 wurde das Promotionskolleg \u201eVerantwortliche Hochschule\u201c von&nbsp;<abbr title=\"Professor\">Prof.<\/abbr>&nbsp;<abbr title=\"Doktor\">Dr.<\/abbr>&nbsp;Gerd Gr\u00f6zinger (Sprecher) und von&nbsp;<abbr title=\"Professor\">Prof.<\/abbr>&nbsp;<abbr title=\"Doktor\">Dr.<\/abbr>&nbsp;Wenzel Matiaske (Co-Sprecher) an der Universit\u00e4t Flensburg eingerichtet. Es wird mit&nbsp; Promotionsstipendien der Heinrich-B\u00f6ll-Stiftung unterst\u00fctzt. Neben den StipendiatInnen geh\u00f6rten weitere sieben assoziierte DoktorandInnen sowie zehn ProfessorInnen verschiedenster Disziplinen an (u. a. Soziologie, Bildungs\u00f6konomie, Geografie). Die Forschungsinteressen der Teilnehmenden konzentrieren sich mit unterschiedlichen Fragestellungen auf das stark interdisziplin\u00e4re Feld der Hochschulforschung. In monatlichen Treffen an der Universit\u00e4t Flensburg werden die Promotionsvorhaben und relevante Themen der Hochschulforschung diskutiert \u2013 h\u00e4ufig inspiriert durch Gastvortr\u00e4ge von ExpertInnen aus dem Feld wie&nbsp;<abbr title=\"zum Beispiel\">z.B.<\/abbr>&nbsp;von&nbsp;<abbr title=\"Professor\">Prof.<\/abbr>&nbsp;<abbr title=\"Doktor\">Dr.<\/abbr>&nbsp;U. Teichler (INCHER Kassel),&nbsp;<abbr title=\"Professor\">Prof.<\/abbr>&nbsp;D. A. Wolter (HU Berlin),&nbsp;<abbr title=\"Doktor\">Dr.<\/abbr>&nbsp;D. Simon (WZB). Erg\u00e4nzend finden halbj\u00e4hrlich mehrt\u00e4gige Workshops statt.<\/p>\n\n\n\n<figure class=\"wp-block-image\"><img loading=\"lazy\" decoding=\"async\" width=\"300\" height=\"225\" src=\"https:\/\/www.hsu-hh.de\/ipa\/wp-content\/uploads\/sites\/683\/2017\/09\/Promotionskolleg-Verantwortliche-Hochschule-300x225.png\" data-credit=\"\" alt=\"Promotionskolleg Verantwortliche Hochschule\" class=\"wp-image-511\" srcset=\"https:\/\/www.hsu-hh.de\/ipa\/wp-content\/uploads\/sites\/683\/2017\/09\/Promotionskolleg-Verantwortliche-Hochschule-300x225.png 300w, https:\/\/www.hsu-hh.de\/ipa\/wp-content\/uploads\/sites\/683\/2017\/09\/Promotionskolleg-Verantwortliche-Hochschule.png 600w\" sizes=\"auto, (max-width: 300px) 100vw, 300px\" \/><figcaption class=\"wp-element-caption\">Promotionskolleg Verantwortliche Hochschule<\/figcaption><\/figure>\n","protected":false},"excerpt":{"rendered":"<p>Doktorandenseminar Universit\u00e4t Flensburg\/HSU International Research Workshop \u2013 Methods for PhD Doktoranden-Kolleg \u201eVerantwortliche Hochschule\u201c Im Wintersemester 2007\/2008 wurde das Promotionskolleg \u201eVerantwortliche Hochschule\u201c von&nbsp;Prof.&nbsp;Dr.&nbsp;Gerd Gr\u00f6zinger (Sprecher) und von&nbsp;Prof.&nbsp;Dr.&nbsp;Wenzel Matiaske (Co-Sprecher) an der [&hellip;]<\/p>\n","protected":false},"author":95,"featured_media":0,"parent":0,"menu_order":0,"comment_status":"closed","ping_status":"closed","template":"","meta":{"footnotes":""},"categories":[4],"tags":[],"class_list":["post-4486","page","type-page","status-publish","hentry","category-forschung"],"_links":{"self":[{"href":"https:\/\/www.hsu-hh.de\/ipa\/wp-json\/wp\/v2\/pages\/4486","targetHints":{"allow":["GET"]}}],"collection":[{"href":"https:\/\/www.hsu-hh.de\/ipa\/wp-json\/wp\/v2\/pages"}],"about":[{"href":"https:\/\/www.hsu-hh.de\/ipa\/wp-json\/wp\/v2\/types\/page"}],"author":[{"embeddable":true,"href":"https:\/\/www.hsu-hh.de\/ipa\/wp-json\/wp\/v2\/users\/95"}],"replies":[{"embeddable":true,"href":"https:\/\/www.hsu-hh.de\/ipa\/wp-json\/wp\/v2\/comments?post=4486"}],"version-history":[{"count":1,"href":"https:\/\/www.hsu-hh.de\/ipa\/wp-json\/wp\/v2\/pages\/4486\/revisions"}],"predecessor-version":[{"id":4487,"href":"https:\/\/www.hsu-hh.de\/ipa\/wp-json\/wp\/v2\/pages\/4486\/revisions\/4487"}],"wp:attachment":[{"href":"https:\/\/www.hsu-hh.de\/ipa\/wp-json\/wp\/v2\/media?parent=4486"}],"wp:term":[{"taxonomy":"category","embeddable":true,"href":"https:\/\/www.hsu-hh.de\/ipa\/wp-json\/wp\/v2\/categories?post=4486"},{"taxonomy":"post_tag","embeddable":true,"href":"https:\/\/www.hsu-hh.de\/ipa\/wp-json\/wp\/v2\/tags?post=4486"}],"curies":[{"name":"wp","href":"https:\/\/api.w.org\/{rel}","templated":true}]}}