{"id":4436,"date":"2024-12-09T15:53:08","date_gmt":"2024-12-09T14:53:08","guid":{"rendered":"https:\/\/www.hsu-hh.de\/ipa\/?page_id=4436"},"modified":"2024-12-09T15:53:09","modified_gmt":"2024-12-09T14:53:09","slug":"doktorandenstudium","status":"publish","type":"page","link":"https:\/\/www.hsu-hh.de\/ipa\/doktorandenstudium","title":{"rendered":"Doktorandenstudium"},"content":{"rendered":"\n<p>Das Doktorandenseminar des IPA findet im halbj\u00e4hrlichen Turnus an der EU Flensburg <abbr title=\"beziehungsweise\">bzw.<\/abbr> der <abbr title=\"Helmut Schmidt Universit\u00e4t\">HSU<\/abbr>\/UniBw H statt.<\/p>\n\n\n\n<p>Ferner organisiert das IPA das <a href=\"https:\/\/ilias.hsu-hh.de\/goto.php?client_id=unibw&amp;target=cat_29263\" target=\"_blank\" rel=\"noreferrer noopener\">Kursangebot der <abbr title=\"Wirtschafts- und Sozialwissenschaften\">WiSo<\/abbr> Fakult\u00e4t<\/a> f\u00fcr Doktoranden.<\/p>\n\n\n\n<p>Zum Kursangebot des&nbsp; <a href=\"http:\/\/phd-network.eu\/\" target=\"_blank\" rel=\"noreferrer noopener\">PhD-Network<\/a> der <abbr title=\"Wirtschafts- und Sozialwissenschaften\">WiSo<\/abbr> Fakult\u00e4ten der Universit\u00e4ten Flensburg, Hamburg, Kiel und L\u00fcneburg sowie des DIW Berlin, der GESIS Mannheim, des GIGA Hamburg, des IAB N\u00fcrnberg und des IUC Dubrovnik und des j\u00e4hrlichen<a href=\"http:\/\/hermes.hsu-hh.de\/doctoralstudy\/irws\/\" rel='nofollow'> IRWS<\/a> an der Akademie Sankelmark findet sich hier.<\/p>\n","protected":false},"excerpt":{"rendered":"<p>Das Doktorandenseminar des IPA findet im halbj\u00e4hrlichen Turnus an der EU Flensburg bzw. der HSU\/UniBw H statt. Ferner organisiert das IPA das Kursangebot der WiSo Fakult\u00e4t f\u00fcr Doktoranden. Zum Kursangebot [&hellip;]<\/p>\n","protected":false},"author":95,"featured_media":0,"parent":0,"menu_order":0,"comment_status":"closed","ping_status":"closed","template":"","meta":{"footnotes":""},"categories":[4],"tags":[],"class_list":["post-4436","page","type-page","status-publish","hentry","category-forschung"],"_links":{"self":[{"href":"https:\/\/www.hsu-hh.de\/ipa\/wp-json\/wp\/v2\/pages\/4436","targetHints":{"allow":["GET"]}}],"collection":[{"href":"https:\/\/www.hsu-hh.de\/ipa\/wp-json\/wp\/v2\/pages"}],"about":[{"href":"https:\/\/www.hsu-hh.de\/ipa\/wp-json\/wp\/v2\/types\/page"}],"author":[{"embeddable":true,"href":"https:\/\/www.hsu-hh.de\/ipa\/wp-json\/wp\/v2\/users\/95"}],"replies":[{"embeddable":true,"href":"https:\/\/www.hsu-hh.de\/ipa\/wp-json\/wp\/v2\/comments?post=4436"}],"version-history":[{"count":1,"href":"https:\/\/www.hsu-hh.de\/ipa\/wp-json\/wp\/v2\/pages\/4436\/revisions"}],"predecessor-version":[{"id":4437,"href":"https:\/\/www.hsu-hh.de\/ipa\/wp-json\/wp\/v2\/pages\/4436\/revisions\/4437"}],"wp:attachment":[{"href":"https:\/\/www.hsu-hh.de\/ipa\/wp-json\/wp\/v2\/media?parent=4436"}],"wp:term":[{"taxonomy":"category","embeddable":true,"href":"https:\/\/www.hsu-hh.de\/ipa\/wp-json\/wp\/v2\/categories?post=4436"},{"taxonomy":"post_tag","embeddable":true,"href":"https:\/\/www.hsu-hh.de\/ipa\/wp-json\/wp\/v2\/tags?post=4436"}],"curies":[{"name":"wp","href":"https:\/\/api.w.org\/{rel}","templated":true}]}}