{"id":4345,"date":"2024-07-03T12:01:59","date_gmt":"2024-07-03T10:01:59","guid":{"rendered":"https:\/\/www.hsu-hh.de\/ipa\/?page_id=4345"},"modified":"2024-07-03T12:02:13","modified_gmt":"2024-07-03T10:02:13","slug":"christoph-halbmeier","status":"publish","type":"page","link":"https:\/\/www.hsu-hh.de\/ipa\/christoph-halbmeier","title":{"rendered":"Christoph Halbmeier"},"content":{"rendered":"\n<p>Wissenschaftlicher Mitarbeiter<\/p>\n\n\n\n<div class=\"wp-block-columns is-layout-flex wp-container-core-columns-is-layout-9d6595d7 wp-block-columns-is-layout-flex\">\n<div class=\"wp-block-column is-layout-flow wp-block-column-is-layout-flow\">\n<p>Helmut-Schmidt-Universit\u00e4t<br>Fakult\u00e4t f\u00fcr Wirtschafts- und Sozialwissenschaften<br>Institut f\u00fcr Personal und Arbeit<br>Holstenhofweg 85<br>22043 Hamburg<\/p>\n<\/div>\n\n\n\n<div class=\"wp-block-column is-layout-flow wp-block-column-is-layout-flow\">\n<p>DIW Berlin<br>Mohrenstra\u00dfe 58<br>10117 Berlin (Mitte)<\/p>\n\n\n\n<p>+49&nbsp;30&nbsp;89789 &#8211; 382<\/p>\n\n\n\n<p>chalbmeier@diw.de<\/p>\n\n\n\n<p><a href=\"https:\/\/www.diw.de\/de\/diw_01.c.442742.de\/personen\/halbmeier__christoph.html\" rel='nofollow'>https:\/\/www.diw.de\/de\/diw_01.c.442742.de\/personen\/halbmeier__christoph.html<\/a><\/p>\n<\/div>\n\n\n\n<div class=\"wp-block-column is-layout-flow wp-block-column-is-layout-flow\"><div class=\"wp-block-image\">\n<figure class=\"alignleft size-full is-resized\"><img loading=\"lazy\" decoding=\"async\" width=\"450\" height=\"579\" src=\"https:\/\/www.hsu-hh.de\/ipa\/wp-content\/uploads\/sites\/683\/2024\/07\/CHalbmeier.jpg\" data-credit=\"Halbmeier\" alt=\"\" class=\"wp-image-4346\" style=\"width:236px;height:auto\" srcset=\"https:\/\/www.hsu-hh.de\/ipa\/wp-content\/uploads\/sites\/683\/2024\/07\/CHalbmeier.jpg 450w, https:\/\/www.hsu-hh.de\/ipa\/wp-content\/uploads\/sites\/683\/2024\/07\/CHalbmeier-233x300.jpg 233w\" sizes=\"auto, (max-width: 450px) 100vw, 450px\" \/><\/figure>\n<\/div><\/div>\n<\/div>\n","protected":false},"excerpt":{"rendered":"<p>Wissenschaftlicher Mitarbeiter Helmut-Schmidt-Universit\u00e4tFakult\u00e4t f\u00fcr Wirtschafts- und SozialwissenschaftenInstitut f\u00fcr Personal und ArbeitHolstenhofweg 8522043 Hamburg DIW BerlinMohrenstra\u00dfe 5810117 Berlin (Mitte) +49&nbsp;30&nbsp;89789 &#8211; 382 chalbmeier@diw.de https:\/\/www.diw.de\/de\/diw_01.c.442742.de\/personen\/halbmeier__christoph.html<\/p>\n","protected":false},"author":95,"featured_media":0,"parent":0,"menu_order":0,"comment_status":"closed","ping_status":"closed","template":"","meta":{"footnotes":""},"categories":[8],"tags":[],"class_list":["post-4345","page","type-page","status-publish","hentry","category-team"],"_links":{"self":[{"href":"https:\/\/www.hsu-hh.de\/ipa\/wp-json\/wp\/v2\/pages\/4345","targetHints":{"allow":["GET"]}}],"collection":[{"href":"https:\/\/www.hsu-hh.de\/ipa\/wp-json\/wp\/v2\/pages"}],"about":[{"href":"https:\/\/www.hsu-hh.de\/ipa\/wp-json\/wp\/v2\/types\/page"}],"author":[{"embeddable":true,"href":"https:\/\/www.hsu-hh.de\/ipa\/wp-json\/wp\/v2\/users\/95"}],"replies":[{"embeddable":true,"href":"https:\/\/www.hsu-hh.de\/ipa\/wp-json\/wp\/v2\/comments?post=4345"}],"version-history":[{"count":1,"href":"https:\/\/www.hsu-hh.de\/ipa\/wp-json\/wp\/v2\/pages\/4345\/revisions"}],"predecessor-version":[{"id":4347,"href":"https:\/\/www.hsu-hh.de\/ipa\/wp-json\/wp\/v2\/pages\/4345\/revisions\/4347"}],"wp:attachment":[{"href":"https:\/\/www.hsu-hh.de\/ipa\/wp-json\/wp\/v2\/media?parent=4345"}],"wp:term":[{"taxonomy":"category","embeddable":true,"href":"https:\/\/www.hsu-hh.de\/ipa\/wp-json\/wp\/v2\/categories?post=4345"},{"taxonomy":"post_tag","embeddable":true,"href":"https:\/\/www.hsu-hh.de\/ipa\/wp-json\/wp\/v2\/tags?post=4345"}],"curies":[{"name":"wp","href":"https:\/\/api.w.org\/{rel}","templated":true}]}}