{"id":3643,"date":"2022-09-28T12:20:34","date_gmt":"2022-09-28T10:20:34","guid":{"rendered":"https:\/\/www.hsu-hh.de\/ipa\/?page_id=3643"},"modified":"2024-07-03T11:30:50","modified_gmt":"2024-07-03T09:30:50","slug":"dr-axel-czaya","status":"publish","type":"page","link":"https:\/\/www.hsu-hh.de\/ipa\/dr-axel-czaya","title":{"rendered":"Dr. Axel Czaya"},"content":{"rendered":"\n<p>Wissenschaftlicher Mitarbeiter<\/p>\n\n\n\n<div class=\"wp-block-columns is-layout-flex wp-container-core-columns-is-layout-9d6595d7 wp-block-columns-is-layout-flex\">\n<div class=\"wp-block-column is-layout-flow wp-block-column-is-layout-flow\">\n<p>Helmut-Schmidt-Universit\u00e4t<br>Fakult\u00e4t f\u00fcr Wirtschafts- und Sozialwissenschaften<br>Institut f\u00fcr Personal und Arbeit<br>Holstenhofweg 85<br>22043 Hamburg<\/p>\n<\/div>\n\n\n\n<div class=\"wp-block-column is-layout-flow wp-block-column-is-layout-flow\">\n<p>Geb\u00e4ude H1, Raum 2505<\/p>\n\n\n\n<p>Tel: +49 (0)40 \u2013 65 41 39 03<br>Fax: +49 (0)40 \u2013 65 41 35 22<br>E-Mail:&nbsp;<a href=\"mailto:axel.czaya@hsu-hh.de\" rel='nofollow'>axel.czaya@hsu-hh.de<\/a><\/p>\n<\/div>\n\n\n\n<div class=\"wp-block-column is-layout-flow wp-block-column-is-layout-flow\">\n<figure class=\"wp-block-image size-large\"><img loading=\"lazy\" decoding=\"async\" width=\"1024\" height=\"1024\" src=\"https:\/\/www.hsu-hh.de\/ipa\/wp-content\/uploads\/sites\/683\/2022\/09\/potrait_czaya_sw-1024x1024.jpg\" data-credit=\"Axel Czaya\" alt=\"Axel Czaya\" class=\"wp-image-3638\" \/><\/figure>\n<\/div>\n<\/div>\n\n\n\n<hr class=\"wp-block-separator has-alpha-channel-opacity\" \/>\n\n\n\n<p><strong>Sprechstunde:<\/strong>&nbsp;Nach Vereinbarung<\/p>\n\n\n\n<p><strong>Kurzbiografie<\/strong>: <abbr title=\"Doktor\">Dr.<\/abbr> Axel Czaya hat an der der Universit\u00e4t Hamburg Volkswirtschaftslehre studiert und in einem wirtschafts- und ingenieurswissenschaftlichen Kontext \u00fcber die institutionelle Ausgestaltung des Europ\u00e4ischen Normungssystems promoviert. An der Professur f\u00fcr Allgemeine Betriebswirtschaftslehre und am Institut f\u00fcr Personal und Arbeit der Fakult\u00e4t f\u00fcr Wirtschafts- und Sozialwissenschaften der <abbr title=\"Helmut Schmidt Universit\u00e4t\">HSU<\/abbr> konnte Axel Czaya daraufhin Erfahrung in den Bereichen Organisationstheorie, Personalwirtschaft und der empirischen Sozialforschung sammeln. Von Mai 2020 bis Juli 2022 war Axel Czaya Mitarbeiter im Projekt &#8222;Co-Learning Space f\u00fcr Hamburger Cluster&#8220; an der Professur f\u00fcr Betriebswirtschaftslehre, insbesondere Organisationstheorie und befasste sich dort unter anderem mit Technologien und Innovationen, die Cross-Cluster-Potential aufweisen, wozu auch die Urban Air Mobility (UAM) z\u00e4hlte. Im Rahmen des Projekts i-LUM (innovative Luftgest\u00fctzte Urbane Mobilit\u00e4t) befasst sich Axel Czaya am Institut f\u00fcr Personal und Arbeit derzeit mit der gesellschaftlichen Akzeptanz der luftgest\u00fctzten Mobilit\u00e4t in Hamburg.<\/p>\n\n\n\n<p><strong>Forschungsschwerpunkte:<\/strong> Neben der gesellschaftlichen Akzeptanz der luftgest\u00fctzten Mobilit\u00e4t gilt das Forschungsinteresse Axel Czayas der Rolle der technischen Standardisierung und der Regulierung bei dem Aufbau komplexer Infrastrukturen.<\/p>\n","protected":false},"excerpt":{"rendered":"<p>Wissenschaftlicher Mitarbeiter Helmut-Schmidt-Universit\u00e4tFakult\u00e4t f\u00fcr Wirtschafts- und SozialwissenschaftenInstitut f\u00fcr Personal und ArbeitHolstenhofweg 8522043 Hamburg Geb\u00e4ude H1, Raum 2505 Tel: +49 (0)40 \u2013 65 41 39 03Fax: +49 (0)40 \u2013 65 41 [&hellip;]<\/p>\n","protected":false},"author":3455,"featured_media":0,"parent":0,"menu_order":0,"comment_status":"closed","ping_status":"closed","template":"","meta":{"footnotes":""},"categories":[8],"tags":[],"class_list":["post-3643","page","type-page","status-publish","hentry","category-team"],"_links":{"self":[{"href":"https:\/\/www.hsu-hh.de\/ipa\/wp-json\/wp\/v2\/pages\/3643","targetHints":{"allow":["GET"]}}],"collection":[{"href":"https:\/\/www.hsu-hh.de\/ipa\/wp-json\/wp\/v2\/pages"}],"about":[{"href":"https:\/\/www.hsu-hh.de\/ipa\/wp-json\/wp\/v2\/types\/page"}],"author":[{"embeddable":true,"href":"https:\/\/www.hsu-hh.de\/ipa\/wp-json\/wp\/v2\/users\/3455"}],"replies":[{"embeddable":true,"href":"https:\/\/www.hsu-hh.de\/ipa\/wp-json\/wp\/v2\/comments?post=3643"}],"version-history":[{"count":8,"href":"https:\/\/www.hsu-hh.de\/ipa\/wp-json\/wp\/v2\/pages\/3643\/revisions"}],"predecessor-version":[{"id":4284,"href":"https:\/\/www.hsu-hh.de\/ipa\/wp-json\/wp\/v2\/pages\/3643\/revisions\/4284"}],"wp:attachment":[{"href":"https:\/\/www.hsu-hh.de\/ipa\/wp-json\/wp\/v2\/media?parent=3643"}],"wp:term":[{"taxonomy":"category","embeddable":true,"href":"https:\/\/www.hsu-hh.de\/ipa\/wp-json\/wp\/v2\/categories?post=3643"},{"taxonomy":"post_tag","embeddable":true,"href":"https:\/\/www.hsu-hh.de\/ipa\/wp-json\/wp\/v2\/tags?post=3643"}],"curies":[{"name":"wp","href":"https:\/\/api.w.org\/{rel}","templated":true}]}}