{"id":2704,"date":"2021-03-17T12:19:29","date_gmt":"2021-03-17T11:19:29","guid":{"rendered":"https:\/\/www.hsu-hh.de\/ipa\/?page_id=2704"},"modified":"2024-07-03T11:40:26","modified_gmt":"2024-07-03T09:40:26","slug":"torben-dall-schmidt-phd","status":"publish","type":"page","link":"https:\/\/www.hsu-hh.de\/ipa\/torben-dall-schmidt-phd","title":{"rendered":"Torben Dall Schmidt, PhD"},"content":{"rendered":"\n<p>Wissenschaftlicher Mitarbeiter<\/p>\n\n\n\n<div class=\"wp-block-columns is-layout-flex wp-container-core-columns-is-layout-9d6595d7 wp-block-columns-is-layout-flex\">\n<div class=\"wp-block-column is-layout-flow wp-block-column-is-layout-flow\">\n<p>Helmut-Schmidt-Universit\u00e4t<br>Fakult\u00e4t f\u00fcr Wirtschafts- und Sozialwissenschaften<br>Institut f\u00fcr Personal und Arbeit<br>Holstenhofweg 85<br>22043 Hamburg<\/p>\n<\/div>\n\n\n\n<div class=\"wp-block-column is-layout-flow wp-block-column-is-layout-flow\">\n<p>Geb\u00e4ude H1,\u00a0Raum 2134<p>Tel: +49 (0)40 \u2013 65 41 2533Fax: +49 (0)40 \u2013 65 41 3522E-Mail: <a href=\"mailto:tds@hsu-hh.de\" rel='nofollow'>tds@hsu-hh.de<\/a><\/p><\/p>\n<\/div>\n\n\n\n<div class=\"wp-block-column is-layout-flow wp-block-column-is-layout-flow\"><div class=\"wp-block-image\">\n<figure class=\"aligncenter size-large is-resized\"><img loading=\"lazy\" decoding=\"async\" width=\"841\" height=\"1024\" src=\"https:\/\/www.hsu-hh.de\/ipa\/wp-content\/uploads\/sites\/683\/2021\/03\/Torben-Dall-Schmidt-841x1024.jpg\" data-credit=\"Torben Dall Schmidt\" alt=\"Bild Torben Dall Schmidt\" class=\"wp-image-2707\" style=\"width:267px;height:auto\" srcset=\"https:\/\/www.hsu-hh.de\/ipa\/wp-content\/uploads\/sites\/683\/2021\/03\/Torben-Dall-Schmidt-841x1024.jpg 841w, https:\/\/www.hsu-hh.de\/ipa\/wp-content\/uploads\/sites\/683\/2021\/03\/Torben-Dall-Schmidt-246x300.jpg 246w, https:\/\/www.hsu-hh.de\/ipa\/wp-content\/uploads\/sites\/683\/2021\/03\/Torben-Dall-Schmidt-768x935.jpg 768w, https:\/\/www.hsu-hh.de\/ipa\/wp-content\/uploads\/sites\/683\/2021\/03\/Torben-Dall-Schmidt-1100x1339.jpg 1100w, https:\/\/www.hsu-hh.de\/ipa\/wp-content\/uploads\/sites\/683\/2021\/03\/Torben-Dall-Schmidt.jpg 1257w\" sizes=\"auto, (max-width: 841px) 100vw, 841px\" \/><\/figure>\n<\/div><\/div>\n<\/div>\n\n\n\n<p><strong>Sprechstunde:<\/strong> nach Vereinbarung (per Mail)<\/p>\n\n\n\n<hr class=\"wp-block-separator has-alpha-channel-opacity\" \/>\n\n\n\n<p><strong>Kurzbiographie:<\/strong>&nbsp;Studium der Volkswirtschaft an der Universit\u00e4t Aarhus (1986-1993). Mitarbeiter der Konjunktur Statistik bei Statistisches Amt D\u00e4nemark (1993-1995). Makro\u00f6konomischer Researcher bei GiroBank A\/S (1995-1996). Wissenschaftler an der Syddansk Universitet, D\u00e4nemark (1999-2021). Seit 2021 wissenschaftlicher Mitarbeiter am Institut f\u00fcr Personal und Arbeit an der Helmut-Schmidt-Universit\u00e4t, UdBW&nbsp;Hamburg.<\/p>\n\n\n\n<p>Ph.D. an der Aarhus Universitet (2017). Thema der Arbeit: \u201eSocial Insurance, Incentives and Economic Integration\u201c.&nbsp;<\/p>\n\n\n\n<p><strong>Forschungsschwerpunkte:<\/strong>&nbsp;Arbeitsmarkt, L\u00f6hne, Produktivit\u00e4t, Mobilit\u00e4t, Demographische Entwicklung, Regional Studien, Wachstumsstudien, Politikevaluierung, Linked Employer-Employee Daten, r\u00e4umliche Abh\u00e4ngigkeit<\/p>\n\n\n\n<p><a href=\"https:\/\/www.hsu-hh.de\/ipa\/wp-content\/uploads\/sites\/683\/2021\/10\/Torben-Dall-Schmidt_Publications.pdf\">Vortr\u00e4ge und Ver\u00f6ffentlichungen<\/a><\/p>\n","protected":false},"excerpt":{"rendered":"<p>Wissenschaftlicher Mitarbeiter Helmut-Schmidt-Universit\u00e4tFakult\u00e4t f\u00fcr Wirtschafts- und SozialwissenschaftenInstitut f\u00fcr Personal und ArbeitHolstenhofweg 8522043 Hamburg Geb\u00e4ude H1,\u00a0Raum 2134 Tel: +49 (0)40 \u2013 65 41 2533Fax: +49 (0)40 \u2013 65 41 3522E-Mail: tds@hsu-hh.de [&hellip;]<\/p>\n","protected":false},"author":1331,"featured_media":0,"parent":0,"menu_order":0,"comment_status":"closed","ping_status":"closed","template":"","meta":{"footnotes":""},"categories":[8],"tags":[],"class_list":["post-2704","page","type-page","status-publish","hentry","category-team"],"_links":{"self":[{"href":"https:\/\/www.hsu-hh.de\/ipa\/wp-json\/wp\/v2\/pages\/2704","targetHints":{"allow":["GET"]}}],"collection":[{"href":"https:\/\/www.hsu-hh.de\/ipa\/wp-json\/wp\/v2\/pages"}],"about":[{"href":"https:\/\/www.hsu-hh.de\/ipa\/wp-json\/wp\/v2\/types\/page"}],"author":[{"embeddable":true,"href":"https:\/\/www.hsu-hh.de\/ipa\/wp-json\/wp\/v2\/users\/1331"}],"replies":[{"embeddable":true,"href":"https:\/\/www.hsu-hh.de\/ipa\/wp-json\/wp\/v2\/comments?post=2704"}],"version-history":[{"count":7,"href":"https:\/\/www.hsu-hh.de\/ipa\/wp-json\/wp\/v2\/pages\/2704\/revisions"}],"predecessor-version":[{"id":4291,"href":"https:\/\/www.hsu-hh.de\/ipa\/wp-json\/wp\/v2\/pages\/2704\/revisions\/4291"}],"wp:attachment":[{"href":"https:\/\/www.hsu-hh.de\/ipa\/wp-json\/wp\/v2\/media?parent=2704"}],"wp:term":[{"taxonomy":"category","embeddable":true,"href":"https:\/\/www.hsu-hh.de\/ipa\/wp-json\/wp\/v2\/categories?post=2704"},{"taxonomy":"post_tag","embeddable":true,"href":"https:\/\/www.hsu-hh.de\/ipa\/wp-json\/wp\/v2\/tags?post=2704"}],"curies":[{"name":"wp","href":"https:\/\/api.w.org\/{rel}","templated":true}]}}