{"id":2642,"date":"2021-03-04T11:05:32","date_gmt":"2021-03-04T10:05:32","guid":{"rendered":"https:\/\/www.hsu-hh.de\/ipa\/?page_id=2642"},"modified":"2024-04-16T18:07:55","modified_gmt":"2024-04-16T16:07:55","slug":"recep-nuri-arbursu","status":"publish","type":"page","link":"https:\/\/www.hsu-hh.de\/ipa\/recep-nuri-arbursu","title":{"rendered":"Recep Nuri Arbursu, M.Sc."},"content":{"rendered":"\n<figure class=\"wp-block-image size-large is-resized\"><img loading=\"lazy\" decoding=\"async\" width=\"1024\" height=\"683\" src=\"https:\/\/www.hsu-hh.de\/ipa\/wp-content\/uploads\/sites\/683\/2021\/03\/DSC05629-1024x683.jpg\" data-credit=\"Nuri Abursu Recep\" alt=\"Bild Nuri Abursu Recep\" class=\"wp-image-2643\" style=\"width:409px;height:273px\" srcset=\"https:\/\/www.hsu-hh.de\/ipa\/wp-content\/uploads\/sites\/683\/2021\/03\/DSC05629-1024x683.jpg 1024w, https:\/\/www.hsu-hh.de\/ipa\/wp-content\/uploads\/sites\/683\/2021\/03\/DSC05629-300x200.jpg 300w, https:\/\/www.hsu-hh.de\/ipa\/wp-content\/uploads\/sites\/683\/2021\/03\/DSC05629-768x512.jpg 768w, https:\/\/www.hsu-hh.de\/ipa\/wp-content\/uploads\/sites\/683\/2021\/03\/DSC05629-1536x1024.jpg 1536w, https:\/\/www.hsu-hh.de\/ipa\/wp-content\/uploads\/sites\/683\/2021\/03\/DSC05629-2048x1365.jpg 2048w, https:\/\/www.hsu-hh.de\/ipa\/wp-content\/uploads\/sites\/683\/2021\/03\/DSC05629-1100x733.jpg 1100w\" sizes=\"auto, (max-width: 1024px) 100vw, 1024px\" \/><\/figure>\n\n\n\n<p><strong>Kurzbiographie:<\/strong> Herr Arbursu hat ein Duales Bachelorstudium in Business Administration an der Hamburg School of Business Administration (HSBA) Schwerpunkt in Sustainable Leadership bei Airbus Defence &amp; Space angefangen und bei der Aurubis AG (2015-2018) abgeschlossen. Anschlie\u00dfend arbeitete er als Datenschutz Manager bei der Aurubis AG. Danach fing er sein Masterstudium in Management of Informations Systems and Digital Innovation an der London School of Economics and Political Science (LSE) und Public Policy Economics an der University of Oxford (UK, 2019-2020) an, welches er ebenso erfolgreich abschloss. Zwischen 2020 und 2022 war er wissenschaftlicher Mitarbeiter am Institut f\u00fcr Personal und Arbeit an der Helmut-Schmidt-Universit\u00e4t Hamburg (<abbr title=\"Professor\">Prof.<\/abbr> <abbr title=\"Doktor\">Dr.<\/abbr> Wenzel Matiaske) und leitete mit Herrn <abbr title=\"Professor\">Prof.<\/abbr> <abbr title=\"Doktor\">Dr.<\/abbr> Matiaske das i-LUM Projekt am Lehrstuhl.<\/p>\n\n\n\n<p><strong>Dissertation (laufend)<\/strong>: Soziale Akzeptanz von innerst\u00e4dtischen Drohnen in Hamburg mit dem Verbund Forschungsprojekt &#8222;Innovative luftgest\u00fctzte urbane Mobilit\u00e4t&#8220;.<\/p>\n","protected":false},"excerpt":{"rendered":"<p>Kurzbiographie: Herr Arbursu hat ein Duales Bachelorstudium in Business Administration an der Hamburg School of Business Administration (HSBA) Schwerpunkt in Sustainable Leadership bei Airbus Defence &amp; Space angefangen und bei [&hellip;]<\/p>\n","protected":false},"author":1331,"featured_media":0,"parent":0,"menu_order":0,"comment_status":"closed","ping_status":"closed","template":"","meta":{"footnotes":""},"categories":[4],"tags":[],"class_list":["post-2642","page","type-page","status-publish","hentry","category-forschung"],"_links":{"self":[{"href":"https:\/\/www.hsu-hh.de\/ipa\/wp-json\/wp\/v2\/pages\/2642","targetHints":{"allow":["GET"]}}],"collection":[{"href":"https:\/\/www.hsu-hh.de\/ipa\/wp-json\/wp\/v2\/pages"}],"about":[{"href":"https:\/\/www.hsu-hh.de\/ipa\/wp-json\/wp\/v2\/types\/page"}],"author":[{"embeddable":true,"href":"https:\/\/www.hsu-hh.de\/ipa\/wp-json\/wp\/v2\/users\/1331"}],"replies":[{"embeddable":true,"href":"https:\/\/www.hsu-hh.de\/ipa\/wp-json\/wp\/v2\/comments?post=2642"}],"version-history":[{"count":6,"href":"https:\/\/www.hsu-hh.de\/ipa\/wp-json\/wp\/v2\/pages\/2642\/revisions"}],"predecessor-version":[{"id":4224,"href":"https:\/\/www.hsu-hh.de\/ipa\/wp-json\/wp\/v2\/pages\/2642\/revisions\/4224"}],"wp:attachment":[{"href":"https:\/\/www.hsu-hh.de\/ipa\/wp-json\/wp\/v2\/media?parent=2642"}],"wp:term":[{"taxonomy":"category","embeddable":true,"href":"https:\/\/www.hsu-hh.de\/ipa\/wp-json\/wp\/v2\/categories?post=2642"},{"taxonomy":"post_tag","embeddable":true,"href":"https:\/\/www.hsu-hh.de\/ipa\/wp-json\/wp\/v2\/tags?post=2642"}],"curies":[{"name":"wp","href":"https:\/\/api.w.org\/{rel}","templated":true}]}}