{"id":1356,"date":"2018-08-19T23:18:04","date_gmt":"2018-08-19T21:18:04","guid":{"rendered":"https:\/\/www.hsu-hh.de\/ipa\/?page_id=1356"},"modified":"2021-10-29T14:28:55","modified_gmt":"2021-10-29T12:28:55","slug":"lebenszeit-4-0-zeitgerechte-region-am-beispiel-nordstadt-zeitgerecht","status":"publish","type":"page","link":"https:\/\/www.hsu-hh.de\/ipa\/lebenszeit-4-0-zeitgerechte-region-am-beispiel-nordstadt-zeitgerecht","title":{"rendered":"Lebenszeit 4.0 \u2013 Zeitgerechte Region am Beispiel Nordstadt+ (zeitgerecht)"},"content":{"rendered":"<h3><strong>Projektsteckbrief<\/strong><\/h3>\n<p><em>Zeitstress bei der Arbeit und zwischen den Lebensbereichen analysieren<\/em><br \/>\nDie Gestaltung von Arbeitszeit und die Koordination der Rollenerfordernisse in unterschiedlichen Lebensbereichen sind Schl\u00fcsselaspekte einer zukunftsf\u00e4higen Arbeitsgesellschaft. Der Abbau von Zeitstress und die damit verbundene Minderung gesundheitlicher Risiken in den mittleren Lebenszeiten sind nicht nur dort bedeutsam, sondern hilft auch den sp\u00e4ter dann \u00e4lteren Arbeitnehmerinnen und Arbeitnehmern l\u00e4nger im Beruf zu verbleiben. Stressfaktoren und Vereinbarkeitsprobleme von Besch\u00e4ftigten entstehen jedoch nicht ausschlie\u00dflich am Arbeitsort sondern werden auch durch die Interaktion mit Umfeldbedingungen generiert, verst\u00e4rkt oder abgemildert. Diese Umfeldbedingungen, die spezifisch f\u00fcr die jeweilige Region, Gebiet oder Kommune sind, pr\u00e4gen entscheidend die Standortattraktivit\u00e4t einer Region.<\/p>\n<p><em>Aus ganzheitlicher Perspektive \u00fcbertragbare L\u00f6sungen erarbeiten<\/em><br \/>\nDas Verbundprojekt aus Wissenschaftlern verschiedener Disziplinen \u2013 \u00d6konomie, Psychologie, Soziologie &#8211; und Praktikern in Betrieben, sozialen Diensten und Kommunalverwaltung untersucht betriebliche, famili\u00e4re und andere lebensweltliche Faktoren in der Region, die Zeitstress f\u00fcr Besch\u00e4ftigte entstehen lassen. Modellregion in diesem Projekt ist die Stadt Flensburg und der umliegenden Landkreis Schleswig-Flensburg, die in vielen Dimensionen f\u00fcr Deutschland typische Eigenschaften aufweisen. Auf den Ergebnissen von Befragungen Besch\u00e4ftigter und Angeh\u00f6riger sowie physiologischen Messungen werden durch die Verbundpartner in der Kommunalverwaltung und den sozialen Dienste f\u00fcr ausgew\u00e4hlte betriebliche Situationen zugeschnittene Konzepte entwickelt, die (au\u00dfer-)betriebliche und gebietsbezogene Stressfaktoren reduzieren helfen (z. B. \u00fcberbetriebliche Kinderg\u00e4rten, familiengerechte Schichtmodelle, Pflegezeiten). Diese Konzepte werden in <abbr title=\"beziehungsweise\">bzw.<\/abbr> mit den Betrieben umgesetzt und evaluiert. Ziel ist die Entwicklung verallgemeinerbarer Best-Practice-Modelle zur ganzheitlichen Handhabung von Zeitstress.<\/p>\n<p><em>Modelle und Anregungen auch f\u00fcr andere Regionen<\/em><br \/>\nDas Verbundprojekt ist interdisziplin\u00e4r angelegt und verbindet arbeitsbezogene Ans\u00e4tze mit Ergebnissen der Gemeinde- und Regionalforschung. Betriebliche Faktoren zur Reduktion von Zeitstress werden nicht isoliert betrachtet, sondern in Interaktion mit regionalen, famili\u00e4ren und anderen lebensweltlichen Faktoren analysiert. Die Modellregion Flensburg bietet mit der starken d\u00e4nischen Minderheit und deren eigenen, am Nachbarland orientierten Institutionen und Traditionen zus\u00e4tzlich die M\u00f6glichkeit n\u00fctzliche Anregungen und Beispiele von au\u00dferhalb einflie\u00dfen zu lassen. Ziel ist es dauerhaft eine andere Zeitkultur zu etablieren, die auf andere Regionen \u00fcbertragbar ist. Im Ergebnis werden evaluierte Konzepte der Verzahnung von betrieblichen und au\u00dferbetrieblichen Faktoren generiert, die aufgrund der f\u00fcr viele Gebiete Deutschlands typischen Modellsituation \u00fcbertragbar sind. Die Modelle und Anregungen werden im Projektverlauf und dar\u00fcber hinaus \u00fcber die Projektpartner in Stadt, Region und sozialen Diensten dauerhaft in die betriebliche und arbeitsweltliche Praxis integriert. Die Verbundpartner organisieren und initiieren Informationsveranstaltungen in Stadt und Region, beteiligen sich an Veranstaltungen \u00fcberregionaler Partner (<abbr title=\"zum Beispiel\">z.B.<\/abbr> BDI, DGB, Deutscher St\u00e4dtetag) und fungieren dauerhaft als Umsetzungspartner f\u00fcr interessierte Kommunen und Regionen zur Verbesserung der standortbezogenen Arbeits- und Lebensbedingungen.<\/p>\n<h3><strong>F\u00f6rderung<br \/>\n<\/strong><\/h3>\n<p>Bundesministerium f\u00fcr Bildung und Forschung (<abbr title=\"Bundesministerium f\u00fcr Bildung und Forschung\">BMBF<\/abbr>), Laufzeit 2016-2019<strong><br \/>\n<\/strong><\/p>\n<h3><strong>Beteiligte Wissenschaftlerinnen<\/strong><\/h3>\n<p><abbr title=\"Doktor\">Dr.<\/abbr> Axel Czaya,; <abbr title=\"Doktor\">Dr.<\/abbr> Doris Holtmann; Prof. <abbr title=\"Doktor\">Dr.<\/abbr> Wenzel Matiaske (Leitung)<\/p>\n<h3><strong>Projektpartner:<\/strong><\/h3>\n<p>Helmut-Schmidt-Universit\u00e4t, Hamburg (Projektleitung, Teilprojekt &#8222;Arbeits- und Sozialzeit &#8211; Zeit f\u00fcr Vereinbarkeit&#8220;)<br \/>\nInstitut f\u00fcr Personal und Arbeit (IPA)<br \/>\nProf.\u00a0<abbr title=\"Doktor\">Dr.<\/abbr>\u00a0Wenzel Matiaske<\/p>\n<p><a href=\"https:\/\/www.adelby1.de\/\" target=\"_blank\" rel=\"noopener\">Adelby 1, Kinder- und Jugenddienste<\/a>\u00a0 \u00a0(Teilprojekt\u00a0&#8222;Zeitgerechte Modelle &#8211; Zeit f\u00fcr Kinder&#8220;)<br \/>\nHeiko Frost, Gesch\u00e4ftsf\u00fchrer<\/p>\n<p><a href=\"http:\/\/www.flensburg.de\/\" target=\"_blank\" rel=\"noopener\">Stadt Flensburg<\/a>\u00a0 \u00a0(Teilprojekt &#8222;Zeitgerechte Modelle &#8211; Die Rolle der Kommune&#8220;)<br \/>\nDer Oberb\u00fcrgermeister,\u00a0B\u00fcro f\u00fcr Grundsatzangelegenheiten<br \/>\nOlaf Carstensen<\/p>\n<p><a href=\"https:\/\/www.uni-flensburg.de\/sozial-und-bildungsoekonomik\/\" target=\"_blank\" rel=\"noopener\">Universit\u00e4t Flensburg<\/a>\u00a0 \u00a0(Teilprojekt &#8222;Erreichbare Zeitressourcen&#8220;)<br \/>\nInstitut f\u00fcr Internationales Management und \u00f6konomische Bildung<br \/>\nProf.\u00a0<abbr title=\"Doktor\">Dr.<\/abbr>\u00a0Gerd Gr\u00f6zinger<\/p>\n<p><a href=\"http:\/\/www.medicalschool-hamburg.de\/\" target=\"_blank\" rel=\"noopener\">Medical School Hamburg<\/a>\u00a0 \u00a0(Teilprojekt &#8222;Zeitkonflikte und Gesundheit &#8211; Ans\u00e4tze zur Pr\u00e4vention&#8220;)<br \/>\nProfessur f\u00fcr Arbeits- und Organisationspsychologie<br \/>\nProf.\u00a0<abbr title=\"Doktor\">Dr.<\/abbr>\u00a0Jan Dettmers<\/p>\n<p><a href=\"http:\/\/www.sdu.de\/\" target=\"_blank\" rel=\"noopener\">Sydslesvigs danske Ungdomsforeninger\u00a0 \u00a0e.V.<\/a> (Teilprojekt\u00a0&#8222;Zeitgerechte Modelle &#8211; Von Nachbarn lernen&#8220;)<br \/>\nAnders Kring,\u00a0Gesch\u00e4ftsf\u00fchrer<\/p>\n<h3><strong>Projektlink<\/strong><\/h3>\n<p><a href=\"http:\/\/zeitgerechte-region.de\/\" target=\"_blank\" rel=\"noopener\">http:\/\/zeitgerechte-region.de\/<\/a><\/p>\n<h3><strong>Ver\u00f6ffentlichungen<\/strong><\/h3>\n<ol>\n<li><a href=\"http:\/\/hermes.hsu-hh.de\/zeitgerecht\/wp-content\/uploads\/sites\/19\/2017\/01\/2016_7_24_PM_Lebenszeit_4_mod.pdf\" target=\"_blank\" rel=\"noopener\">Presseerkl\u00e4rung<\/a>\u00a0der Europa-Universit\u00e4t Flensburg vom 04.08.2016 zum Start des Projekts \u201eLebenszeit 4.0\u201c<\/li>\n<li><a href=\"http:\/\/hermes.hsu-hh.de\/~zeitgerecht\/flyer_projekt_lebenszeit_4.0_171116.pdf\" target=\"_blank\" rel=\"noopener\">Projektflyer<\/a>\u00a0(Stand: 17.11.2016)<\/li>\n<li>Seifert, H.; Holst, E.; Matiaske M.; Tobsch, V. (2016): Arbeitszeitw\u00fcnsche und ihre Realisierung. In: WSI-Mitteilungen, 69. Jg, H. 4, S. 300-308.<\/li>\n<li>Holst, E.; Bringmann, J. (2017):\u00a0<a href=\"http:\/\/www.diw.de\/documents\/publikationen\/73\/diw_01.c.549702.de\/diw_roundup_106_de.pdf\" target=\"_blank\" rel=\"noopener\">Arbeitszeitw\u00fcnsche von Besch\u00e4ftigten: eine Black Box?. Zu Unsch\u00e4rfen der Ermittlung von Unter- und \u00dcberbesch\u00e4ftigung<\/a>. DIW Roundup 106, Berlin: Deutsches Institut f\u00fcr Wirtschaftsforschung.<\/li>\n<li>W. Matiaske (2017):\u00a0<a href=\"ftp:\/\/hermes.unibw-hamburg.de\/wm\/papers\/Matiaske%20aus%20Busch%20etal.pdf\" rel='nofollow'>Zeitgerechte Region. \u00dcberlegungen zur Kooperation von Arbeits- und Organisationspsychologie sowie betriebswirtschaftlicher Personal- und Organisationsforschung<\/a>.\u00a0In: C. Busch, A. Ducki, J. Dettmers und H. Witt (<abbr title=\"Herausgeber\">Hrsg.<\/abbr>): Der Wert der Arbeit. S. 133-146, M\u00fcnchen, Mering: Hampp (Download\u00a0mit freundlicher Genehmigung des Rainer Hampp Verlages).<\/li>\n<li><a href=\"http:\/\/hermes.hsu-hh.de\/zeitgerecht\/wp-content\/uploads\/sites\/19\/2017\/10\/Projektatlas-Arbeit-4.0-pr%C3%A4ventiv-gestalten_web.pdf\" target=\"_blank\" rel=\"noopener\">Projektatlas \u201eArbeit 4.0 pr\u00e4ventiv gestalten\u201c<\/a>\u00a0des F\u00f6rderschwerpunkts \u201ePr\u00e4ventive Ma\u00dfnahmen f\u00fcr die sichere und gesunde Arbeit von morgen\u201c (13.10.2017).<\/li>\n<li><a href=\"http:\/\/hermes.hsu-hh.de\/zeitgerecht\/wp-content\/uploads\/sites\/19\/2017\/12\/ergebnisbericht-lebenszeit-adelby1.pdf\" target=\"_blank\" rel=\"noopener\">Ergebnisbericht und Ma\u00dfnahmenkatalog zur Bedarfs- und Bestandsanalyse<\/a>\u00a0aus dem Adelby 1-Teilvorhaben \u201eZeitgerechte Modelle \u2013 Zeit f\u00fcr Kinder\u201c (22.12.2017).<\/li>\n<li><a href=\"http:\/\/hermes.hsu-hh.de\/zeitgerecht\/wp-content\/uploads\/sites\/19\/2018\/02\/bestands-__bedarfsanalyse__massnahmekatalog_sdu_Feb_2018.pdf\" target=\"_blank\" rel=\"noopener\">Bestands- und Bedarfsanalyse und Ma\u00dfnahmenkatalog<\/a>\u00a0des Teilvorhabens \u201eZeitgerechte Modelle \u2013 Von Nachbarn lernen\u201c des Sydslesvigs danske Ungdomsforeninger (04.02.2018).<\/li>\n<\/ol>\n","protected":false},"excerpt":{"rendered":"<p>Projektsteckbrief Zeitstress bei der Arbeit und zwischen den Lebensbereichen analysieren Die Gestaltung von Arbeitszeit und die Koordination der Rollenerfordernisse in unterschiedlichen Lebensbereichen sind Schl\u00fcsselaspekte einer zukunftsf\u00e4higen Arbeitsgesellschaft. Der Abbau von [&hellip;]<\/p>\n","protected":false},"author":864,"featured_media":0,"parent":0,"menu_order":0,"comment_status":"closed","ping_status":"closed","template":"","meta":{"footnotes":""},"categories":[4],"tags":[],"class_list":["post-1356","page","type-page","status-publish","hentry","category-forschung"],"_links":{"self":[{"href":"https:\/\/www.hsu-hh.de\/ipa\/wp-json\/wp\/v2\/pages\/1356","targetHints":{"allow":["GET"]}}],"collection":[{"href":"https:\/\/www.hsu-hh.de\/ipa\/wp-json\/wp\/v2\/pages"}],"about":[{"href":"https:\/\/www.hsu-hh.de\/ipa\/wp-json\/wp\/v2\/types\/page"}],"author":[{"embeddable":true,"href":"https:\/\/www.hsu-hh.de\/ipa\/wp-json\/wp\/v2\/users\/864"}],"replies":[{"embeddable":true,"href":"https:\/\/www.hsu-hh.de\/ipa\/wp-json\/wp\/v2\/comments?post=1356"}],"version-history":[{"count":12,"href":"https:\/\/www.hsu-hh.de\/ipa\/wp-json\/wp\/v2\/pages\/1356\/revisions"}],"predecessor-version":[{"id":3033,"href":"https:\/\/www.hsu-hh.de\/ipa\/wp-json\/wp\/v2\/pages\/1356\/revisions\/3033"}],"wp:attachment":[{"href":"https:\/\/www.hsu-hh.de\/ipa\/wp-json\/wp\/v2\/media?parent=1356"}],"wp:term":[{"taxonomy":"category","embeddable":true,"href":"https:\/\/www.hsu-hh.de\/ipa\/wp-json\/wp\/v2\/categories?post=1356"},{"taxonomy":"post_tag","embeddable":true,"href":"https:\/\/www.hsu-hh.de\/ipa\/wp-json\/wp\/v2\/tags?post=1356"}],"curies":[{"name":"wp","href":"https:\/\/api.w.org\/{rel}","templated":true}]}}