{"id":1180,"date":"2018-09-03T16:03:33","date_gmt":"2018-09-03T14:03:33","guid":{"rendered":"https:\/\/www.hsu-hh.de\/ipa\/?page_id=1180"},"modified":"2018-09-03T16:03:33","modified_gmt":"2018-09-03T14:03:33","slug":"betreuung-im-einsatz-bie","status":"publish","type":"page","link":"https:\/\/www.hsu-hh.de\/ipa\/betreuung-im-einsatz-bie","title":{"rendered":"Betreuung im Einsatz (BIE)"},"content":{"rendered":"<p>Das Projekt \u201eBIM\u201c ist ein Verbundprojekt an dem die Helmut-Schmidt-Universit\u00e4t mit den Lehrst\u00fchlen \u201ePersonal und Arbeit\u201c und \u201eArbeits-, Organisations- und Wirtschaftspsychologie\u201c sowie das Institut f\u00fcr empirische Sozial- und Wirtschaftsforschung (INES Berlin) beteiligt sind. Gef\u00f6rdert wird das Projekt vom Einsatzf\u00fchrungskommando der Bundeswehr.<\/p>\n<p>Soldaten im Auslandseinsatz sind vielf\u00e4ltigen Belastungen ausgesetzt. Belastungen entstehen nicht nur durch die besondere Situation im Einsatz, sondern auch aufgrund der Trennung von der Familie und Freunden in der Heimat. Um diese Belastungen abzufangen stellt die Bundeswehr vielf\u00e4ltige Betreuungsangebote zur Verf\u00fcgung. Ma\u00dfnahmen der Betreuung im Einsatz sollen die personelle Einsatzbereitschaft erhalten, die Berufszufriedenheit f\u00f6rdern und die Attraktivit\u00e4t des Dienstes in der Bundeswehr steigern. Ziel des Projektes ist es Erkenntnisse zur Betreuungssituation im Auslandseinsatz zu gewinnen. Konkret geht es um die Erstellung einer umfassenden Lagebewertung hinsichtlich der Qualit\u00e4t und Bedeutung der Betreuung im Einsatz.<\/p>\n<p>&nbsp;<\/p>\n<h3>F\u00f6rderung<\/h3>\n<p>Einsatzf\u00fchrungskommando der Bundeswehr, Laufzeit 2017-2019<\/p>\n<h3>Beteiligte Wissenschaftlerinnen<\/h3>\n<p><abbr title=\"Doktor\">Dr.<\/abbr> Martina Maas, Prof.\u00a0<abbr title=\"Doktor\">Dr.<\/abbr> Wenzel Matiaske (Leitung)<\/p>\n<h3>Projektpartner<\/h3>\n<p>Helmut-Schmidt-Universit\u00e4t, Hamburg (Projektleitung), Arbeits-, und Organisations- und Wirtschaftspsychologie, Prof. <abbr title=\"Doktor\">Dr.<\/abbr> J\u00f6rg Felfe<\/p>\n<p>Institut f\u00fcr empirische Sozial- und Wirtschaftsforschung (INES Berlin),\u00a0<abbr title=\"Doktor\">Dr.<\/abbr> Tanja Schmidt &amp; <abbr title=\"Doktor\">Dr.<\/abbr> Verena Tobsch<\/p>\n<h3>Publikationen<\/h3>\n","protected":false},"excerpt":{"rendered":"<p>Das Projekt \u201eBIM\u201c ist ein Verbundprojekt an dem die Helmut-Schmidt-Universit\u00e4t mit den Lehrst\u00fchlen \u201ePersonal und Arbeit\u201c und \u201eArbeits-, Organisations- und Wirtschaftspsychologie\u201c sowie das Institut f\u00fcr empirische Sozial- und Wirtschaftsforschung (INES [&hellip;]<\/p>\n","protected":false},"author":1331,"featured_media":0,"parent":0,"menu_order":0,"comment_status":"closed","ping_status":"closed","template":"","meta":{"footnotes":""},"categories":[],"tags":[],"class_list":["post-1180","page","type-page","status-publish","hentry"],"_links":{"self":[{"href":"https:\/\/www.hsu-hh.de\/ipa\/wp-json\/wp\/v2\/pages\/1180","targetHints":{"allow":["GET"]}}],"collection":[{"href":"https:\/\/www.hsu-hh.de\/ipa\/wp-json\/wp\/v2\/pages"}],"about":[{"href":"https:\/\/www.hsu-hh.de\/ipa\/wp-json\/wp\/v2\/types\/page"}],"author":[{"embeddable":true,"href":"https:\/\/www.hsu-hh.de\/ipa\/wp-json\/wp\/v2\/users\/1331"}],"replies":[{"embeddable":true,"href":"https:\/\/www.hsu-hh.de\/ipa\/wp-json\/wp\/v2\/comments?post=1180"}],"version-history":[{"count":3,"href":"https:\/\/www.hsu-hh.de\/ipa\/wp-json\/wp\/v2\/pages\/1180\/revisions"}],"predecessor-version":[{"id":1400,"href":"https:\/\/www.hsu-hh.de\/ipa\/wp-json\/wp\/v2\/pages\/1180\/revisions\/1400"}],"wp:attachment":[{"href":"https:\/\/www.hsu-hh.de\/ipa\/wp-json\/wp\/v2\/media?parent=1180"}],"wp:term":[{"taxonomy":"category","embeddable":true,"href":"https:\/\/www.hsu-hh.de\/ipa\/wp-json\/wp\/v2\/categories?post=1180"},{"taxonomy":"post_tag","embeddable":true,"href":"https:\/\/www.hsu-hh.de\/ipa\/wp-json\/wp\/v2\/tags?post=1180"}],"curies":[{"name":"wp","href":"https:\/\/api.w.org\/{rel}","templated":true}]}}