{"id":116,"date":"2017-09-01T14:35:13","date_gmt":"2017-09-01T12:35:13","guid":{"rendered":"https:\/\/www.hsu-hh.de\/ipa\/?page_id=116"},"modified":"2024-07-03T11:55:18","modified_gmt":"2024-07-03T09:55:18","slug":"team","status":"publish","type":"page","link":"https:\/\/www.hsu-hh.de\/ipa\/team","title":{"rendered":"Team"},"content":{"rendered":"\n<figure class=\"wp-block-image size-full\"><img loading=\"lazy\" decoding=\"async\" width=\"945\" height=\"444\" src=\"https:\/\/www.hsu-hh.de\/ipa\/wp-content\/uploads\/sites\/683\/2024\/07\/picture-0021-e1720000499543.jpg\" data-credit=\"HSU\" alt=\"\" class=\"wp-image-4342\" srcset=\"https:\/\/www.hsu-hh.de\/ipa\/wp-content\/uploads\/sites\/683\/2024\/07\/picture-0021-e1720000499543.jpg 945w, https:\/\/www.hsu-hh.de\/ipa\/wp-content\/uploads\/sites\/683\/2024\/07\/picture-0021-e1720000499543-300x141.jpg 300w, https:\/\/www.hsu-hh.de\/ipa\/wp-content\/uploads\/sites\/683\/2024\/07\/picture-0021-e1720000499543-768x361.jpg 768w\" sizes=\"auto, (max-width: 945px) 100vw, 945px\" \/><\/figure>\n\n\n<p>\u00a0<\/p>\n<p><strong>Institut f\u00fcr Personal und Arbeit<\/strong><\/p>\n<p><abbr title=\"Professor\">Prof.<\/abbr> <abbr title=\"Doktor\">Dr.<\/abbr> Wenzel Matiaske<br \/>Helmut Schmidt Universit\u00e4t \/ Universit\u00e4t der Bundeswehr Hamburg<br \/>Fakult\u00e4t f\u00fcr Wirtschafts- und Organisationswissenschaften<br \/>Holstenhofweg 85<br \/>22043 Hamburg<\/p>","protected":false},"excerpt":{"rendered":"<p>\u00a0 Institut f\u00fcr Personal und Arbeit Prof. Dr. Wenzel MatiaskeHelmut Schmidt Universit\u00e4t \/ Universit\u00e4t der Bundeswehr HamburgFakult\u00e4t f\u00fcr Wirtschafts- und OrganisationswissenschaftenHolstenhofweg 8522043 Hamburg<\/p>\n","protected":false},"author":42,"featured_media":0,"parent":0,"menu_order":0,"comment_status":"closed","ping_status":"closed","template":"","meta":{"footnotes":""},"categories":[8],"tags":[],"class_list":["post-116","page","type-page","status-publish","hentry","category-team"],"_links":{"self":[{"href":"https:\/\/www.hsu-hh.de\/ipa\/wp-json\/wp\/v2\/pages\/116","targetHints":{"allow":["GET"]}}],"collection":[{"href":"https:\/\/www.hsu-hh.de\/ipa\/wp-json\/wp\/v2\/pages"}],"about":[{"href":"https:\/\/www.hsu-hh.de\/ipa\/wp-json\/wp\/v2\/types\/page"}],"author":[{"embeddable":true,"href":"https:\/\/www.hsu-hh.de\/ipa\/wp-json\/wp\/v2\/users\/42"}],"replies":[{"embeddable":true,"href":"https:\/\/www.hsu-hh.de\/ipa\/wp-json\/wp\/v2\/comments?post=116"}],"version-history":[{"count":234,"href":"https:\/\/www.hsu-hh.de\/ipa\/wp-json\/wp\/v2\/pages\/116\/revisions"}],"predecessor-version":[{"id":4725,"href":"https:\/\/www.hsu-hh.de\/ipa\/wp-json\/wp\/v2\/pages\/116\/revisions\/4725"}],"wp:attachment":[{"href":"https:\/\/www.hsu-hh.de\/ipa\/wp-json\/wp\/v2\/media?parent=116"}],"wp:term":[{"taxonomy":"category","embeddable":true,"href":"https:\/\/www.hsu-hh.de\/ipa\/wp-json\/wp\/v2\/categories?post=116"},{"taxonomy":"post_tag","embeddable":true,"href":"https:\/\/www.hsu-hh.de\/ipa\/wp-json\/wp\/v2\/tags?post=116"}],"curies":[{"name":"wp","href":"https:\/\/api.w.org\/{rel}","templated":true}]}}